{"id":143,"date":"2023-02-23T21:36:34","date_gmt":"2023-02-23T21:36:34","guid":{"rendered":"http:\/\/mazanho-bois.com\/?page_id=143"},"modified":"2023-04-09T09:40:36","modified_gmt":"2023-04-09T09:40:36","slug":"placards","status":"publish","type":"page","link":"http:\/\/mazanho-bois.com\/en\/placards","title":{"rendered":"Closets"},"content":{"rendered":"<div data-elementor-type=\"wp-page\" data-elementor-id=\"143\" class=\"elementor elementor-143\" data-elementor-post-type=\"page\">\n\t\t\t\t<div class=\"elementor-element elementor-element-8de238c e-flex e-con-boxed e-con e-parent\" data-id=\"8de238c\" data-element_type=\"container\" data-e-type=\"container\">\n\t\t\t\t\t<div class=\"e-con-inner\">\n\t\t\t\t\t<\/div>\n\t\t\t\t<\/div>\n\t\t<div class=\"elementor-element elementor-element-15f1583 e-con-full e-flex e-con e-parent\" data-id=\"15f1583\" data-element_type=\"container\" data-e-type=\"container\">\n\t\t<div class=\"elementor-element elementor-element-b43cab2 e-con-full e-flex e-con e-parent\" data-id=\"b43cab2\" data-element_type=\"container\" data-e-type=\"container\">\n\t\t\t\t<div class=\"elementor-element elementor-element-edf0d20 elementor-widget elementor-widget-heading\" data-id=\"edf0d20\" data-element_type=\"widget\" data-e-type=\"widget\" data-widget_type=\"heading.default\">\n\t\t\t\t<div class=\"elementor-widget-container\">\n\t\t\t\t\t<h2 class=\"elementor-heading-title elementor-size-default\">Size<\/h2>\t\t\t\t<\/div>\n\t\t\t\t<\/div>\n\t\t\t\t<div class=\"elementor-element elementor-element-7b19fc0 elementor-widget-tablet__width-initial elementor-widget-mobile__width-initial elementor-widget elementor-widget-image\" data-id=\"7b19fc0\" data-element_type=\"widget\" data-e-type=\"widget\" data-widget_type=\"image.default\">\n\t\t\t\t<div class=\"elementor-widget-container\">\n\t\t\t\t\t\t\t\t\t\t\t\t\t\t\t<img decoding=\"async\" width=\"399\" height=\"125\" src=\"http:\/\/mazanho-bois.com\/wp-content\/uploads\/2023\/04\/placardvanglais.png\" class=\"attachment-full size-full wp-image-3646\" alt=\"\" srcset=\"https:\/\/mazanho-bois.com\/wp-content\/uploads\/2023\/04\/placardvanglais.png 456w, https:\/\/mazanho-bois.com\/wp-content\/uploads\/2023\/04\/placardvanglais-300x91.png 300w, https:\/\/mazanho-bois.com\/wp-content\/uploads\/2023\/04\/placardvanglais-18x5.png 18w\" sizes=\"(max-width: 399px) 100vw, 399px\" \/>\t\t\t\t\t\t\t\t\t\t\t\t\t\t\t<\/div>\n\t\t\t\t<\/div>\n\t\t\t\t<div class=\"elementor-element elementor-element-66ae3aa elementor-widget elementor-widget-text-editor\" data-id=\"66ae3aa\" data-element_type=\"widget\" data-e-type=\"widget\" data-widget_type=\"text-editor.default\">\n\t\t\t\t<div class=\"elementor-widget-container\">\n\t\t\t\t\t\t\t\t\t<p>The cupboards can be made to measure to the nearest cm. At a height of more than 220 cm the cupboards are made in 2 modules (top and bottom).<\/p>\t\t\t\t\t\t\t\t<\/div>\n\t\t\t\t<\/div>\n\t\t\t\t<div class=\"elementor-element elementor-element-afa0972 elementor-widget elementor-widget-heading\" data-id=\"afa0972\" data-element_type=\"widget\" data-e-type=\"widget\" data-widget_type=\"heading.default\">\n\t\t\t\t<div class=\"elementor-widget-container\">\n\t\t\t\t\t<h2 class=\"elementor-heading-title elementor-size-default\">Essences de bois et teintes<\/h2>\t\t\t\t<\/div>\n\t\t\t\t<\/div>\n\t\t\t\t<div class=\"elementor-element elementor-element-6c9ef6c elementor-widget elementor-widget-image\" data-id=\"6c9ef6c\" data-element_type=\"widget\" data-e-type=\"widget\" data-widget_type=\"image.default\">\n\t\t\t\t<div class=\"elementor-widget-container\">\n\t\t\t\t\t\t\t\t\t\t\t\t\t\t\t<img fetchpriority=\"high\" decoding=\"async\" width=\"578\" height=\"318\" src=\"https:\/\/mazanho-bois.com\/wp-content\/uploads\/2023\/03\/intint.png\" class=\"attachment-full size-full wp-image-3465\" alt=\"\" srcset=\"https:\/\/mazanho-bois.com\/wp-content\/uploads\/2023\/03\/intint.png 578w, https:\/\/mazanho-bois.com\/wp-content\/uploads\/2023\/03\/intint-300x165.png 300w\" sizes=\"(max-width: 578px) 100vw, 578px\" \/>\t\t\t\t\t\t\t\t\t\t\t\t\t\t\t<\/div>\n\t\t\t\t<\/div>\n\t\t\t\t<div class=\"elementor-element elementor-element-e966bce elementor-widget elementor-widget-heading\" data-id=\"e966bce\" data-element_type=\"widget\" data-e-type=\"widget\" data-widget_type=\"heading.default\">\n\t\t\t\t<div class=\"elementor-widget-container\">\n\t\t\t\t\t<h2 class=\"elementor-heading-title elementor-size-default\">Plywood (laminate)\n<\/h2>\t\t\t\t<\/div>\n\t\t\t\t<\/div>\n\t\t\t\t<div class=\"elementor-element elementor-element-21c705c elementor-widget elementor-widget-image\" data-id=\"21c705c\" data-element_type=\"widget\" data-e-type=\"widget\" data-widget_type=\"image.default\">\n\t\t\t\t<div class=\"elementor-widget-container\">\n\t\t\t\t\t\t\t\t\t\t\t\t\t\t\t<img decoding=\"async\" width=\"300\" height=\"252\" src=\"https:\/\/mazanho-bois.com\/wp-content\/uploads\/2023\/04\/gene4-300x252.png\" class=\"attachment-medium size-medium wp-image-4291\" alt=\"\" srcset=\"https:\/\/mazanho-bois.com\/wp-content\/uploads\/2023\/04\/gene4-300x252.png 300w, https:\/\/mazanho-bois.com\/wp-content\/uploads\/2023\/04\/gene4-14x12.png 14w, https:\/\/mazanho-bois.com\/wp-content\/uploads\/2023\/04\/gene4.png 368w\" sizes=\"(max-width: 300px) 100vw, 300px\" \/>\t\t\t\t\t\t\t\t\t\t\t\t\t\t\t<\/div>\n\t\t\t\t<\/div>\n\t\t\t\t<div class=\"elementor-element elementor-element-e8dd7d0 elementor-align-center elementor-widget elementor-widget-button\" data-id=\"e8dd7d0\" data-element_type=\"widget\" data-e-type=\"widget\" data-widget_type=\"button.default\">\n\t\t\t\t<div class=\"elementor-widget-container\">\n\t\t\t\t\t\t\t\t\t<div class=\"elementor-button-wrapper\">\n\t\t\t\t\t<a class=\"elementor-button elementor-button-link elementor-size-sm\" href=\"http:\/\/mazanho-bois.com\/en\/modularite-placard\/\">\n\t\t\t\t\t\t<span class=\"elementor-button-content-wrapper\">\n\t\t\t\t\t\t\t\t\t<span class=\"elementor-button-text\">Modularity<\/span>\n\t\t\t\t\t<\/span>\n\t\t\t\t\t<\/a>\n\t\t\t\t<\/div>\n\t\t\t\t\t\t\t\t<\/div>\n\t\t\t\t<\/div>\n\t\t\t\t<div class=\"elementor-element elementor-element-19c315f elementor-align-center elementor-widget elementor-widget-button\" data-id=\"19c315f\" data-element_type=\"widget\" data-e-type=\"widget\" data-widget_type=\"button.default\">\n\t\t\t\t<div class=\"elementor-widget-container\">\n\t\t\t\t\t\t\t\t\t<div class=\"elementor-button-wrapper\">\n\t\t\t\t\t<a class=\"elementor-button elementor-button-link elementor-size-sm\" href=\"http:\/\/mazanho-bois.com\/en\/quincaillerie-placard\/\">\n\t\t\t\t\t\t<span class=\"elementor-button-content-wrapper\">\n\t\t\t\t\t\t\t\t\t<span class=\"elementor-button-text\">Fittings<\/span>\n\t\t\t\t\t<\/span>\n\t\t\t\t\t<\/a>\n\t\t\t\t<\/div>\n\t\t\t\t\t\t\t\t<\/div>\n\t\t\t\t<\/div>\n\t\t\t\t<\/div>\n\t\t<div class=\"elementor-element elementor-element-f52687f e-con-full e-flex e-con e-parent\" data-id=\"f52687f\" data-element_type=\"container\" data-e-type=\"container\">\n\t\t<div class=\"elementor-element elementor-element-8fa743e e-con-full e-flex e-con e-parent\" data-id=\"8fa743e\" data-element_type=\"container\" data-e-type=\"container\">\n\t\t\t\t<div class=\"elementor-element elementor-element-5ca9cef elementor-position-left elementor-widget__width-initial elementor-vertical-align-top elementor-invisible elementor-widget elementor-widget-image-box\" data-id=\"5ca9cef\" data-element_type=\"widget\" data-e-type=\"widget\" data-settings=\"{&quot;_animation&quot;:&quot;fadeInLeft&quot;}\" data-widget_type=\"image-box.default\">\n\t\t\t\t<div class=\"elementor-widget-container\">\n\t\t\t\t\t<div class=\"elementor-image-box-wrapper\"><figure class=\"elementor-image-box-img\"><img decoding=\"async\" src=\"http:\/\/mazanho-bois.com\/wp-content\/plugins\/elementor\/assets\/images\/placeholder.png\" title=\"\" alt=\"\" loading=\"lazy\" \/><\/figure><div class=\"elementor-image-box-content\"><h6 class=\"elementor-image-box-title\">Generaties<\/h6><\/div><\/div>\t\t\t\t<\/div>\n\t\t\t\t<\/div>\n\t\t\t\t<div class=\"elementor-element elementor-element-df73806 elementor-position-left elementor-vertical-align-top elementor-widget elementor-widget-image-box\" data-id=\"df73806\" data-element_type=\"widget\" data-e-type=\"widget\" data-widget_type=\"image-box.default\">\n\t\t\t\t<div class=\"elementor-widget-container\">\n\t\t\t\t\t<div class=\"elementor-image-box-wrapper\"><figure class=\"elementor-image-box-img\"><a href=\"http:\/\/mazanho-bois.com\/en\/placard-en-bois-massif\/\" tabindex=\"-1\"><img decoding=\"async\" src=\"http:\/\/mazanho-bois.com\/wp-content\/plugins\/elementor\/assets\/images\/placeholder.png\" title=\"\" alt=\"\" loading=\"lazy\" \/><\/a><\/figure><div class=\"elementor-image-box-content\"><h6 class=\"elementor-image-box-title\"><a href=\"http:\/\/mazanho-bois.com\/en\/placard-en-bois-massif\/\">Solid wood cupboard<\/a><\/h6><\/div><\/div>\t\t\t\t<\/div>\n\t\t\t\t<\/div>\n\t\t\t\t<div class=\"elementor-element elementor-element-62817cb elementor-position-left elementor-vertical-align-top elementor-widget elementor-widget-image-box\" data-id=\"62817cb\" data-element_type=\"widget\" data-e-type=\"widget\" data-widget_type=\"image-box.default\">\n\t\t\t\t<div class=\"elementor-widget-container\">\n\t\t\t\t\t<div class=\"elementor-image-box-wrapper\"><figure class=\"elementor-image-box-img\"><a href=\"http:\/\/mazanho-bois.com\/en\/placard-en-contreplaque\/\" tabindex=\"-1\"><img decoding=\"async\" src=\"http:\/\/mazanho-bois.com\/wp-content\/plugins\/elementor\/assets\/images\/placeholder.png\" title=\"\" alt=\"\" loading=\"lazy\" \/><\/a><\/figure><div class=\"elementor-image-box-content\"><h6 class=\"elementor-image-box-title\"><a href=\"http:\/\/mazanho-bois.com\/en\/placard-en-contreplaque\/\">Plywood cupboard<\/a><\/h6><\/div><\/div>\t\t\t\t<\/div>\n\t\t\t\t<\/div>\n\t\t\t\t<\/div>\n\t\t\t\t<div class=\"elementor-element elementor-element-76465b2 elementor-widget elementor-widget-text-editor\" data-id=\"76465b2\" data-element_type=\"widget\" data-e-type=\"widget\" data-widget_type=\"text-editor.default\">\n\t\t\t\t<div class=\"elementor-widget-container\">\n\t\t\t\t\t\t\t\t\t<p>Our cupboards and cabinets fit into the spaces provided. Our technology distinguishes cupboards into built-in or non-built-in cupboards and one-module or two-module cupboards depending on the total height.<\/p>\t\t\t\t\t\t\t\t<\/div>\n\t\t\t\t<\/div>\n\t\t\t\t<div class=\"elementor-element elementor-element-05c7b63 elementor-widget-divider--view-line elementor-widget elementor-widget-divider\" data-id=\"05c7b63\" data-element_type=\"widget\" data-e-type=\"widget\" data-widget_type=\"divider.default\">\n\t\t\t\t<div class=\"elementor-widget-container\">\n\t\t\t\t\t\t\t<div class=\"elementor-divider\">\n\t\t\t<span class=\"elementor-divider-separator\">\n\t\t\t\t\t\t<\/span>\n\t\t<\/div>\n\t\t\t\t\t\t<\/div>\n\t\t\t\t<\/div>\n\t\t\t\t<div class=\"elementor-element elementor-element-c4bbcc3 elementor-widget-mobile__width-initial elementor-widget elementor-widget-image\" data-id=\"c4bbcc3\" data-element_type=\"widget\" data-e-type=\"widget\" data-widget_type=\"image.default\">\n\t\t\t\t<div class=\"elementor-widget-container\">\n\t\t\t\t\t\t\t\t\t\t\t\t\t\t\t<img loading=\"lazy\" decoding=\"async\" width=\"973\" height=\"579\" src=\"http:\/\/mazanho-bois.com\/wp-content\/uploads\/2023\/04\/placen1.png\" class=\"attachment-full size-full wp-image-4288\" alt=\"\" srcset=\"https:\/\/mazanho-bois.com\/wp-content\/uploads\/2023\/04\/placen1.png 833w, https:\/\/mazanho-bois.com\/wp-content\/uploads\/2023\/04\/placen1-300x178.png 300w, https:\/\/mazanho-bois.com\/wp-content\/uploads\/2023\/04\/placen1-768x456.png 768w, https:\/\/mazanho-bois.com\/wp-content\/uploads\/2023\/04\/placen1-18x12.png 18w\" sizes=\"(max-width: 973px) 100vw, 973px\" \/>\t\t\t\t\t\t\t\t\t\t\t\t\t\t\t<\/div>\n\t\t\t\t<\/div>\n\t\t\t\t<div class=\"elementor-element elementor-element-8ab3176 elementor-widget-divider--view-line elementor-widget elementor-widget-divider\" data-id=\"8ab3176\" data-element_type=\"widget\" data-e-type=\"widget\" data-widget_type=\"divider.default\">\n\t\t\t\t<div class=\"elementor-widget-container\">\n\t\t\t\t\t\t\t<div class=\"elementor-divider\">\n\t\t\t<span class=\"elementor-divider-separator\">\n\t\t\t\t\t\t<\/span>\n\t\t<\/div>\n\t\t\t\t\t\t<\/div>\n\t\t\t\t<\/div>\n\t\t\t\t<div class=\"elementor-element elementor-element-0a252c4 elementor-widget-mobile__width-initial elementor-widget elementor-widget-heading\" data-id=\"0a252c4\" data-element_type=\"widget\" data-e-type=\"widget\" data-widget_type=\"heading.default\">\n\t\t\t\t<div class=\"elementor-widget-container\">\n\t\t\t\t\t<h4 class=\"elementor-heading-title elementor-size-default\">General - Configuration of Facades\n<\/h4>\t\t\t\t<\/div>\n\t\t\t\t<\/div>\n\t\t\t\t<div class=\"elementor-element elementor-element-979cbff elementor-widget-mobile__width-initial elementor-widget elementor-widget-image\" data-id=\"979cbff\" data-element_type=\"widget\" data-e-type=\"widget\" data-widget_type=\"image.default\">\n\t\t\t\t<div class=\"elementor-widget-container\">\n\t\t\t\t\t\t\t\t\t\t\t\t\t\t\t<img loading=\"lazy\" decoding=\"async\" width=\"971\" height=\"593\" src=\"http:\/\/mazanho-bois.com\/wp-content\/uploads\/2023\/04\/placen2.png\" class=\"attachment-full size-full wp-image-4289\" alt=\"\" srcset=\"https:\/\/mazanho-bois.com\/wp-content\/uploads\/2023\/04\/placen2.png 832w, https:\/\/mazanho-bois.com\/wp-content\/uploads\/2023\/04\/placen2-300x183.png 300w, https:\/\/mazanho-bois.com\/wp-content\/uploads\/2023\/04\/placen2-768x469.png 768w, https:\/\/mazanho-bois.com\/wp-content\/uploads\/2023\/04\/placen2-18x12.png 18w\" sizes=\"(max-width: 971px) 100vw, 971px\" \/>\t\t\t\t\t\t\t\t\t\t\t\t\t\t\t<\/div>\n\t\t\t\t<\/div>\n\t\t\t\t<div class=\"elementor-element elementor-element-df95c4f elementor-widget-divider--view-line elementor-widget elementor-widget-divider\" data-id=\"df95c4f\" data-element_type=\"widget\" data-e-type=\"widget\" data-widget_type=\"divider.default\">\n\t\t\t\t<div class=\"elementor-widget-container\">\n\t\t\t\t\t\t\t<div class=\"elementor-divider\">\n\t\t\t<span class=\"elementor-divider-separator\">\n\t\t\t\t\t\t<\/span>\n\t\t<\/div>\n\t\t\t\t\t\t<\/div>\n\t\t\t\t<\/div>\n\t\t\t\t<div class=\"elementor-element elementor-element-0c04488 elementor-widget elementor-widget-heading\" data-id=\"0c04488\" data-element_type=\"widget\" data-e-type=\"widget\" data-widget_type=\"heading.default\">\n\t\t\t\t<div class=\"elementor-widget-container\">\n\t\t\t\t\t<h2 class=\"elementor-heading-title elementor-size-default\">Corner solutions<\/h2>\t\t\t\t<\/div>\n\t\t\t\t<\/div>\n\t\t\t\t<div class=\"elementor-element elementor-element-8e69a6f elementor-widget elementor-widget-text-editor\" data-id=\"8e69a6f\" data-element_type=\"widget\" data-e-type=\"widget\" data-widget_type=\"text-editor.default\">\n\t\t\t\t<div class=\"elementor-widget-container\">\n\t\t\t\t\t\t\t\t\t<p>We offer several variants of facades to choose from.<\/p>\t\t\t\t\t\t\t\t<\/div>\n\t\t\t\t<\/div>\n\t\t\t\t<div class=\"elementor-element elementor-element-16f1aed elementor-widget elementor-widget-text-editor\" data-id=\"16f1aed\" data-element_type=\"widget\" data-e-type=\"widget\" data-widget_type=\"text-editor.default\">\n\t\t\t\t<div class=\"elementor-widget-container\">\n\t\t\t\t\t\t\t\t\t<p>We also offer several solutions for corner layouts.<\/p>\t\t\t\t\t\t\t\t<\/div>\n\t\t\t\t<\/div>\n\t\t\t\t<div class=\"elementor-element elementor-element-90db221 elementor-widget-divider--view-line elementor-widget elementor-widget-divider\" data-id=\"90db221\" data-element_type=\"widget\" data-e-type=\"widget\" data-widget_type=\"divider.default\">\n\t\t\t\t<div class=\"elementor-widget-container\">\n\t\t\t\t\t\t\t<div class=\"elementor-divider\">\n\t\t\t<span class=\"elementor-divider-separator\">\n\t\t\t\t\t\t<\/span>\n\t\t<\/div>\n\t\t\t\t\t\t<\/div>\n\t\t\t\t<\/div>\n\t\t\t\t<div class=\"elementor-element elementor-element-ba91a0a elementor-widget-mobile__width-initial elementor-widget elementor-widget-image\" data-id=\"ba91a0a\" data-element_type=\"widget\" data-e-type=\"widget\" data-widget_type=\"image.default\">\n\t\t\t\t<div class=\"elementor-widget-container\">\n\t\t\t\t\t\t\t\t\t\t\t\t\t\t\t<img loading=\"lazy\" decoding=\"async\" width=\"876\" height=\"425\" src=\"http:\/\/mazanho-bois.com\/wp-content\/uploads\/2023\/04\/placen3.png\" class=\"attachment-full size-full wp-image-4290\" alt=\"\" srcset=\"https:\/\/mazanho-bois.com\/wp-content\/uploads\/2023\/04\/placen3.png 743w, https:\/\/mazanho-bois.com\/wp-content\/uploads\/2023\/04\/placen3-300x147.png 300w, https:\/\/mazanho-bois.com\/wp-content\/uploads\/2023\/04\/placen3-18x9.png 18w\" sizes=\"(max-width: 876px) 100vw, 876px\" \/>\t\t\t\t\t\t\t\t\t\t\t\t\t\t\t<\/div>\n\t\t\t\t<\/div>\n\t\t\t\t<div class=\"elementor-element elementor-element-600eda9 elementor-widget-divider--view-line elementor-widget elementor-widget-divider\" data-id=\"600eda9\" data-element_type=\"widget\" data-e-type=\"widget\" data-widget_type=\"divider.default\">\n\t\t\t\t<div class=\"elementor-widget-container\">\n\t\t\t\t\t\t\t<div class=\"elementor-divider\">\n\t\t\t<span class=\"elementor-divider-separator\">\n\t\t\t\t\t\t<\/span>\n\t\t<\/div>\n\t\t\t\t\t\t<\/div>\n\t\t\t\t<\/div>\n\t\t\t\t<div class=\"elementor-element elementor-element-fa3163f elementor-widget-divider--view-line elementor-widget elementor-widget-divider\" data-id=\"fa3163f\" data-element_type=\"widget\" data-e-type=\"widget\" data-widget_type=\"divider.default\">\n\t\t\t\t<div class=\"elementor-widget-container\">\n\t\t\t\t\t\t\t<div class=\"elementor-divider\">\n\t\t\t<span class=\"elementor-divider-separator\">\n\t\t\t\t\t\t<\/span>\n\t\t<\/div>\n\t\t\t\t\t\t<\/div>\n\t\t\t\t<\/div>\n\t\t\t\t<\/div>\n\t\t\t\t<\/div>\n\t\t\t\t<\/div>","protected":false},"excerpt":{"rendered":"<p>Dimensions Les placards peuvent \u00eatres fabriqu\u00e9s sur mesure au cm pr\u00e8s.\u00a0 A une hauteur de plus de 220 cm les placards sont fait en 2 modules (haut et bas). Essences de bois et teintes Contreplaqu\u00e9 (Stratifi\u00e9) Modularit\u00e9 Quincaillerie G\u00e9n\u00e9rait\u00e9s Placard en bois massif Placard en contreplaqu\u00e9 Nos placards et armoires s\u2019agencent dans les espaces pr\u00e9vus. [&hellip;]<\/p>\n","protected":false},"author":2,"featured_media":0,"parent":0,"menu_order":0,"comment_status":"closed","ping_status":"closed","template":"elementor_header_footer","meta":{"footnotes":""},"class_list":["post-143","page","type-page","status-publish","hentry"],"blocksy_meta":[],"_links":{"self":[{"href":"http:\/\/mazanho-bois.com\/en\/wp-json\/wp\/v2\/pages\/143","targetHints":{"allow":["GET"]}}],"collection":[{"href":"http:\/\/mazanho-bois.com\/en\/wp-json\/wp\/v2\/pages"}],"about":[{"href":"http:\/\/mazanho-bois.com\/en\/wp-json\/wp\/v2\/types\/page"}],"author":[{"embeddable":true,"href":"http:\/\/mazanho-bois.com\/en\/wp-json\/wp\/v2\/users\/2"}],"replies":[{"embeddable":true,"href":"http:\/\/mazanho-bois.com\/en\/wp-json\/wp\/v2\/comments?post=143"}],"version-history":[{"count":67,"href":"http:\/\/mazanho-bois.com\/en\/wp-json\/wp\/v2\/pages\/143\/revisions"}],"predecessor-version":[{"id":4797,"href":"http:\/\/mazanho-bois.com\/en\/wp-json\/wp\/v2\/pages\/143\/revisions\/4797"}],"wp:attachment":[{"href":"http:\/\/mazanho-bois.com\/en\/wp-json\/wp\/v2\/media?parent=143"}],"curies":[{"name":"wp","href":"https:\/\/api.w.org\/{rel}","templated":true}]}}