{"id":2319,"date":"2023-03-07T06:21:30","date_gmt":"2023-03-07T06:21:30","guid":{"rendered":"http:\/\/mazanho-bois.com\/?page_id=2319"},"modified":"2023-05-30T13:27:35","modified_gmt":"2023-05-30T13:27:35","slug":"isoplanes-et-coupe-feu","status":"publish","type":"page","link":"http:\/\/mazanho-bois.com\/en\/isoplanes-et-coupe-feu","title":{"rendered":"Porte capitanes"},"content":{"rendered":"<div data-elementor-type=\"wp-page\" data-elementor-id=\"2319\" class=\"elementor elementor-2319\" data-elementor-post-type=\"page\">\n\t\t\t\t<div class=\"elementor-element elementor-element-b4fc2e5 e-flex e-con-boxed e-con e-parent\" data-id=\"b4fc2e5\" data-element_type=\"container\" data-e-type=\"container\">\n\t\t\t\t\t<div class=\"e-con-inner\">\n\t\t\t\t\t<\/div>\n\t\t\t\t<\/div>\n\t\t<div class=\"elementor-element elementor-element-45ad387 e-con-full e-flex e-con e-parent\" data-id=\"45ad387\" data-element_type=\"container\" data-e-type=\"container\">\n\t\t\t\t<div class=\"elementor-element elementor-element-c0b81cf elementor-widget-divider--view-line elementor-widget elementor-widget-divider\" data-id=\"c0b81cf\" data-element_type=\"widget\" data-e-type=\"widget\" data-widget_type=\"divider.default\">\n\t\t\t\t<div class=\"elementor-widget-container\">\n\t\t\t\t\t\t\t<div class=\"elementor-divider\">\n\t\t\t<span class=\"elementor-divider-separator\">\n\t\t\t\t\t\t<\/span>\n\t\t<\/div>\n\t\t\t\t\t\t<\/div>\n\t\t\t\t<\/div>\n\t\t<div class=\"elementor-element elementor-element-76e0801 e-flex e-con-boxed e-con e-parent\" data-id=\"76e0801\" data-element_type=\"container\" data-e-type=\"container\">\n\t\t\t\t\t<div class=\"e-con-inner\">\n\t\t<div class=\"elementor-element elementor-element-c81ac3b e-con-full e-flex elementor-invisible e-con e-parent\" data-id=\"c81ac3b\" data-element_type=\"container\" data-e-type=\"container\" data-settings=\"{&quot;animation&quot;:&quot;fadeInLeft&quot;}\">\n\t\t\t\t<div class=\"elementor-element elementor-element-cdcfac5 elementor-widget__width-initial elementor-widget elementor-widget-heading\" data-id=\"cdcfac5\" data-element_type=\"widget\" data-e-type=\"widget\" data-widget_type=\"heading.default\">\n\t\t\t\t<div class=\"elementor-widget-container\">\n\t\t\t\t\t<h2 class=\"elementor-heading-title elementor-size-default\">Generalities<\/h2>\t\t\t\t<\/div>\n\t\t\t\t<\/div>\n\t\t\t\t<\/div>\n\t\t<div class=\"elementor-element elementor-element-7372ab7 e-flex e-con-boxed e-con e-parent\" data-id=\"7372ab7\" data-element_type=\"container\" data-e-type=\"container\">\n\t\t\t\t\t<div class=\"e-con-inner\">\n\t\t\t\t<div class=\"elementor-element elementor-element-5d322ad elementor-widget__width-initial elementor-widget elementor-widget-heading\" data-id=\"5d322ad\" data-element_type=\"widget\" data-e-type=\"widget\" data-widget_type=\"heading.default\">\n\t\t\t\t<div class=\"elementor-widget-container\">\n\t\t\t\t\t<h2 class=\"elementor-heading-title elementor-size-default\"><a href=\"https:\/\/mazanho-bois.com\/en\/capitonnees-generals\/\">Upholstere doors \u2013 1 leaf <\/a><\/h2>\t\t\t\t<\/div>\n\t\t\t\t<\/div>\n\t\t\t\t\t<\/div>\n\t\t\t\t<\/div>\n\t\t\t\t\t<\/div>\n\t\t\t\t<\/div>\n\t\t\t\t<div class=\"elementor-element elementor-element-ebcf850 elementor-widget__width-initial elementor-widget-tablet__width-initial elementor-widget elementor-widget-text-editor\" data-id=\"ebcf850\" data-element_type=\"widget\" data-e-type=\"widget\" data-widget_type=\"text-editor.default\">\n\t\t\t\t<div class=\"elementor-widget-container\">\n\t\t\t\t\t\t\t\t\t<p>Soundproof, isophonic or acoustic wooden doors are a key element when it comes to improving the sound insulation of a room in the building. MAZANHO BOIS offers you several solutions to choose from:<\/p><ul><li>The acoustic isoplane door or<\/li><li>The padded door<\/li><\/ul><p>Our two solutions are based on the same technology, that of fireproof isoplane doors. The concept of the acoustic isoplane door has already been explained in the generalities of fire isoplane doors.<\/p><p>La diff\u00e9rence entre nos portes isoplanes acoustiques et nos portes capitonn\u00e9es est que le parement du vantail de ces derni\u00e8res n\u2019est pas peint ou stratifi\u00e9, mais plut\u00f4t recouvert d\u2019une mousse anti-bruit et habill\u00e9 avec du cuir, du simili de cuir ou autres tissus au choix du client.<\/p>\t\t\t\t\t\t\t\t<\/div>\n\t\t\t\t<\/div>\n\t\t\t\t<div class=\"elementor-element elementor-element-4037566 elementor-widget-divider--view-line elementor-widget elementor-widget-divider\" data-id=\"4037566\" data-element_type=\"widget\" data-e-type=\"widget\" data-widget_type=\"divider.default\">\n\t\t\t\t<div class=\"elementor-widget-container\">\n\t\t\t\t\t\t\t<div class=\"elementor-divider\">\n\t\t\t<span class=\"elementor-divider-separator\">\n\t\t\t\t\t\t<\/span>\n\t\t<\/div>\n\t\t\t\t\t\t<\/div>\n\t\t\t\t<\/div>\n\t\t\t\t<div class=\"elementor-element elementor-element-f0cf3ad elementor-widget elementor-widget-image\" data-id=\"f0cf3ad\" data-element_type=\"widget\" data-e-type=\"widget\" data-widget_type=\"image.default\">\n\t\t\t\t<div class=\"elementor-widget-container\">\n\t\t\t\t\t\t\t\t\t\t\t\t\t\t\t<img fetchpriority=\"high\" decoding=\"async\" width=\"1375\" height=\"725\" src=\"https:\/\/mazanho-bois.com\/wp-content\/uploads\/2023\/04\/image45.png\" class=\"attachment-full size-full wp-image-5345\" alt=\"\" srcset=\"https:\/\/mazanho-bois.com\/wp-content\/uploads\/2023\/04\/image45.png 1375w, https:\/\/mazanho-bois.com\/wp-content\/uploads\/2023\/04\/image45-300x158.png 300w, https:\/\/mazanho-bois.com\/wp-content\/uploads\/2023\/04\/image45-1024x540.png 1024w, https:\/\/mazanho-bois.com\/wp-content\/uploads\/2023\/04\/image45-768x405.png 768w, https:\/\/mazanho-bois.com\/wp-content\/uploads\/2023\/04\/image45-18x9.png 18w\" sizes=\"(max-width: 1375px) 100vw, 1375px\" \/>\t\t\t\t\t\t\t\t\t\t\t\t\t\t\t<\/div>\n\t\t\t\t<\/div>\n\t\t\t\t<div class=\"elementor-element elementor-element-0fbd199 elementor-widget__width-initial elementor-widget elementor-widget-text-editor\" data-id=\"0fbd199\" data-element_type=\"widget\" data-e-type=\"widget\" data-widget_type=\"text-editor.default\">\n\t\t\t\t<div class=\"elementor-widget-container\">\n\t\t\t\t\t\t\t\t\t<p>On MAZANHO BOIS doors, upholstery is just an aesthetic solution of the customer's choice, when the degree of noise reduction is less than 50 dB. Noise reduction is largely done by the chipboard solutions used. At this moment the thickness of the foam has no influence on the result of the acoustics. At more than 50 dB and in order to prevent the door leaf from being very heavy, the additional reduction of noise is done by adding anti-noise foams of varying thicknesses depending on the objectives to be achieved.<\/p>\t\t\t\t\t\t\t\t<\/div>\n\t\t\t\t<\/div>\n\t\t\t\t<\/div>\n\t\t\t\t<\/div>","protected":false},"excerpt":{"rendered":"<p>G\u00e9n\u00e9ralit\u00e9s Portes capitonn\u00e9es \u2013 1 battant Les portes insonoris\u00e9es, isophoniques ou acoustiques en bois sont un \u00e9l\u00e9ment cl\u00e9 lorsqu\u2019il s\u2019agit d\u2019am\u00e9liorer l\u2019isolation acoustique d\u2019une pi\u00e8ce dans le b\u00e2timent. MAZANHO BOIS vous offre plusieurs solutions aux choix : La porte isoplane acoustique o\u00f9 La porte capitonn\u00e9e Nos deux solutions sont bas\u00e9es sur la m\u00eame technologie, celle [&hellip;]<\/p>\n","protected":false},"author":2,"featured_media":0,"parent":0,"menu_order":0,"comment_status":"closed","ping_status":"closed","template":"elementor_header_footer","meta":{"footnotes":""},"class_list":["post-2319","page","type-page","status-publish","hentry"],"blocksy_meta":[],"_links":{"self":[{"href":"http:\/\/mazanho-bois.com\/en\/wp-json\/wp\/v2\/pages\/2319","targetHints":{"allow":["GET"]}}],"collection":[{"href":"http:\/\/mazanho-bois.com\/en\/wp-json\/wp\/v2\/pages"}],"about":[{"href":"http:\/\/mazanho-bois.com\/en\/wp-json\/wp\/v2\/types\/page"}],"author":[{"embeddable":true,"href":"http:\/\/mazanho-bois.com\/en\/wp-json\/wp\/v2\/users\/2"}],"replies":[{"embeddable":true,"href":"http:\/\/mazanho-bois.com\/en\/wp-json\/wp\/v2\/comments?post=2319"}],"version-history":[{"count":44,"href":"http:\/\/mazanho-bois.com\/en\/wp-json\/wp\/v2\/pages\/2319\/revisions"}],"predecessor-version":[{"id":6020,"href":"http:\/\/mazanho-bois.com\/en\/wp-json\/wp\/v2\/pages\/2319\/revisions\/6020"}],"wp:attachment":[{"href":"http:\/\/mazanho-bois.com\/en\/wp-json\/wp\/v2\/media?parent=2319"}],"curies":[{"name":"wp","href":"https:\/\/api.w.org\/{rel}","templated":true}]}}