{"id":2991,"date":"2023-03-17T05:45:51","date_gmt":"2023-03-17T05:45:51","guid":{"rendered":"http:\/\/mazanho-bois.com\/?page_id=2991"},"modified":"2023-05-31T00:13:10","modified_gmt":"2023-05-31T00:13:10","slug":"porte-2-battants","status":"publish","type":"page","link":"http:\/\/mazanho-bois.com\/en\/porte-2-battants","title":{"rendered":"Porte 2 battants"},"content":{"rendered":"<div data-elementor-type=\"wp-page\" data-elementor-id=\"2991\" class=\"elementor elementor-2991\" data-elementor-post-type=\"page\">\n\t\t\t\t<div class=\"elementor-element elementor-element-7a10af2 e-flex e-con-boxed e-con e-parent\" data-id=\"7a10af2\" data-element_type=\"container\" data-e-type=\"container\">\n\t\t\t\t\t<div class=\"e-con-inner\">\n\t\t\t\t\t<\/div>\n\t\t\t\t<\/div>\n\t\t<div class=\"elementor-element elementor-element-f10ae9b e-flex e-con-boxed e-con e-parent\" data-id=\"f10ae9b\" data-element_type=\"container\" data-e-type=\"container\">\n\t\t\t\t\t<div class=\"e-con-inner\">\n\t\t\t\t\t<\/div>\n\t\t\t\t<\/div>\n\t\t<div class=\"elementor-element elementor-element-ea9c734 e-con-full e-flex e-con e-parent\" data-id=\"ea9c734\" data-element_type=\"container\" data-e-type=\"container\">\n\t\t<div class=\"elementor-element elementor-element-9252af3 e-con-full e-flex e-con e-parent\" data-id=\"9252af3\" data-element_type=\"container\" data-e-type=\"container\">\n\t\t\t\t<div class=\"elementor-element elementor-element-2e1f7eb elementor-widget-divider--view-line elementor-widget elementor-widget-divider\" data-id=\"2e1f7eb\" data-element_type=\"widget\" data-e-type=\"widget\" data-widget_type=\"divider.default\">\n\t\t\t\t<div class=\"elementor-widget-container\">\n\t\t\t\t\t\t\t<div class=\"elementor-divider\">\n\t\t\t<span class=\"elementor-divider-separator\">\n\t\t\t\t\t\t<\/span>\n\t\t<\/div>\n\t\t\t\t\t\t<\/div>\n\t\t\t\t<\/div>\n\t\t<div class=\"elementor-element elementor-element-fc87913 e-flex e-con-boxed e-con e-parent\" data-id=\"fc87913\" data-element_type=\"container\" data-e-type=\"container\">\n\t\t\t\t\t<div class=\"e-con-inner\">\n\t\t\t\t<div class=\"elementor-element elementor-element-cdd48ea elementor-position-left elementor-widget__width-initial elementor-widget-mobile__width-initial elementor-vertical-align-top elementor-widget elementor-widget-image-box\" data-id=\"cdd48ea\" data-element_type=\"widget\" data-e-type=\"widget\" data-widget_type=\"image-box.default\">\n\t\t\t\t<div class=\"elementor-widget-container\">\n\t\t\t\t\t<div class=\"elementor-image-box-wrapper\"><figure class=\"elementor-image-box-img\"><a href=\"http:\/\/mazanho-bois.com\/en\/portes-1-battants\/\" tabindex=\"-1\"><img decoding=\"async\" width=\"88\" height=\"186\" src=\"https:\/\/mazanho-bois.com\/wp-content\/uploads\/2023\/03\/pc14.png\" class=\"attachment-full size-full wp-image-2907\" alt=\"\" \/><\/a><\/figure><div class=\"elementor-image-box-content\"><h6 class=\"elementor-image-box-title\"><a href=\"http:\/\/mazanho-bois.com\/en\/portes-1-battants\/\">Solid wood doors \u2013 1 Leaf<\/a><\/h6><\/div><\/div>\t\t\t\t<\/div>\n\t\t\t\t<\/div>\n\t\t\t\t<div class=\"elementor-element elementor-element-ec885c0 elementor-position-left elementor-widget__width-initial elementor-widget-mobile__width-initial elementor-vertical-align-top elementor-invisible elementor-widget elementor-widget-image-box\" data-id=\"ec885c0\" data-element_type=\"widget\" data-e-type=\"widget\" data-settings=\"{&quot;_animation&quot;:&quot;fadeInRight&quot;}\" data-widget_type=\"image-box.default\">\n\t\t\t\t<div class=\"elementor-widget-container\">\n\t\t\t\t\t<div class=\"elementor-image-box-wrapper\"><figure class=\"elementor-image-box-img\"><a href=\"http:\/\/mazanho-bois.\" tabindex=\"-1\"><img decoding=\"async\" width=\"157\" height=\"217\" src=\"https:\/\/mazanho-bois.com\/wp-content\/uploads\/2023\/03\/p2.png\" class=\"attachment-full size-full wp-image-2982\" alt=\"\" \/><\/a><\/figure><div class=\"elementor-image-box-content\"><h6 class=\"elementor-image-box-title\"><a href=\"http:\/\/mazanho-bois.\">Solid wood doors - 2 leafs<\/a><\/h6><\/div><\/div>\t\t\t\t<\/div>\n\t\t\t\t<\/div>\n\t\t\t\t\t<\/div>\n\t\t\t\t<\/div>\n\t\t\t\t<div class=\"elementor-element elementor-element-31e2497 elementor-widget-divider--view-line elementor-widget elementor-widget-divider\" data-id=\"31e2497\" data-element_type=\"widget\" data-e-type=\"widget\" data-widget_type=\"divider.default\">\n\t\t\t\t<div class=\"elementor-widget-container\">\n\t\t\t\t\t\t\t<div class=\"elementor-divider\">\n\t\t\t<span class=\"elementor-divider-separator\">\n\t\t\t\t\t\t<\/span>\n\t\t<\/div>\n\t\t\t\t\t\t<\/div>\n\t\t\t\t<\/div>\n\t\t\t\t<div class=\"elementor-element elementor-element-fc6187c elementor-widget-mobile__width-initial elementor-widget elementor-widget-heading\" data-id=\"fc6187c\" data-element_type=\"widget\" data-e-type=\"widget\" data-widget_type=\"heading.default\">\n\t\t\t\t<div class=\"elementor-widget-container\">\n\t\t\t\t\t<h2 class=\"elementor-heading-title elementor-size-default\">Solid wood doors - 2 leafs<\/h2>\t\t\t\t<\/div>\n\t\t\t\t<\/div>\n\t\t\t\t<div class=\"elementor-element elementor-element-1ce2647 elementor-widget elementor-widget-image\" data-id=\"1ce2647\" data-element_type=\"widget\" data-e-type=\"widget\" data-widget_type=\"image.default\">\n\t\t\t\t<div class=\"elementor-widget-container\">\n\t\t\t\t\t\t\t\t\t\t\t\t\t\t\t<img fetchpriority=\"high\" decoding=\"async\" width=\"772\" height=\"444\" src=\"https:\/\/mazanho-bois.com\/wp-content\/uploads\/2023\/11\/pp1.png\" class=\"attachment-full size-full wp-image-6024\" alt=\"\" srcset=\"https:\/\/mazanho-bois.com\/wp-content\/uploads\/2023\/11\/pp1.png 817w, https:\/\/mazanho-bois.com\/wp-content\/uploads\/2023\/11\/pp1-300x160.png 300w, https:\/\/mazanho-bois.com\/wp-content\/uploads\/2023\/11\/pp1-768x411.png 768w, https:\/\/mazanho-bois.com\/wp-content\/uploads\/2023\/11\/pp1-18x10.png 18w\" sizes=\"(max-width: 772px) 100vw, 772px\" \/>\t\t\t\t\t\t\t\t\t\t\t\t\t\t\t<\/div>\n\t\t\t\t<\/div>\n\t\t\t\t<div class=\"elementor-element elementor-element-fefed5d elementor-widget elementor-widget-image\" data-id=\"fefed5d\" data-element_type=\"widget\" data-e-type=\"widget\" data-widget_type=\"image.default\">\n\t\t\t\t<div class=\"elementor-widget-container\">\n\t\t\t\t\t\t\t\t\t\t\t\t\t\t\t<img loading=\"lazy\" decoding=\"async\" width=\"800\" height=\"440\" src=\"https:\/\/mazanho-bois.com\/wp-content\/uploads\/2023\/11\/pp2.png\" class=\"attachment-full size-full wp-image-6025\" alt=\"\" srcset=\"https:\/\/mazanho-bois.com\/wp-content\/uploads\/2023\/11\/pp2.png 843w, https:\/\/mazanho-bois.com\/wp-content\/uploads\/2023\/11\/pp2-300x155.png 300w, https:\/\/mazanho-bois.com\/wp-content\/uploads\/2023\/11\/pp2-768x396.png 768w, https:\/\/mazanho-bois.com\/wp-content\/uploads\/2023\/11\/pp2-18x9.png 18w\" sizes=\"(max-width: 800px) 100vw, 800px\" \/>\t\t\t\t\t\t\t\t\t\t\t\t\t\t\t<\/div>\n\t\t\t\t<\/div>\n\t\t\t\t<div class=\"elementor-element elementor-element-4947895 elementor-widget elementor-widget-image\" data-id=\"4947895\" data-element_type=\"widget\" data-e-type=\"widget\" data-widget_type=\"image.default\">\n\t\t\t\t<div class=\"elementor-widget-container\">\n\t\t\t\t\t\t\t\t\t\t\t\t\t\t\t<img loading=\"lazy\" decoding=\"async\" width=\"795\" height=\"444\" src=\"https:\/\/mazanho-bois.com\/wp-content\/uploads\/2023\/11\/pp3.png\" class=\"attachment-full size-full wp-image-6026\" alt=\"\" srcset=\"https:\/\/mazanho-bois.com\/wp-content\/uploads\/2023\/11\/pp3.png 836w, https:\/\/mazanho-bois.com\/wp-content\/uploads\/2023\/11\/pp3-300x158.png 300w, https:\/\/mazanho-bois.com\/wp-content\/uploads\/2023\/11\/pp3-768x404.png 768w, https:\/\/mazanho-bois.com\/wp-content\/uploads\/2023\/11\/pp3-18x9.png 18w\" sizes=\"(max-width: 795px) 100vw, 795px\" \/>\t\t\t\t\t\t\t\t\t\t\t\t\t\t\t<\/div>\n\t\t\t\t<\/div>\n\t\t\t\t<div class=\"elementor-element elementor-element-95ed457 elementor-widget elementor-widget-image\" data-id=\"95ed457\" data-element_type=\"widget\" data-e-type=\"widget\" data-widget_type=\"image.default\">\n\t\t\t\t<div class=\"elementor-widget-container\">\n\t\t\t\t\t\t\t\t\t\t\t\t\t\t\t<img loading=\"lazy\" decoding=\"async\" width=\"793\" height=\"453\" src=\"https:\/\/mazanho-bois.com\/wp-content\/uploads\/2023\/11\/pp4.png\" class=\"attachment-full size-full wp-image-6027\" alt=\"\" srcset=\"https:\/\/mazanho-bois.com\/wp-content\/uploads\/2023\/11\/pp4.png 835w, https:\/\/mazanho-bois.com\/wp-content\/uploads\/2023\/11\/pp4-300x157.png 300w, https:\/\/mazanho-bois.com\/wp-content\/uploads\/2023\/11\/pp4-768x402.png 768w, https:\/\/mazanho-bois.com\/wp-content\/uploads\/2023\/11\/pp4-18x9.png 18w\" sizes=\"(max-width: 793px) 100vw, 793px\" \/>\t\t\t\t\t\t\t\t\t\t\t\t\t\t\t<\/div>\n\t\t\t\t<\/div>\n\t\t\t\t<div class=\"elementor-element elementor-element-f15399d elementor-widget elementor-widget-image\" data-id=\"f15399d\" data-element_type=\"widget\" data-e-type=\"widget\" data-widget_type=\"image.default\">\n\t\t\t\t<div class=\"elementor-widget-container\">\n\t\t\t\t\t\t\t\t\t\t\t\t\t\t\t<img fetchpriority=\"high\" decoding=\"async\" width=\"772\" height=\"444\" src=\"https:\/\/mazanho-bois.com\/wp-content\/uploads\/2023\/11\/pp1.png\" class=\"attachment-full size-full wp-image-6024\" alt=\"\" srcset=\"https:\/\/mazanho-bois.com\/wp-content\/uploads\/2023\/11\/pp1.png 817w, https:\/\/mazanho-bois.com\/wp-content\/uploads\/2023\/11\/pp1-300x160.png 300w, https:\/\/mazanho-bois.com\/wp-content\/uploads\/2023\/11\/pp1-768x411.png 768w, https:\/\/mazanho-bois.com\/wp-content\/uploads\/2023\/11\/pp1-18x10.png 18w\" sizes=\"(max-width: 772px) 100vw, 772px\" \/>\t\t\t\t\t\t\t\t\t\t\t\t\t\t\t<\/div>\n\t\t\t\t<\/div>\n\t\t\t\t<div class=\"elementor-element elementor-element-2418d37 elementor-widget elementor-widget-image\" data-id=\"2418d37\" data-element_type=\"widget\" data-e-type=\"widget\" data-widget_type=\"image.default\">\n\t\t\t\t<div class=\"elementor-widget-container\">\n\t\t\t\t\t\t\t\t\t\t\t\t\t\t\t<img loading=\"lazy\" decoding=\"async\" width=\"781\" height=\"439\" src=\"https:\/\/mazanho-bois.com\/wp-content\/uploads\/2023\/11\/pp7-1.png\" class=\"attachment-full size-full wp-image-6029\" alt=\"\" srcset=\"https:\/\/mazanho-bois.com\/wp-content\/uploads\/2023\/11\/pp7-1.png 840w, https:\/\/mazanho-bois.com\/wp-content\/uploads\/2023\/11\/pp7-1-300x153.png 300w, https:\/\/mazanho-bois.com\/wp-content\/uploads\/2023\/11\/pp7-1-768x392.png 768w, https:\/\/mazanho-bois.com\/wp-content\/uploads\/2023\/11\/pp7-1-18x9.png 18w\" sizes=\"(max-width: 781px) 100vw, 781px\" \/>\t\t\t\t\t\t\t\t\t\t\t\t\t\t\t<\/div>\n\t\t\t\t<\/div>\n\t\t\t\t<div class=\"elementor-element elementor-element-5c9ac66 elementor-widget elementor-widget-image\" data-id=\"5c9ac66\" data-element_type=\"widget\" data-e-type=\"widget\" data-widget_type=\"image.default\">\n\t\t\t\t<div class=\"elementor-widget-container\">\n\t\t\t\t\t\t\t\t\t\t\t\t\t\t\t<img loading=\"lazy\" decoding=\"async\" width=\"748\" height=\"449\" src=\"https:\/\/mazanho-bois.com\/wp-content\/uploads\/2023\/11\/pp8.png\" class=\"attachment-full size-full wp-image-6030\" alt=\"\" srcset=\"https:\/\/mazanho-bois.com\/wp-content\/uploads\/2023\/11\/pp8.png 818w, https:\/\/mazanho-bois.com\/wp-content\/uploads\/2023\/11\/pp8-300x162.png 300w, https:\/\/mazanho-bois.com\/wp-content\/uploads\/2023\/11\/pp8-768x414.png 768w, https:\/\/mazanho-bois.com\/wp-content\/uploads\/2023\/11\/pp8-18x10.png 18w\" sizes=\"(max-width: 748px) 100vw, 748px\" \/>\t\t\t\t\t\t\t\t\t\t\t\t\t\t\t<\/div>\n\t\t\t\t<\/div>\n\t\t\t\t<div class=\"elementor-element elementor-element-12f612b elementor-widget elementor-widget-image\" data-id=\"12f612b\" data-element_type=\"widget\" data-e-type=\"widget\" data-widget_type=\"image.default\">\n\t\t\t\t<div class=\"elementor-widget-container\">\n\t\t\t\t\t\t\t\t\t\t\t\t\t\t\t<img loading=\"lazy\" decoding=\"async\" width=\"774\" height=\"446\" src=\"https:\/\/mazanho-bois.com\/wp-content\/uploads\/2023\/05\/p2.9.png\" class=\"attachment-full size-full wp-image-6031\" alt=\"\" srcset=\"https:\/\/mazanho-bois.com\/wp-content\/uploads\/2023\/05\/p2.9.png 774w, https:\/\/mazanho-bois.com\/wp-content\/uploads\/2023\/05\/p2.9-300x173.png 300w, https:\/\/mazanho-bois.com\/wp-content\/uploads\/2023\/05\/p2.9-768x443.png 768w, https:\/\/mazanho-bois.com\/wp-content\/uploads\/2023\/05\/p2.9-18x10.png 18w\" sizes=\"(max-width: 774px) 100vw, 774px\" \/>\t\t\t\t\t\t\t\t\t\t\t\t\t\t\t<\/div>\n\t\t\t\t<\/div>\n\t\t\t\t<div class=\"elementor-element elementor-element-6a3b91e elementor-widget elementor-widget-image\" data-id=\"6a3b91e\" data-element_type=\"widget\" data-e-type=\"widget\" data-widget_type=\"image.default\">\n\t\t\t\t<div class=\"elementor-widget-container\">\n\t\t\t\t\t\t\t\t\t\t\t\t\t\t\t<img loading=\"lazy\" decoding=\"async\" width=\"774\" height=\"381\" src=\"https:\/\/mazanho-bois.com\/wp-content\/uploads\/2023\/11\/pp10.png\" class=\"attachment-full size-full wp-image-6032\" alt=\"\" srcset=\"https:\/\/mazanho-bois.com\/wp-content\/uploads\/2023\/11\/pp10.png 780w, https:\/\/mazanho-bois.com\/wp-content\/uploads\/2023\/11\/pp10-300x139.png 300w, https:\/\/mazanho-bois.com\/wp-content\/uploads\/2023\/11\/pp10-768x356.png 768w, https:\/\/mazanho-bois.com\/wp-content\/uploads\/2023\/11\/pp10-18x8.png 18w\" sizes=\"(max-width: 774px) 100vw, 774px\" \/>\t\t\t\t\t\t\t\t\t\t\t\t\t\t\t<\/div>\n\t\t\t\t<\/div>\n\t\t\t\t<div class=\"elementor-element elementor-element-5a3b90b elementor-widget elementor-widget-image\" data-id=\"5a3b90b\" data-element_type=\"widget\" data-e-type=\"widget\" data-widget_type=\"image.default\">\n\t\t\t\t<div class=\"elementor-widget-container\">\n\t\t\t\t\t\t\t\t\t\t\t\t\t\t\t<img loading=\"lazy\" decoding=\"async\" width=\"796\" height=\"445\" src=\"https:\/\/mazanho-bois.com\/wp-content\/uploads\/2023\/11\/pp5.png\" class=\"attachment-full size-full wp-image-6048\" alt=\"\" srcset=\"https:\/\/mazanho-bois.com\/wp-content\/uploads\/2023\/11\/pp5.png 844w, https:\/\/mazanho-bois.com\/wp-content\/uploads\/2023\/11\/pp5-300x153.png 300w, https:\/\/mazanho-bois.com\/wp-content\/uploads\/2023\/11\/pp5-768x392.png 768w, https:\/\/mazanho-bois.com\/wp-content\/uploads\/2023\/11\/pp5-18x9.png 18w\" sizes=\"(max-width: 796px) 100vw, 796px\" \/>\t\t\t\t\t\t\t\t\t\t\t\t\t\t\t<\/div>\n\t\t\t\t<\/div>\n\t\t\t\t<\/div>\n\t\t<div class=\"elementor-element elementor-element-0b7c382 e-con-full e-flex e-con e-parent\" data-id=\"0b7c382\" data-element_type=\"container\" data-e-type=\"container\">\n\t\t<div class=\"elementor-element elementor-element-9e2e4f7 e-flex e-con-boxed e-con e-parent\" data-id=\"9e2e4f7\" data-element_type=\"container\" data-e-type=\"container\">\n\t\t\t\t\t<div class=\"e-con-inner\">\n\t\t\t\t\t<\/div>\n\t\t\t\t<\/div>\n\t\t\t\t<div class=\"elementor-element elementor-element-cb2520b elementor-widget elementor-widget-heading\" data-id=\"cb2520b\" data-element_type=\"widget\" data-e-type=\"widget\" data-widget_type=\"heading.default\">\n\t\t\t\t<div class=\"elementor-widget-container\">\n\t\t\t\t\t<h2 class=\"elementor-heading-title elementor-size-default\">Size<\/h2>\t\t\t\t<\/div>\n\t\t\t\t<\/div>\n\t\t\t\t<div class=\"elementor-element elementor-element-2973853 elementor-widget-divider--view-line elementor-widget elementor-widget-divider\" data-id=\"2973853\" data-element_type=\"widget\" data-e-type=\"widget\" data-widget_type=\"divider.default\">\n\t\t\t\t<div class=\"elementor-widget-container\">\n\t\t\t\t\t\t\t<div class=\"elementor-divider\">\n\t\t\t<span class=\"elementor-divider-separator\">\n\t\t\t\t\t\t<\/span>\n\t\t<\/div>\n\t\t\t\t\t\t<\/div>\n\t\t\t\t<\/div>\n\t\t\t\t<div class=\"elementor-element elementor-element-e54e26e elementor-widget elementor-widget-image\" data-id=\"e54e26e\" data-element_type=\"widget\" data-e-type=\"widget\" data-widget_type=\"image.default\">\n\t\t\t\t<div class=\"elementor-widget-container\">\n\t\t\t\t\t\t\t\t\t\t\t\t\t\t\t<img loading=\"lazy\" decoding=\"async\" width=\"329\" height=\"113\" src=\"https:\/\/mazanho-bois.com\/wp-content\/uploads\/2023\/04\/portevanglais.png\" class=\"attachment-full size-full wp-image-4814\" alt=\"\" srcset=\"https:\/\/mazanho-bois.com\/wp-content\/uploads\/2023\/04\/portevanglais.png 331w, https:\/\/mazanho-bois.com\/wp-content\/uploads\/2023\/04\/portevanglais-300x102.png 300w, https:\/\/mazanho-bois.com\/wp-content\/uploads\/2023\/04\/portevanglais-18x6.png 18w\" sizes=\"(max-width: 329px) 100vw, 329px\" \/>\t\t\t\t\t\t\t\t\t\t\t\t\t\t\t<\/div>\n\t\t\t\t<\/div>\n\t\t\t\t<div class=\"elementor-element elementor-element-dde65ce elementor-widget elementor-widget-text-editor\" data-id=\"dde65ce\" data-element_type=\"widget\" data-e-type=\"widget\" data-widget_type=\"text-editor.default\">\n\t\t\t\t<div class=\"elementor-widget-container\">\n\t\t\t\t\t\t\t\t\t<p><strong>The doors can also be custom-made, to the nearest cm, according to a dimensional range of 200 to 235 in height 60 to 90 cm in width.<\/strong><\/p>\t\t\t\t\t\t\t\t<\/div>\n\t\t\t\t<\/div>\n\t\t\t\t<div class=\"elementor-element elementor-element-3e55c57 elementor-widget-mobile__width-initial elementor-widget elementor-widget-heading\" data-id=\"3e55c57\" data-element_type=\"widget\" data-e-type=\"widget\" data-widget_type=\"heading.default\">\n\t\t\t\t<div class=\"elementor-widget-container\">\n\t\t\t\t\t<h2 class=\"elementor-heading-title elementor-size-default\">Species and shades<\/h2>\t\t\t\t<\/div>\n\t\t\t\t<\/div>\n\t\t\t\t<div class=\"elementor-element elementor-element-38bdc1c elementor-widget-divider--view-line elementor-widget elementor-widget-divider\" data-id=\"38bdc1c\" data-element_type=\"widget\" data-e-type=\"widget\" data-widget_type=\"divider.default\">\n\t\t\t\t<div class=\"elementor-widget-container\">\n\t\t\t\t\t\t\t<div class=\"elementor-divider\">\n\t\t\t<span class=\"elementor-divider-separator\">\n\t\t\t\t\t\t<\/span>\n\t\t<\/div>\n\t\t\t\t\t\t<\/div>\n\t\t\t\t<\/div>\n\t\t\t\t<div class=\"elementor-element elementor-element-35a9c87 elementor-widget elementor-widget-image\" data-id=\"35a9c87\" data-element_type=\"widget\" data-e-type=\"widget\" data-widget_type=\"image.default\">\n\t\t\t\t<div class=\"elementor-widget-container\">\n\t\t\t\t\t\t\t\t\t\t\t\t\t\t\t<img loading=\"lazy\" decoding=\"async\" width=\"578\" height=\"318\" src=\"https:\/\/mazanho-bois.com\/wp-content\/uploads\/2023\/03\/intint.png\" class=\"attachment-full size-full wp-image-3465\" alt=\"\" srcset=\"https:\/\/mazanho-bois.com\/wp-content\/uploads\/2023\/03\/intint.png 578w, https:\/\/mazanho-bois.com\/wp-content\/uploads\/2023\/03\/intint-300x165.png 300w\" sizes=\"(max-width: 578px) 100vw, 578px\" \/>\t\t\t\t\t\t\t\t\t\t\t\t\t\t\t<\/div>\n\t\t\t\t<\/div>\n\t\t\t\t<div class=\"elementor-element elementor-element-3e7bd51 elementor-widget-divider--view-line elementor-widget elementor-widget-divider\" data-id=\"3e7bd51\" data-element_type=\"widget\" data-e-type=\"widget\" data-widget_type=\"divider.default\">\n\t\t\t\t<div class=\"elementor-widget-container\">\n\t\t\t\t\t\t\t<div class=\"elementor-divider\">\n\t\t\t<span class=\"elementor-divider-separator\">\n\t\t\t\t\t\t<\/span>\n\t\t<\/div>\n\t\t\t\t\t\t<\/div>\n\t\t\t\t<\/div>\n\t\t\t\t<div class=\"elementor-element elementor-element-d802d1f elementor-align-center elementor-widget elementor-widget-button\" data-id=\"d802d1f\" data-element_type=\"widget\" data-e-type=\"widget\" data-widget_type=\"button.default\">\n\t\t\t\t<div class=\"elementor-widget-container\">\n\t\t\t\t\t\t\t\t\t<div class=\"elementor-button-wrapper\">\n\t\t\t\t\t<a class=\"elementor-button elementor-button-link elementor-size-sm\" href=\"https:\/\/mazanho-bois.com\/en\/modularite-porte-2-battent\/\">\n\t\t\t\t\t\t<span class=\"elementor-button-content-wrapper\">\n\t\t\t\t\t\t\t\t\t<span class=\"elementor-button-text\">Modularity<\/span>\n\t\t\t\t\t<\/span>\n\t\t\t\t\t<\/a>\n\t\t\t\t<\/div>\n\t\t\t\t\t\t\t\t<\/div>\n\t\t\t\t<\/div>\n\t\t\t\t<div class=\"elementor-element elementor-element-8ded1a9 elementor-widget-divider--view-line elementor-widget elementor-widget-divider\" data-id=\"8ded1a9\" data-element_type=\"widget\" data-e-type=\"widget\" data-widget_type=\"divider.default\">\n\t\t\t\t<div class=\"elementor-widget-container\">\n\t\t\t\t\t\t\t<div class=\"elementor-divider\">\n\t\t\t<span class=\"elementor-divider-separator\">\n\t\t\t\t\t\t<\/span>\n\t\t<\/div>\n\t\t\t\t\t\t<\/div>\n\t\t\t\t<\/div>\n\t\t\t\t<div class=\"elementor-element elementor-element-f3e45cf elementor-align-center elementor-widget elementor-widget-button\" data-id=\"f3e45cf\" data-element_type=\"widget\" data-e-type=\"widget\" data-widget_type=\"button.default\">\n\t\t\t\t<div class=\"elementor-widget-container\">\n\t\t\t\t\t\t\t\t\t<div class=\"elementor-button-wrapper\">\n\t\t\t\t\t<a class=\"elementor-button elementor-button-link elementor-size-sm\" href=\"http:\/\/mazanho-bois.com\/en\/quincaillerie\/\">\n\t\t\t\t\t\t<span class=\"elementor-button-content-wrapper\">\n\t\t\t\t\t\t\t\t\t<span class=\"elementor-button-text\">Fittings<\/span>\n\t\t\t\t\t<\/span>\n\t\t\t\t\t<\/a>\n\t\t\t\t<\/div>\n\t\t\t\t\t\t\t\t<\/div>\n\t\t\t\t<\/div>\n\t\t\t\t<\/div>\n\t\t\t\t<\/div>\n\t\t\t\t<\/div>","protected":false},"excerpt":{"rendered":"<p>Portes en bois massif \u2013 1 Battant Portes en bois massif &#8211; 2 battants Portes en bois massif &#8211; 2 battants Dimensions Les portes peuvent \u00e9galement \u00eatre fabriqu\u00e9es sur mesure, au\u00a0 cm pr\u00e8s , selon une plage dimensionnelles des 200 a 235 en hauteur 60 a 90 cm en largeur. Essences et teintes Modularit\u00e9 Quincaillerie<\/p>","protected":false},"author":2,"featured_media":0,"parent":0,"menu_order":0,"comment_status":"closed","ping_status":"closed","template":"elementor_header_footer","meta":{"footnotes":""},"class_list":["post-2991","page","type-page","status-publish","hentry"],"blocksy_meta":[],"_links":{"self":[{"href":"http:\/\/mazanho-bois.com\/en\/wp-json\/wp\/v2\/pages\/2991","targetHints":{"allow":["GET"]}}],"collection":[{"href":"http:\/\/mazanho-bois.com\/en\/wp-json\/wp\/v2\/pages"}],"about":[{"href":"http:\/\/mazanho-bois.com\/en\/wp-json\/wp\/v2\/types\/page"}],"author":[{"embeddable":true,"href":"http:\/\/mazanho-bois.com\/en\/wp-json\/wp\/v2\/users\/2"}],"replies":[{"embeddable":true,"href":"http:\/\/mazanho-bois.com\/en\/wp-json\/wp\/v2\/comments?post=2991"}],"version-history":[{"count":89,"href":"http:\/\/mazanho-bois.com\/en\/wp-json\/wp\/v2\/pages\/2991\/revisions"}],"predecessor-version":[{"id":6063,"href":"http:\/\/mazanho-bois.com\/en\/wp-json\/wp\/v2\/pages\/2991\/revisions\/6063"}],"wp:attachment":[{"href":"http:\/\/mazanho-bois.com\/en\/wp-json\/wp\/v2\/media?parent=2991"}],"curies":[{"name":"wp","href":"https:\/\/api.w.org\/{rel}","templated":true}]}}