{"id":3290,"date":"2023-03-20T21:05:53","date_gmt":"2023-03-20T21:05:53","guid":{"rendered":"http:\/\/mazanho-bois.com\/?page_id=3290"},"modified":"2023-04-12T03:54:21","modified_gmt":"2023-04-12T03:54:21","slug":"cuisines-en-bois-massif-armoires","status":"publish","type":"page","link":"http:\/\/mazanho-bois.com\/en\/cuisines-en-bois-massif-armoires","title":{"rendered":"Cuisines en bois massif \u2013 Armoires"},"content":{"rendered":"<div data-elementor-type=\"wp-page\" data-elementor-id=\"3290\" class=\"elementor elementor-3290\" data-elementor-post-type=\"page\">\n\t\t\t\t<div class=\"elementor-element elementor-element-1756c0b e-flex e-con-boxed e-con e-parent\" data-id=\"1756c0b\" data-element_type=\"container\" data-e-type=\"container\">\n\t\t\t\t\t<div class=\"e-con-inner\">\n\t\t\t\t\t<\/div>\n\t\t\t\t<\/div>\n\t\t<div class=\"elementor-element elementor-element-75dde53 e-con-full e-flex e-con e-parent\" data-id=\"75dde53\" data-element_type=\"container\" data-e-type=\"container\">\n\t\t<div class=\"elementor-element elementor-element-ddea81c e-con-full e-flex e-con e-parent\" data-id=\"ddea81c\" data-element_type=\"container\" data-e-type=\"container\">\n\t\t\t\t<div class=\"elementor-element elementor-element-e9ac930 elementor-widget-divider--view-line elementor-widget elementor-widget-divider\" data-id=\"e9ac930\" data-element_type=\"widget\" data-e-type=\"widget\" data-widget_type=\"divider.default\">\n\t\t\t\t<div class=\"elementor-widget-container\">\n\t\t\t\t\t\t\t<div class=\"elementor-divider\">\n\t\t\t<span class=\"elementor-divider-separator\">\n\t\t\t\t\t\t<\/span>\n\t\t<\/div>\n\t\t\t\t\t\t<\/div>\n\t\t\t\t<\/div>\n\t\t\t\t<div class=\"elementor-element elementor-element-3e8669c elementor-widget elementor-widget-heading\" data-id=\"3e8669c\" data-element_type=\"widget\" data-e-type=\"widget\" data-widget_type=\"heading.default\">\n\t\t\t\t<div class=\"elementor-widget-container\">\n\t\t\t\t\t<h2 class=\"elementor-heading-title elementor-size-default\">Size\n<\/h2>\t\t\t\t<\/div>\n\t\t\t\t<\/div>\n\t\t\t\t<div class=\"elementor-element elementor-element-5559e98 elementor-widget elementor-widget-image\" data-id=\"5559e98\" data-element_type=\"widget\" data-e-type=\"widget\" data-widget_type=\"image.default\">\n\t\t\t\t<div class=\"elementor-widget-container\">\n\t\t\t\t\t\t\t\t\t\t\t\t\t\t\t<img fetchpriority=\"high\" decoding=\"async\" width=\"314\" height=\"192\" src=\"http:\/\/mazanho-bois.com\/wp-content\/uploads\/2023\/04\/amoirevanglais.png\" class=\"attachment-full size-full wp-image-3364\" alt=\"\" srcset=\"https:\/\/mazanho-bois.com\/wp-content\/uploads\/2023\/04\/amoirevanglais.png 332w, https:\/\/mazanho-bois.com\/wp-content\/uploads\/2023\/04\/amoirevanglais-300x168.png 300w, https:\/\/mazanho-bois.com\/wp-content\/uploads\/2023\/04\/amoirevanglais-18x10.png 18w\" sizes=\"(max-width: 314px) 100vw, 314px\" \/>\t\t\t\t\t\t\t\t\t\t\t\t\t\t\t<\/div>\n\t\t\t\t<\/div>\n\t\t\t\t<div class=\"elementor-element elementor-element-ccfc9b2 elementor-widget elementor-widget-text-editor\" data-id=\"ccfc9b2\" data-element_type=\"widget\" data-e-type=\"widget\" data-widget_type=\"text-editor.default\">\n\t\t\t\t<div class=\"elementor-widget-container\">\n\t\t\t\t\t\t\t\t\t<p>The cabinets can also be made to measure, to the nearest cm, according to the dimensions of the kitchen.<\/p>\t\t\t\t\t\t\t\t<\/div>\n\t\t\t\t<\/div>\n\t\t\t\t<div class=\"elementor-element elementor-element-730e9d5 elementor-widget__width-initial elementor-widget elementor-widget-heading\" data-id=\"730e9d5\" data-element_type=\"widget\" data-e-type=\"widget\" data-widget_type=\"heading.default\">\n\t\t\t\t<div class=\"elementor-widget-container\">\n\t\t\t\t\t<h2 class=\"elementor-heading-title elementor-size-default\">Species and shades\n<\/h2>\t\t\t\t<\/div>\n\t\t\t\t<\/div>\n\t\t\t\t<div class=\"elementor-element elementor-element-a7a7fb4 elementor-widget-divider--view-line elementor-widget elementor-widget-divider\" data-id=\"a7a7fb4\" data-element_type=\"widget\" data-e-type=\"widget\" data-widget_type=\"divider.default\">\n\t\t\t\t<div class=\"elementor-widget-container\">\n\t\t\t\t\t\t\t<div class=\"elementor-divider\">\n\t\t\t<span class=\"elementor-divider-separator\">\n\t\t\t\t\t\t<\/span>\n\t\t<\/div>\n\t\t\t\t\t\t<\/div>\n\t\t\t\t<\/div>\n\t\t\t\t<div class=\"elementor-element elementor-element-0ca7055 elementor-widget elementor-widget-image\" data-id=\"0ca7055\" data-element_type=\"widget\" data-e-type=\"widget\" data-widget_type=\"image.default\">\n\t\t\t\t<div class=\"elementor-widget-container\">\n\t\t\t\t\t\t\t\t\t\t\t\t\t\t\t<img decoding=\"async\" width=\"578\" height=\"318\" src=\"https:\/\/mazanho-bois.com\/wp-content\/uploads\/2023\/03\/intint.png\" class=\"attachment-full size-full wp-image-3465\" alt=\"\" srcset=\"https:\/\/mazanho-bois.com\/wp-content\/uploads\/2023\/03\/intint.png 578w, https:\/\/mazanho-bois.com\/wp-content\/uploads\/2023\/03\/intint-300x165.png 300w\" sizes=\"(max-width: 578px) 100vw, 578px\" \/>\t\t\t\t\t\t\t\t\t\t\t\t\t\t\t<\/div>\n\t\t\t\t<\/div>\n\t\t\t\t<div class=\"elementor-element elementor-element-d5d8708 elementor-widget-divider--view-line elementor-widget elementor-widget-divider\" data-id=\"d5d8708\" data-element_type=\"widget\" data-e-type=\"widget\" data-widget_type=\"divider.default\">\n\t\t\t\t<div class=\"elementor-widget-container\">\n\t\t\t\t\t\t\t<div class=\"elementor-divider\">\n\t\t\t<span class=\"elementor-divider-separator\">\n\t\t\t\t\t\t<\/span>\n\t\t<\/div>\n\t\t\t\t\t\t<\/div>\n\t\t\t\t<\/div>\n\t\t\t\t<div class=\"elementor-element elementor-element-074f5bf elementor-align-center elementor-widget elementor-widget-button\" data-id=\"074f5bf\" data-element_type=\"widget\" data-e-type=\"widget\" data-widget_type=\"button.default\">\n\t\t\t\t<div class=\"elementor-widget-container\">\n\t\t\t\t\t\t\t\t\t<div class=\"elementor-button-wrapper\">\n\t\t\t\t\t<a class=\"elementor-button elementor-button-link elementor-size-sm\" href=\"http:\/\/mazanho-bois.com\/en\/modularite-cuisine-armoires\/\">\n\t\t\t\t\t\t<span class=\"elementor-button-content-wrapper\">\n\t\t\t\t\t\t\t\t\t<span class=\"elementor-button-text\">Modularity<\/span>\n\t\t\t\t\t<\/span>\n\t\t\t\t\t<\/a>\n\t\t\t\t<\/div>\n\t\t\t\t\t\t\t\t<\/div>\n\t\t\t\t<\/div>\n\t\t\t\t<div class=\"elementor-element elementor-element-c44ac4d elementor-align-center elementor-widget elementor-widget-button\" data-id=\"c44ac4d\" data-element_type=\"widget\" data-e-type=\"widget\" data-widget_type=\"button.default\">\n\t\t\t\t<div class=\"elementor-widget-container\">\n\t\t\t\t\t\t\t\t\t<div class=\"elementor-button-wrapper\">\n\t\t\t\t\t<a class=\"elementor-button elementor-button-link elementor-size-sm\" href=\"http:\/\/mazanho-bois.com\/en\/quincaillerie-cuisine-bas\/\">\n\t\t\t\t\t\t<span class=\"elementor-button-content-wrapper\">\n\t\t\t\t\t\t\t\t\t<span class=\"elementor-button-text\">Fittings<\/span>\n\t\t\t\t\t<\/span>\n\t\t\t\t\t<\/a>\n\t\t\t\t<\/div>\n\t\t\t\t\t\t\t\t<\/div>\n\t\t\t\t<\/div>\n\t\t\t\t<\/div>\n\t\t<div class=\"elementor-element elementor-element-112a0a9 e-con-full e-flex e-con e-parent\" data-id=\"112a0a9\" data-element_type=\"container\" data-e-type=\"container\">\n\t\t<div class=\"elementor-element elementor-element-b21035b e-con-full e-flex e-con e-parent\" data-id=\"b21035b\" data-element_type=\"container\" data-e-type=\"container\">\n\t\t\t\t<div class=\"elementor-element elementor-element-c2b24ea elementor-position-left elementor-widget__width-initial elementor-widget-mobile__width-initial elementor-vertical-align-top elementor-widget elementor-widget-image-box\" data-id=\"c2b24ea\" data-element_type=\"widget\" data-e-type=\"widget\" data-widget_type=\"image-box.default\">\n\t\t\t\t<div class=\"elementor-widget-container\">\n\t\t\t\t\t<div class=\"elementor-image-box-wrapper\"><figure class=\"elementor-image-box-img\"><a href=\"http:\/\/mazanho-bois.com\/en\/cuisines-en-bois-massif-caissons-bas\/\" tabindex=\"-1\"><img decoding=\"async\" width=\"163\" height=\"220\" src=\"https:\/\/mazanho-bois.com\/wp-content\/uploads\/2023\/03\/rol1.png\" class=\"attachment-full size-full wp-image-3407\" alt=\"\" \/><\/a><\/figure><div class=\"elementor-image-box-content\"><h6 class=\"elementor-image-box-title\"><a href=\"http:\/\/mazanho-bois.com\/en\/cuisines-en-bois-massif-caissons-bas\/\">Solid wood kitchen - Low box<\/a><\/h6><\/div><\/div>\t\t\t\t<\/div>\n\t\t\t\t<\/div>\n\t\t\t\t<div class=\"elementor-element elementor-element-e82c409 elementor-position-left elementor-widget__width-initial elementor-widget-mobile__width-initial elementor-vertical-align-top elementor-widget elementor-widget-image-box\" data-id=\"e82c409\" data-element_type=\"widget\" data-e-type=\"widget\" data-widget_type=\"image-box.default\">\n\t\t\t\t<div class=\"elementor-widget-container\">\n\t\t\t\t\t<div class=\"elementor-image-box-wrapper\"><figure class=\"elementor-image-box-img\"><a href=\"http:\/\/mazanho-bois.com\/en\/cuisines-en-bois-massif-caissons-bas\/\" tabindex=\"-1\"><img loading=\"lazy\" decoding=\"async\" width=\"127\" height=\"173\" src=\"https:\/\/mazanho-bois.com\/wp-content\/uploads\/2023\/03\/rol2.png\" class=\"attachment-full size-full wp-image-3408\" alt=\"\" \/><\/a><\/figure><div class=\"elementor-image-box-content\"><h6 class=\"elementor-image-box-title\"><a href=\"http:\/\/mazanho-bois.com\/en\/cuisines-en-bois-massif-caissons-bas\/\">Solid wood kitchen - Low box<\/a><\/h6><\/div><\/div>\t\t\t\t<\/div>\n\t\t\t\t<\/div>\n\t\t\t\t<div class=\"elementor-element elementor-element-77be4f6 elementor-position-left elementor-widget__width-initial elementor-widget-mobile__width-initial elementor-vertical-align-top elementor-invisible elementor-widget elementor-widget-image-box\" data-id=\"77be4f6\" data-element_type=\"widget\" data-e-type=\"widget\" data-settings=\"{&quot;_animation&quot;:&quot;fadeInRight&quot;}\" data-widget_type=\"image-box.default\">\n\t\t\t\t<div class=\"elementor-widget-container\">\n\t\t\t\t\t<div class=\"elementor-image-box-wrapper\"><figure class=\"elementor-image-box-img\"><a href=\"http:\/\/mazanho-bois.com\/en\/cuisines-en-bois-massif-armoires\/\" tabindex=\"-1\"><img loading=\"lazy\" decoding=\"async\" width=\"132\" height=\"300\" src=\"https:\/\/mazanho-bois.com\/wp-content\/uploads\/2023\/03\/rol3-132x300.png\" class=\"attachment-medium size-medium wp-image-3409\" alt=\"\" srcset=\"https:\/\/mazanho-bois.com\/wp-content\/uploads\/2023\/03\/rol3-132x300.png 132w, https:\/\/mazanho-bois.com\/wp-content\/uploads\/2023\/03\/rol3.png 148w\" sizes=\"(max-width: 132px) 100vw, 132px\" \/><\/a><\/figure><div class=\"elementor-image-box-content\"><h6 class=\"elementor-image-box-title\"><a href=\"http:\/\/mazanho-bois.com\/en\/cuisines-en-bois-massif-armoires\/\">Solid wood kitchen - Cabinets<\/a><\/h6><\/div><\/div>\t\t\t\t<\/div>\n\t\t\t\t<\/div>\n\t\t\t\t<\/div>\n\t\t<div class=\"elementor-element elementor-element-1654c6a e-con-full e-flex e-con e-parent\" data-id=\"1654c6a\" data-element_type=\"container\" data-e-type=\"container\">\n\t\t\t\t<div class=\"elementor-element elementor-element-7ea7876 elementor-position-left elementor-widget__width-initial elementor-widget-mobile__width-initial elementor-vertical-align-top elementor-widget elementor-widget-image-box\" data-id=\"7ea7876\" data-element_type=\"widget\" data-e-type=\"widget\" data-widget_type=\"image-box.default\">\n\t\t\t\t<div class=\"elementor-widget-container\">\n\t\t\t\t\t<div class=\"elementor-image-box-wrapper\"><figure class=\"elementor-image-box-img\"><a href=\"http:\/\/mazanho-bois.com\/en\/cuisines-en-bois-massif-ilots\/\" tabindex=\"-1\"><img loading=\"lazy\" decoding=\"async\" width=\"276\" height=\"260\" src=\"https:\/\/mazanho-bois.com\/wp-content\/uploads\/2023\/03\/rol4.png\" class=\"attachment-full size-full wp-image-3410\" alt=\"\" \/><\/a><\/figure><div class=\"elementor-image-box-content\"><h6 class=\"elementor-image-box-title\"><a href=\"http:\/\/mazanho-bois.com\/en\/cuisines-en-bois-massif-ilots\/\">Solid wood kitchen \u2013 Il\u00f4ts<\/a><\/h6><\/div><\/div>\t\t\t\t<\/div>\n\t\t\t\t<\/div>\n\t\t\t\t<div class=\"elementor-element elementor-element-0bda042 elementor-position-left elementor-widget__width-initial elementor-widget-mobile__width-initial elementor-vertical-align-top elementor-widget elementor-widget-image-box\" data-id=\"0bda042\" data-element_type=\"widget\" data-e-type=\"widget\" data-widget_type=\"image-box.default\">\n\t\t\t\t<div class=\"elementor-widget-container\">\n\t\t\t\t\t<div class=\"elementor-image-box-wrapper\"><figure class=\"elementor-image-box-img\"><a href=\"http:\/\/mazanho-bois.com\/en\/cuisine-en-bois-massif-complete\/\" tabindex=\"-1\"><img loading=\"lazy\" decoding=\"async\" width=\"406\" height=\"405\" src=\"https:\/\/mazanho-bois.com\/wp-content\/uploads\/2023\/04\/conp6.png\" class=\"attachment-full size-full wp-image-5029\" alt=\"\" srcset=\"https:\/\/mazanho-bois.com\/wp-content\/uploads\/2023\/04\/conp6.png 406w, https:\/\/mazanho-bois.com\/wp-content\/uploads\/2023\/04\/conp6-300x300.png 300w, https:\/\/mazanho-bois.com\/wp-content\/uploads\/2023\/04\/conp6-150x150.png 150w, https:\/\/mazanho-bois.com\/wp-content\/uploads\/2023\/04\/conp6-12x12.png 12w\" sizes=\"(max-width: 406px) 100vw, 406px\" \/><\/a><\/figure><div class=\"elementor-image-box-content\"><h6 class=\"elementor-image-box-title\"><a href=\"http:\/\/mazanho-bois.com\/en\/cuisine-en-bois-massif-complete\/\">Solid wood kitchen - Complete<\/a><\/h6><\/div><\/div>\t\t\t\t<\/div>\n\t\t\t\t<\/div>\n\t\t\t\t<\/div>\n\t\t\t\t<div class=\"elementor-element elementor-element-80fa629 elementor-widget-divider--view-line elementor-widget elementor-widget-divider\" data-id=\"80fa629\" data-element_type=\"widget\" data-e-type=\"widget\" data-widget_type=\"divider.default\">\n\t\t\t\t<div class=\"elementor-widget-container\">\n\t\t\t\t\t\t\t<div class=\"elementor-divider\">\n\t\t\t<span class=\"elementor-divider-separator\">\n\t\t\t\t\t\t<\/span>\n\t\t<\/div>\n\t\t\t\t\t\t<\/div>\n\t\t\t\t<\/div>\n\t\t\t\t<div class=\"elementor-element elementor-element-e86b398 elementor-widget elementor-widget-heading\" data-id=\"e86b398\" data-element_type=\"widget\" data-e-type=\"widget\" data-widget_type=\"heading.default\">\n\t\t\t\t<div class=\"elementor-widget-container\">\n\t\t\t\t\t<h2 class=\"elementor-heading-title elementor-size-default\">Armoires sans  corniche\n\n<\/h2>\t\t\t\t<\/div>\n\t\t\t\t<\/div>\n\t\t\t\t<div class=\"elementor-element elementor-element-9e00a22 elementor-widget-divider--view-line elementor-widget elementor-widget-divider\" data-id=\"9e00a22\" data-element_type=\"widget\" data-e-type=\"widget\" data-widget_type=\"divider.default\">\n\t\t\t\t<div class=\"elementor-widget-container\">\n\t\t\t\t\t\t\t<div class=\"elementor-divider\">\n\t\t\t<span class=\"elementor-divider-separator\">\n\t\t\t\t\t\t<\/span>\n\t\t<\/div>\n\t\t\t\t\t\t<\/div>\n\t\t\t\t<\/div>\n\t\t\t\t<div class=\"elementor-element elementor-element-614ff70 elementor-widget elementor-widget-image\" data-id=\"614ff70\" data-element_type=\"widget\" data-e-type=\"widget\" data-widget_type=\"image.default\">\n\t\t\t\t<div class=\"elementor-widget-container\">\n\t\t\t\t\t\t\t\t\t\t\t\t\t\t\t<img loading=\"lazy\" decoding=\"async\" width=\"713\" height=\"441\" src=\"https:\/\/mazanho-bois.com\/wp-content\/uploads\/2023\/03\/a.png\" class=\"attachment-large size-large wp-image-3363\" alt=\"\" srcset=\"https:\/\/mazanho-bois.com\/wp-content\/uploads\/2023\/03\/a.png 713w, https:\/\/mazanho-bois.com\/wp-content\/uploads\/2023\/03\/a-300x186.png 300w\" sizes=\"(max-width: 713px) 100vw, 713px\" \/>\t\t\t\t\t\t\t\t\t\t\t\t\t\t\t<\/div>\n\t\t\t\t<\/div>\n\t\t\t\t<div class=\"elementor-element elementor-element-c3279de elementor-widget-divider--view-line elementor-widget elementor-widget-divider\" data-id=\"c3279de\" data-element_type=\"widget\" data-e-type=\"widget\" data-widget_type=\"divider.default\">\n\t\t\t\t<div class=\"elementor-widget-container\">\n\t\t\t\t\t\t\t<div class=\"elementor-divider\">\n\t\t\t<span class=\"elementor-divider-separator\">\n\t\t\t\t\t\t<\/span>\n\t\t<\/div>\n\t\t\t\t\t\t<\/div>\n\t\t\t\t<\/div>\n\t\t\t\t<div class=\"elementor-element elementor-element-0d6e351 elementor-widget elementor-widget-heading\" data-id=\"0d6e351\" data-element_type=\"widget\" data-e-type=\"widget\" data-widget_type=\"heading.default\">\n\t\t\t\t<div class=\"elementor-widget-container\">\n\t\t\t\t\t<h2 class=\"elementor-heading-title elementor-size-default\">Armoires avec  corniche<\/h2>\t\t\t\t<\/div>\n\t\t\t\t<\/div>\n\t\t\t\t<div class=\"elementor-element elementor-element-28856a7 elementor-widget-divider--view-line elementor-widget elementor-widget-divider\" data-id=\"28856a7\" data-element_type=\"widget\" data-e-type=\"widget\" data-widget_type=\"divider.default\">\n\t\t\t\t<div class=\"elementor-widget-container\">\n\t\t\t\t\t\t\t<div class=\"elementor-divider\">\n\t\t\t<span class=\"elementor-divider-separator\">\n\t\t\t\t\t\t<\/span>\n\t\t<\/div>\n\t\t\t\t\t\t<\/div>\n\t\t\t\t<\/div>\n\t\t\t\t<div class=\"elementor-element elementor-element-498d478 elementor-widget elementor-widget-image\" data-id=\"498d478\" data-element_type=\"widget\" data-e-type=\"widget\" data-widget_type=\"image.default\">\n\t\t\t\t<div class=\"elementor-widget-container\">\n\t\t\t\t\t\t\t\t\t\t\t\t\t\t\t<img loading=\"lazy\" decoding=\"async\" width=\"673\" height=\"433\" src=\"https:\/\/mazanho-bois.com\/wp-content\/uploads\/2023\/04\/ar.png\" class=\"attachment-large size-large wp-image-4143\" alt=\"\" srcset=\"https:\/\/mazanho-bois.com\/wp-content\/uploads\/2023\/04\/ar.png 673w, https:\/\/mazanho-bois.com\/wp-content\/uploads\/2023\/04\/ar-300x193.png 300w, https:\/\/mazanho-bois.com\/wp-content\/uploads\/2023\/04\/ar-18x12.png 18w\" sizes=\"(max-width: 673px) 100vw, 673px\" \/>\t\t\t\t\t\t\t\t\t\t\t\t\t\t\t<\/div>\n\t\t\t\t<\/div>\n\t\t\t\t<\/div>\n\t\t\t\t<\/div>\n\t\t\t\t<\/div>","protected":false},"excerpt":{"rendered":"<p>Dimensions Les armoires peuvent \u00e9galement \u00eatre fabriqu\u00e9s sur mesure, au cm pr\u00e8s, selon les dimensions de la cuisine. Essences et teintes Modularit\u00e9 Quincaillerie Cuisine en bois massif &#8211; Caisson bas Cuisine en bois massif &#8211; Caisson bas Cuisine en bois massif &#8211; Armoires Cuisine en bois massif \u2013 Il\u00f4ts Cuisine en bois massif &#8211; Compl\u00e8te [&hellip;]<\/p>\n","protected":false},"author":2,"featured_media":0,"parent":0,"menu_order":0,"comment_status":"closed","ping_status":"closed","template":"elementor_header_footer","meta":{"footnotes":""},"class_list":["post-3290","page","type-page","status-publish","hentry"],"blocksy_meta":[],"_links":{"self":[{"href":"http:\/\/mazanho-bois.com\/en\/wp-json\/wp\/v2\/pages\/3290","targetHints":{"allow":["GET"]}}],"collection":[{"href":"http:\/\/mazanho-bois.com\/en\/wp-json\/wp\/v2\/pages"}],"about":[{"href":"http:\/\/mazanho-bois.com\/en\/wp-json\/wp\/v2\/types\/page"}],"author":[{"embeddable":true,"href":"http:\/\/mazanho-bois.com\/en\/wp-json\/wp\/v2\/users\/2"}],"replies":[{"embeddable":true,"href":"http:\/\/mazanho-bois.com\/en\/wp-json\/wp\/v2\/comments?post=3290"}],"version-history":[{"count":49,"href":"http:\/\/mazanho-bois.com\/en\/wp-json\/wp\/v2\/pages\/3290\/revisions"}],"predecessor-version":[{"id":5075,"href":"http:\/\/mazanho-bois.com\/en\/wp-json\/wp\/v2\/pages\/3290\/revisions\/5075"}],"wp:attachment":[{"href":"http:\/\/mazanho-bois.com\/en\/wp-json\/wp\/v2\/media?parent=3290"}],"curies":[{"name":"wp","href":"https:\/\/api.w.org\/{rel}","templated":true}]}}