{"id":3321,"date":"2023-03-21T06:58:20","date_gmt":"2023-03-21T06:58:20","guid":{"rendered":"http:\/\/mazanho-bois.com\/?page_id=3321"},"modified":"2023-04-04T23:29:03","modified_gmt":"2023-04-04T23:29:03","slug":"quincaillerie-cuisine-h","status":"publish","type":"page","link":"http:\/\/mazanho-bois.com\/en\/quincaillerie-cuisine-h","title":{"rendered":"Quincaillerie cuisine h"},"content":{"rendered":"<div data-elementor-type=\"wp-page\" data-elementor-id=\"3321\" class=\"elementor elementor-3321\" data-elementor-post-type=\"page\">\n\t\t\t\t<div class=\"elementor-element elementor-element-7d769a6 e-flex e-con-boxed e-con e-parent\" data-id=\"7d769a6\" data-element_type=\"container\" data-e-type=\"container\">\n\t\t\t\t\t<div class=\"e-con-inner\">\n\t\t\t\t\t<\/div>\n\t\t\t\t<\/div>\n\t\t<div class=\"elementor-element elementor-element-c33a92d e-flex e-con-boxed e-con e-parent\" data-id=\"c33a92d\" data-element_type=\"container\" data-e-type=\"container\">\n\t\t\t\t\t<div class=\"e-con-inner\">\n\t\t\t\t<div class=\"elementor-element elementor-element-71ac8aa elementor-widget-divider--view-line elementor-widget elementor-widget-divider\" data-id=\"71ac8aa\" data-element_type=\"widget\" data-e-type=\"widget\" data-widget_type=\"divider.default\">\n\t\t\t\t<div class=\"elementor-widget-container\">\n\t\t\t\t\t\t\t<div class=\"elementor-divider\">\n\t\t\t<span class=\"elementor-divider-separator\">\n\t\t\t\t\t\t<\/span>\n\t\t<\/div>\n\t\t\t\t\t\t<\/div>\n\t\t\t\t<\/div>\n\t\t\t\t<div class=\"elementor-element elementor-element-86b7d0c elementor-widget elementor-widget-heading\" data-id=\"86b7d0c\" data-element_type=\"widget\" data-e-type=\"widget\" data-widget_type=\"heading.default\">\n\t\t\t\t<div class=\"elementor-widget-container\">\n\t\t\t\t\t<h2 class=\"elementor-heading-title elementor-size-default\">Fittings\n<\/h2>\t\t\t\t<\/div>\n\t\t\t\t<\/div>\n\t\t\t\t<div class=\"elementor-element elementor-element-65b235b elementor-widget elementor-widget-text-editor\" data-id=\"65b235b\" data-element_type=\"widget\" data-e-type=\"widget\" data-widget_type=\"text-editor.default\">\n\t\t\t\t<div class=\"elementor-widget-container\">\n\t\t\t\t\t\t\t\t\t<p>Mazanho wood offers you hardware elements according to the use defined by the application. These elements are chosen from suppliers who meet quality standards and can deliver certificates to us upon request.\u00a0<\/p>\t\t\t\t\t\t\t\t<\/div>\n\t\t\t\t<\/div>\n\t\t\t\t<div class=\"elementor-element elementor-element-490c2df elementor-widget-divider--view-line elementor-widget elementor-widget-divider\" data-id=\"490c2df\" data-element_type=\"widget\" data-e-type=\"widget\" data-widget_type=\"divider.default\">\n\t\t\t\t<div class=\"elementor-widget-container\">\n\t\t\t\t\t\t\t<div class=\"elementor-divider\">\n\t\t\t<span class=\"elementor-divider-separator\">\n\t\t\t\t\t\t<\/span>\n\t\t<\/div>\n\t\t\t\t\t\t<\/div>\n\t\t\t\t<\/div>\n\t\t\t\t<div class=\"elementor-element elementor-element-be82471 elementor-widget elementor-widget-image\" data-id=\"be82471\" data-element_type=\"widget\" data-e-type=\"widget\" data-widget_type=\"image.default\">\n\t\t\t\t<div class=\"elementor-widget-container\">\n\t\t\t\t\t\t\t\t\t\t\t\t\t\t\t<img fetchpriority=\"high\" decoding=\"async\" width=\"953\" height=\"559\" src=\"https:\/\/mazanho-bois.com\/wp-content\/uploads\/2023\/04\/cuisinequincaillerievanglais.png\" class=\"attachment-full size-full wp-image-4250\" alt=\"\" srcset=\"https:\/\/mazanho-bois.com\/wp-content\/uploads\/2023\/04\/cuisinequincaillerievanglais.png 812w, https:\/\/mazanho-bois.com\/wp-content\/uploads\/2023\/04\/cuisinequincaillerievanglais-300x176.png 300w, https:\/\/mazanho-bois.com\/wp-content\/uploads\/2023\/04\/cuisinequincaillerievanglais-768x450.png 768w, https:\/\/mazanho-bois.com\/wp-content\/uploads\/2023\/04\/cuisinequincaillerievanglais-18x12.png 18w\" sizes=\"(max-width: 953px) 100vw, 953px\" \/>\t\t\t\t\t\t\t\t\t\t\t\t\t\t\t<\/div>\n\t\t\t\t<\/div>\n\t\t\t\t\t<\/div>\n\t\t\t\t<\/div>\n\t\t\t\t<\/div>","protected":false},"excerpt":{"rendered":"<p>Quincaillerie Mazanho bois vous offre des \u00e9lements de quincaillerie en fonction de l\u2018usage d\u00e9fini par l\u2018application. Ces \u00e9l\u00e9ments sont choisies chez des fournisseurs respectant des normes de qualit\u00e9 et pouvant nous livrer des certificats sous demande.\u00a0<\/p>","protected":false},"author":2,"featured_media":0,"parent":0,"menu_order":0,"comment_status":"closed","ping_status":"closed","template":"elementor_header_footer","meta":{"footnotes":""},"class_list":["post-3321","page","type-page","status-publish","hentry"],"blocksy_meta":[],"_links":{"self":[{"href":"http:\/\/mazanho-bois.com\/en\/wp-json\/wp\/v2\/pages\/3321","targetHints":{"allow":["GET"]}}],"collection":[{"href":"http:\/\/mazanho-bois.com\/en\/wp-json\/wp\/v2\/pages"}],"about":[{"href":"http:\/\/mazanho-bois.com\/en\/wp-json\/wp\/v2\/types\/page"}],"author":[{"embeddable":true,"href":"http:\/\/mazanho-bois.com\/en\/wp-json\/wp\/v2\/users\/2"}],"replies":[{"embeddable":true,"href":"http:\/\/mazanho-bois.com\/en\/wp-json\/wp\/v2\/comments?post=3321"}],"version-history":[{"count":7,"href":"http:\/\/mazanho-bois.com\/en\/wp-json\/wp\/v2\/pages\/3321\/revisions"}],"predecessor-version":[{"id":4266,"href":"http:\/\/mazanho-bois.com\/en\/wp-json\/wp\/v2\/pages\/3321\/revisions\/4266"}],"wp:attachment":[{"href":"http:\/\/mazanho-bois.com\/en\/wp-json\/wp\/v2\/media?parent=3321"}],"curies":[{"name":"wp","href":"https:\/\/api.w.org\/{rel}","templated":true}]}}