{"id":3339,"date":"2023-03-21T07:28:54","date_gmt":"2023-03-21T07:28:54","guid":{"rendered":"http:\/\/mazanho-bois.com\/?page_id=3339"},"modified":"2023-03-21T07:42:21","modified_gmt":"2023-03-21T07:42:21","slug":"modularite-cuisine-bas","status":"publish","type":"page","link":"http:\/\/mazanho-bois.com\/en\/modularite-cuisine-bas","title":{"rendered":"Modularit\u00e9 cuisine bas"},"content":{"rendered":"<div data-elementor-type=\"wp-page\" data-elementor-id=\"3339\" class=\"elementor elementor-3339\" data-elementor-post-type=\"page\">\n\t\t\t\t<div class=\"elementor-element elementor-element-58a9055 e-flex e-con-boxed e-con e-parent\" data-id=\"58a9055\" data-element_type=\"container\" data-e-type=\"container\">\n\t\t\t\t\t<div class=\"e-con-inner\">\n\t\t\t\t\t<\/div>\n\t\t\t\t<\/div>\n\t\t<div class=\"elementor-element elementor-element-c998379 e-flex e-con-boxed e-con e-parent\" data-id=\"c998379\" data-element_type=\"container\" data-e-type=\"container\">\n\t\t\t\t\t<div class=\"e-con-inner\">\n\t\t\t\t<div class=\"elementor-element elementor-element-bea2f58 elementor-widget-divider--view-line elementor-widget elementor-widget-divider\" data-id=\"bea2f58\" data-element_type=\"widget\" data-e-type=\"widget\" data-widget_type=\"divider.default\">\n\t\t\t\t<div class=\"elementor-widget-container\">\n\t\t\t\t\t\t\t<div class=\"elementor-divider\">\n\t\t\t<span class=\"elementor-divider-separator\">\n\t\t\t\t\t\t<\/span>\n\t\t<\/div>\n\t\t\t\t\t\t<\/div>\n\t\t\t\t<\/div>\n\t\t\t\t<div class=\"elementor-element elementor-element-ec3cd16 elementor-widget elementor-widget-heading\" data-id=\"ec3cd16\" data-element_type=\"widget\" data-e-type=\"widget\" data-widget_type=\"heading.default\">\n\t\t\t\t<div class=\"elementor-widget-container\">\n\t\t\t\t\t<h2 class=\"elementor-heading-title elementor-size-default\">Modularity\n<\/h2>\t\t\t\t<\/div>\n\t\t\t\t<\/div>\n\t\t<div class=\"elementor-element elementor-element-0647b8c e-flex e-con-boxed e-con e-parent\" data-id=\"0647b8c\" data-element_type=\"container\" data-e-type=\"container\">\n\t\t\t\t\t<div class=\"e-con-inner\">\n\t\t\t\t<div class=\"elementor-element elementor-element-c07f0de elementor-widget__width-initial elementor-widget elementor-widget-text-editor\" data-id=\"c07f0de\" data-element_type=\"widget\" data-e-type=\"widget\" data-widget_type=\"text-editor.default\">\n\t\t\t\t<div class=\"elementor-widget-container\">\n\t\t\t\t\t\t\t\t\t<p>Les caissons bas des cuisines MAZANHO sont con\u00e7ues d\u2018ap\u00e8s des principes de modularit\u00e9. Ils peuvent \u00eatre fabriqu\u00e9s en plusieurs variantes:<\/p><ul><li>Avec ou sans battants<\/li><li>With or without drawers<\/li><li>Balustrades<\/li><li>Different types of handles<\/li><li>Different types of facades<\/li><\/ul>\t\t\t\t\t\t\t\t<\/div>\n\t\t\t\t<\/div>\n\t\t\t\t<div class=\"elementor-element elementor-element-e9c1f4b elementor-widget elementor-widget-image\" data-id=\"e9c1f4b\" data-element_type=\"widget\" data-e-type=\"widget\" data-widget_type=\"image.default\">\n\t\t\t\t<div class=\"elementor-widget-container\">\n\t\t\t\t\t\t\t\t\t\t\t\t\t\t\t<img decoding=\"async\" width=\"202\" height=\"234\" src=\"https:\/\/mazanho-bois.com\/wp-content\/uploads\/2023\/03\/cb3.png\" class=\"attachment-large size-large wp-image-3342\" alt=\"\" \/>\t\t\t\t\t\t\t\t\t\t\t\t\t\t\t<\/div>\n\t\t\t\t<\/div>\n\t\t\t\t\t<\/div>\n\t\t\t\t<\/div>\n\t\t\t\t<div class=\"elementor-element elementor-element-752c0b0 elementor-widget elementor-widget-heading\" data-id=\"752c0b0\" data-element_type=\"widget\" data-e-type=\"widget\" data-widget_type=\"heading.default\">\n\t\t\t\t<div class=\"elementor-widget-container\">\n\t\t\t\t\t<h2 class=\"elementor-heading-title elementor-size-default\">Facades\n<\/h2>\t\t\t\t<\/div>\n\t\t\t\t<\/div>\n\t\t\t\t<div class=\"elementor-element elementor-element-dc63bf8 elementor-widget elementor-widget-image\" data-id=\"dc63bf8\" data-element_type=\"widget\" data-e-type=\"widget\" data-widget_type=\"image.default\">\n\t\t\t\t<div class=\"elementor-widget-container\">\n\t\t\t\t\t\t\t\t\t\t\t\t\t\t\t<img fetchpriority=\"high\" decoding=\"async\" width=\"363\" height=\"309\" src=\"https:\/\/mazanho-bois.com\/wp-content\/uploads\/2023\/03\/h.png\" class=\"attachment-large size-large wp-image-3317\" alt=\"\" srcset=\"https:\/\/mazanho-bois.com\/wp-content\/uploads\/2023\/03\/h.png 363w, https:\/\/mazanho-bois.com\/wp-content\/uploads\/2023\/03\/h-300x255.png 300w\" sizes=\"(max-width: 363px) 100vw, 363px\" \/>\t\t\t\t\t\t\t\t\t\t\t\t\t\t\t<\/div>\n\t\t\t\t<\/div>\n\t\t\t\t\t<\/div>\n\t\t\t\t<\/div>\n\t\t\t\t<\/div>","protected":false},"excerpt":{"rendered":"<p>Modularit\u00e9 Les caissons bas des cuisines MAZANHO sont con\u00e7ues d\u2018ap\u00e8s des principes de modularit\u00e9. Ils peuvent \u00eatre fabriqu\u00e9s en plusieurs variantes: Avec ou sans battants Avec ou sans tiroirs Balustrades Differents types de poign\u00e9es Diff\u00e9rent types de fa\u00e7ades Fa\u00e7ades<\/p>","protected":false},"author":2,"featured_media":0,"parent":0,"menu_order":0,"comment_status":"closed","ping_status":"closed","template":"elementor_header_footer","meta":{"footnotes":""},"class_list":["post-3339","page","type-page","status-publish","hentry"],"blocksy_meta":[],"_links":{"self":[{"href":"http:\/\/mazanho-bois.com\/en\/wp-json\/wp\/v2\/pages\/3339","targetHints":{"allow":["GET"]}}],"collection":[{"href":"http:\/\/mazanho-bois.com\/en\/wp-json\/wp\/v2\/pages"}],"about":[{"href":"http:\/\/mazanho-bois.com\/en\/wp-json\/wp\/v2\/types\/page"}],"author":[{"embeddable":true,"href":"http:\/\/mazanho-bois.com\/en\/wp-json\/wp\/v2\/users\/2"}],"replies":[{"embeddable":true,"href":"http:\/\/mazanho-bois.com\/en\/wp-json\/wp\/v2\/comments?post=3339"}],"version-history":[{"count":4,"href":"http:\/\/mazanho-bois.com\/en\/wp-json\/wp\/v2\/pages\/3339\/revisions"}],"predecessor-version":[{"id":3345,"href":"http:\/\/mazanho-bois.com\/en\/wp-json\/wp\/v2\/pages\/3339\/revisions\/3345"}],"wp:attachment":[{"href":"http:\/\/mazanho-bois.com\/en\/wp-json\/wp\/v2\/media?parent=3339"}],"curies":[{"name":"wp","href":"https:\/\/api.w.org\/{rel}","templated":true}]}}