{"id":3491,"date":"2023-03-22T12:44:37","date_gmt":"2023-03-22T12:44:37","guid":{"rendered":"http:\/\/mazanho-bois.com\/?page_id=3491"},"modified":"2023-04-09T09:45:37","modified_gmt":"2023-04-09T09:45:37","slug":"revetement-des-surfaces-parquets","status":"publish","type":"page","link":"http:\/\/mazanho-bois.com\/en\/revetement-des-surfaces-parquets","title":{"rendered":"Surface coating \u2013 Parquet floors"},"content":{"rendered":"<div data-elementor-type=\"wp-page\" data-elementor-id=\"3491\" class=\"elementor elementor-3491\" data-elementor-post-type=\"page\">\n\t\t\t\t<div class=\"elementor-element elementor-element-4dfbada e-flex e-con-boxed e-con e-parent\" data-id=\"4dfbada\" data-element_type=\"container\" data-e-type=\"container\">\n\t\t\t\t\t<div class=\"e-con-inner\">\n\t\t\t\t\t<\/div>\n\t\t\t\t<\/div>\n\t\t<div class=\"elementor-element elementor-element-5adb91e e-con-full e-flex e-con e-parent\" data-id=\"5adb91e\" data-element_type=\"container\" data-e-type=\"container\">\n\t\t<div class=\"elementor-element elementor-element-6af48f6 e-con-full e-flex e-con e-parent\" data-id=\"6af48f6\" data-element_type=\"container\" data-e-type=\"container\">\n\t\t\t\t<div class=\"elementor-element elementor-element-27227b3 elementor-widget elementor-widget-heading\" data-id=\"27227b3\" data-element_type=\"widget\" data-e-type=\"widget\" data-widget_type=\"heading.default\">\n\t\t\t\t<div class=\"elementor-widget-container\">\n\t\t\t\t\t<h2 class=\"elementor-heading-title elementor-size-default\">Size<\/h2>\t\t\t\t<\/div>\n\t\t\t\t<\/div>\n\t\t\t\t<div class=\"elementor-element elementor-element-df9d5ba elementor-widget__width-initial elementor-widget elementor-widget-image\" data-id=\"df9d5ba\" data-element_type=\"widget\" data-e-type=\"widget\" data-widget_type=\"image.default\">\n\t\t\t\t<div class=\"elementor-widget-container\">\n\t\t\t\t\t\t\t\t\t\t\t\t\t\t\t<img decoding=\"async\" width=\"400\" height=\"97\" src=\"https:\/\/mazanho-bois.com\/wp-content\/uploads\/2023\/03\/tabl1.png\" class=\"attachment-full size-full wp-image-3657\" alt=\"\" srcset=\"https:\/\/mazanho-bois.com\/wp-content\/uploads\/2023\/03\/tabl1.png 400w, https:\/\/mazanho-bois.com\/wp-content\/uploads\/2023\/03\/tabl1-300x73.png 300w\" sizes=\"(max-width: 400px) 100vw, 400px\" \/>\t\t\t\t\t\t\t\t\t\t\t\t\t\t\t<\/div>\n\t\t\t\t<\/div>\n\t\t\t\t<div class=\"elementor-element elementor-element-4a5af77 elementor-widget elementor-widget-text-editor\" data-id=\"4a5af77\" data-element_type=\"widget\" data-e-type=\"widget\" data-widget_type=\"text-editor.default\">\n\t\t\t\t<div class=\"elementor-widget-container\">\n\t\t\t\t\t\t\t\t\t<p>MAZANHO BOIS advises for this application dry wood with a moisture content of less than 13%<\/p>\t\t\t\t\t\t\t\t<\/div>\n\t\t\t\t<\/div>\n\t\t\t\t<div class=\"elementor-element elementor-element-801d8fc elementor-widget elementor-widget-heading\" data-id=\"801d8fc\" data-element_type=\"widget\" data-e-type=\"widget\" data-widget_type=\"heading.default\">\n\t\t\t\t<div class=\"elementor-widget-container\">\n\t\t\t\t\t<h2 class=\"elementor-heading-title elementor-size-default\">Species and shades<\/h2>\t\t\t\t<\/div>\n\t\t\t\t<\/div>\n\t\t\t\t<div class=\"elementor-element elementor-element-33c92a2 elementor-widget elementor-widget-image\" data-id=\"33c92a2\" data-element_type=\"widget\" data-e-type=\"widget\" data-widget_type=\"image.default\">\n\t\t\t\t<div class=\"elementor-widget-container\">\n\t\t\t\t\t\t\t\t\t\t\t\t\t\t\t<img fetchpriority=\"high\" decoding=\"async\" width=\"578\" height=\"318\" src=\"https:\/\/mazanho-bois.com\/wp-content\/uploads\/2023\/03\/intint.png\" class=\"attachment-full size-full wp-image-3465\" alt=\"\" srcset=\"https:\/\/mazanho-bois.com\/wp-content\/uploads\/2023\/03\/intint.png 578w, https:\/\/mazanho-bois.com\/wp-content\/uploads\/2023\/03\/intint-300x165.png 300w\" sizes=\"(max-width: 578px) 100vw, 578px\" \/>\t\t\t\t\t\t\t\t\t\t\t\t\t\t\t<\/div>\n\t\t\t\t<\/div>\n\t\t\t\t<\/div>\n\t\t<div class=\"elementor-element elementor-element-29f6d24 e-con-full e-flex e-con e-parent\" data-id=\"29f6d24\" data-element_type=\"container\" data-e-type=\"container\">\n\t\t<div class=\"elementor-element elementor-element-318cf93 e-flex e-con-boxed e-con e-parent\" data-id=\"318cf93\" data-element_type=\"container\" data-e-type=\"container\">\n\t\t\t\t\t<div class=\"e-con-inner\">\n\t\t\t\t<div class=\"elementor-element elementor-element-b5ba461 elementor-position-left elementor-widget__width-initial elementor-vertical-align-top elementor-widget elementor-widget-image-box\" data-id=\"b5ba461\" data-element_type=\"widget\" data-e-type=\"widget\" data-widget_type=\"image-box.default\">\n\t\t\t\t<div class=\"elementor-widget-container\">\n\t\t\t\t\t<div class=\"elementor-image-box-wrapper\"><figure class=\"elementor-image-box-img\"><a href=\"http:\/\/mazanho-bois.com\/en\/lambris-et-parquets\/\" tabindex=\"-1\"><img decoding=\"async\" width=\"100\" height=\"77\" src=\"https:\/\/mazanho-bois.com\/wp-content\/uploads\/2023\/03\/lanim.png\" class=\"attachment-full size-full wp-image-3505\" alt=\"\" \/><\/a><\/figure><div class=\"elementor-image-box-content\"><h6 class=\"elementor-image-box-title\"><a href=\"http:\/\/mazanho-bois.com\/en\/lambris-et-parquets\/\">Surface coating \u2013 Panelling<\/a><\/h6><\/div><\/div>\t\t\t\t<\/div>\n\t\t\t\t<\/div>\n\t\t\t\t<div class=\"elementor-element elementor-element-e7f1e84 elementor-position-left elementor-widget__width-initial elementor-vertical-align-top elementor-invisible elementor-widget elementor-widget-image-box\" data-id=\"e7f1e84\" data-element_type=\"widget\" data-e-type=\"widget\" data-settings=\"{&quot;_animation&quot;:&quot;fadeInRight&quot;}\" data-widget_type=\"image-box.default\">\n\t\t\t\t<div class=\"elementor-widget-container\">\n\t\t\t\t\t<div class=\"elementor-image-box-wrapper\"><figure class=\"elementor-image-box-img\"><img loading=\"lazy\" decoding=\"async\" width=\"138\" height=\"104\" src=\"https:\/\/mazanho-bois.com\/wp-content\/uploads\/2023\/03\/paci.png\" class=\"attachment-full size-full wp-image-3506\" alt=\"\" \/><\/figure><div class=\"elementor-image-box-content\"><h6 class=\"elementor-image-box-title\">Surface coating \u2013 Parquet floors<\/h6><\/div><\/div>\t\t\t\t<\/div>\n\t\t\t\t<\/div>\n\t\t\t\t\t<\/div>\n\t\t\t\t<\/div>\n\t\t\t\t<div class=\"elementor-element elementor-element-2ed3e28 elementor-widget-divider--view-line elementor-widget elementor-widget-divider\" data-id=\"2ed3e28\" data-element_type=\"widget\" data-e-type=\"widget\" data-widget_type=\"divider.default\">\n\t\t\t\t<div class=\"elementor-widget-container\">\n\t\t\t\t\t\t\t<div class=\"elementor-divider\">\n\t\t\t<span class=\"elementor-divider-separator\">\n\t\t\t\t\t\t<\/span>\n\t\t<\/div>\n\t\t\t\t\t\t<\/div>\n\t\t\t\t<\/div>\n\t\t\t\t<div class=\"elementor-element elementor-element-1c0da5d elementor-widget elementor-widget-text-editor\" data-id=\"1c0da5d\" data-element_type=\"widget\" data-e-type=\"widget\" data-widget_type=\"text-editor.default\">\n\t\t\t\t<div class=\"elementor-widget-container\">\n\t\t\t\t\t\t\t\t\t<p>We offer parquet floors for flooring. The profiles and roughness of the surfaces are sized according to the customer's applications. The joints of the different profiles can be prepared for simple alignment or assembly.\u00a0\u00a0<\/p>\t\t\t\t\t\t\t\t<\/div>\n\t\t\t\t<\/div>\n\t\t\t\t<div class=\"elementor-element elementor-element-4dafb30 elementor-widget-divider--view-line elementor-widget elementor-widget-divider\" data-id=\"4dafb30\" data-element_type=\"widget\" data-e-type=\"widget\" data-widget_type=\"divider.default\">\n\t\t\t\t<div class=\"elementor-widget-container\">\n\t\t\t\t\t\t\t<div class=\"elementor-divider\">\n\t\t\t<span class=\"elementor-divider-separator\">\n\t\t\t\t\t\t<\/span>\n\t\t<\/div>\n\t\t\t\t\t\t<\/div>\n\t\t\t\t<\/div>\n\t\t<div class=\"elementor-element elementor-element-917a5e6 e-con-full e-flex e-con e-parent\" data-id=\"917a5e6\" data-element_type=\"container\" data-e-type=\"container\">\n\t\t\t\t<div class=\"elementor-element elementor-element-cfeee61 elementor-widget elementor-widget-image\" data-id=\"cfeee61\" data-element_type=\"widget\" data-e-type=\"widget\" data-widget_type=\"image.default\">\n\t\t\t\t<div class=\"elementor-widget-container\">\n\t\t\t\t\t\t\t\t\t\t\t\t\t\t\t<img loading=\"lazy\" decoding=\"async\" width=\"362\" height=\"207\" src=\"https:\/\/mazanho-bois.com\/wp-content\/uploads\/2023\/03\/pa1.png\" class=\"attachment-full size-full wp-image-3544\" alt=\"\" srcset=\"https:\/\/mazanho-bois.com\/wp-content\/uploads\/2023\/03\/pa1.png 362w, https:\/\/mazanho-bois.com\/wp-content\/uploads\/2023\/03\/pa1-300x172.png 300w\" sizes=\"(max-width: 362px) 100vw, 362px\" \/>\t\t\t\t\t\t\t\t\t\t\t\t\t\t\t<\/div>\n\t\t\t\t<\/div>\n\t\t\t\t<div class=\"elementor-element elementor-element-3163327 elementor-widget elementor-widget-image\" data-id=\"3163327\" data-element_type=\"widget\" data-e-type=\"widget\" data-widget_type=\"image.default\">\n\t\t\t\t<div class=\"elementor-widget-container\">\n\t\t\t\t\t\t\t\t\t\t\t\t\t\t\t<img loading=\"lazy\" decoding=\"async\" width=\"310\" height=\"206\" src=\"https:\/\/mazanho-bois.com\/wp-content\/uploads\/2023\/03\/pa1.1.png\" class=\"attachment-full size-full wp-image-3545\" alt=\"\" srcset=\"https:\/\/mazanho-bois.com\/wp-content\/uploads\/2023\/03\/pa1.1.png 310w, https:\/\/mazanho-bois.com\/wp-content\/uploads\/2023\/03\/pa1.1-300x199.png 300w\" sizes=\"(max-width: 310px) 100vw, 310px\" \/>\t\t\t\t\t\t\t\t\t\t\t\t\t\t\t<\/div>\n\t\t\t\t<\/div>\n\t\t\t\t<\/div>\n\t\t<div class=\"elementor-element elementor-element-be9fe76 e-con-full e-flex e-con e-parent\" data-id=\"be9fe76\" data-element_type=\"container\" data-e-type=\"container\">\n\t\t\t\t<div class=\"elementor-element elementor-element-15c9577 elementor-widget elementor-widget-image\" data-id=\"15c9577\" data-element_type=\"widget\" data-e-type=\"widget\" data-widget_type=\"image.default\">\n\t\t\t\t<div class=\"elementor-widget-container\">\n\t\t\t\t\t\t\t\t\t\t\t\t\t\t\t<img loading=\"lazy\" decoding=\"async\" width=\"355\" height=\"242\" src=\"https:\/\/mazanho-bois.com\/wp-content\/uploads\/2023\/03\/pa2.png\" class=\"attachment-full size-full wp-image-3546\" alt=\"\" srcset=\"https:\/\/mazanho-bois.com\/wp-content\/uploads\/2023\/03\/pa2.png 355w, https:\/\/mazanho-bois.com\/wp-content\/uploads\/2023\/03\/pa2-300x205.png 300w\" sizes=\"(max-width: 355px) 100vw, 355px\" \/>\t\t\t\t\t\t\t\t\t\t\t\t\t\t\t<\/div>\n\t\t\t\t<\/div>\n\t\t\t\t<div class=\"elementor-element elementor-element-8b62f2a elementor-widget elementor-widget-image\" data-id=\"8b62f2a\" data-element_type=\"widget\" data-e-type=\"widget\" data-widget_type=\"image.default\">\n\t\t\t\t<div class=\"elementor-widget-container\">\n\t\t\t\t\t\t\t\t\t\t\t\t\t\t\t<img loading=\"lazy\" decoding=\"async\" width=\"309\" height=\"247\" src=\"https:\/\/mazanho-bois.com\/wp-content\/uploads\/2023\/03\/pa1.2.png\" class=\"attachment-full size-full wp-image-3547\" alt=\"\" srcset=\"https:\/\/mazanho-bois.com\/wp-content\/uploads\/2023\/03\/pa1.2.png 309w, https:\/\/mazanho-bois.com\/wp-content\/uploads\/2023\/03\/pa1.2-300x240.png 300w\" sizes=\"(max-width: 309px) 100vw, 309px\" \/>\t\t\t\t\t\t\t\t\t\t\t\t\t\t\t<\/div>\n\t\t\t\t<\/div>\n\t\t\t\t<\/div>\n\t\t<div class=\"elementor-element elementor-element-99cdec6 e-con-full e-flex e-con e-parent\" data-id=\"99cdec6\" data-element_type=\"container\" data-e-type=\"container\">\n\t\t\t\t<div class=\"elementor-element elementor-element-d465a7a elementor-widget elementor-widget-image\" data-id=\"d465a7a\" data-element_type=\"widget\" data-e-type=\"widget\" data-widget_type=\"image.default\">\n\t\t\t\t<div class=\"elementor-widget-container\">\n\t\t\t\t\t\t\t\t\t\t\t\t\t\t\t<img loading=\"lazy\" decoding=\"async\" width=\"362\" height=\"240\" src=\"https:\/\/mazanho-bois.com\/wp-content\/uploads\/2023\/03\/pa3.png\" class=\"attachment-full size-full wp-image-3548\" alt=\"\" srcset=\"https:\/\/mazanho-bois.com\/wp-content\/uploads\/2023\/03\/pa3.png 362w, https:\/\/mazanho-bois.com\/wp-content\/uploads\/2023\/03\/pa3-300x199.png 300w\" sizes=\"(max-width: 362px) 100vw, 362px\" \/>\t\t\t\t\t\t\t\t\t\t\t\t\t\t\t<\/div>\n\t\t\t\t<\/div>\n\t\t\t\t<div class=\"elementor-element elementor-element-8c0342e elementor-widget elementor-widget-image\" data-id=\"8c0342e\" data-element_type=\"widget\" data-e-type=\"widget\" data-widget_type=\"image.default\">\n\t\t\t\t<div class=\"elementor-widget-container\">\n\t\t\t\t\t\t\t\t\t\t\t\t\t\t\t<img loading=\"lazy\" decoding=\"async\" width=\"310\" height=\"245\" src=\"https:\/\/mazanho-bois.com\/wp-content\/uploads\/2023\/03\/pa1.3.png\" class=\"attachment-full size-full wp-image-3549\" alt=\"\" srcset=\"https:\/\/mazanho-bois.com\/wp-content\/uploads\/2023\/03\/pa1.3.png 310w, https:\/\/mazanho-bois.com\/wp-content\/uploads\/2023\/03\/pa1.3-300x237.png 300w\" sizes=\"(max-width: 310px) 100vw, 310px\" \/>\t\t\t\t\t\t\t\t\t\t\t\t\t\t\t<\/div>\n\t\t\t\t<\/div>\n\t\t\t\t<\/div>\n\t\t\t\t<div class=\"elementor-element elementor-element-88ad407 elementor-widget elementor-widget-image\" data-id=\"88ad407\" data-element_type=\"widget\" data-e-type=\"widget\" data-widget_type=\"image.default\">\n\t\t\t\t<div class=\"elementor-widget-container\">\n\t\t\t\t\t\t\t\t\t\t\t\t\t\t\t<img loading=\"lazy\" decoding=\"async\" width=\"1053\" height=\"591\" src=\"https:\/\/mazanho-bois.com\/wp-content\/uploads\/2023\/03\/imgpac.png\" class=\"attachment-full size-full wp-image-3542\" alt=\"\" srcset=\"https:\/\/mazanho-bois.com\/wp-content\/uploads\/2023\/03\/imgpac.png 1053w, https:\/\/mazanho-bois.com\/wp-content\/uploads\/2023\/03\/imgpac-300x168.png 300w, https:\/\/mazanho-bois.com\/wp-content\/uploads\/2023\/03\/imgpac-1024x575.png 1024w, https:\/\/mazanho-bois.com\/wp-content\/uploads\/2023\/03\/imgpac-768x431.png 768w\" sizes=\"(max-width: 1053px) 100vw, 1053px\" \/>\t\t\t\t\t\t\t\t\t\t\t\t\t\t\t<\/div>\n\t\t\t\t<\/div>\n\t\t\t\t<\/div>\n\t\t\t\t<\/div>\n\t\t\t\t<\/div>","protected":false},"excerpt":{"rendered":"<p>Dimensions MAZANHO BOIS conseille pour cette application du bois sec avec un taux d\u2019humidit\u00e9 inf\u00e9rieure \u00e0 13% Essences et teintes Rev\u00eatement des surfaces \u2013 Lambris Rev\u00eatement des surfaces \u2013 Parquets Nous offrons des parquets pour le rev\u00eatement des sols. Les profils et la rugosit\u00e9 des surfaces sont dimensionn\u00e9s en fonction des applications du client. Les [&hellip;]<\/p>\n","protected":false},"author":2,"featured_media":0,"parent":0,"menu_order":0,"comment_status":"closed","ping_status":"closed","template":"elementor_header_footer","meta":{"footnotes":""},"class_list":["post-3491","page","type-page","status-publish","hentry"],"blocksy_meta":[],"_links":{"self":[{"href":"http:\/\/mazanho-bois.com\/en\/wp-json\/wp\/v2\/pages\/3491","targetHints":{"allow":["GET"]}}],"collection":[{"href":"http:\/\/mazanho-bois.com\/en\/wp-json\/wp\/v2\/pages"}],"about":[{"href":"http:\/\/mazanho-bois.com\/en\/wp-json\/wp\/v2\/types\/page"}],"author":[{"embeddable":true,"href":"http:\/\/mazanho-bois.com\/en\/wp-json\/wp\/v2\/users\/2"}],"replies":[{"embeddable":true,"href":"http:\/\/mazanho-bois.com\/en\/wp-json\/wp\/v2\/comments?post=3491"}],"version-history":[{"count":37,"href":"http:\/\/mazanho-bois.com\/en\/wp-json\/wp\/v2\/pages\/3491\/revisions"}],"predecessor-version":[{"id":4809,"href":"http:\/\/mazanho-bois.com\/en\/wp-json\/wp\/v2\/pages\/3491\/revisions\/4809"}],"wp:attachment":[{"href":"http:\/\/mazanho-bois.com\/en\/wp-json\/wp\/v2\/media?parent=3491"}],"curies":[{"name":"wp","href":"https:\/\/api.w.org\/{rel}","templated":true}]}}