{"id":4179,"date":"2023-04-04T21:24:17","date_gmt":"2023-04-04T21:24:17","guid":{"rendered":"http:\/\/mazanho-bois.com\/?page_id=4179"},"modified":"2023-04-09T10:55:02","modified_gmt":"2023-04-09T10:55:02","slug":"ecoles","status":"publish","type":"page","link":"http:\/\/mazanho-bois.com\/en\/ecoles","title":{"rendered":"Schools"},"content":{"rendered":"<div data-elementor-type=\"wp-page\" data-elementor-id=\"4179\" class=\"elementor elementor-4179\" data-elementor-post-type=\"page\">\n\t\t\t\t<div class=\"elementor-element elementor-element-3325e6d e-flex e-con-boxed e-con e-parent\" data-id=\"3325e6d\" data-element_type=\"container\" data-e-type=\"container\">\n\t\t\t\t\t<div class=\"e-con-inner\">\n\t\t\t\t\t<\/div>\n\t\t\t\t<\/div>\n\t\t<div class=\"elementor-element elementor-element-dc8fd6e e-con-full e-flex e-con e-parent\" data-id=\"dc8fd6e\" data-element_type=\"container\" data-e-type=\"container\">\n\t\t<div class=\"elementor-element elementor-element-b1ae38a e-con-full e-flex e-con e-parent\" data-id=\"b1ae38a\" data-element_type=\"container\" data-e-type=\"container\">\n\t\t\t\t<div class=\"elementor-element elementor-element-8d9fd44 elementor-widget-divider--view-line elementor-widget elementor-widget-divider\" data-id=\"8d9fd44\" data-element_type=\"widget\" data-e-type=\"widget\" data-widget_type=\"divider.default\">\n\t\t\t\t<div class=\"elementor-widget-container\">\n\t\t\t\t\t\t\t<div class=\"elementor-divider\">\n\t\t\t<span class=\"elementor-divider-separator\">\n\t\t\t\t\t\t<\/span>\n\t\t<\/div>\n\t\t\t\t\t\t<\/div>\n\t\t\t\t<\/div>\n\t\t\t\t<div class=\"elementor-element elementor-element-c7d4260 elementor-widget-tablet__width-initial elementor-widget elementor-widget-heading\" data-id=\"c7d4260\" data-element_type=\"widget\" data-e-type=\"widget\" data-widget_type=\"heading.default\">\n\t\t\t\t<div class=\"elementor-widget-container\">\n\t\t\t\t\t<h2 class=\"elementor-heading-title elementor-size-default\">Size\n<\/h2>\t\t\t\t<\/div>\n\t\t\t\t<\/div>\n\t\t\t\t<div class=\"elementor-element elementor-element-53d6e80 elementor-widget__width-initial elementor-widget elementor-widget-image\" data-id=\"53d6e80\" data-element_type=\"widget\" data-e-type=\"widget\" data-widget_type=\"image.default\">\n\t\t\t\t<div class=\"elementor-widget-container\">\n\t\t\t\t\t\t\t\t\t\t\t\t\t\t\t<img fetchpriority=\"high\" decoding=\"async\" width=\"355\" height=\"203\" src=\"http:\/\/mazanho-bois.com\/wp-content\/uploads\/2023\/04\/sale1vanglais.png\" class=\"attachment-full size-full wp-image-4268\" alt=\"\" srcset=\"https:\/\/mazanho-bois.com\/wp-content\/uploads\/2023\/04\/sale1vanglais.png 372w, https:\/\/mazanho-bois.com\/wp-content\/uploads\/2023\/04\/sale1vanglais-300x163.png 300w, https:\/\/mazanho-bois.com\/wp-content\/uploads\/2023\/04\/sale1vanglais-18x10.png 18w\" sizes=\"(max-width: 355px) 100vw, 355px\" \/>\t\t\t\t\t\t\t\t\t\t\t\t\t\t\t<\/div>\n\t\t\t\t<\/div>\n\t\t\t\t<div class=\"elementor-element elementor-element-9ae76db elementor-widget elementor-widget-image\" data-id=\"9ae76db\" data-element_type=\"widget\" data-e-type=\"widget\" data-widget_type=\"image.default\">\n\t\t\t\t<div class=\"elementor-widget-container\">\n\t\t\t\t\t\t\t\t\t\t\t\t\t\t\t<img decoding=\"async\" width=\"396\" height=\"201\" src=\"http:\/\/mazanho-bois.com\/wp-content\/uploads\/2023\/04\/sale1.1vanglais.png\" class=\"attachment-full size-full wp-image-4269\" alt=\"\" srcset=\"https:\/\/mazanho-bois.com\/wp-content\/uploads\/2023\/04\/sale1.1vanglais.png 402w, https:\/\/mazanho-bois.com\/wp-content\/uploads\/2023\/04\/sale1.1vanglais-300x150.png 300w, https:\/\/mazanho-bois.com\/wp-content\/uploads\/2023\/04\/sale1.1vanglais-18x9.png 18w\" sizes=\"(max-width: 396px) 100vw, 396px\" \/>\t\t\t\t\t\t\t\t\t\t\t\t\t\t\t<\/div>\n\t\t\t\t<\/div>\n\t\t\t\t<div class=\"elementor-element elementor-element-67af709 elementor-widget elementor-widget-heading\" data-id=\"67af709\" data-element_type=\"widget\" data-e-type=\"widget\" data-widget_type=\"heading.default\">\n\t\t\t\t<div class=\"elementor-widget-container\">\n\t\t\t\t\t<h2 class=\"elementor-heading-title elementor-size-default\">Species and shades<\/h2>\t\t\t\t<\/div>\n\t\t\t\t<\/div>\n\t\t\t\t<div class=\"elementor-element elementor-element-b2e5cf9 elementor-widget-divider--view-line elementor-widget elementor-widget-divider\" data-id=\"b2e5cf9\" data-element_type=\"widget\" data-e-type=\"widget\" data-widget_type=\"divider.default\">\n\t\t\t\t<div class=\"elementor-widget-container\">\n\t\t\t\t\t\t\t<div class=\"elementor-divider\">\n\t\t\t<span class=\"elementor-divider-separator\">\n\t\t\t\t\t\t<\/span>\n\t\t<\/div>\n\t\t\t\t\t\t<\/div>\n\t\t\t\t<\/div>\n\t\t\t\t<div class=\"elementor-element elementor-element-9ad5c80 elementor-widget elementor-widget-image\" data-id=\"9ad5c80\" data-element_type=\"widget\" data-e-type=\"widget\" data-widget_type=\"image.default\">\n\t\t\t\t<div class=\"elementor-widget-container\">\n\t\t\t\t\t\t\t\t\t\t\t\t\t\t\t<img decoding=\"async\" width=\"578\" height=\"318\" src=\"https:\/\/mazanho-bois.com\/wp-content\/uploads\/2023\/03\/intint.png\" class=\"attachment-full size-full wp-image-3465\" alt=\"\" srcset=\"https:\/\/mazanho-bois.com\/wp-content\/uploads\/2023\/03\/intint.png 578w, https:\/\/mazanho-bois.com\/wp-content\/uploads\/2023\/03\/intint-300x165.png 300w\" sizes=\"(max-width: 578px) 100vw, 578px\" \/>\t\t\t\t\t\t\t\t\t\t\t\t\t\t\t<\/div>\n\t\t\t\t<\/div>\n\t\t\t\t<\/div>\n\t\t<div class=\"elementor-element elementor-element-3ded8e9 e-con-full e-flex e-con e-parent\" data-id=\"3ded8e9\" data-element_type=\"container\" data-e-type=\"container\">\n\t\t\t\t<div class=\"elementor-element elementor-element-19ef774 elementor-widget-divider--view-line elementor-widget elementor-widget-divider\" data-id=\"19ef774\" data-element_type=\"widget\" data-e-type=\"widget\" data-widget_type=\"divider.default\">\n\t\t\t\t<div class=\"elementor-widget-container\">\n\t\t\t\t\t\t\t<div class=\"elementor-divider\">\n\t\t\t<span class=\"elementor-divider-separator\">\n\t\t\t\t\t\t<\/span>\n\t\t<\/div>\n\t\t\t\t\t\t<\/div>\n\t\t\t\t<\/div>\n\t\t\t\t<div class=\"elementor-element elementor-element-2e8d630 elementor-widget__width-initial elementor-widget elementor-widget-text-editor\" data-id=\"2e8d630\" data-element_type=\"widget\" data-e-type=\"widget\" data-widget_type=\"text-editor.default\">\n\t\t\t\t<div class=\"elementor-widget-container\">\n\t\t\t\t\t\t\t\t\t<p>Are you a school manager, a member of an association or a simple benefactor for education?<\/p>\t\t\t\t\t\t\t\t<\/div>\n\t\t\t\t<\/div>\n\t\t\t\t<div class=\"elementor-element elementor-element-c039b91 elementor-widget__width-initial elementor-widget elementor-widget-text-editor\" data-id=\"c039b91\" data-element_type=\"widget\" data-e-type=\"widget\" data-widget_type=\"text-editor.default\">\n\t\t\t\t<div class=\"elementor-widget-container\">\n\t\t\t\t\t\t\t\t\t<p>Would you like to equip classrooms or offer donations to institutions in need?<\/p>\t\t\t\t\t\t\t\t<\/div>\n\t\t\t\t<\/div>\n\t\t\t\t<div class=\"elementor-element elementor-element-40f7d8c elementor-widget__width-initial elementor-widget elementor-widget-text-editor\" data-id=\"40f7d8c\" data-element_type=\"widget\" data-e-type=\"widget\" data-widget_type=\"text-editor.default\">\n\t\t\t\t<div class=\"elementor-widget-container\">\n\t\t\t\t\t\t\t\t\t<p>MAZANHO-BOIS offers you at all times its range of furniture in wood or materials composed of table-benches for students, chairs and desks for teachers in accordance with MINEDUB \/ MINESEC standards.<\/p>\t\t\t\t\t\t\t\t<\/div>\n\t\t\t\t<\/div>\n\t\t\t\t<div class=\"elementor-element elementor-element-77dbc59 elementor-widget__width-initial elementor-widget elementor-widget-text-editor\" data-id=\"77dbc59\" data-element_type=\"widget\" data-e-type=\"widget\" data-widget_type=\"text-editor.default\">\n\t\t\t\t<div class=\"elementor-widget-container\">\n\t\t\t\t\t\t\t\t\t<p>The technologies used facilitate transport, delivery, storage and easy assembly on site. In case of temporary non-use, the furniture can also be easily disassembled and stored in a small space. The use of dry wood and anti-rust-coated steel increases the mechanical stability and service life of this equipment.<\/p>\t\t\t\t\t\t\t\t<\/div>\n\t\t\t\t<\/div>\n\t\t\t\t<div class=\"elementor-element elementor-element-848b9e3 elementor-widget-divider--view-line elementor-widget elementor-widget-divider\" data-id=\"848b9e3\" data-element_type=\"widget\" data-e-type=\"widget\" data-widget_type=\"divider.default\">\n\t\t\t\t<div class=\"elementor-widget-container\">\n\t\t\t\t\t\t\t<div class=\"elementor-divider\">\n\t\t\t<span class=\"elementor-divider-separator\">\n\t\t\t\t\t\t<\/span>\n\t\t<\/div>\n\t\t\t\t\t\t<\/div>\n\t\t\t\t<\/div>\n\t\t\t\t<div class=\"elementor-element elementor-element-6311396 elementor-widget elementor-widget-heading\" data-id=\"6311396\" data-element_type=\"widget\" data-e-type=\"widget\" data-widget_type=\"heading.default\">\n\t\t\t\t<div class=\"elementor-widget-container\">\n\t\t\t\t\t<h2 class=\"elementor-heading-title elementor-size-default\">\nClassrooms \u2013 Solid wood<\/h2>\t\t\t\t<\/div>\n\t\t\t\t<\/div>\n\t\t\t\t<div class=\"elementor-element elementor-element-8caeddb elementor-widget-divider--view-line elementor-widget elementor-widget-divider\" data-id=\"8caeddb\" data-element_type=\"widget\" data-e-type=\"widget\" data-widget_type=\"divider.default\">\n\t\t\t\t<div class=\"elementor-widget-container\">\n\t\t\t\t\t\t\t<div class=\"elementor-divider\">\n\t\t\t<span class=\"elementor-divider-separator\">\n\t\t\t\t\t\t<\/span>\n\t\t<\/div>\n\t\t\t\t\t\t<\/div>\n\t\t\t\t<\/div>\n\t\t\t\t<div class=\"elementor-element elementor-element-69ecb8d elementor-widget elementor-widget-image\" data-id=\"69ecb8d\" data-element_type=\"widget\" data-e-type=\"widget\" data-widget_type=\"image.default\">\n\t\t\t\t<div class=\"elementor-widget-container\">\n\t\t\t\t\t\t\t\t\t\t\t\t\t\t\t<img loading=\"lazy\" decoding=\"async\" width=\"825\" height=\"478\" src=\"https:\/\/mazanho-bois.com\/wp-content\/uploads\/2023\/04\/ecoleen1.png\" class=\"attachment-full size-full wp-image-4855\" alt=\"\" srcset=\"https:\/\/mazanho-bois.com\/wp-content\/uploads\/2023\/04\/ecoleen1.png 823w, https:\/\/mazanho-bois.com\/wp-content\/uploads\/2023\/04\/ecoleen1-300x178.png 300w, https:\/\/mazanho-bois.com\/wp-content\/uploads\/2023\/04\/ecoleen1-768x456.png 768w, https:\/\/mazanho-bois.com\/wp-content\/uploads\/2023\/04\/ecoleen1-18x12.png 18w\" sizes=\"(max-width: 825px) 100vw, 825px\" \/>\t\t\t\t\t\t\t\t\t\t\t\t\t\t\t<\/div>\n\t\t\t\t<\/div>\n\t\t\t\t<div class=\"elementor-element elementor-element-b17bce7 elementor-widget-divider--view-line elementor-widget elementor-widget-divider\" data-id=\"b17bce7\" data-element_type=\"widget\" data-e-type=\"widget\" data-widget_type=\"divider.default\">\n\t\t\t\t<div class=\"elementor-widget-container\">\n\t\t\t\t\t\t\t<div class=\"elementor-divider\">\n\t\t\t<span class=\"elementor-divider-separator\">\n\t\t\t\t\t\t<\/span>\n\t\t<\/div>\n\t\t\t\t\t\t<\/div>\n\t\t\t\t<\/div>\n\t\t\t\t<div class=\"elementor-element elementor-element-783dec0 elementor-widget elementor-widget-heading\" data-id=\"783dec0\" data-element_type=\"widget\" data-e-type=\"widget\" data-widget_type=\"heading.default\">\n\t\t\t\t<div class=\"elementor-widget-container\">\n\t\t\t\t\t<h2 class=\"elementor-heading-title elementor-size-default\">Classrooms \u2013 Made of Compound Materials<\/h2>\t\t\t\t<\/div>\n\t\t\t\t<\/div>\n\t\t\t\t<div class=\"elementor-element elementor-element-a0aff32 elementor-widget-divider--view-line elementor-widget elementor-widget-divider\" data-id=\"a0aff32\" data-element_type=\"widget\" data-e-type=\"widget\" data-widget_type=\"divider.default\">\n\t\t\t\t<div class=\"elementor-widget-container\">\n\t\t\t\t\t\t\t<div class=\"elementor-divider\">\n\t\t\t<span class=\"elementor-divider-separator\">\n\t\t\t\t\t\t<\/span>\n\t\t<\/div>\n\t\t\t\t\t\t<\/div>\n\t\t\t\t<\/div>\n\t\t\t\t<div class=\"elementor-element elementor-element-1deec70 elementor-widget elementor-widget-image\" data-id=\"1deec70\" data-element_type=\"widget\" data-e-type=\"widget\" data-widget_type=\"image.default\">\n\t\t\t\t<div class=\"elementor-widget-container\">\n\t\t\t\t\t\t\t\t\t\t\t\t\t\t\t<img loading=\"lazy\" decoding=\"async\" width=\"831\" height=\"486\" src=\"https:\/\/mazanho-bois.com\/wp-content\/uploads\/2023\/04\/ecoleen2.png\" class=\"attachment-full size-full wp-image-4856\" alt=\"\" srcset=\"https:\/\/mazanho-bois.com\/wp-content\/uploads\/2023\/04\/ecoleen2.png 834w, https:\/\/mazanho-bois.com\/wp-content\/uploads\/2023\/04\/ecoleen2-300x174.png 300w, https:\/\/mazanho-bois.com\/wp-content\/uploads\/2023\/04\/ecoleen2-768x447.png 768w, https:\/\/mazanho-bois.com\/wp-content\/uploads\/2023\/04\/ecoleen2-18x10.png 18w\" sizes=\"(max-width: 831px) 100vw, 831px\" \/>\t\t\t\t\t\t\t\t\t\t\t\t\t\t\t<\/div>\n\t\t\t\t<\/div>\n\t\t\t\t<\/div>\n\t\t\t\t<\/div>\n\t\t\t\t<\/div>","protected":false},"excerpt":{"rendered":"<p>Dimensions Essences et teintes Vous \u00eates responsable d\u2019\u00e9tablissement scolaire, membre d\u2019une association ou simple bienfaiteur pour l\u2019\u00e9ducation? Vous aimerez \u00e9quiper des salles de classes ou offrir des dons aux \u00e9tablissements dans le besoin? MAZANHO-BOIS vous offre en tout temps sa gamme de mobilier en bois ou en mat\u00e9riaux compos\u00e9s en table-banc pour \u00e9l\u00e8ves, chaises et [&hellip;]<\/p>\n","protected":false},"author":2,"featured_media":0,"parent":0,"menu_order":0,"comment_status":"closed","ping_status":"closed","template":"elementor_header_footer","meta":{"footnotes":""},"class_list":["post-4179","page","type-page","status-publish","hentry"],"blocksy_meta":[],"_links":{"self":[{"href":"http:\/\/mazanho-bois.com\/en\/wp-json\/wp\/v2\/pages\/4179","targetHints":{"allow":["GET"]}}],"collection":[{"href":"http:\/\/mazanho-bois.com\/en\/wp-json\/wp\/v2\/pages"}],"about":[{"href":"http:\/\/mazanho-bois.com\/en\/wp-json\/wp\/v2\/types\/page"}],"author":[{"embeddable":true,"href":"http:\/\/mazanho-bois.com\/en\/wp-json\/wp\/v2\/users\/2"}],"replies":[{"embeddable":true,"href":"http:\/\/mazanho-bois.com\/en\/wp-json\/wp\/v2\/comments?post=4179"}],"version-history":[{"count":19,"href":"http:\/\/mazanho-bois.com\/en\/wp-json\/wp\/v2\/pages\/4179\/revisions"}],"predecessor-version":[{"id":4860,"href":"http:\/\/mazanho-bois.com\/en\/wp-json\/wp\/v2\/pages\/4179\/revisions\/4860"}],"wp:attachment":[{"href":"http:\/\/mazanho-bois.com\/en\/wp-json\/wp\/v2\/media?parent=4179"}],"curies":[{"name":"wp","href":"https:\/\/api.w.org\/{rel}","templated":true}]}}