{"id":4336,"date":"2023-04-05T15:53:08","date_gmt":"2023-04-05T15:53:08","guid":{"rendered":"http:\/\/mazanho-bois.com\/?page_id=4336"},"modified":"2023-04-05T17:02:04","modified_gmt":"2023-04-05T17:02:04","slug":"modularite-placard","status":"publish","type":"page","link":"http:\/\/mazanho-bois.com\/en\/modularite-placard","title":{"rendered":"Modularit\u00e9 placard"},"content":{"rendered":"<div data-elementor-type=\"wp-page\" data-elementor-id=\"4336\" class=\"elementor elementor-4336\" data-elementor-post-type=\"page\">\n\t\t\t\t<div class=\"elementor-element elementor-element-b3f0c6a e-flex e-con-boxed e-con e-parent\" data-id=\"b3f0c6a\" data-element_type=\"container\" data-e-type=\"container\">\n\t\t\t\t\t<div class=\"e-con-inner\">\n\t\t\t\t\t<\/div>\n\t\t\t\t<\/div>\n\t\t<div class=\"elementor-element elementor-element-c0b3b87 e-con-full e-flex e-con e-parent\" data-id=\"c0b3b87\" data-element_type=\"container\" data-e-type=\"container\">\n\t\t\t\t<div class=\"elementor-element elementor-element-f62f390 elementor-widget-divider--view-line elementor-widget elementor-widget-divider\" data-id=\"f62f390\" data-element_type=\"widget\" data-e-type=\"widget\" data-widget_type=\"divider.default\">\n\t\t\t\t<div class=\"elementor-widget-container\">\n\t\t\t\t\t\t\t<div class=\"elementor-divider\">\n\t\t\t<span class=\"elementor-divider-separator\">\n\t\t\t\t\t\t<\/span>\n\t\t<\/div>\n\t\t\t\t\t\t<\/div>\n\t\t\t\t<\/div>\n\t\t\t\t<div class=\"elementor-element elementor-element-a7a0f1a elementor-widget__width-initial elementor-widget-mobile__width-initial elementor-widget elementor-widget-text-editor\" data-id=\"a7a0f1a\" data-element_type=\"widget\" data-e-type=\"widget\" data-widget_type=\"text-editor.default\">\n\t\t\t\t<div class=\"elementor-widget-container\">\n\t\t\t\t\t\t\t\t\t<p>MAZINHO cupboards are designed according to the principles of modularity. Our construction principle allows us to offer you several possible cupboard configurations:<\/p><ul><li>Variation of cupboard heights<\/li><li>Variation of internal divisions and number of leaves<\/li><li>Swivel or sliding doors<\/li><li>Variation of interior equipment<\/li><li>\u2026<\/li><\/ul>\t\t\t\t\t\t\t\t<\/div>\n\t\t\t\t<\/div>\n\t\t\t\t<div class=\"elementor-element elementor-element-177de73 elementor-widget elementor-widget-heading\" data-id=\"177de73\" data-element_type=\"widget\" data-e-type=\"widget\" data-widget_type=\"heading.default\">\n\t\t\t\t<div class=\"elementor-widget-container\">\n\t\t\t\t\t<h2 class=\"elementor-heading-title elementor-size-default\">Modularit\u00e9 - Equipements Int\u00e9rieurs <\/h2>\t\t\t\t<\/div>\n\t\t\t\t<\/div>\n\t\t\t\t<div class=\"elementor-element elementor-element-a899de4 elementor-widget-divider--view-line elementor-widget elementor-widget-divider\" data-id=\"a899de4\" data-element_type=\"widget\" data-e-type=\"widget\" data-widget_type=\"divider.default\">\n\t\t\t\t<div class=\"elementor-widget-container\">\n\t\t\t\t\t\t\t<div class=\"elementor-divider\">\n\t\t\t<span class=\"elementor-divider-separator\">\n\t\t\t\t\t\t<\/span>\n\t\t<\/div>\n\t\t\t\t\t\t<\/div>\n\t\t\t\t<\/div>\n\t\t\t\t<div class=\"elementor-element elementor-element-492717c elementor-widget-mobile__width-initial elementor-widget elementor-widget-image\" data-id=\"492717c\" data-element_type=\"widget\" data-e-type=\"widget\" data-widget_type=\"image.default\">\n\t\t\t\t<div class=\"elementor-widget-container\">\n\t\t\t\t\t\t\t\t\t\t\t\t\t\t\t<img fetchpriority=\"high\" decoding=\"async\" width=\"827\" height=\"501\" src=\"https:\/\/mazanho-bois.com\/wp-content\/uploads\/2023\/04\/placmodulen1.png\" class=\"attachment-full size-full wp-image-4388\" alt=\"\" srcset=\"https:\/\/mazanho-bois.com\/wp-content\/uploads\/2023\/04\/placmodulen1.png 838w, https:\/\/mazanho-bois.com\/wp-content\/uploads\/2023\/04\/placmodulen1-300x179.png 300w, https:\/\/mazanho-bois.com\/wp-content\/uploads\/2023\/04\/placmodulen1-768x459.png 768w, https:\/\/mazanho-bois.com\/wp-content\/uploads\/2023\/04\/placmodulen1-18x12.png 18w\" sizes=\"(max-width: 827px) 100vw, 827px\" \/>\t\t\t\t\t\t\t\t\t\t\t\t\t\t\t<\/div>\n\t\t\t\t<\/div>\n\t\t\t\t<div class=\"elementor-element elementor-element-6e87c02 elementor-widget-mobile__width-initial elementor-widget elementor-widget-heading\" data-id=\"6e87c02\" data-element_type=\"widget\" data-e-type=\"widget\" data-widget_type=\"heading.default\">\n\t\t\t\t<div class=\"elementor-widget-container\">\n\t\t\t\t\t<h2 class=\"elementor-heading-title elementor-size-default\">Modularit\u00e9 - Couronnes<\/h2>\t\t\t\t<\/div>\n\t\t\t\t<\/div>\n\t\t\t\t<div class=\"elementor-element elementor-element-2c5e177 elementor-widget-divider--view-line elementor-widget elementor-widget-divider\" data-id=\"2c5e177\" data-element_type=\"widget\" data-e-type=\"widget\" data-widget_type=\"divider.default\">\n\t\t\t\t<div class=\"elementor-widget-container\">\n\t\t\t\t\t\t\t<div class=\"elementor-divider\">\n\t\t\t<span class=\"elementor-divider-separator\">\n\t\t\t\t\t\t<\/span>\n\t\t<\/div>\n\t\t\t\t\t\t<\/div>\n\t\t\t\t<\/div>\n\t\t\t\t<div class=\"elementor-element elementor-element-41d5cdd elementor-widget elementor-widget-text-editor\" data-id=\"41d5cdd\" data-element_type=\"widget\" data-e-type=\"widget\" data-widget_type=\"text-editor.default\">\n\t\t\t\t<div class=\"elementor-widget-container\">\n\t\t\t\t\t\t\t\t\t<p>Les placards non encastr\u00e9s peuvent \u00eatre pourvus de corniche et des lampes d\u2018\u00e9clairage<\/p>\t\t\t\t\t\t\t\t<\/div>\n\t\t\t\t<\/div>\n\t\t\t\t<div class=\"elementor-element elementor-element-cf0e8d4 elementor-widget elementor-widget-image\" data-id=\"cf0e8d4\" data-element_type=\"widget\" data-e-type=\"widget\" data-widget_type=\"image.default\">\n\t\t\t\t<div class=\"elementor-widget-container\">\n\t\t\t\t\t\t\t\t\t\t\t\t\t\t\t<img decoding=\"async\" width=\"804\" height=\"448\" src=\"https:\/\/mazanho-bois.com\/wp-content\/uploads\/2023\/04\/placmodulen2.png\" class=\"attachment-full size-full wp-image-4389\" alt=\"\" srcset=\"https:\/\/mazanho-bois.com\/wp-content\/uploads\/2023\/04\/placmodulen2.png 812w, https:\/\/mazanho-bois.com\/wp-content\/uploads\/2023\/04\/placmodulen2-300x164.png 300w, https:\/\/mazanho-bois.com\/wp-content\/uploads\/2023\/04\/placmodulen2-768x420.png 768w, https:\/\/mazanho-bois.com\/wp-content\/uploads\/2023\/04\/placmodulen2-18x10.png 18w\" sizes=\"(max-width: 804px) 100vw, 804px\" \/>\t\t\t\t\t\t\t\t\t\t\t\t\t\t\t<\/div>\n\t\t\t\t<\/div>\n\t\t\t\t<div class=\"elementor-element elementor-element-8ffdb62 elementor-widget elementor-widget-heading\" data-id=\"8ffdb62\" data-element_type=\"widget\" data-e-type=\"widget\" data-widget_type=\"heading.default\">\n\t\t\t\t<div class=\"elementor-widget-container\">\n\t\t\t\t\t<h2 class=\"elementor-heading-title elementor-size-default\">Technologie<\/h2>\t\t\t\t<\/div>\n\t\t\t\t<\/div>\n\t\t\t\t<div class=\"elementor-element elementor-element-8ff2212 elementor-widget elementor-widget-image\" data-id=\"8ff2212\" data-element_type=\"widget\" data-e-type=\"widget\" data-widget_type=\"image.default\">\n\t\t\t\t<div class=\"elementor-widget-container\">\n\t\t\t\t\t\t\t\t\t\t\t\t\t\t\t<img decoding=\"async\" width=\"807\" height=\"498\" src=\"https:\/\/mazanho-bois.com\/wp-content\/uploads\/2023\/04\/plactechno.png\" class=\"attachment-full size-full wp-image-4390\" alt=\"\" srcset=\"https:\/\/mazanho-bois.com\/wp-content\/uploads\/2023\/04\/plactechno.png 816w, https:\/\/mazanho-bois.com\/wp-content\/uploads\/2023\/04\/plactechno-300x165.png 300w, https:\/\/mazanho-bois.com\/wp-content\/uploads\/2023\/04\/plactechno-768x423.png 768w, https:\/\/mazanho-bois.com\/wp-content\/uploads\/2023\/04\/plactechno-18x10.png 18w\" sizes=\"(max-width: 807px) 100vw, 807px\" \/>\t\t\t\t\t\t\t\t\t\t\t\t\t\t\t<\/div>\n\t\t\t\t<\/div>\n\t\t\t\t<\/div>\n\t\t\t\t<\/div>","protected":false},"excerpt":{"rendered":"<p>Les placards MAZANHO sont con\u00e7ues d\u2019apr\u00e8s des principes de modularit\u00e9. Notre principe de construction permet de vous offrir plusieurs configurations de placards possible: Variation des hauteurs de placards Variation des divisions internes et nombre de battants Battants pivotants ou coulissants Variation des \u00e9quipements int\u00e9rieurs \u2026 Modularit\u00e9 &#8211; Equipements Int\u00e9rieurs Modularit\u00e9 &#8211; Couronnes Les placards non [&hellip;]<\/p>\n","protected":false},"author":2,"featured_media":0,"parent":0,"menu_order":0,"comment_status":"closed","ping_status":"closed","template":"elementor_header_footer","meta":{"footnotes":""},"class_list":["post-4336","page","type-page","status-publish","hentry"],"blocksy_meta":[],"_links":{"self":[{"href":"http:\/\/mazanho-bois.com\/en\/wp-json\/wp\/v2\/pages\/4336","targetHints":{"allow":["GET"]}}],"collection":[{"href":"http:\/\/mazanho-bois.com\/en\/wp-json\/wp\/v2\/pages"}],"about":[{"href":"http:\/\/mazanho-bois.com\/en\/wp-json\/wp\/v2\/types\/page"}],"author":[{"embeddable":true,"href":"http:\/\/mazanho-bois.com\/en\/wp-json\/wp\/v2\/users\/2"}],"replies":[{"embeddable":true,"href":"http:\/\/mazanho-bois.com\/en\/wp-json\/wp\/v2\/comments?post=4336"}],"version-history":[{"count":13,"href":"http:\/\/mazanho-bois.com\/en\/wp-json\/wp\/v2\/pages\/4336\/revisions"}],"predecessor-version":[{"id":4403,"href":"http:\/\/mazanho-bois.com\/en\/wp-json\/wp\/v2\/pages\/4336\/revisions\/4403"}],"wp:attachment":[{"href":"http:\/\/mazanho-bois.com\/en\/wp-json\/wp\/v2\/media?parent=4336"}],"curies":[{"name":"wp","href":"https:\/\/api.w.org\/{rel}","templated":true}]}}