{"id":5372,"date":"2023-04-20T04:59:38","date_gmt":"2023-04-20T04:59:38","guid":{"rendered":"http:\/\/mazanho-bois.com\/?page_id=5372"},"modified":"2023-04-20T05:08:10","modified_gmt":"2023-04-20T05:08:10","slug":"universite-modularite","status":"publish","type":"page","link":"http:\/\/mazanho-bois.com\/en\/universite-modularite","title":{"rendered":"Universit\u00e9 \u2013modularit\u00e9"},"content":{"rendered":"<div data-elementor-type=\"wp-page\" data-elementor-id=\"5372\" class=\"elementor elementor-5372\" data-elementor-post-type=\"page\">\n\t\t\t\t<div class=\"elementor-element elementor-element-0b6b884 e-flex e-con-boxed e-con e-parent\" data-id=\"0b6b884\" data-element_type=\"container\" data-e-type=\"container\">\n\t\t\t\t\t<div class=\"e-con-inner\">\n\t\t\t\t\t<\/div>\n\t\t\t\t<\/div>\n\t\t<div class=\"elementor-element elementor-element-a3ccf9e e-flex e-con-boxed e-con e-parent\" data-id=\"a3ccf9e\" data-element_type=\"container\" data-e-type=\"container\">\n\t\t\t\t\t<div class=\"e-con-inner\">\n\t\t<div class=\"elementor-element elementor-element-01b4c3b e-con-full e-flex e-con e-parent\" data-id=\"01b4c3b\" data-element_type=\"container\" data-e-type=\"container\">\n\t\t\t\t<div class=\"elementor-element elementor-element-7c235b1 elementor-widget elementor-widget-text-editor\" data-id=\"7c235b1\" data-element_type=\"widget\" data-e-type=\"widget\" data-widget_type=\"text-editor.default\">\n\t\t\t\t<div class=\"elementor-widget-container\">\n\t\t\t\t\t\t\t\t\t<p>Les ouvrages MAZANHO sont con\u00e7ues d\u2018ap\u00e8s des principes de modularit\u00e9. Par supperposition on juxtaposition vous pouvez augmenter la foctionalit\u00e9 des diff\u00e9rents ouvrages:<\/p><ul><li>Lit de 1 \u00e0 3 places<\/li><li>Table avec caisson ou sans caisson<\/li><li>Etag\u00e8res avec hauteur et profondeur variable<\/li><\/ul>\t\t\t\t\t\t\t\t<\/div>\n\t\t\t\t<\/div>\n\t\t<div class=\"elementor-element elementor-element-0d08629 e-flex e-con-boxed e-con e-parent\" data-id=\"0d08629\" data-element_type=\"container\" data-e-type=\"container\">\n\t\t\t\t\t<div class=\"e-con-inner\">\n\t\t\t\t<div class=\"elementor-element elementor-element-5f9eaf1 elementor-widget-divider--view-line elementor-widget elementor-widget-divider\" data-id=\"5f9eaf1\" data-element_type=\"widget\" data-e-type=\"widget\" data-widget_type=\"divider.default\">\n\t\t\t\t<div class=\"elementor-widget-container\">\n\t\t\t\t\t\t\t<div class=\"elementor-divider\">\n\t\t\t<span class=\"elementor-divider-separator\">\n\t\t\t\t\t\t<\/span>\n\t\t<\/div>\n\t\t\t\t\t\t<\/div>\n\t\t\t\t<\/div>\n\t\t\t\t<div class=\"elementor-element elementor-element-efea343 elementor-widget elementor-widget-image\" data-id=\"efea343\" data-element_type=\"widget\" data-e-type=\"widget\" data-widget_type=\"image.default\">\n\t\t\t\t<div class=\"elementor-widget-container\">\n\t\t\t\t\t\t\t\t\t\t\t\t\t\t\t<img fetchpriority=\"high\" decoding=\"async\" width=\"524\" height=\"337\" src=\"https:\/\/mazanho-bois.com\/wp-content\/uploads\/2023\/04\/unimod.png\" class=\"attachment-full size-full wp-image-5375\" alt=\"\" srcset=\"https:\/\/mazanho-bois.com\/wp-content\/uploads\/2023\/04\/unimod.png 524w, https:\/\/mazanho-bois.com\/wp-content\/uploads\/2023\/04\/unimod-300x193.png 300w, https:\/\/mazanho-bois.com\/wp-content\/uploads\/2023\/04\/unimod-18x12.png 18w\" sizes=\"(max-width: 524px) 100vw, 524px\" \/>\t\t\t\t\t\t\t\t\t\t\t\t\t\t\t<\/div>\n\t\t\t\t<\/div>\n\t\t\t\t\t<\/div>\n\t\t\t\t<\/div>\n\t\t\t\t<\/div>\n\t\t\t\t\t<\/div>\n\t\t\t\t<\/div>\n\t\t\t\t<\/div>","protected":false},"excerpt":{"rendered":"<p>Les ouvrages MAZANHO sont con\u00e7ues d\u2018ap\u00e8s des principes de modularit\u00e9. Par supperposition on juxtaposition vous pouvez augmenter la foctionalit\u00e9 des diff\u00e9rents ouvrages: Lit de 1 \u00e0 3 places Table avec caisson ou sans caisson Etag\u00e8res avec hauteur et profondeur variable<\/p>","protected":false},"author":2,"featured_media":0,"parent":0,"menu_order":0,"comment_status":"closed","ping_status":"closed","template":"elementor_header_footer","meta":{"footnotes":""},"class_list":["post-5372","page","type-page","status-publish","hentry"],"blocksy_meta":[],"_links":{"self":[{"href":"http:\/\/mazanho-bois.com\/en\/wp-json\/wp\/v2\/pages\/5372","targetHints":{"allow":["GET"]}}],"collection":[{"href":"http:\/\/mazanho-bois.com\/en\/wp-json\/wp\/v2\/pages"}],"about":[{"href":"http:\/\/mazanho-bois.com\/en\/wp-json\/wp\/v2\/types\/page"}],"author":[{"embeddable":true,"href":"http:\/\/mazanho-bois.com\/en\/wp-json\/wp\/v2\/users\/2"}],"replies":[{"embeddable":true,"href":"http:\/\/mazanho-bois.com\/en\/wp-json\/wp\/v2\/comments?post=5372"}],"version-history":[{"count":7,"href":"http:\/\/mazanho-bois.com\/en\/wp-json\/wp\/v2\/pages\/5372\/revisions"}],"predecessor-version":[{"id":5382,"href":"http:\/\/mazanho-bois.com\/en\/wp-json\/wp\/v2\/pages\/5372\/revisions\/5382"}],"wp:attachment":[{"href":"http:\/\/mazanho-bois.com\/en\/wp-json\/wp\/v2\/media?parent=5372"}],"curies":[{"name":"wp","href":"https:\/\/api.w.org\/{rel}","templated":true}]}}