{"id":6120,"date":"2024-07-29T07:24:52","date_gmt":"2024-07-29T07:24:52","guid":{"rendered":"https:\/\/mazanho-bois.com\/?page_id=6120"},"modified":"2024-07-29T13:06:08","modified_gmt":"2024-07-29T13:06:08","slug":"solution-denergie-solaire","status":"publish","type":"page","link":"http:\/\/mazanho-bois.com\/en\/solution-denergie-solaire","title":{"rendered":"Solution d&rsquo;\u00e9nergie solaire"},"content":{"rendered":"<div data-elementor-type=\"wp-page\" data-elementor-id=\"6120\" class=\"elementor elementor-6120\" data-elementor-post-type=\"page\">\n\t\t\t\t<div class=\"elementor-element elementor-element-03c048d e-flex e-con-boxed e-con e-parent\" data-id=\"03c048d\" data-element_type=\"container\" data-e-type=\"container\">\n\t\t\t\t\t<div class=\"e-con-inner\">\n\t\t\t\t\t<\/div>\n\t\t\t\t<\/div>\n\t\t<div class=\"elementor-element elementor-element-caed64d e-con-full e-flex e-con e-parent\" data-id=\"caed64d\" data-element_type=\"container\" data-e-type=\"container\">\n\t\t\t\t<div class=\"elementor-element elementor-element-85fb9a6 elementor-widget__width-initial elementor-widget-mobile__width-initial elementor-widget elementor-widget-text-editor\" data-id=\"85fb9a6\" data-element_type=\"widget\" data-e-type=\"widget\" data-widget_type=\"text-editor.default\">\n\t\t\t\t<div class=\"elementor-widget-container\">\n\t\t\t\t\t\t\t\t\t<p style=\"padding-left: 240px;\">\u00a0<\/p><p>Electrical energy is a key element in improving a country's living conditions and industrialization. In sub-Saharan Africa, the supply of electricity is a real problem in both households and industries. In Cameroon, for example, less than 65% of its population has access to electricity, which total production is currently between 8,500 and 9,000 GWh. Its energy mix is currently composed of 62% hydro, 26% natural gas, 12% fuel, 1% biomass and 0.5% photovoltaic or solar.<\/p><p>Its electricity network, which does not cover the entire national territory, is subject to huge voltage variations and untimely outages (especially during the months of December to March). These voltage variations or power cuts are the source of several damages both in companies and in households. For example, there are very often production stoppages in companies, damage to electrical appliances or fresh food in households and small businesses.<\/p><p>systems for centralizing energy production as used are no longer coConventionalmpetitive today because of the high costs of transportation. In addition, they are technologically less efficient due to energy losses over long distances. The long-distance transport of energy also increases the risks of its availability in the event of damage to infrastructures.<\/p><p>The decentralization of electrical energy production, for example with renewable energy technology such as photovoltaics, is a better solution for the future.<\/p><p>MAZANHO BOIS has joined forces with SOLED TECHNOLOGIES Sarl to develop and manufacture electrical energy production components and systems MADE IN CAMEROON. As part of the MAZANHO SOLED \u2013 ECO TECHNOLOGIES project, we offer the following solar energy solutions:<\/p><ul><li>Components:<ul><li>\u00a0 \u00a0LED Controller<\/li><li>MPPT Charger<\/li><li>BMS \u2013 Gestionnaire de batterie<\/li><li>Transformateur 230\/12V<\/li><li>Switch automatique<\/li><\/ul><\/li><li>Syst\u00e8mes\u00a0:<ul><li>Lampadaire solaire, hybride et classique<\/li><li>Module Z\u00e9ro-Rupture-d \u2019Energie<\/li><\/ul><\/li><li>Engineering<ul><li>Conception et dimensionnement des syst\u00e8mes solaires pour les m\u00e9nages, les institutions et les commerces<\/li><li>Installation et maintenance des syst\u00e8mes solaires<\/li><\/ul><\/li><\/ul>\t\t\t\t\t\t\t\t<\/div>\n\t\t\t\t<\/div>\n\t\t\t\t<div class=\"elementor-element elementor-element-8ccba60 elementor-widget elementor-widget-image\" data-id=\"8ccba60\" data-element_type=\"widget\" data-e-type=\"widget\" data-widget_type=\"image.default\">\n\t\t\t\t<div class=\"elementor-widget-container\">\n\t\t\t\t\t\t\t\t\t\t\t\t\t\t\t<img fetchpriority=\"high\" decoding=\"async\" width=\"1024\" height=\"576\" src=\"https:\/\/mazanho-bois.com\/wp-content\/uploads\/2024\/07\/Slide1-1024x576.png\" class=\"attachment-large size-large wp-image-6125\" alt=\"\" srcset=\"https:\/\/mazanho-bois.com\/wp-content\/uploads\/2024\/07\/Slide1-1024x576.png 1024w, https:\/\/mazanho-bois.com\/wp-content\/uploads\/2024\/07\/Slide1-300x169.png 300w, https:\/\/mazanho-bois.com\/wp-content\/uploads\/2024\/07\/Slide1-768x432.png 768w, https:\/\/mazanho-bois.com\/wp-content\/uploads\/2024\/07\/Slide1-18x10.png 18w, https:\/\/mazanho-bois.com\/wp-content\/uploads\/2024\/07\/Slide1.png 1280w\" sizes=\"(max-width: 1024px) 100vw, 1024px\" \/>\t\t\t\t\t\t\t\t\t\t\t\t\t\t\t<\/div>\n\t\t\t\t<\/div>\n\t\t\t\t<div class=\"elementor-element elementor-element-47dff61 elementor-widget elementor-widget-heading\" data-id=\"47dff61\" data-element_type=\"widget\" data-e-type=\"widget\" data-widget_type=\"heading.default\">\n\t\t\t\t<div class=\"elementor-widget-container\">\n\t\t\t\t\t<h5 class=\"elementor-heading-title elementor-size-default\">Nos variantes de lampadaires avec la technologie LED<\/h5>\t\t\t\t<\/div>\n\t\t\t\t<\/div>\n\t\t\t\t<\/div>\n\t\t\t\t<\/div>","protected":false},"excerpt":{"rendered":"<p>\u00a0 L\u2019\u00e9nergie \u00e9lectrique est un \u00e9l\u00e9ment cl\u00e9 dans l\u2019am\u00e9lioration des conditions de vie et de l\u2019industrialisation d\u2019un pays. En Afrique subsaharienne l\u2019approvisionnement en \u00e9nergie \u00e9lectrique est un r\u00e9el probl\u00e8me aussi bien dans les m\u00e9nages que dans les industries. Au Cameroun par exemple moins de 65% de sa population a acc\u00e8s \u00e0 l\u2019\u00e9lectricit\u00e9 dont la production [&hellip;]<\/p>\n","protected":false},"author":3,"featured_media":0,"parent":0,"menu_order":0,"comment_status":"closed","ping_status":"closed","template":"elementor_header_footer","meta":{"footnotes":""},"class_list":["post-6120","page","type-page","status-publish","hentry"],"blocksy_meta":[],"_links":{"self":[{"href":"http:\/\/mazanho-bois.com\/en\/wp-json\/wp\/v2\/pages\/6120","targetHints":{"allow":["GET"]}}],"collection":[{"href":"http:\/\/mazanho-bois.com\/en\/wp-json\/wp\/v2\/pages"}],"about":[{"href":"http:\/\/mazanho-bois.com\/en\/wp-json\/wp\/v2\/types\/page"}],"author":[{"embeddable":true,"href":"http:\/\/mazanho-bois.com\/en\/wp-json\/wp\/v2\/users\/3"}],"replies":[{"embeddable":true,"href":"http:\/\/mazanho-bois.com\/en\/wp-json\/wp\/v2\/comments?post=6120"}],"version-history":[{"count":10,"href":"http:\/\/mazanho-bois.com\/en\/wp-json\/wp\/v2\/pages\/6120\/revisions"}],"predecessor-version":[{"id":6149,"href":"http:\/\/mazanho-bois.com\/en\/wp-json\/wp\/v2\/pages\/6120\/revisions\/6149"}],"wp:attachment":[{"href":"http:\/\/mazanho-bois.com\/en\/wp-json\/wp\/v2\/media?parent=6120"}],"curies":[{"name":"wp","href":"https:\/\/api.w.org\/{rel}","templated":true}]}}