{"id":2963,"date":"2023-03-17T04:05:44","date_gmt":"2023-03-17T04:05:44","guid":{"rendered":"http:\/\/mazanho-bois.com\/?page_id=2963"},"modified":"2023-05-31T00:04:28","modified_gmt":"2023-05-31T00:04:28","slug":"modularite","status":"publish","type":"page","link":"http:\/\/mazanho-bois.com\/fr\/modularite","title":{"rendered":"Modularit\u00e9"},"content":{"rendered":"\t\t<div data-elementor-type=\"wp-page\" data-elementor-id=\"2963\" class=\"elementor elementor-2963\" data-elementor-post-type=\"page\">\n\t\t\t\t<div class=\"elementor-element elementor-element-9563ddf e-flex e-con-boxed e-con e-parent\" data-id=\"9563ddf\" data-element_type=\"container\" data-e-type=\"container\">\n\t\t\t\t\t<div class=\"e-con-inner\">\n\t\t\t\t\t<\/div>\n\t\t\t\t<\/div>\n\t\t<div class=\"elementor-element elementor-element-266d4e4 e-flex e-con-boxed e-con e-parent\" data-id=\"266d4e4\" data-element_type=\"container\" data-e-type=\"container\">\n\t\t\t\t\t<div class=\"e-con-inner\">\n\t\t<div class=\"elementor-element elementor-element-41fa4cc e-con-full e-flex e-con e-parent\" data-id=\"41fa4cc\" data-element_type=\"container\" data-e-type=\"container\">\n\t\t\t\t<div class=\"elementor-element elementor-element-ba23e08 elementor-widget-divider--view-line elementor-widget elementor-widget-divider\" data-id=\"ba23e08\" data-element_type=\"widget\" data-e-type=\"widget\" data-widget_type=\"divider.default\">\n\t\t\t\t<div class=\"elementor-widget-container\">\n\t\t\t\t\t\t\t<div class=\"elementor-divider\">\n\t\t\t<span class=\"elementor-divider-separator\">\n\t\t\t\t\t\t<\/span>\n\t\t<\/div>\n\t\t\t\t\t\t<\/div>\n\t\t\t\t<\/div>\n\t\t\t\t<div class=\"elementor-element elementor-element-4289254 elementor-widget elementor-widget-heading\" data-id=\"4289254\" data-element_type=\"widget\" data-e-type=\"widget\" data-widget_type=\"heading.default\">\n\t\t\t\t<div class=\"elementor-widget-container\">\n\t\t\t\t\t<h2 class=\"elementor-heading-title elementor-size-default\">Modularit\u00e9\n<\/h2>\t\t\t\t<\/div>\n\t\t\t\t<\/div>\n\t\t\t\t<div class=\"elementor-element elementor-element-cafb529 elementor-widget-mobile__width-initial elementor-widget__width-initial elementor-widget elementor-widget-text-editor\" data-id=\"cafb529\" data-element_type=\"widget\" data-e-type=\"widget\" data-widget_type=\"text-editor.default\">\n\t\t\t\t<div class=\"elementor-widget-container\">\n\t\t\t\t\t\t\t\t\t<p>Les portes MAZANHO sont con\u00e7ues d\u2018ap\u00e8s des principes de modularit\u00e9. Par supperposition ou juxtaposition vous pouvez obtenir pour les m\u00eames mod\u00e8les des portes avec impostes et des portes avec fixes lat\u00e9raux.\u00a0 Les panneaux peuvent aussi se faire en vitre.<\/p><p>Cette modularit\u00e9 permet aussi l\u2018int\u00e9gration facile d\u2018\u00e9l\u00e9ments de quincaillerie tel que:<\/p><ul><li>L\u2018occulus<\/li><li>La grille d\u2018aeration<\/li><li>Etc \u2026<\/li><\/ul>\t\t\t\t\t\t\t\t<\/div>\n\t\t\t\t<\/div>\n\t\t\t\t<div class=\"elementor-element elementor-element-7899434 elementor-widget elementor-widget-image\" data-id=\"7899434\" data-element_type=\"widget\" data-e-type=\"widget\" data-widget_type=\"image.default\">\n\t\t\t\t<div class=\"elementor-widget-container\">\n\t\t\t\t\t\t\t\t\t\t\t\t\t\t\t<img fetchpriority=\"high\" decoding=\"async\" width=\"841\" height=\"361\" src=\"https:\/\/mazanho-bois.com\/wp-content\/uploads\/2023\/05\/mod-1.png\" class=\"attachment-full size-full wp-image-6052\" alt=\"\" srcset=\"https:\/\/mazanho-bois.com\/wp-content\/uploads\/2023\/05\/mod-1.png 841w, https:\/\/mazanho-bois.com\/wp-content\/uploads\/2023\/05\/mod-1-300x129.png 300w, https:\/\/mazanho-bois.com\/wp-content\/uploads\/2023\/05\/mod-1-768x330.png 768w, https:\/\/mazanho-bois.com\/wp-content\/uploads\/2023\/05\/mod-1-18x8.png 18w\" sizes=\"(max-width: 841px) 100vw, 841px\" \/>\t\t\t\t\t\t\t\t\t\t\t\t\t\t\t<\/div>\n\t\t\t\t<\/div>\n\t\t\t\t<\/div>\n\t\t\t\t\t<\/div>\n\t\t\t\t<\/div>\n\t\t\t\t<\/div>\n\t\t","protected":false},"excerpt":{"rendered":"<p>Modularit\u00e9 Les portes MAZANHO sont con\u00e7ues d\u2018ap\u00e8s des principes de modularit\u00e9. Par supperposition ou juxtaposition vous pouvez obtenir pour les m\u00eames mod\u00e8les des portes avec impostes et des portes avec fixes lat\u00e9raux.\u00a0 Les panneaux peuvent aussi se faire en vitre. Cette modularit\u00e9 permet aussi l\u2018int\u00e9gration facile d\u2018\u00e9l\u00e9ments de quincaillerie tel que: L\u2018occulus La grille d\u2018aeration [&hellip;]<\/p>\n","protected":false},"author":2,"featured_media":0,"parent":0,"menu_order":0,"comment_status":"closed","ping_status":"closed","template":"elementor_header_footer","meta":{"footnotes":""},"class_list":["post-2963","page","type-page","status-publish","hentry"],"blocksy_meta":[],"_links":{"self":[{"href":"http:\/\/mazanho-bois.com\/fr\/wp-json\/wp\/v2\/pages\/2963","targetHints":{"allow":["GET"]}}],"collection":[{"href":"http:\/\/mazanho-bois.com\/fr\/wp-json\/wp\/v2\/pages"}],"about":[{"href":"http:\/\/mazanho-bois.com\/fr\/wp-json\/wp\/v2\/types\/page"}],"author":[{"embeddable":true,"href":"http:\/\/mazanho-bois.com\/fr\/wp-json\/wp\/v2\/users\/2"}],"replies":[{"embeddable":true,"href":"http:\/\/mazanho-bois.com\/fr\/wp-json\/wp\/v2\/comments?post=2963"}],"version-history":[{"count":34,"href":"http:\/\/mazanho-bois.com\/fr\/wp-json\/wp\/v2\/pages\/2963\/revisions"}],"predecessor-version":[{"id":6056,"href":"http:\/\/mazanho-bois.com\/fr\/wp-json\/wp\/v2\/pages\/2963\/revisions\/6056"}],"wp:attachment":[{"href":"http:\/\/mazanho-bois.com\/fr\/wp-json\/wp\/v2\/media?parent=2963"}],"curies":[{"name":"wp","href":"https:\/\/api.w.org\/{rel}","templated":true}]}}