{"id":2972,"date":"2023-03-17T04:16:49","date_gmt":"2023-03-17T04:16:49","guid":{"rendered":"http:\/\/mazanho-bois.com\/?page_id=2972"},"modified":"2023-05-31T00:23:57","modified_gmt":"2023-05-31T00:23:57","slug":"quincaillerie","status":"publish","type":"page","link":"http:\/\/mazanho-bois.com\/fr\/quincaillerie","title":{"rendered":"Quincaillerie"},"content":{"rendered":"\t\t<div data-elementor-type=\"wp-page\" data-elementor-id=\"2972\" class=\"elementor elementor-2972\" data-elementor-post-type=\"page\">\n\t\t\t\t<div class=\"elementor-element elementor-element-06a7ed4 e-flex e-con-boxed e-con e-parent\" data-id=\"06a7ed4\" data-element_type=\"container\" data-e-type=\"container\">\n\t\t\t\t\t<div class=\"e-con-inner\">\n\t\t\t\t\t<\/div>\n\t\t\t\t<\/div>\n\t\t<div class=\"elementor-element elementor-element-1767697 e-flex e-con-boxed e-con e-parent\" data-id=\"1767697\" data-element_type=\"container\" data-e-type=\"container\">\n\t\t\t\t\t<div class=\"e-con-inner\">\n\t\t\t\t<div class=\"elementor-element elementor-element-8292c03 elementor-widget-divider--view-line elementor-widget elementor-widget-divider\" data-id=\"8292c03\" data-element_type=\"widget\" data-e-type=\"widget\" data-widget_type=\"divider.default\">\n\t\t\t\t<div class=\"elementor-widget-container\">\n\t\t\t\t\t\t\t<div class=\"elementor-divider\">\n\t\t\t<span class=\"elementor-divider-separator\">\n\t\t\t\t\t\t<\/span>\n\t\t<\/div>\n\t\t\t\t\t\t<\/div>\n\t\t\t\t<\/div>\n\t\t\t\t<div class=\"elementor-element elementor-element-1fcc4da elementor-widget elementor-widget-heading\" data-id=\"1fcc4da\" data-element_type=\"widget\" data-e-type=\"widget\" data-widget_type=\"heading.default\">\n\t\t\t\t<div class=\"elementor-widget-container\">\n\t\t\t\t\t<h2 class=\"elementor-heading-title elementor-size-default\">Quincaillerie\n<\/h2>\t\t\t\t<\/div>\n\t\t\t\t<\/div>\n\t\t\t\t<div class=\"elementor-element elementor-element-ad36f9b elementor-widget-mobile__width-initial elementor-widget elementor-widget-text-editor\" data-id=\"ad36f9b\" data-element_type=\"widget\" data-e-type=\"widget\" data-widget_type=\"text-editor.default\">\n\t\t\t\t<div class=\"elementor-widget-container\">\n\t\t\t\t\t\t\t\t\t<p>MAZANHO BOIS vous offre des \u00e9l\u00e9ments de quincaillerie en fonction de l\u2018usage d\u00e9fini par l\u2018application. Ces \u00e9l\u00e9ments sont choisis chez des fournisseurs respectant des normes de qualit\u00e9. \u00c0 la demande nous vous procurons les diff\u00e9rents certificats.\u00a0<\/p>\t\t\t\t\t\t\t\t<\/div>\n\t\t\t\t<\/div>\n\t\t\t\t<div class=\"elementor-element elementor-element-594ebda elementor-widget-divider--view-line elementor-widget elementor-widget-divider\" data-id=\"594ebda\" data-element_type=\"widget\" data-e-type=\"widget\" data-widget_type=\"divider.default\">\n\t\t\t\t<div class=\"elementor-widget-container\">\n\t\t\t\t\t\t\t<div class=\"elementor-divider\">\n\t\t\t<span class=\"elementor-divider-separator\">\n\t\t\t\t\t\t<\/span>\n\t\t<\/div>\n\t\t\t\t\t\t<\/div>\n\t\t\t\t<\/div>\n\t\t\t\t<div class=\"elementor-element elementor-element-7c31f83 elementor-widget__width-initial elementor-widget elementor-widget-image\" data-id=\"7c31f83\" data-element_type=\"widget\" data-e-type=\"widget\" data-widget_type=\"image.default\">\n\t\t\t\t<div class=\"elementor-widget-container\">\n\t\t\t\t\t\t\t\t\t\t\t\t\t\t\t<img fetchpriority=\"high\" decoding=\"async\" width=\"821\" height=\"479\" src=\"https:\/\/mazanho-bois.com\/wp-content\/uploads\/2023\/05\/capi1.png\" class=\"attachment-full size-full wp-image-5904\" alt=\"\" srcset=\"https:\/\/mazanho-bois.com\/wp-content\/uploads\/2023\/05\/capi1.png 821w, https:\/\/mazanho-bois.com\/wp-content\/uploads\/2023\/05\/capi1-300x175.png 300w, https:\/\/mazanho-bois.com\/wp-content\/uploads\/2023\/05\/capi1-768x448.png 768w, https:\/\/mazanho-bois.com\/wp-content\/uploads\/2023\/05\/capi1-18x12.png 18w\" sizes=\"(max-width: 821px) 100vw, 821px\" \/>\t\t\t\t\t\t\t\t\t\t\t\t\t\t\t<\/div>\n\t\t\t\t<\/div>\n\t\t\t\t<div class=\"elementor-element elementor-element-c0caff6 elementor-widget-divider--view-line elementor-widget elementor-widget-divider\" data-id=\"c0caff6\" data-element_type=\"widget\" data-e-type=\"widget\" data-widget_type=\"divider.default\">\n\t\t\t\t<div class=\"elementor-widget-container\">\n\t\t\t\t\t\t\t<div class=\"elementor-divider\">\n\t\t\t<span class=\"elementor-divider-separator\">\n\t\t\t\t\t\t<\/span>\n\t\t<\/div>\n\t\t\t\t\t\t<\/div>\n\t\t\t\t<\/div>\n\t\t\t\t<div class=\"elementor-element elementor-element-39b8ca5 elementor-widget-divider--view-line elementor-widget elementor-widget-divider\" data-id=\"39b8ca5\" data-element_type=\"widget\" data-e-type=\"widget\" data-widget_type=\"divider.default\">\n\t\t\t\t<div class=\"elementor-widget-container\">\n\t\t\t\t\t\t\t<div class=\"elementor-divider\">\n\t\t\t<span class=\"elementor-divider-separator\">\n\t\t\t\t\t\t<\/span>\n\t\t<\/div>\n\t\t\t\t\t\t<\/div>\n\t\t\t\t<\/div>\n\t\t\t\t<div class=\"elementor-element elementor-element-fef9599 elementor-widget__width-initial elementor-widget elementor-widget-image\" data-id=\"fef9599\" data-element_type=\"widget\" data-e-type=\"widget\" data-widget_type=\"image.default\">\n\t\t\t\t<div class=\"elementor-widget-container\">\n\t\t\t\t\t\t\t\t\t\t\t\t\t\t\t<img decoding=\"async\" width=\"816\" height=\"478\" src=\"https:\/\/mazanho-bois.com\/wp-content\/uploads\/2023\/05\/capi2.png\" class=\"attachment-full size-full wp-image-5905\" alt=\"\" srcset=\"https:\/\/mazanho-bois.com\/wp-content\/uploads\/2023\/05\/capi2.png 816w, https:\/\/mazanho-bois.com\/wp-content\/uploads\/2023\/05\/capi2-300x176.png 300w, https:\/\/mazanho-bois.com\/wp-content\/uploads\/2023\/05\/capi2-768x450.png 768w, https:\/\/mazanho-bois.com\/wp-content\/uploads\/2023\/05\/capi2-18x12.png 18w\" sizes=\"(max-width: 816px) 100vw, 816px\" \/>\t\t\t\t\t\t\t\t\t\t\t\t\t\t\t<\/div>\n\t\t\t\t<\/div>\n\t\t\t\t<div class=\"elementor-element elementor-element-dad5470 elementor-widget-divider--view-line elementor-widget elementor-widget-divider\" data-id=\"dad5470\" data-element_type=\"widget\" data-e-type=\"widget\" data-widget_type=\"divider.default\">\n\t\t\t\t<div class=\"elementor-widget-container\">\n\t\t\t\t\t\t\t<div class=\"elementor-divider\">\n\t\t\t<span class=\"elementor-divider-separator\">\n\t\t\t\t\t\t<\/span>\n\t\t<\/div>\n\t\t\t\t\t\t<\/div>\n\t\t\t\t<\/div>\n\t\t\t\t\t<\/div>\n\t\t\t\t<\/div>\n\t\t\t\t<\/div>\n\t\t","protected":false},"excerpt":{"rendered":"<p>Quincaillerie MAZANHO BOIS vous offre des \u00e9l\u00e9ments de quincaillerie en fonction de l\u2018usage d\u00e9fini par l\u2018application. Ces \u00e9l\u00e9ments sont choisis chez des fournisseurs respectant des normes de qualit\u00e9. \u00c0 la demande nous vous procurons les diff\u00e9rents certificats.\u00a0<\/p>\n","protected":false},"author":2,"featured_media":0,"parent":0,"menu_order":0,"comment_status":"closed","ping_status":"closed","template":"elementor_header_footer","meta":{"footnotes":""},"class_list":["post-2972","page","type-page","status-publish","hentry"],"blocksy_meta":[],"_links":{"self":[{"href":"http:\/\/mazanho-bois.com\/fr\/wp-json\/wp\/v2\/pages\/2972","targetHints":{"allow":["GET"]}}],"collection":[{"href":"http:\/\/mazanho-bois.com\/fr\/wp-json\/wp\/v2\/pages"}],"about":[{"href":"http:\/\/mazanho-bois.com\/fr\/wp-json\/wp\/v2\/types\/page"}],"author":[{"embeddable":true,"href":"http:\/\/mazanho-bois.com\/fr\/wp-json\/wp\/v2\/users\/2"}],"replies":[{"embeddable":true,"href":"http:\/\/mazanho-bois.com\/fr\/wp-json\/wp\/v2\/comments?post=2972"}],"version-history":[{"count":49,"href":"http:\/\/mazanho-bois.com\/fr\/wp-json\/wp\/v2\/pages\/2972\/revisions"}],"predecessor-version":[{"id":6073,"href":"http:\/\/mazanho-bois.com\/fr\/wp-json\/wp\/v2\/pages\/2972\/revisions\/6073"}],"wp:attachment":[{"href":"http:\/\/mazanho-bois.com\/fr\/wp-json\/wp\/v2\/media?parent=2972"}],"curies":[{"name":"wp","href":"https:\/\/api.w.org\/{rel}","templated":true}]}}