{"id":4945,"date":"2023-04-11T00:56:17","date_gmt":"2023-04-11T00:56:17","guid":{"rendered":"http:\/\/mazanho-bois.com\/?page_id=4945"},"modified":"2023-04-12T02:41:06","modified_gmt":"2023-04-12T02:41:06","slug":"modularite-bureau-et-table","status":"publish","type":"page","link":"http:\/\/mazanho-bois.com\/fr\/modularite-bureau-et-table","title":{"rendered":"modularit\u00e9 bureau et table"},"content":{"rendered":"\t\t<div data-elementor-type=\"wp-page\" data-elementor-id=\"4945\" class=\"elementor elementor-4945\" data-elementor-post-type=\"page\">\n\t\t\t\t<div class=\"elementor-element elementor-element-a25e3c4 e-flex e-con-boxed e-con e-parent\" data-id=\"a25e3c4\" data-element_type=\"container\" data-e-type=\"container\">\n\t\t\t\t\t<div class=\"e-con-inner\">\n\t\t\t\t\t<\/div>\n\t\t\t\t<\/div>\n\t\t<div class=\"elementor-element elementor-element-f66635f e-con-full e-flex e-con e-parent\" data-id=\"f66635f\" data-element_type=\"container\" data-e-type=\"container\">\n\t\t<div class=\"elementor-element elementor-element-92ceabe e-flex e-con-boxed e-con e-parent\" data-id=\"92ceabe\" data-element_type=\"container\" data-e-type=\"container\">\n\t\t\t\t\t<div class=\"e-con-inner\">\n\t\t\t\t\t<\/div>\n\t\t\t\t<\/div>\n\t\t<div class=\"elementor-element elementor-element-34f628f e-flex e-con-boxed e-con e-parent\" data-id=\"34f628f\" data-element_type=\"container\" data-e-type=\"container\">\n\t\t\t\t\t<div class=\"e-con-inner\">\n\t\t\t\t<div class=\"elementor-element elementor-element-656fe43 elementor-widget elementor-widget-image\" data-id=\"656fe43\" data-element_type=\"widget\" data-e-type=\"widget\" data-widget_type=\"image.default\">\n\t\t\t\t<div class=\"elementor-widget-container\">\n\t\t\t\t\t\t\t\t\t\t\t\t\t\t\t<img fetchpriority=\"high\" decoding=\"async\" width=\"462\" height=\"332\" src=\"https:\/\/mazanho-bois.com\/wp-content\/uploads\/2023\/04\/bumodul.png\" class=\"attachment-full size-full wp-image-4948\" alt=\"\" srcset=\"https:\/\/mazanho-bois.com\/wp-content\/uploads\/2023\/04\/bumodul.png 462w, https:\/\/mazanho-bois.com\/wp-content\/uploads\/2023\/04\/bumodul-300x216.png 300w, https:\/\/mazanho-bois.com\/wp-content\/uploads\/2023\/04\/bumodul-18x12.png 18w\" sizes=\"(max-width: 462px) 100vw, 462px\" \/>\t\t\t\t\t\t\t\t\t\t\t\t\t\t\t<\/div>\n\t\t\t\t<\/div>\n\t\t\t\t<div class=\"elementor-element elementor-element-ab3c9e5 elementor-widget__width-initial elementor-widget-mobile__width-initial elementor-widget elementor-widget-text-editor\" data-id=\"ab3c9e5\" data-element_type=\"widget\" data-e-type=\"widget\" data-widget_type=\"text-editor.default\">\n\t\t\t\t<div class=\"elementor-widget-container\">\n\t\t\t\t\t\t\t\t\t<p>Les tables et bureaux de MAZANHO ob\u00e9issent aux principes de modularit\u00e9 et de la scalabilit\u00e9. Ils peuvent \u00eatre fabriqu\u00e9s en plusieurs variantes:<\/p><ul><li>Avec ou sans tiroirs<\/li><li>Avec ou sans caisson<\/li><li>Longueur variable<\/li><li>Hauteur variable<\/li><li>Pieds en acier ou en aluminium<\/li><\/ul>\t\t\t\t\t\t\t\t<\/div>\n\t\t\t\t<\/div>\n\t\t\t\t\t<\/div>\n\t\t\t\t<\/div>\n\t\t\t\t<\/div>\n\t\t\t\t<\/div>\n\t\t","protected":false},"excerpt":{"rendered":"<p>Les tables et bureaux de MAZANHO ob\u00e9issent aux principes de modularit\u00e9 et de la scalabilit\u00e9. Ils peuvent \u00eatre fabriqu\u00e9s en plusieurs variantes: Avec ou sans tiroirs Avec ou sans caisson Longueur variable Hauteur variable Pieds en acier ou en aluminium<\/p>\n","protected":false},"author":2,"featured_media":0,"parent":0,"menu_order":0,"comment_status":"closed","ping_status":"closed","template":"elementor_header_footer","meta":{"footnotes":""},"class_list":["post-4945","page","type-page","status-publish","hentry"],"blocksy_meta":[],"_links":{"self":[{"href":"http:\/\/mazanho-bois.com\/fr\/wp-json\/wp\/v2\/pages\/4945","targetHints":{"allow":["GET"]}}],"collection":[{"href":"http:\/\/mazanho-bois.com\/fr\/wp-json\/wp\/v2\/pages"}],"about":[{"href":"http:\/\/mazanho-bois.com\/fr\/wp-json\/wp\/v2\/types\/page"}],"author":[{"embeddable":true,"href":"http:\/\/mazanho-bois.com\/fr\/wp-json\/wp\/v2\/users\/2"}],"replies":[{"embeddable":true,"href":"http:\/\/mazanho-bois.com\/fr\/wp-json\/wp\/v2\/comments?post=4945"}],"version-history":[{"count":7,"href":"http:\/\/mazanho-bois.com\/fr\/wp-json\/wp\/v2\/pages\/4945\/revisions"}],"predecessor-version":[{"id":5016,"href":"http:\/\/mazanho-bois.com\/fr\/wp-json\/wp\/v2\/pages\/4945\/revisions\/5016"}],"wp:attachment":[{"href":"http:\/\/mazanho-bois.com\/fr\/wp-json\/wp\/v2\/media?parent=4945"}],"curies":[{"name":"wp","href":"https:\/\/api.w.org\/{rel}","templated":true}]}}