{"id":5383,"date":"2023-04-20T05:09:31","date_gmt":"2023-04-20T05:09:31","guid":{"rendered":"http:\/\/mazanho-bois.com\/?page_id=5383"},"modified":"2023-04-20T08:18:15","modified_gmt":"2023-04-20T08:18:15","slug":"universite-quincaillerie","status":"publish","type":"page","link":"http:\/\/mazanho-bois.com\/fr\/universite-quincaillerie","title":{"rendered":"Universit\u00e9 &#8211; Quincaillerie"},"content":{"rendered":"\t\t<div data-elementor-type=\"wp-page\" data-elementor-id=\"5383\" class=\"elementor elementor-5383\" data-elementor-post-type=\"page\">\n\t\t\t\t<div class=\"elementor-element elementor-element-c24ac9a e-flex e-con-boxed e-con e-parent\" data-id=\"c24ac9a\" data-element_type=\"container\" data-e-type=\"container\">\n\t\t\t\t\t<div class=\"e-con-inner\">\n\t\t\t\t\t<\/div>\n\t\t\t\t<\/div>\n\t\t<div class=\"elementor-element elementor-element-fbdc6fb e-con-full e-flex e-con e-parent\" data-id=\"fbdc6fb\" data-element_type=\"container\" data-e-type=\"container\">\n\t\t\t\t<div class=\"elementor-element elementor-element-72b7b7e elementor-widget-divider--view-line elementor-widget elementor-widget-divider\" data-id=\"72b7b7e\" data-element_type=\"widget\" data-e-type=\"widget\" data-widget_type=\"divider.default\">\n\t\t\t\t<div class=\"elementor-widget-container\">\n\t\t\t\t\t\t\t<div class=\"elementor-divider\">\n\t\t\t<span class=\"elementor-divider-separator\">\n\t\t\t\t\t\t<\/span>\n\t\t<\/div>\n\t\t\t\t\t\t<\/div>\n\t\t\t\t<\/div>\n\t\t\t\t<div class=\"elementor-element elementor-element-97f9701 elementor-widget__width-initial elementor-widget-mobile__width-initial elementor-widget elementor-widget-text-editor\" data-id=\"97f9701\" data-element_type=\"widget\" data-e-type=\"widget\" data-widget_type=\"text-editor.default\">\n\t\t\t\t<div class=\"elementor-widget-container\">\n\t\t\t\t\t\t\t\t\t<p>Les \u00e9tag\u00e8res peuvent aussi \u00eatre fabriqu\u00e9es avec des supports en acier. Le choix entre le system \u00e0 rail simple ou double est fonction du poids des livres et des objets \u00e0 ranger. Le syst\u00e8me \u00e0 rail double supporte plus de charges.<\/p>\t\t\t\t\t\t\t\t<\/div>\n\t\t\t\t<\/div>\n\t\t\t\t<div class=\"elementor-element elementor-element-276033e elementor-widget-divider--view-line elementor-widget elementor-widget-divider\" data-id=\"276033e\" data-element_type=\"widget\" data-e-type=\"widget\" data-widget_type=\"divider.default\">\n\t\t\t\t<div class=\"elementor-widget-container\">\n\t\t\t\t\t\t\t<div class=\"elementor-divider\">\n\t\t\t<span class=\"elementor-divider-separator\">\n\t\t\t\t\t\t<\/span>\n\t\t<\/div>\n\t\t\t\t\t\t<\/div>\n\t\t\t\t<\/div>\n\t\t\t\t<div class=\"elementor-element elementor-element-101b89c elementor-widget-mobile__width-initial elementor-widget elementor-widget-image\" data-id=\"101b89c\" data-element_type=\"widget\" data-e-type=\"widget\" data-widget_type=\"image.default\">\n\t\t\t\t<div class=\"elementor-widget-container\">\n\t\t\t\t\t\t\t\t\t\t\t\t\t\t\t<img fetchpriority=\"high\" decoding=\"async\" width=\"832\" height=\"442\" src=\"https:\/\/mazanho-bois.com\/wp-content\/uploads\/2023\/04\/uniqinca.png\" class=\"attachment-full size-full wp-image-5389\" alt=\"\" srcset=\"https:\/\/mazanho-bois.com\/wp-content\/uploads\/2023\/04\/uniqinca.png 832w, https:\/\/mazanho-bois.com\/wp-content\/uploads\/2023\/04\/uniqinca-300x159.png 300w, https:\/\/mazanho-bois.com\/wp-content\/uploads\/2023\/04\/uniqinca-768x408.png 768w, https:\/\/mazanho-bois.com\/wp-content\/uploads\/2023\/04\/uniqinca-18x10.png 18w\" sizes=\"(max-width: 832px) 100vw, 832px\" \/>\t\t\t\t\t\t\t\t\t\t\t\t\t\t\t<\/div>\n\t\t\t\t<\/div>\n\t\t\t\t<\/div>\n\t\t\t\t<\/div>\n\t\t","protected":false},"excerpt":{"rendered":"<p>Les \u00e9tag\u00e8res peuvent aussi \u00eatre fabriqu\u00e9es avec des supports en acier. Le choix entre le system \u00e0 rail simple ou double est fonction du poids des livres et des objets \u00e0 ranger. Le syst\u00e8me \u00e0 rail double supporte plus de charges.<\/p>\n","protected":false},"author":2,"featured_media":0,"parent":0,"menu_order":0,"comment_status":"closed","ping_status":"closed","template":"elementor_header_footer","meta":{"footnotes":""},"class_list":["post-5383","page","type-page","status-publish","hentry"],"blocksy_meta":[],"_links":{"self":[{"href":"http:\/\/mazanho-bois.com\/fr\/wp-json\/wp\/v2\/pages\/5383","targetHints":{"allow":["GET"]}}],"collection":[{"href":"http:\/\/mazanho-bois.com\/fr\/wp-json\/wp\/v2\/pages"}],"about":[{"href":"http:\/\/mazanho-bois.com\/fr\/wp-json\/wp\/v2\/types\/page"}],"author":[{"embeddable":true,"href":"http:\/\/mazanho-bois.com\/fr\/wp-json\/wp\/v2\/users\/2"}],"replies":[{"embeddable":true,"href":"http:\/\/mazanho-bois.com\/fr\/wp-json\/wp\/v2\/comments?post=5383"}],"version-history":[{"count":7,"href":"http:\/\/mazanho-bois.com\/fr\/wp-json\/wp\/v2\/pages\/5383\/revisions"}],"predecessor-version":[{"id":5396,"href":"http:\/\/mazanho-bois.com\/fr\/wp-json\/wp\/v2\/pages\/5383\/revisions\/5396"}],"wp:attachment":[{"href":"http:\/\/mazanho-bois.com\/fr\/wp-json\/wp\/v2\/media?parent=5383"}],"curies":[{"name":"wp","href":"https:\/\/api.w.org\/{rel}","templated":true}]}}