{"id":145,"date":"2023-02-23T21:37:10","date_gmt":"2023-02-23T21:37:10","guid":{"rendered":"http:\/\/mazanho-bois.com\/?page_id=145"},"modified":"2023-05-28T22:13:37","modified_gmt":"2023-05-28T22:13:37","slug":"portes","status":"publish","type":"page","link":"https:\/\/mazanho-bois.com\/en\/portes","title":{"rendered":"Doors"},"content":{"rendered":"<div data-elementor-type=\"wp-page\" data-elementor-id=\"145\" class=\"elementor elementor-145\" data-elementor-post-type=\"page\">\n\t\t\t\t<div class=\"elementor-element elementor-element-3c48693 e-con-full e-flex e-con e-parent\" data-id=\"3c48693\" data-element_type=\"container\" data-e-type=\"container\">\n\t\t\t\t<\/div>\n\t\t<div class=\"elementor-element elementor-element-585b911 e-con-full e-flex e-con e-parent\" data-id=\"585b911\" data-element_type=\"container\" data-e-type=\"container\">\n\t\t<div class=\"elementor-element elementor-element-0601a3f e-con-full e-flex e-con e-parent\" data-id=\"0601a3f\" data-element_type=\"container\" data-e-type=\"container\">\n\t\t\t\t<div class=\"elementor-element elementor-element-430181c elementor-widget__width-initial elementor-widget-mobile__width-initial elementor-widget elementor-widget-text-editor\" data-id=\"430181c\" data-element_type=\"widget\" data-e-type=\"widget\" data-widget_type=\"text-editor.default\">\n\t\t\t\t<div class=\"elementor-widget-container\">\n\t\t\t\t\t\t\t\t\t<p><img decoding=\"async\" class=\"wp-image-5121 size-medium alignright\" src=\"http:\/\/mazanho-bois.com\/wp-content\/uploads\/2023\/04\/WhatsApp-Image-2023-04-12-at-15.47.03-157x300.jpeg\" alt=\"\" width=\"157\" height=\"300\" srcset=\"https:\/\/mazanho-bois.com\/wp-content\/uploads\/2023\/04\/WhatsApp-Image-2023-04-12-at-15.47.03-157x300.jpeg 157w, https:\/\/mazanho-bois.com\/wp-content\/uploads\/2023\/04\/WhatsApp-Image-2023-04-12-at-15.47.03-6x12.jpeg 6w, https:\/\/mazanho-bois.com\/wp-content\/uploads\/2023\/04\/WhatsApp-Image-2023-04-12-at-15.47.03.jpeg 467w\" sizes=\"(max-width: 157px) 100vw, 157px\" \/><br \/>Our doors are essentially made up of 4 components:<\/p><ul><li style=\"text-align: left;\">The pre-frame<\/li><li style=\"text-align: left;\">The frame,<\/li><li style=\"text-align: left;\">Jointed covers and<\/li><li>The leaf.<\/li><\/ul>\t\t\t\t\t\t\t\t<\/div>\n\t\t\t\t<\/div>\n\t\t\t\t<\/div>\n\t\t\t\t<div class=\"elementor-element elementor-element-da6d8f3 elementor-widget__width-initial elementor-widget elementor-widget-heading\" data-id=\"da6d8f3\" data-element_type=\"widget\" data-e-type=\"widget\" data-widget_type=\"heading.default\">\n\t\t\t\t<div class=\"elementor-widget-container\">\n\t\t\t\t\t<h2 class=\"elementor-heading-title elementor-size-default\">Pre-frames<\/h2>\t\t\t\t<\/div>\n\t\t\t\t<\/div>\n\t\t<div class=\"elementor-element elementor-element-68e44ff e-con-full e-flex e-con e-parent\" data-id=\"68e44ff\" data-element_type=\"container\" data-e-type=\"container\">\n\t\t\t\t<div class=\"elementor-element elementor-element-18594cf elementor-widget__width-initial elementor-widget-mobile__width-initial elementor-widget elementor-widget-text-editor\" data-id=\"18594cf\" data-element_type=\"widget\" data-e-type=\"widget\" data-widget_type=\"text-editor.default\">\n\t\t\t\t<div class=\"elementor-widget-container\">\n\t\t\t\t\t\t\t\t\t<p><img fetchpriority=\"high\" decoding=\"async\" class=\"alignright wp-image-4131 size-full\" src=\"http:\/\/mazanho-bois.com\/wp-content\/uploads\/2023\/04\/image25.png\" alt=\"\" width=\"166\" height=\"443\" srcset=\"https:\/\/mazanho-bois.com\/wp-content\/uploads\/2023\/04\/image25.png 166w, https:\/\/mazanho-bois.com\/wp-content\/uploads\/2023\/04\/image25-112x300.png 112w, https:\/\/mazanho-bois.com\/wp-content\/uploads\/2023\/04\/image25-4x12.png 4w\" sizes=\"(max-width: 166px) 100vw, 166px\" \/>Preframes are usually used to reserve the exact dimensions needed for the door during masonry. They also facilitate the installation and fixing of the door block when it must be held between the walls.<\/p><p>The preframes of MAZANHO BOIS are composed of 3 pieces of wood hardness between 3 and 5.8 (Amouk, Iroko, Movingui, Sappelli, Sipo, Makore, Zingana, ...):<\/p><ul><li>2 jambs (vertical)<\/li><li>1 traverse (horizontal)<\/li><\/ul><p>The technical requirements for pre-frames are minimal because they do not support significant mechanical forces. A hardness between 3 and 5.8 as indicated in the table of our wood species is more than enough (Amouk, Ayous, Iroko, Movingui, Sapelli, Sipo, Makor\u00e9, Zingana etc. ...). The final choice of the specie to use is very often a function of lead times and market prices.<\/p><p>The 3 pieces constituting the preframe have a thickness generally between 25 and 30 mm.  The internal dimensions of the frame are slightly larger than the external dimensions of the door block thanks to a tolerance.<br \/>The standard width of MAZANHO preframes depends on the thickness of the walls:<\/p><ul><li>12 cm on the walls with a thickness of 12 cm<\/li><li>18 cm on the walls with a thickness of 22 or 23 cm.<\/li><\/ul><p>MAZANHO BOIS pre-frames are not obliged to fit the exact thickness of the walls on which they are applied, because MAZANHO BOIS blocks have a technique for adjusting the width of the splay that adapts to the variation of wall thicknesses.<\/p><p>The external dimensions of the preframe define with a tolerance on the perimeter the dimension of the masonry bay. That is, the mounting clearance of the preframe in the bay is proportional to this tolerance.<\/p><p>Le pr\u00e9cadre est scell\u00e9 dans les murs apr\u00e8s fixation par vis et cheville (tire-fond) \u00d86&#215;60 ou avec des pattes de scellement selon les exigences du cahier des charges.<\/p>\t\t\t\t\t\t\t\t<\/div>\n\t\t\t\t<\/div>\n\t\t\t\t<\/div>\n\t\t\t\t<div class=\"elementor-element elementor-element-5f84743 elementor-widget__width-initial elementor-widget-tablet__width-initial elementor-widget-mobile__width-initial elementor-widget elementor-widget-heading\" data-id=\"5f84743\" data-element_type=\"widget\" data-e-type=\"widget\" data-widget_type=\"heading.default\">\n\t\t\t\t<div class=\"elementor-widget-container\">\n\t\t\t\t\t<h2 class=\"elementor-heading-title elementor-size-default\">Frames<\/h2>\t\t\t\t<\/div>\n\t\t\t\t<\/div>\n\t\t<div class=\"elementor-element elementor-element-d04c13f e-con-full e-flex e-con e-parent\" data-id=\"d04c13f\" data-element_type=\"container\" data-e-type=\"container\">\n\t\t\t\t<div class=\"elementor-element elementor-element-6ea4956 elementor-widget__width-initial elementor-widget-mobile__width-initial elementor-widget elementor-widget-text-editor\" data-id=\"6ea4956\" data-element_type=\"widget\" data-e-type=\"widget\" data-widget_type=\"text-editor.default\">\n\t\t\t\t<div class=\"elementor-widget-container\">\n\t\t\t\t\t\t\t\t\t<p>Les murs dans la construction du b\u00e2timent peuvent \u00eatre \u00e9lev\u00e9s avec des parpaings d\u2019\u00e9paisseur diff\u00e9rentes. <img decoding=\"async\" class=\"alignright wp-image-5327\" src=\"http:\/\/mazanho-bois.com\/wp-content\/uploads\/2023\/04\/WhatsApp-Image-2023-04-13-at-14.52.42-1-139x300.jpeg\" alt=\"\" width=\"185\" height=\"400\" srcset=\"https:\/\/mazanho-bois.com\/wp-content\/uploads\/2023\/04\/WhatsApp-Image-2023-04-13-at-14.52.42-1-139x300.jpeg 139w, https:\/\/mazanho-bois.com\/wp-content\/uploads\/2023\/04\/WhatsApp-Image-2023-04-13-at-14.52.42-1-473x1024.jpeg 473w, https:\/\/mazanho-bois.com\/wp-content\/uploads\/2023\/04\/WhatsApp-Image-2023-04-13-at-14.52.42-1-6x12.jpeg 6w, https:\/\/mazanho-bois.com\/wp-content\/uploads\/2023\/04\/WhatsApp-Image-2023-04-13-at-14.52.42-1.jpeg 629w\" sizes=\"(max-width: 185px) 100vw, 185px\" \/>En g\u00e9n\u00e9ral les parpaings avec des \u00e9paisseurs de 10,15 et 20 cm sont les plus utilis\u00e9s dans les travaux publics. Afin de pr\u00e9parer le mur en parpaing au carrelage ou \u00e0 la peinture, il doit \u00eatre cr\u00e9pi. Le cr\u00e9pissage augmente l\u2019\u00e9paisseur du mur en parpaing. La variation des \u00e9paisseurs du cr\u00e9pi, et indirectement des \u00e9paisseurs du mur, influence \u00e9norm\u00e9ment la pose des portes. Tr\u00e8s souvent les \u00e9paisseurs des murs en ma\u00e7onnerie artisanale ne sont pas constantes non seulement dans diff\u00e9rentes sections du b\u00e2timent, mais aussi sur le pourtour d\u2019une m\u00eame baie de porte.<\/p><p>The frames of MAZANHO BOIS easily adapt to variations in wall thicknesses with a technology that makes it easy to assemble and adjust.<\/p>\t\t\t\t\t\t\t\t<\/div>\n\t\t\t\t<\/div>\n\t\t\t\t<\/div>\n\t\t\t\t<div class=\"elementor-element elementor-element-3591f42 elementor-widget__width-initial elementor-widget-mobile__width-initial elementor-widget elementor-widget-heading\" data-id=\"3591f42\" data-element_type=\"widget\" data-e-type=\"widget\" data-widget_type=\"heading.default\">\n\t\t\t\t<div class=\"elementor-widget-container\">\n\t\t\t\t\t<h2 class=\"elementor-heading-title elementor-size-default\">                                                Technology of  MAZANHO doors<\/h2>\t\t\t\t<\/div>\n\t\t\t\t<\/div>\n\t\t<div class=\"elementor-element elementor-element-58ab4cb e-con-full e-flex e-con e-parent\" data-id=\"58ab4cb\" data-element_type=\"container\" data-e-type=\"container\">\n\t\t\t\t<div class=\"elementor-element elementor-element-1bb24b7 elementor-widget__width-initial elementor-widget-mobile__width-initial elementor-widget elementor-widget-text-editor\" data-id=\"1bb24b7\" data-element_type=\"widget\" data-e-type=\"widget\" data-widget_type=\"text-editor.default\">\n\t\t\t\t<div class=\"elementor-widget-container\">\n\t\t\t\t\t\t\t\t\t<p><img loading=\"lazy\" decoding=\"async\" class=\"wp-image-4132 alignright\" src=\"https:\/\/mazanho-bois.com\/wp-content\/uploads\/2023\/04\/image30-1.png\" alt=\"\" width=\"528\" height=\"400\" srcset=\"https:\/\/mazanho-bois.com\/wp-content\/uploads\/2023\/04\/image30-1.png 1192w, https:\/\/mazanho-bois.com\/wp-content\/uploads\/2023\/04\/image30-1-300x228.png 300w, https:\/\/mazanho-bois.com\/wp-content\/uploads\/2023\/04\/image30-1-1024x779.png 1024w, https:\/\/mazanho-bois.com\/wp-content\/uploads\/2023\/04\/image30-1-768x584.png 768w, https:\/\/mazanho-bois.com\/wp-content\/uploads\/2023\/04\/image30-1-16x12.png 16w\" sizes=\"(max-width: 528px) 100vw, 528px\" \/>MAZANHO doors consist of a frame and an opening. The opening is connected to the frame with hinges, which form a vertical axis joint. This type of articulation also gives the opening the name of flap or leaf.<\/p><p>The frame consists of two essential elements:<\/p><ul><li>Splay and<\/li><li>Joint cover<\/li><\/ul><p>The splay is composed of 2 vertical pieces (uprights) and a horizontal piece (crosspiece) that are placed in the bay of the door.<\/p><p>The joint cover is used to cover the space between the bay and the splay.<\/p><p>Our doors are generally based on the concept of flush doors: that is, the thickness of the leaf is equal to the depth of the foliage in which it is fully closed. This form is technically the most favorable for the manufacture of flame and fire doors (compared to overlay doors).<\/p><p>The concept of MAZANHO door frames is illustrated in the figure below.<\/p>\t\t\t\t\t\t\t\t<\/div>\n\t\t\t\t<\/div>\n\t\t\t\t<\/div>\n\t\t<div class=\"elementor-element elementor-element-d3926ce e-con-full e-flex e-con e-parent\" data-id=\"d3926ce\" data-element_type=\"container\" data-e-type=\"container\">\n\t\t\t\t<div class=\"elementor-element elementor-element-e79a92d elementor-widget__width-initial elementor-widget-mobile__width-initial elementor-widget elementor-widget-text-editor\" data-id=\"e79a92d\" data-element_type=\"widget\" data-e-type=\"widget\" data-widget_type=\"text-editor.default\">\n\t\t\t\t<div class=\"elementor-widget-container\">\n\t\t\t\t\t\t\t\t\t<p data-wp-editing=\"1\"><img loading=\"lazy\" decoding=\"async\" class=\"alignright wp-image-4133\" src=\"http:\/\/mazanho-bois.com\/wp-content\/uploads\/2023\/04\/image27.png\" alt=\"\" width=\"211\" height=\"500\" srcset=\"https:\/\/mazanho-bois.com\/wp-content\/uploads\/2023\/04\/image27.png 355w, https:\/\/mazanho-bois.com\/wp-content\/uploads\/2023\/04\/image27-126x300.png 126w, https:\/\/mazanho-bois.com\/wp-content\/uploads\/2023\/04\/image27-5x12.png 5w\" sizes=\"(max-width: 211px) 100vw, 211px\" \/>The splay is composed of 3 pieces (2 vertical uprights and 1 horizontal crosspiece) with grooves. These grooves perform different functions:<\/p><ul><li>Adjustment of the exterior frame to compensate for wall thicknesses both vertically and horizontally<\/li><li>The fitting of the splay mounting tool in the door bay<\/li><li>The assembly of isophonic seals.<\/li><\/ul><p>The struts of MAZANHO doors have a standardized width of 15 cm. This corresponds roughly to the maximum finished width of walls with 10 cm cinder blocks.<\/p><p>Les chambranles ext\u00e9rieurs permettent un ajustement de 30 mm et peuvent facilement s\u2019adapter \u00e0 des \u00e9paisseurs de mur . Un \u00e9cartement d\u2019un minimum de 2 cm et d\u2019un maximum de 4 cm est pr\u00e9vu entre la baie et l\u2019\u00e9brasement.\u00a0<\/p><p><strong>Joint covers<\/strong><\/p><p>The joint-covers covers the connection between the door frame and the masonry bay. We have several types of joint covers depending on the requirements of the door frames (adjustable or not adjustable). These joint covers can be H-shaped or tabbed. The joint covers are H-shaped when the vertical joint cover forms an angle of 90\u00b0 with the horizontal joint-cover. In case this angle is less than 90 \u00b0 we will speak of miter joint covers. Our standard is the H-jointed cover.<\/p><p><strong>Door block<\/strong><\/p><p>The frame or frame, the joined covers and the leaf form the door block. We support you in determining the different dimensions as part of the engineering or taking measurements on site.<img loading=\"lazy\" decoding=\"async\" class=\"wp-image-4134 aligncenter\" src=\"https:\/\/mazanho-bois.com\/wp-content\/uploads\/2023\/04\/image33-1.png\" alt=\"\" width=\"660\" height=\"400\" srcset=\"https:\/\/mazanho-bois.com\/wp-content\/uploads\/2023\/04\/image33-1.png 996w, https:\/\/mazanho-bois.com\/wp-content\/uploads\/2023\/04\/image33-1-300x182.png 300w, https:\/\/mazanho-bois.com\/wp-content\/uploads\/2023\/04\/image33-1-768x467.png 768w, https:\/\/mazanho-bois.com\/wp-content\/uploads\/2023\/04\/image33-1-18x12.png 18w\" sizes=\"(max-width: 660px) 100vw, 660px\" \/><\/p><p><strong>Mounting frames<\/strong><\/p><p>The assembly of the frames of MAZANHO doors does not require the manufacture or installation of pre-frames. The frames can be fixed directly in the bay thanks to sticky polyurethane foams (or with screws and dowels).<\/p><p>The installation is done using a mounting kit. The installation kit attaches to the grooves of the splay and facilitates its positioning while ensuring the right pressure and the same spacing all around the bay during the hardening of the sticky foam. This ensures the parallelism of the vertical uprights and the orthogonality of the crossbeam for a good housing of the leaf in the foliage.<img loading=\"lazy\" decoding=\"async\" class=\"wp-image-5420 aligncenter\" src=\"https:\/\/mazanho-bois.com\/wp-content\/uploads\/2023\/04\/image34-1.png\" alt=\"\" width=\"613\" height=\"400\" srcset=\"https:\/\/mazanho-bois.com\/wp-content\/uploads\/2023\/04\/image34-1.png 1436w, https:\/\/mazanho-bois.com\/wp-content\/uploads\/2023\/04\/image34-1-300x196.png 300w, https:\/\/mazanho-bois.com\/wp-content\/uploads\/2023\/04\/image34-1-1024x667.png 1024w, https:\/\/mazanho-bois.com\/wp-content\/uploads\/2023\/04\/image34-1-768x501.png 768w, https:\/\/mazanho-bois.com\/wp-content\/uploads\/2023\/04\/image34-1-18x12.png 18w\" sizes=\"(max-width: 613px) 100vw, 613px\" \/><\/p>\t\t\t\t\t\t\t\t<\/div>\n\t\t\t\t<\/div>\n\t\t\t\t<\/div>\n\t\t\t\t<\/div>\n\t\t\t\t<\/div>","protected":false},"excerpt":{"rendered":"<p>Nos portes sont essentiellement constitu\u00e9es de 4 composantes\u00a0: Le pr\u00e9cadre, Le cadre, Les couvres joints et Le battant. Pr\u00e9cadres Les pr\u00e9cadres servent g\u00e9n\u00e9ralement \u00e0 r\u00e9server les dimensions exactes n\u00e9cessaires pour la porte pendant la ma\u00e7onnerie. Ils permettent \u00e9galement de faciliter la pose et la fixation du bloc porte quand ce dernier doit \u00eatre retenu entre [&hellip;]<\/p>\n","protected":false},"author":2,"featured_media":0,"parent":0,"menu_order":0,"comment_status":"closed","ping_status":"closed","template":"elementor_header_footer","meta":{"footnotes":""},"class_list":["post-145","page","type-page","status-publish","hentry"],"blocksy_meta":[],"_links":{"self":[{"href":"https:\/\/mazanho-bois.com\/en\/wp-json\/wp\/v2\/pages\/145","targetHints":{"allow":["GET"]}}],"collection":[{"href":"https:\/\/mazanho-bois.com\/en\/wp-json\/wp\/v2\/pages"}],"about":[{"href":"https:\/\/mazanho-bois.com\/en\/wp-json\/wp\/v2\/types\/page"}],"author":[{"embeddable":true,"href":"https:\/\/mazanho-bois.com\/en\/wp-json\/wp\/v2\/users\/2"}],"replies":[{"embeddable":true,"href":"https:\/\/mazanho-bois.com\/en\/wp-json\/wp\/v2\/comments?post=145"}],"version-history":[{"count":175,"href":"https:\/\/mazanho-bois.com\/en\/wp-json\/wp\/v2\/pages\/145\/revisions"}],"predecessor-version":[{"id":5891,"href":"https:\/\/mazanho-bois.com\/en\/wp-json\/wp\/v2\/pages\/145\/revisions\/5891"}],"wp:attachment":[{"href":"https:\/\/mazanho-bois.com\/en\/wp-json\/wp\/v2\/media?parent=145"}],"curies":[{"name":"wp","href":"https:\/\/api.w.org\/{rel}","templated":true}]}}