{"id":151,"date":"2023-02-23T21:38:29","date_gmt":"2023-02-23T21:38:29","guid":{"rendered":"http:\/\/mazanho-bois.com\/?page_id=151"},"modified":"2023-04-24T06:31:03","modified_gmt":"2023-04-24T06:31:03","slug":"sechage-et-vente-de-bois-sec","status":"publish","type":"page","link":"https:\/\/mazanho-bois.com\/en\/sechage-et-vente-de-bois-sec","title":{"rendered":"Drying and sale of dry wood"},"content":{"rendered":"<div data-elementor-type=\"wp-page\" data-elementor-id=\"151\" class=\"elementor elementor-151\" data-elementor-post-type=\"page\">\n\t\t\t\t<div class=\"elementor-element elementor-element-9714062 e-con-full e-flex e-con e-parent\" data-id=\"9714062\" data-element_type=\"container\" data-e-type=\"container\">\n\t\t\t\t<\/div>\n\t\t<div class=\"elementor-element elementor-element-7452b0a e-con-full e-flex e-con e-parent\" data-id=\"7452b0a\" data-element_type=\"container\" data-e-type=\"container\">\n\t\t\t\t<div class=\"elementor-element elementor-element-81db958 elementor-widget-divider--view-line elementor-widget elementor-widget-divider\" data-id=\"81db958\" data-element_type=\"widget\" data-e-type=\"widget\" data-widget_type=\"divider.default\">\n\t\t\t\t<div class=\"elementor-widget-container\">\n\t\t\t\t\t\t\t<div class=\"elementor-divider\">\n\t\t\t<span class=\"elementor-divider-separator\">\n\t\t\t\t\t\t<\/span>\n\t\t<\/div>\n\t\t\t\t\t\t<\/div>\n\t\t\t\t<\/div>\n\t\t\t\t<div class=\"elementor-element elementor-element-63f06ac elementor-widget__width-initial elementor-widget-mobile__width-initial elementor-widget-tablet__width-initial elementor-widget elementor-widget-text-editor\" data-id=\"63f06ac\" data-element_type=\"widget\" data-e-type=\"widget\" data-widget_type=\"text-editor.default\">\n\t\t\t\t<div class=\"elementor-widget-container\">\n\t\t\t\t\t\t\t\t\t<p>Wood is one of the best building materials. It has various advantages such as:<\/p><ul><li style=\"text-align: left;\">Great architectural and aesthetic freedom<\/li><li style=\"text-align: left;\">Good thermal insulation<\/li><li style=\"text-align: left;\">Fire resistance<\/li><li style=\"text-align: left;\">Biod\u00e9gradable<\/li><\/ul><p>In addition he lives and breathes. Mainly this fact unfortunately also gives it a disadvantage in its physical properties directly related to its naturalness, which is of plant origin.<\/p><p>Wood is an anisotropic material, because being essentially made of fiber oriented in the same direction, its physical and especially mechanical characteristics are not identical in all directions.<\/p><p>Cependant l\u2019humidit\u00e9 du bois est sa caract\u00e9ristique physique la plus importante car elle conditionne ses propri\u00e9t\u00e9s m\u00e9caniques, sa stabilit\u00e9 dimensionnelle et sa r\u00e9sistance aux agents biologiques.<\/p><p>Generally after felling, the wood contains a moisture content equivalent to 200%. It is therefore important to dry it so that it loses some of this moisture before using it.<\/p><p>There are two ways to dry wood: natural air drying and artificial drying. Thanks to natural drying, it is generally possible to achieve a reduction in the degree of humidity of 22 to 15%, which is sufficient for exterior carpentry work or structural construction.<\/p><p>However, this humidity level remains very high for in-house work in the building industry or for other industrial applications. This explains the poor quality of the results commonly observed (dimensional retraction, deformation, biological degradation etc ...) over time in wooden structures.<\/p><p>Artificial drying is the solution most considered and proposed by MAZANHO BOIS for all interior carpentry work, because it reduces in a reasonable time the moisture content in the wood between 8 to 15%. It also allows to have dry wood at all times that is to say even in the rainy season<\/p>\t\t\t\t\t\t\t\t<\/div>\n\t\t\t\t<\/div>\n\t\t\t\t<div class=\"elementor-element elementor-element-6e0213e elementor-widget elementor-widget-heading\" data-id=\"6e0213e\" data-element_type=\"widget\" data-e-type=\"widget\" data-widget_type=\"heading.default\">\n\t\t\t\t<div class=\"elementor-widget-container\">\n\t\t\t\t\t<h3 class=\"elementor-heading-title elementor-size-default\">Drying applications<\/h3>\t\t\t\t<\/div>\n\t\t\t\t<\/div>\n\t\t\t\t<div class=\"elementor-element elementor-element-e6f09ef elementor-widget elementor-widget-image\" data-id=\"e6f09ef\" data-element_type=\"widget\" data-e-type=\"widget\" data-widget_type=\"image.default\">\n\t\t\t\t<div class=\"elementor-widget-container\">\n\t\t\t\t\t\t\t\t\t\t\t\t\t\t\t<img fetchpriority=\"high\" decoding=\"async\" width=\"709\" height=\"486\" src=\"http:\/\/mazanho-bois.com\/wp-content\/uploads\/2023\/04\/image4-1.png\" class=\"attachment-large size-large wp-image-1391\" alt=\"\" srcset=\"https:\/\/mazanho-bois.com\/wp-content\/uploads\/2023\/04\/image4-1.png 943w, https:\/\/mazanho-bois.com\/wp-content\/uploads\/2023\/04\/image4-1-300x211.png 300w, https:\/\/mazanho-bois.com\/wp-content\/uploads\/2023\/04\/image4-1-768x540.png 768w, https:\/\/mazanho-bois.com\/wp-content\/uploads\/2023\/04\/image4-1-18x12.png 18w\" sizes=\"(max-width: 709px) 100vw, 709px\" \/>\t\t\t\t\t\t\t\t\t\t\t\t\t\t\t<\/div>\n\t\t\t\t<\/div>\n\t\t<div class=\"elementor-element elementor-element-3f99547 e-con-full e-flex e-con e-parent\" data-id=\"3f99547\" data-element_type=\"container\" data-e-type=\"container\">\n\t\t\t\t<div class=\"elementor-element elementor-element-242f36e elementor-widget__width-initial elementor-widget-tablet__width-initial elementor-widget-mobile__width-initial elementor-widget elementor-widget-text-editor\" data-id=\"242f36e\" data-element_type=\"widget\" data-e-type=\"widget\" data-widget_type=\"text-editor.default\">\n\t\t\t\t<div class=\"elementor-widget-container\">\n\t\t\t\t\t\t\t\t\t<p>MAZANHO BOIS has all the necessary equipment to provide you with wood at the humidity level required for your work.\u00a0 In order to guarantee the quality of our own work, we use nothing but dry wood with a humidity level between 8 to 10%.<\/p>\t\t\t\t\t\t\t\t<\/div>\n\t\t\t\t<\/div>\n\t\t<div class=\"elementor-element elementor-element-dc82ea4 e-con-full e-flex e-con e-parent\" data-id=\"dc82ea4\" data-element_type=\"container\" data-e-type=\"container\">\n\t\t\t\t<div class=\"elementor-element elementor-element-0314803 elementor-position-top elementor-widget elementor-widget-image-box\" data-id=\"0314803\" data-element_type=\"widget\" data-e-type=\"widget\" data-widget_type=\"image-box.default\">\n\t\t\t\t<div class=\"elementor-widget-container\">\n\t\t\t\t\t<div class=\"elementor-image-box-wrapper\"><figure class=\"elementor-image-box-img\"><img decoding=\"async\" width=\"577\" height=\"251\" src=\"https:\/\/mazanho-bois.com\/wp-content\/uploads\/2023\/03\/se.png\" class=\"attachment-full size-full wp-image-1392\" alt=\"\" srcset=\"https:\/\/mazanho-bois.com\/wp-content\/uploads\/2023\/03\/se.png 577w, https:\/\/mazanho-bois.com\/wp-content\/uploads\/2023\/03\/se-300x131.png 300w\" sizes=\"(max-width: 577px) 100vw, 577px\" \/><\/figure><div class=\"elementor-image-box-content\"><p class=\"elementor-image-box-description\">Dryer<\/p><\/div><\/div>\t\t\t\t<\/div>\n\t\t\t\t<\/div>\n\t\t\t\t<div class=\"elementor-element elementor-element-66df943 elementor-position-top elementor-widget elementor-widget-image-box\" data-id=\"66df943\" data-element_type=\"widget\" data-e-type=\"widget\" data-widget_type=\"image-box.default\">\n\t\t\t\t<div class=\"elementor-widget-container\">\n\t\t\t\t\t<div class=\"elementor-image-box-wrapper\"><figure class=\"elementor-image-box-img\"><img decoding=\"async\" width=\"599\" height=\"286\" src=\"https:\/\/mazanho-bois.com\/wp-content\/uploads\/2023\/03\/ap.png\" class=\"attachment-full size-full wp-image-1393\" alt=\"\" srcset=\"https:\/\/mazanho-bois.com\/wp-content\/uploads\/2023\/03\/ap.png 599w, https:\/\/mazanho-bois.com\/wp-content\/uploads\/2023\/03\/ap-300x143.png 300w\" sizes=\"(max-width: 599px) 100vw, 599px\" \/><\/figure><div class=\"elementor-image-box-content\"><p class=\"elementor-image-box-description\">Device to measure moisture<\/p><\/div><\/div>\t\t\t\t<\/div>\n\t\t\t\t<\/div>\n\t\t\t\t<\/div>\n\t\t\t\t<\/div>\n\t\t\t\t<div class=\"elementor-element elementor-element-d400f09 elementor-widget__width-initial elementor-widget-mobile__width-initial elementor-widget-tablet__width-initial elementor-widget elementor-widget-text-editor\" data-id=\"d400f09\" data-element_type=\"widget\" data-e-type=\"widget\" data-widget_type=\"text-editor.default\">\n\t\t\t\t<div class=\"elementor-widget-container\">\n\t\t\t\t\t\t\t\t\t<p>The wood species used are all of tropical origin. They generally come from the forests of Cameroon. The technical characteristics of our woods are mentioned in the table.<\/p>\t\t\t\t\t\t\t\t<\/div>\n\t\t\t\t<\/div>\n\t\t\t\t<div class=\"elementor-element elementor-element-f32972c elementor-widget-mobile__width-initial elementor-widget elementor-widget-image\" data-id=\"f32972c\" data-element_type=\"widget\" data-e-type=\"widget\" data-widget_type=\"image.default\">\n\t\t\t\t<div class=\"elementor-widget-container\">\n\t\t\t\t\t\t\t\t\t\t\t\t\t\t\t<img loading=\"lazy\" decoding=\"async\" width=\"679\" height=\"530\" src=\"http:\/\/mazanho-bois.com\/wp-content\/uploads\/2023\/04\/ventefiche.png\" class=\"attachment-full size-full wp-image-3682\" alt=\"\" srcset=\"https:\/\/mazanho-bois.com\/wp-content\/uploads\/2023\/04\/ventefiche.png 607w, https:\/\/mazanho-bois.com\/wp-content\/uploads\/2023\/04\/ventefiche-300x244.png 300w, https:\/\/mazanho-bois.com\/wp-content\/uploads\/2023\/04\/ventefiche-15x12.png 15w\" sizes=\"(max-width: 679px) 100vw, 679px\" \/>\t\t\t\t\t\t\t\t\t\t\t\t\t\t\t<\/div>\n\t\t\t\t<\/div>\n\t\t\t\t<div class=\"elementor-element elementor-element-957c282 elementor-widget__width-initial elementor-widget-tablet__width-initial elementor-widget-mobile__width-initial elementor-widget elementor-widget-text-editor\" data-id=\"957c282\" data-element_type=\"widget\" data-e-type=\"widget\" data-widget_type=\"text-editor.default\">\n\t\t\t\t<div class=\"elementor-widget-container\">\n\t\t\t\t\t\t\t\t\t<p>Our woods are available in saws of several types and standard sizes:<\/p>\t\t\t\t\t\t\t\t<\/div>\n\t\t\t\t<\/div>\n\t\t\t\t<div class=\"elementor-element elementor-element-24e0ec3 elementor-widget-mobile__width-initial elementor-widget elementor-widget-image\" data-id=\"24e0ec3\" data-element_type=\"widget\" data-e-type=\"widget\" data-widget_type=\"image.default\">\n\t\t\t\t<div class=\"elementor-widget-container\">\n\t\t\t\t\t\t\t\t\t\t\t\t\t\t\t<img loading=\"lazy\" decoding=\"async\" width=\"568\" height=\"132\" src=\"http:\/\/mazanho-bois.com\/wp-content\/uploads\/2023\/04\/ventetab.png\" class=\"attachment-full size-full wp-image-3683\" alt=\"\" srcset=\"https:\/\/mazanho-bois.com\/wp-content\/uploads\/2023\/04\/ventetab.png 563w, https:\/\/mazanho-bois.com\/wp-content\/uploads\/2023\/04\/ventetab-300x68.png 300w, https:\/\/mazanho-bois.com\/wp-content\/uploads\/2023\/04\/ventetab-18x4.png 18w\" sizes=\"(max-width: 568px) 100vw, 568px\" \/>\t\t\t\t\t\t\t\t\t\t\t\t\t\t\t<\/div>\n\t\t\t\t<\/div>\n\t\t\t\t<div class=\"elementor-element elementor-element-5ba5087 elementor-widget__width-initial elementor-widget-mobile__width-initial elementor-widget-tablet__width-initial elementor-widget elementor-widget-text-editor\" data-id=\"5ba5087\" data-element_type=\"widget\" data-e-type=\"widget\" data-widget_type=\"text-editor.default\">\n\t\t\t\t<div class=\"elementor-widget-container\">\n\t\t\t\t\t\t\t\t\t<p>Our sawn wood come from both artisanal and industrial sawing depending on the quantities to order. For large projects, we use industrial sawing with logs that we cut to optimal dimensions in production.\u00a0<\/p>\t\t\t\t\t\t\t\t<\/div>\n\t\t\t\t<\/div>\n\t\t\t\t<\/div>\n\t\t\t\t<\/div>","protected":false},"excerpt":{"rendered":"<p>Le bois est un des meilleurs mat\u00e9riaux de construction. Il poss\u00e8de diff\u00e9rents avantages\u00a0tel que : Grande libert\u00e9 architecturale et esth\u00e9tique Bon isolant thermique R\u00e9sistance au feu Biod\u00e9gradable En plus il vit et respire. Principalement ce fait lui conf\u00e8re malheureusement aussi un d\u00e9savantage dans ses propri\u00e9t\u00e9s physiques directement li\u00e9es \u00e0 son naturel, qui est d\u2019origine v\u00e9g\u00e9tale. [&hellip;]<\/p>\n","protected":false},"author":2,"featured_media":0,"parent":0,"menu_order":0,"comment_status":"closed","ping_status":"closed","template":"elementor_header_footer","meta":{"footnotes":""},"class_list":["post-151","page","type-page","status-publish","hentry"],"blocksy_meta":[],"_links":{"self":[{"href":"https:\/\/mazanho-bois.com\/en\/wp-json\/wp\/v2\/pages\/151","targetHints":{"allow":["GET"]}}],"collection":[{"href":"https:\/\/mazanho-bois.com\/en\/wp-json\/wp\/v2\/pages"}],"about":[{"href":"https:\/\/mazanho-bois.com\/en\/wp-json\/wp\/v2\/types\/page"}],"author":[{"embeddable":true,"href":"https:\/\/mazanho-bois.com\/en\/wp-json\/wp\/v2\/users\/2"}],"replies":[{"embeddable":true,"href":"https:\/\/mazanho-bois.com\/en\/wp-json\/wp\/v2\/comments?post=151"}],"version-history":[{"count":144,"href":"https:\/\/mazanho-bois.com\/en\/wp-json\/wp\/v2\/pages\/151\/revisions"}],"predecessor-version":[{"id":5517,"href":"https:\/\/mazanho-bois.com\/en\/wp-json\/wp\/v2\/pages\/151\/revisions\/5517"}],"wp:attachment":[{"href":"https:\/\/mazanho-bois.com\/en\/wp-json\/wp\/v2\/media?parent=151"}],"curies":[{"name":"wp","href":"https:\/\/api.w.org\/{rel}","templated":true}]}}