{"id":175,"date":"2023-02-24T07:22:20","date_gmt":"2023-02-24T07:22:20","guid":{"rendered":"http:\/\/mazanho-bois.com\/?page_id=175"},"modified":"2024-07-29T07:20:14","modified_gmt":"2024-07-29T07:20:14","slug":"solution-informatique-de-gestion","status":"publish","type":"page","link":"https:\/\/mazanho-bois.com\/en\/solution-informatique-de-gestion","title":{"rendered":"IT Management Solution"},"content":{"rendered":"<div data-elementor-type=\"wp-page\" data-elementor-id=\"175\" class=\"elementor elementor-175\" data-elementor-post-type=\"page\">\n\t\t\t\t<div class=\"elementor-element elementor-element-9191ade e-flex e-con-boxed e-con e-parent\" data-id=\"9191ade\" data-element_type=\"container\" data-e-type=\"container\">\n\t\t\t\t\t<div class=\"e-con-inner\">\n\t\t\t\t\t<\/div>\n\t\t\t\t<\/div>\n\t\t<div class=\"elementor-element elementor-element-7abd2cf e-flex e-con-boxed e-con e-parent\" data-id=\"7abd2cf\" data-element_type=\"container\" data-e-type=\"container\">\n\t\t\t\t\t<div class=\"e-con-inner\">\n\t\t\t\t<div class=\"elementor-element elementor-element-9145471 elementor-widget-divider--view-line elementor-widget elementor-widget-divider\" data-id=\"9145471\" data-element_type=\"widget\" data-e-type=\"widget\" data-widget_type=\"divider.default\">\n\t\t\t\t<div class=\"elementor-widget-container\">\n\t\t\t\t\t\t\t<div class=\"elementor-divider\">\n\t\t\t<span class=\"elementor-divider-separator\">\n\t\t\t\t\t\t<\/span>\n\t\t<\/div>\n\t\t\t\t\t\t<\/div>\n\t\t\t\t<\/div>\n\t\t\t\t<div class=\"elementor-element elementor-element-cdfb4b4 elementor-widget__width-initial elementor-widget-tablet__width-initial elementor-widget-mobile__width-initial elementor-widget elementor-widget-text-editor\" data-id=\"cdfb4b4\" data-element_type=\"widget\" data-e-type=\"widget\" data-widget_type=\"text-editor.default\">\n\t\t\t\t<div class=\"elementor-widget-container\">\n\t\t\t\t\t\t\t\t\t<p>MAZHANO BOIS offers digital solutions in the following areas:<\/p><ul><li>Inventory management in production<\/li><li>Order management<\/li><li>Door Security Management<\/li><li>Employee payroll management<\/li><\/ul><p>The proposed solutions are simple applications in use with intuitive interfaces. They are designed for small and medium-sized businesses.<\/p>\t\t\t\t\t\t\t\t<\/div>\n\t\t\t\t<\/div>\n\t\t\t\t<div class=\"elementor-element elementor-element-aba6240 elementor-widget elementor-widget-image\" data-id=\"aba6240\" data-element_type=\"widget\" data-e-type=\"widget\" data-widget_type=\"image.default\">\n\t\t\t\t<div class=\"elementor-widget-container\">\n\t\t\t\t\t\t\t\t\t\t\t\t\t\t\t<img fetchpriority=\"high\" decoding=\"async\" width=\"1046\" height=\"382\" src=\"http:\/\/mazanho-bois.com\/wp-content\/uploads\/2023\/04\/image25-2.png\" class=\"attachment-full size-full wp-image-5424\" alt=\"\" srcset=\"https:\/\/mazanho-bois.com\/wp-content\/uploads\/2023\/04\/image25-2.png 1031w, https:\/\/mazanho-bois.com\/wp-content\/uploads\/2023\/04\/image25-2-300x111.png 300w, https:\/\/mazanho-bois.com\/wp-content\/uploads\/2023\/04\/image25-2-1024x380.png 1024w, https:\/\/mazanho-bois.com\/wp-content\/uploads\/2023\/04\/image25-2-768x285.png 768w, https:\/\/mazanho-bois.com\/wp-content\/uploads\/2023\/04\/image25-2-18x7.png 18w\" sizes=\"(max-width: 1046px) 100vw, 1046px\" \/>\t\t\t\t\t\t\t\t\t\t\t\t\t\t\t<\/div>\n\t\t\t\t<\/div>\n\t\t\t\t<div class=\"elementor-element elementor-element-ca72013 elementor-widget elementor-widget-heading\" data-id=\"ca72013\" data-element_type=\"widget\" data-e-type=\"widget\" data-widget_type=\"heading.default\">\n\t\t\t\t<div class=\"elementor-widget-container\">\n\t\t\t\t\t<h2 class=\"elementor-heading-title elementor-size-default\">Stock and order management<\/h2>\t\t\t\t<\/div>\n\t\t\t\t<\/div>\n\t\t\t\t<div class=\"elementor-element elementor-element-b0094ed elementor-widget-divider--view-line elementor-widget elementor-widget-divider\" data-id=\"b0094ed\" data-element_type=\"widget\" data-e-type=\"widget\" data-widget_type=\"divider.default\">\n\t\t\t\t<div class=\"elementor-widget-container\">\n\t\t\t\t\t\t\t<div class=\"elementor-divider\">\n\t\t\t<span class=\"elementor-divider-separator\">\n\t\t\t\t\t\t<\/span>\n\t\t<\/div>\n\t\t\t\t\t\t<\/div>\n\t\t\t\t<\/div>\n\t\t\t\t<div class=\"elementor-element elementor-element-a5c79c8 elementor-widget__width-initial elementor-widget elementor-widget-text-editor\" data-id=\"a5c79c8\" data-element_type=\"widget\" data-e-type=\"widget\" data-widget_type=\"text-editor.default\">\n\t\t\t\t<div class=\"elementor-widget-container\">\n\t\t\t\t\t\t\t\t\t<p>Our Easy Manage application is a simple and effective tool in the management of your stock and your orders. It allows you to structure your store with item codes, edit quantities, costs and prices and assign them to different suppliers. By simple configuration, technical or commercial variants can be assigned to the same articles. The database of your suppliers and customers is also managed by the application.\u00a0<\/p><p>It also provides you with tools to easily establish a quote, a proforma, an invoice or a delivery note. At any time, you have an overview of the movements in your stock and can obtain statistics daily, weekly, monthly, quarterly, half-yearly or annually.<\/p>\t\t\t\t\t\t\t\t<\/div>\n\t\t\t\t<\/div>\n\t\t\t\t<div class=\"elementor-element elementor-element-2c33831 elementor-widget elementor-widget-image\" data-id=\"2c33831\" data-element_type=\"widget\" data-e-type=\"widget\" data-widget_type=\"image.default\">\n\t\t\t\t<div class=\"elementor-widget-container\">\n\t\t\t\t\t\t\t\t\t\t\t\t\t\t\t<img decoding=\"async\" width=\"944\" height=\"543\" src=\"https:\/\/mazanho-bois.com\/wp-content\/uploads\/2023\/04\/image26-1.png\" class=\"attachment-full size-full wp-image-5428\" alt=\"\" srcset=\"https:\/\/mazanho-bois.com\/wp-content\/uploads\/2023\/04\/image26-1.png 944w, https:\/\/mazanho-bois.com\/wp-content\/uploads\/2023\/04\/image26-1-300x173.png 300w, https:\/\/mazanho-bois.com\/wp-content\/uploads\/2023\/04\/image26-1-768x442.png 768w, https:\/\/mazanho-bois.com\/wp-content\/uploads\/2023\/04\/image26-1-18x10.png 18w\" sizes=\"(max-width: 944px) 100vw, 944px\" \/>\t\t\t\t\t\t\t\t\t\t\t\t\t\t\t<\/div>\n\t\t\t\t<\/div>\n\t\t\t\t<div class=\"elementor-element elementor-element-8077cce elementor-widget elementor-widget-heading\" data-id=\"8077cce\" data-element_type=\"widget\" data-e-type=\"widget\" data-widget_type=\"heading.default\">\n\t\t\t\t<div class=\"elementor-widget-container\">\n\t\t\t\t\t<h2 class=\"elementor-heading-title elementor-size-default\">Payroll Management<\/h2>\t\t\t\t<\/div>\n\t\t\t\t<\/div>\n\t\t\t\t<div class=\"elementor-element elementor-element-6d9657d elementor-widget-divider--view-line elementor-widget elementor-widget-divider\" data-id=\"6d9657d\" data-element_type=\"widget\" data-e-type=\"widget\" data-widget_type=\"divider.default\">\n\t\t\t\t<div class=\"elementor-widget-container\">\n\t\t\t\t\t\t\t<div class=\"elementor-divider\">\n\t\t\t<span class=\"elementor-divider-separator\">\n\t\t\t\t\t\t<\/span>\n\t\t<\/div>\n\t\t\t\t\t\t<\/div>\n\t\t\t\t<\/div>\n\t\t\t\t<div class=\"elementor-element elementor-element-409339a elementor-widget__width-initial elementor-widget elementor-widget-text-editor\" data-id=\"409339a\" data-element_type=\"widget\" data-e-type=\"widget\" data-widget_type=\"text-editor.default\">\n\t\t\t\t<div class=\"elementor-widget-container\">\n\t\t\t\t\t\t\t\t\t<p>EASYPAY is our solution for human resources and payroll management in companies with nearly 50 employees. This application is designed and developed in accordance with the tax requirements of Cameroonian laws.<\/p><p>Human resources management includes the collection of employees' personal and administrative data, the monitoring of delays, absences and departures.<\/p><p>Payroll management contains the fixing of salary elements (basic salary, allowances, bonuses etc ...) and the calculation of taxes and allowances in accordance with tax laws. The application automatically generates each employee's pay slip, the company's payroll book and the Employee Personnel Information Document (EPID) for the payment of social charges and taxes. <strong>D<\/strong>ocument d\u2019<strong>I<\/strong>nformation sur le <strong>P<\/strong>ersonnel <strong>E<\/strong>mploy\u00e9 (DIPE) pour le payement des redevances sociales et les imp\u00f4ts.<\/p>\t\t\t\t\t\t\t\t<\/div>\n\t\t\t\t<\/div>\n\t\t\t\t<div class=\"elementor-element elementor-element-03aa9c8 elementor-widget elementor-widget-image\" data-id=\"03aa9c8\" data-element_type=\"widget\" data-e-type=\"widget\" data-widget_type=\"image.default\">\n\t\t\t\t<div class=\"elementor-widget-container\">\n\t\t\t\t\t\t\t\t\t\t\t\t\t\t\t<img decoding=\"async\" width=\"1379\" height=\"620\" src=\"http:\/\/mazanho-bois.com\/wp-content\/uploads\/2023\/04\/image27-2.png\" class=\"attachment-full size-full wp-image-5432\" alt=\"\" srcset=\"https:\/\/mazanho-bois.com\/wp-content\/uploads\/2023\/04\/image27-2.png 1360w, https:\/\/mazanho-bois.com\/wp-content\/uploads\/2023\/04\/image27-2-300x135.png 300w, https:\/\/mazanho-bois.com\/wp-content\/uploads\/2023\/04\/image27-2-1024x462.png 1024w, https:\/\/mazanho-bois.com\/wp-content\/uploads\/2023\/04\/image27-2-768x347.png 768w, https:\/\/mazanho-bois.com\/wp-content\/uploads\/2023\/04\/image27-2-18x8.png 18w\" sizes=\"(max-width: 1379px) 100vw, 1379px\" \/>\t\t\t\t\t\t\t\t\t\t\t\t\t\t\t<\/div>\n\t\t\t\t<\/div>\n\t\t\t\t<div class=\"elementor-element elementor-element-218fbee elementor-widget elementor-widget-heading\" data-id=\"218fbee\" data-element_type=\"widget\" data-e-type=\"widget\" data-widget_type=\"heading.default\">\n\t\t\t\t<div class=\"elementor-widget-container\">\n\t\t\t\t\t<h2 class=\"elementor-heading-title elementor-size-default\">Door Security Management<\/h2>\t\t\t\t<\/div>\n\t\t\t\t<\/div>\n\t\t\t\t<div class=\"elementor-element elementor-element-0a229e3 elementor-widget-divider--view-line elementor-widget elementor-widget-divider\" data-id=\"0a229e3\" data-element_type=\"widget\" data-e-type=\"widget\" data-widget_type=\"divider.default\">\n\t\t\t\t<div class=\"elementor-widget-container\">\n\t\t\t\t\t\t\t<div class=\"elementor-divider\">\n\t\t\t<span class=\"elementor-divider-separator\">\n\t\t\t\t\t\t<\/span>\n\t\t<\/div>\n\t\t\t\t\t\t<\/div>\n\t\t\t\t<\/div>\n\t\t\t\t<div class=\"elementor-element elementor-element-45d4a58 elementor-widget__width-initial elementor-widget elementor-widget-text-editor\" data-id=\"45d4a58\" data-element_type=\"widget\" data-e-type=\"widget\" data-widget_type=\"text-editor.default\">\n\t\t\t\t<div class=\"elementor-widget-container\">\n\t\t\t\t\t\t\t\t\t<p>MAZANHO BOIS is your manufacturer of doors in the building. Traditional door security management is done mechanically by cylinder locks and mechanical keys. To manage a group of doors or all doors we then use the cylinder and key systems with partial pass or general pass. Mechanical locking systems can quickly reach their operating limit because lost or counter-manufactured keys are a major security risk.<\/p><p>\u00a0Electronic locking systems, on the other hand, meet all security requirements for many of our applications (administrative buildings, offices, universities, schools, hotels, hospitals, etc.).<\/p><p>MAZANHO BOIS offers door security management solutions by electronic locking. These solutions are based on transponder technology and consist of a physical part (electronic cylinder or handle) and software. \u00a0<\/p><p>The electronic cylinder or handle fits easily on our locks. The software is configurable and configurable according to your requirements. Access rights can be assigned by lock group, individual authorization key, time profile, etc\u2026 . In addition to an hourly profile, each key can be programmed with an expiration date.<\/p>\t\t\t\t\t\t\t\t<\/div>\n\t\t\t\t<\/div>\n\t\t\t\t<div class=\"elementor-element elementor-element-ae1ff3e elementor-widget elementor-widget-image\" data-id=\"ae1ff3e\" data-element_type=\"widget\" data-e-type=\"widget\" data-widget_type=\"image.default\">\n\t\t\t\t<div class=\"elementor-widget-container\">\n\t\t\t\t\t\t\t\t\t\t\t\t\t\t\t<img loading=\"lazy\" decoding=\"async\" width=\"1008\" height=\"758\" src=\"https:\/\/mazanho-bois.com\/wp-content\/uploads\/2023\/04\/image28-3.png\" class=\"attachment-full size-full wp-image-5434\" alt=\"\" srcset=\"https:\/\/mazanho-bois.com\/wp-content\/uploads\/2023\/04\/image28-3.png 1008w, https:\/\/mazanho-bois.com\/wp-content\/uploads\/2023\/04\/image28-3-300x226.png 300w, https:\/\/mazanho-bois.com\/wp-content\/uploads\/2023\/04\/image28-3-768x578.png 768w, https:\/\/mazanho-bois.com\/wp-content\/uploads\/2023\/04\/image28-3-16x12.png 16w\" sizes=\"(max-width: 1008px) 100vw, 1008px\" \/>\t\t\t\t\t\t\t\t\t\t\t\t\t\t\t<\/div>\n\t\t\t\t<\/div>\n\t\t\t\t\t<\/div>\n\t\t\t\t<\/div>\n\t\t\t\t<\/div>","protected":false},"excerpt":{"rendered":"<p>MAZHANO BOIS vous offre des solutions num\u00e9riques dans les domaines suivants\u00a0: Gestion du stock en production Gestion des commandes Gestion de la s\u00e9curit\u00e9 des portes Gestion de la paie des employ\u00e9s Les solutions propos\u00e9es sont des applications simples dans l\u2019utilisation avec des interfaces intuitifs. Ils sont con\u00e7us pour les petites et moyennes entreprises. Gestion du [&hellip;]<\/p>\n","protected":false},"author":2,"featured_media":0,"parent":0,"menu_order":0,"comment_status":"closed","ping_status":"closed","template":"elementor_header_footer","meta":{"footnotes":""},"class_list":["post-175","page","type-page","status-publish","hentry"],"blocksy_meta":[],"_links":{"self":[{"href":"https:\/\/mazanho-bois.com\/en\/wp-json\/wp\/v2\/pages\/175","targetHints":{"allow":["GET"]}}],"collection":[{"href":"https:\/\/mazanho-bois.com\/en\/wp-json\/wp\/v2\/pages"}],"about":[{"href":"https:\/\/mazanho-bois.com\/en\/wp-json\/wp\/v2\/types\/page"}],"author":[{"embeddable":true,"href":"https:\/\/mazanho-bois.com\/en\/wp-json\/wp\/v2\/users\/2"}],"replies":[{"embeddable":true,"href":"https:\/\/mazanho-bois.com\/en\/wp-json\/wp\/v2\/comments?post=175"}],"version-history":[{"count":29,"href":"https:\/\/mazanho-bois.com\/en\/wp-json\/wp\/v2\/pages\/175\/revisions"}],"predecessor-version":[{"id":5479,"href":"https:\/\/mazanho-bois.com\/en\/wp-json\/wp\/v2\/pages\/175\/revisions\/5479"}],"wp:attachment":[{"href":"https:\/\/mazanho-bois.com\/en\/wp-json\/wp\/v2\/media?parent=175"}],"curies":[{"name":"wp","href":"https:\/\/api.w.org\/{rel}","templated":true}]}}