{"id":3265,"date":"2023-03-20T20:12:16","date_gmt":"2023-03-20T20:12:16","guid":{"rendered":"http:\/\/mazanho-bois.com\/?page_id=3265"},"modified":"2023-04-09T00:09:22","modified_gmt":"2023-04-09T00:09:22","slug":"salons-et-fauteuils","status":"publish","type":"page","link":"https:\/\/mazanho-bois.com\/en\/salons-et-fauteuils","title":{"rendered":"lounges and armchairs"},"content":{"rendered":"<div data-elementor-type=\"wp-page\" data-elementor-id=\"3265\" class=\"elementor elementor-3265\" data-elementor-post-type=\"page\">\n\t\t\t\t<div class=\"elementor-element elementor-element-dfc28b1 e-flex e-con-boxed e-con e-parent\" data-id=\"dfc28b1\" data-element_type=\"container\" data-e-type=\"container\">\n\t\t\t\t\t<div class=\"e-con-inner\">\n\t\t\t\t\t<\/div>\n\t\t\t\t<\/div>\n\t\t<div class=\"elementor-element elementor-element-c3b2b6e e-con-full e-flex e-con e-parent\" data-id=\"c3b2b6e\" data-element_type=\"container\" data-e-type=\"container\">\n\t\t<div class=\"elementor-element elementor-element-0bc4140 e-con-full e-flex e-con e-parent\" data-id=\"0bc4140\" data-element_type=\"container\" data-e-type=\"container\">\n\t\t\t\t<div class=\"elementor-element elementor-element-57f0dca elementor-widget-divider--view-line elementor-widget elementor-widget-divider\" data-id=\"57f0dca\" data-element_type=\"widget\" data-e-type=\"widget\" data-widget_type=\"divider.default\">\n\t\t\t\t<div class=\"elementor-widget-container\">\n\t\t\t\t\t\t\t<div class=\"elementor-divider\">\n\t\t\t<span class=\"elementor-divider-separator\">\n\t\t\t\t\t\t<\/span>\n\t\t<\/div>\n\t\t\t\t\t\t<\/div>\n\t\t\t\t<\/div>\n\t\t\t\t<div class=\"elementor-element elementor-element-b530d5b elementor-widget elementor-widget-heading\" data-id=\"b530d5b\" data-element_type=\"widget\" data-e-type=\"widget\" data-widget_type=\"heading.default\">\n\t\t\t\t<div class=\"elementor-widget-container\">\n\t\t\t\t\t<h2 class=\"elementor-heading-title elementor-size-default\">Size<\/h2>\t\t\t\t<\/div>\n\t\t\t\t<\/div>\n\t\t\t\t<div class=\"elementor-element elementor-element-de8d2d4 elementor-widget elementor-widget-image\" data-id=\"de8d2d4\" data-element_type=\"widget\" data-e-type=\"widget\" data-widget_type=\"image.default\">\n\t\t\t\t<div class=\"elementor-widget-container\">\n\t\t\t\t\t\t\t\t\t\t\t\t\t\t\t<img fetchpriority=\"high\" decoding=\"async\" width=\"414\" height=\"203\" src=\"http:\/\/mazanho-bois.com\/wp-content\/uploads\/2023\/04\/canapevanglais.png\" class=\"attachment-full size-full wp-image-4452\" alt=\"\" srcset=\"https:\/\/mazanho-bois.com\/wp-content\/uploads\/2023\/04\/canapevanglais.png 414w, https:\/\/mazanho-bois.com\/wp-content\/uploads\/2023\/04\/canapevanglais-300x148.png 300w, https:\/\/mazanho-bois.com\/wp-content\/uploads\/2023\/04\/canapevanglais-18x9.png 18w\" sizes=\"(max-width: 414px) 100vw, 414px\" \/>\t\t\t\t\t\t\t\t\t\t\t\t\t\t\t<\/div>\n\t\t\t\t<\/div>\n\t\t\t\t<div class=\"elementor-element elementor-element-69d38ad elementor-widget elementor-widget-heading\" data-id=\"69d38ad\" data-element_type=\"widget\" data-e-type=\"widget\" data-widget_type=\"heading.default\">\n\t\t\t\t<div class=\"elementor-widget-container\">\n\t\t\t\t\t<h2 class=\"elementor-heading-title elementor-size-default\">Species and shades\n<\/h2>\t\t\t\t<\/div>\n\t\t\t\t<\/div>\n\t\t\t\t<div class=\"elementor-element elementor-element-416128d elementor-widget elementor-widget-image\" data-id=\"416128d\" data-element_type=\"widget\" data-e-type=\"widget\" data-widget_type=\"image.default\">\n\t\t\t\t<div class=\"elementor-widget-container\">\n\t\t\t\t\t\t\t\t\t\t\t\t\t\t\t<img decoding=\"async\" width=\"578\" height=\"318\" src=\"https:\/\/mazanho-bois.com\/wp-content\/uploads\/2023\/03\/intint.png\" class=\"attachment-full size-full wp-image-3465\" alt=\"\" srcset=\"https:\/\/mazanho-bois.com\/wp-content\/uploads\/2023\/03\/intint.png 578w, https:\/\/mazanho-bois.com\/wp-content\/uploads\/2023\/03\/intint-300x165.png 300w\" sizes=\"(max-width: 578px) 100vw, 578px\" \/>\t\t\t\t\t\t\t\t\t\t\t\t\t\t\t<\/div>\n\t\t\t\t<\/div>\n\t\t\t\t<\/div>\n\t\t<div class=\"elementor-element elementor-element-b0c2195 e-con-full e-flex e-con e-parent\" data-id=\"b0c2195\" data-element_type=\"container\" data-e-type=\"container\">\n\t\t\t\t<div class=\"elementor-element elementor-element-00319ee elementor-widget-divider--view-line elementor-widget elementor-widget-divider\" data-id=\"00319ee\" data-element_type=\"widget\" data-e-type=\"widget\" data-widget_type=\"divider.default\">\n\t\t\t\t<div class=\"elementor-widget-container\">\n\t\t\t\t\t\t\t<div class=\"elementor-divider\">\n\t\t\t<span class=\"elementor-divider-separator\">\n\t\t\t\t\t\t<\/span>\n\t\t<\/div>\n\t\t\t\t\t\t<\/div>\n\t\t\t\t<\/div>\n\t\t\t\t<div class=\"elementor-element elementor-element-211db49 elementor-widget elementor-widget-text-editor\" data-id=\"211db49\" data-element_type=\"widget\" data-e-type=\"widget\" data-widget_type=\"text-editor.default\">\n\t\t\t\t<div class=\"elementor-widget-container\">\n\t\t\t\t\t\t\t\t\t<p>We offer you sofas and armchairs with soft and elegant shapes in several configurations.<\/p>\t\t\t\t\t\t\t\t<\/div>\n\t\t\t\t<\/div>\n\t\t\t\t<div class=\"elementor-element elementor-element-702d87a elementor-widget elementor-widget-text-editor\" data-id=\"702d87a\" data-element_type=\"widget\" data-e-type=\"widget\" data-widget_type=\"text-editor.default\">\n\t\t\t\t<div class=\"elementor-widget-container\">\n\t\t\t\t\t\t\t\t\t<p>The upholstery can be made in fabric, leather or imitation leather. The back and seat are covered with high density foam.<\/p>\t\t\t\t\t\t\t\t<\/div>\n\t\t\t\t<\/div>\n\t\t\t\t<div class=\"elementor-element elementor-element-a1161c3 elementor-widget-divider--view-line elementor-widget elementor-widget-divider\" data-id=\"a1161c3\" data-element_type=\"widget\" data-e-type=\"widget\" data-widget_type=\"divider.default\">\n\t\t\t\t<div class=\"elementor-widget-container\">\n\t\t\t\t\t\t\t<div class=\"elementor-divider\">\n\t\t\t<span class=\"elementor-divider-separator\">\n\t\t\t\t\t\t<\/span>\n\t\t<\/div>\n\t\t\t\t\t\t<\/div>\n\t\t\t\t<\/div>\n\t\t\t\t<div class=\"elementor-element elementor-element-f0e1400 elementor-widget elementor-widget-heading\" data-id=\"f0e1400\" data-element_type=\"widget\" data-e-type=\"widget\" data-widget_type=\"heading.default\">\n\t\t\t\t<div class=\"elementor-widget-container\">\n\t\t\t\t\t<h2 class=\"elementor-heading-title elementor-size-default\"> solid wood<\/h2>\t\t\t\t<\/div>\n\t\t\t\t<\/div>\n\t\t\t\t<div class=\"elementor-element elementor-element-8e3c5fa elementor-widget elementor-widget-image\" data-id=\"8e3c5fa\" data-element_type=\"widget\" data-e-type=\"widget\" data-widget_type=\"image.default\">\n\t\t\t\t<div class=\"elementor-widget-container\">\n\t\t\t\t\t\t\t\t\t\t\t\t\t\t\t<img decoding=\"async\" width=\"781\" height=\"490\" src=\"http:\/\/mazanho-bois.com\/wp-content\/uploads\/2023\/04\/canapeen1.png\" class=\"attachment-full size-full wp-image-4449\" alt=\"\" srcset=\"https:\/\/mazanho-bois.com\/wp-content\/uploads\/2023\/04\/canapeen1.png 794w, https:\/\/mazanho-bois.com\/wp-content\/uploads\/2023\/04\/canapeen1-300x184.png 300w, https:\/\/mazanho-bois.com\/wp-content\/uploads\/2023\/04\/canapeen1-768x472.png 768w, https:\/\/mazanho-bois.com\/wp-content\/uploads\/2023\/04\/canapeen1-18x12.png 18w\" sizes=\"(max-width: 781px) 100vw, 781px\" \/>\t\t\t\t\t\t\t\t\t\t\t\t\t\t\t<\/div>\n\t\t\t\t<\/div>\n\t\t\t\t<div class=\"elementor-element elementor-element-e6a7737 elementor-widget-divider--view-line elementor-widget elementor-widget-divider\" data-id=\"e6a7737\" data-element_type=\"widget\" data-e-type=\"widget\" data-widget_type=\"divider.default\">\n\t\t\t\t<div class=\"elementor-widget-container\">\n\t\t\t\t\t\t\t<div class=\"elementor-divider\">\n\t\t\t<span class=\"elementor-divider-separator\">\n\t\t\t\t\t\t<\/span>\n\t\t<\/div>\n\t\t\t\t\t\t<\/div>\n\t\t\t\t<\/div>\n\t\t\t\t<div class=\"elementor-element elementor-element-190d992 elementor-widget elementor-widget-heading\" data-id=\"190d992\" data-element_type=\"widget\" data-e-type=\"widget\" data-widget_type=\"heading.default\">\n\t\t\t\t<div class=\"elementor-widget-container\">\n\t\t\t\t\t<h2 class=\"elementor-heading-title elementor-size-default\"> Corner sofa<\/h2>\t\t\t\t<\/div>\n\t\t\t\t<\/div>\n\t\t\t\t<div class=\"elementor-element elementor-element-4ec8fc2 elementor-widget elementor-widget-image\" data-id=\"4ec8fc2\" data-element_type=\"widget\" data-e-type=\"widget\" data-widget_type=\"image.default\">\n\t\t\t\t<div class=\"elementor-widget-container\">\n\t\t\t\t\t\t\t\t\t\t\t\t\t\t\t<img loading=\"lazy\" decoding=\"async\" width=\"818\" height=\"317\" src=\"http:\/\/mazanho-bois.com\/wp-content\/uploads\/2023\/04\/canapeen2.png\" class=\"attachment-full size-full wp-image-4450\" alt=\"\" srcset=\"https:\/\/mazanho-bois.com\/wp-content\/uploads\/2023\/04\/canapeen2.png 837w, https:\/\/mazanho-bois.com\/wp-content\/uploads\/2023\/04\/canapeen2-300x112.png 300w, https:\/\/mazanho-bois.com\/wp-content\/uploads\/2023\/04\/canapeen2-768x286.png 768w, https:\/\/mazanho-bois.com\/wp-content\/uploads\/2023\/04\/canapeen2-18x7.png 18w\" sizes=\"(max-width: 818px) 100vw, 818px\" \/>\t\t\t\t\t\t\t\t\t\t\t\t\t\t\t<\/div>\n\t\t\t\t<\/div>\n\t\t\t\t<div class=\"elementor-element elementor-element-ba9892d elementor-widget-divider--view-line elementor-widget elementor-widget-divider\" data-id=\"ba9892d\" data-element_type=\"widget\" data-e-type=\"widget\" data-widget_type=\"divider.default\">\n\t\t\t\t<div class=\"elementor-widget-container\">\n\t\t\t\t\t\t\t<div class=\"elementor-divider\">\n\t\t\t<span class=\"elementor-divider-separator\">\n\t\t\t\t\t\t<\/span>\n\t\t<\/div>\n\t\t\t\t\t\t<\/div>\n\t\t\t\t<\/div>\n\t\t\t\t<div class=\"elementor-element elementor-element-ba232a5 elementor-widget elementor-widget-heading\" data-id=\"ba232a5\" data-element_type=\"widget\" data-e-type=\"widget\" data-widget_type=\"heading.default\">\n\t\t\t\t<div class=\"elementor-widget-container\">\n\t\t\t\t\t<h2 class=\"elementor-heading-title elementor-size-default\"> Living room<\/h2>\t\t\t\t<\/div>\n\t\t\t\t<\/div>\n\t\t\t\t<div class=\"elementor-element elementor-element-4264c65 elementor-widget elementor-widget-image\" data-id=\"4264c65\" data-element_type=\"widget\" data-e-type=\"widget\" data-widget_type=\"image.default\">\n\t\t\t\t<div class=\"elementor-widget-container\">\n\t\t\t\t\t\t\t\t\t\t\t\t\t\t\t<img loading=\"lazy\" decoding=\"async\" width=\"675\" height=\"472\" src=\"https:\/\/mazanho-bois.com\/wp-content\/uploads\/2023\/04\/canape3.png\" class=\"attachment-full size-full wp-image-4451\" alt=\"\" srcset=\"https:\/\/mazanho-bois.com\/wp-content\/uploads\/2023\/04\/canape3.png 675w, https:\/\/mazanho-bois.com\/wp-content\/uploads\/2023\/04\/canape3-300x210.png 300w, https:\/\/mazanho-bois.com\/wp-content\/uploads\/2023\/04\/canape3-18x12.png 18w\" sizes=\"(max-width: 675px) 100vw, 675px\" \/>\t\t\t\t\t\t\t\t\t\t\t\t\t\t\t<\/div>\n\t\t\t\t<\/div>\n\t\t\t\t<\/div>\n\t\t\t\t<\/div>\n\t\t\t\t<\/div>","protected":false},"excerpt":{"rendered":"<p>Dimensions Essences et teintes Nous vous offrons des canap\u00e9s et des fauteuils avec des formes douces et \u00e9l\u00e9gantes en plusieurs configuration. La tapisserie peut \u00eatre faite en tissue, en cuir ou en simili de cuir. Le dossier et l\u2019assise sont rev\u00eatu d\u2019une mousse de grande densit\u00e9. En bois massif Canap\u00e9 d\u2019angle Salon<\/p>","protected":false},"author":2,"featured_media":0,"parent":0,"menu_order":0,"comment_status":"closed","ping_status":"closed","template":"elementor_header_footer","meta":{"footnotes":""},"class_list":["post-3265","page","type-page","status-publish","hentry"],"blocksy_meta":[],"_links":{"self":[{"href":"https:\/\/mazanho-bois.com\/en\/wp-json\/wp\/v2\/pages\/3265","targetHints":{"allow":["GET"]}}],"collection":[{"href":"https:\/\/mazanho-bois.com\/en\/wp-json\/wp\/v2\/pages"}],"about":[{"href":"https:\/\/mazanho-bois.com\/en\/wp-json\/wp\/v2\/types\/page"}],"author":[{"embeddable":true,"href":"https:\/\/mazanho-bois.com\/en\/wp-json\/wp\/v2\/users\/2"}],"replies":[{"embeddable":true,"href":"https:\/\/mazanho-bois.com\/en\/wp-json\/wp\/v2\/comments?post=3265"}],"version-history":[{"count":13,"href":"https:\/\/mazanho-bois.com\/en\/wp-json\/wp\/v2\/pages\/3265\/revisions"}],"predecessor-version":[{"id":4498,"href":"https:\/\/mazanho-bois.com\/en\/wp-json\/wp\/v2\/pages\/3265\/revisions\/4498"}],"wp:attachment":[{"href":"https:\/\/mazanho-bois.com\/en\/wp-json\/wp\/v2\/media?parent=3265"}],"curies":[{"name":"wp","href":"https:\/\/api.w.org\/{rel}","templated":true}]}}