{"id":6057,"date":"2023-05-31T00:08:49","date_gmt":"2023-05-31T00:08:49","guid":{"rendered":"https:\/\/mazanho-bois.com\/?page_id=6057"},"modified":"2023-05-31T00:18:17","modified_gmt":"2023-05-31T00:18:17","slug":"modularite-porte-2-battent","status":"publish","type":"page","link":"https:\/\/mazanho-bois.com\/en\/modularite-porte-2-battent","title":{"rendered":"modularit\u00e9 porte 2 battent"},"content":{"rendered":"<div data-elementor-type=\"wp-page\" data-elementor-id=\"6057\" class=\"elementor elementor-6057\" data-elementor-post-type=\"page\">\n\t\t\t\t<div class=\"elementor-element elementor-element-5e67410 e-flex e-con-boxed e-con e-parent\" data-id=\"5e67410\" data-element_type=\"container\" data-e-type=\"container\">\n\t\t\t\t\t<div class=\"e-con-inner\">\n\t\t\t\t\t<\/div>\n\t\t\t\t<\/div>\n\t\t<div class=\"elementor-element elementor-element-1f0bb61 e-con-full e-flex e-con e-parent\" data-id=\"1f0bb61\" data-element_type=\"container\" data-e-type=\"container\">\n\t\t\t\t<div class=\"elementor-element elementor-element-65a7d8a elementor-widget-divider--view-line elementor-widget elementor-widget-divider\" data-id=\"65a7d8a\" data-element_type=\"widget\" data-e-type=\"widget\" data-widget_type=\"divider.default\">\n\t\t\t\t<div class=\"elementor-widget-container\">\n\t\t\t\t\t\t\t<div class=\"elementor-divider\">\n\t\t\t<span class=\"elementor-divider-separator\">\n\t\t\t\t\t\t<\/span>\n\t\t<\/div>\n\t\t\t\t\t\t<\/div>\n\t\t\t\t<\/div>\n\t\t\t\t<div class=\"elementor-element elementor-element-b70520f elementor-widget__width-initial elementor-widget elementor-widget-text-editor\" data-id=\"b70520f\" data-element_type=\"widget\" data-e-type=\"widget\" data-widget_type=\"text-editor.default\">\n\t\t\t\t<div class=\"elementor-widget-container\">\n\t\t\t\t\t\t\t\t\t<p>MAZANHO BOIS are designed according to the principles of modularity. By superposition or juxtaposition you can obtain doors with transoms and doors with side fixings for the same models. The panels can also be made of glass.<\/p><p>Cette modularit\u00e9 permet aussi l\u2018int\u00e9gration facile d\u2018\u00e9lements de quincaillerie telque:<\/p><ul><li>L\u2018occulus,<\/li><li>The ventilation grille<\/li><li>Le judas,<\/li><li>Etc \u2026<\/li><\/ul>\t\t\t\t\t\t\t\t<\/div>\n\t\t\t\t<\/div>\n\t\t\t\t<div class=\"elementor-element elementor-element-af36b82 elementor-widget elementor-widget-image\" data-id=\"af36b82\" data-element_type=\"widget\" data-e-type=\"widget\" data-widget_type=\"image.default\">\n\t\t\t\t<div class=\"elementor-widget-container\">\n\t\t\t\t\t\t\t\t\t\t\t\t\t\t\t<img fetchpriority=\"high\" decoding=\"async\" width=\"732\" height=\"341\" src=\"https:\/\/mazanho-bois.com\/wp-content\/uploads\/2023\/05\/p2.mod_.png\" class=\"attachment-full size-full wp-image-6033\" alt=\"\" srcset=\"https:\/\/mazanho-bois.com\/wp-content\/uploads\/2023\/05\/p2.mod_.png 732w, https:\/\/mazanho-bois.com\/wp-content\/uploads\/2023\/05\/p2.mod_-300x140.png 300w, https:\/\/mazanho-bois.com\/wp-content\/uploads\/2023\/05\/p2.mod_-18x8.png 18w\" sizes=\"(max-width: 732px) 100vw, 732px\" \/>\t\t\t\t\t\t\t\t\t\t\t\t\t\t\t<\/div>\n\t\t\t\t<\/div>\n\t\t\t\t<\/div>\n\t\t\t\t<\/div>","protected":false},"excerpt":{"rendered":"<p>Les portes MAZANHO sont con\u00e7ues d\u2018ap\u00e8s des principes de modularit\u00e9. Par supperposition ou juxtaposition vous pouvez obtenir pour les m\u00eames mod\u00e8les des portes avec impostes et des portes avec fixes lat\u00e9raux.\u00a0 Les panneaux peuvent aussi se faire en vitre. Cette modularit\u00e9 permet aussi l\u2018int\u00e9gration facile d\u2018\u00e9lements de quincaillerie telque: L\u2018occulus, La grille d\u2018aeration Le judas, [&hellip;]<\/p>\n","protected":false},"author":2,"featured_media":0,"parent":0,"menu_order":0,"comment_status":"closed","ping_status":"closed","template":"elementor_header_footer","meta":{"footnotes":""},"class_list":["post-6057","page","type-page","status-publish","hentry"],"blocksy_meta":[],"_links":{"self":[{"href":"https:\/\/mazanho-bois.com\/en\/wp-json\/wp\/v2\/pages\/6057","targetHints":{"allow":["GET"]}}],"collection":[{"href":"https:\/\/mazanho-bois.com\/en\/wp-json\/wp\/v2\/pages"}],"about":[{"href":"https:\/\/mazanho-bois.com\/en\/wp-json\/wp\/v2\/types\/page"}],"author":[{"embeddable":true,"href":"https:\/\/mazanho-bois.com\/en\/wp-json\/wp\/v2\/users\/2"}],"replies":[{"embeddable":true,"href":"https:\/\/mazanho-bois.com\/en\/wp-json\/wp\/v2\/comments?post=6057"}],"version-history":[{"count":7,"href":"https:\/\/mazanho-bois.com\/en\/wp-json\/wp\/v2\/pages\/6057\/revisions"}],"predecessor-version":[{"id":6070,"href":"https:\/\/mazanho-bois.com\/en\/wp-json\/wp\/v2\/pages\/6057\/revisions\/6070"}],"wp:attachment":[{"href":"https:\/\/mazanho-bois.com\/en\/wp-json\/wp\/v2\/media?parent=6057"}],"curies":[{"name":"wp","href":"https:\/\/api.w.org\/{rel}","templated":true}]}}