{"id":1382,"date":"2023-03-02T11:11:54","date_gmt":"2023-03-02T11:11:54","guid":{"rendered":"http:\/\/mazanho-bois.com\/?page_id=1382"},"modified":"2023-05-03T06:17:21","modified_gmt":"2023-05-03T06:17:21","slug":"ingenierie","status":"publish","type":"page","link":"https:\/\/mazanho-bois.com\/fr\/ingenierie","title":{"rendered":"ing\u00e9nierie"},"content":{"rendered":"\t\t<div data-elementor-type=\"wp-page\" data-elementor-id=\"1382\" class=\"elementor elementor-1382\" data-elementor-post-type=\"page\">\n\t\t\t\t<div class=\"elementor-element elementor-element-eb61e4c e-flex e-con-boxed e-con e-parent\" data-id=\"eb61e4c\" data-element_type=\"container\" data-e-type=\"container\">\n\t\t\t\t\t<div class=\"e-con-inner\">\n\t\t\t\t\t<\/div>\n\t\t\t\t<\/div>\n\t\t<div class=\"elementor-element elementor-element-86ace0c e-con-full e-flex e-con e-parent\" data-id=\"86ace0c\" data-element_type=\"container\" data-e-type=\"container\">\n\t\t\t\t<div class=\"elementor-element elementor-element-29df511 elementor-widget-divider--view-line elementor-widget elementor-widget-divider\" data-id=\"29df511\" data-element_type=\"widget\" data-e-type=\"widget\" data-widget_type=\"divider.default\">\n\t\t\t\t<div class=\"elementor-widget-container\">\n\t\t\t\t\t\t\t<div class=\"elementor-divider\">\n\t\t\t<span class=\"elementor-divider-separator\">\n\t\t\t\t\t\t<\/span>\n\t\t<\/div>\n\t\t\t\t\t\t<\/div>\n\t\t\t\t<\/div>\n\t\t\t\t<div class=\"elementor-element elementor-element-2041d9d elementor-widget__width-initial elementor-widget-tablet__width-initial elementor-widget-mobile__width-initial elementor-widget elementor-widget-text-editor\" data-id=\"2041d9d\" data-element_type=\"widget\" data-e-type=\"widget\" data-widget_type=\"text-editor.default\">\n\t\t\t\t<div class=\"elementor-widget-container\">\n\t\t\t\t\t\t\t\t\t<p>MAZANHO BOIS est votre sp\u00e9cialiste en menuiserie du b\u00e2timent. Notre portfolio comprend\u00a0:<\/p><ul><li>Les ouvertures murales (pr\u00e9cadres, cadre en bois massif)<\/li><li>Les portes (battant isoplane stratifi\u00e9 ou peint, ou en bois massif bien sec, etc\u2026)<\/li><li>Les fen\u00eatres (cadres, battants etc \u2026)<\/li><li>Les lambris pour rev\u00eatement des murs et plafonds<\/li><li>Les parquets pour rev\u00eatement du sol<\/li><li>Les cloisons pour divisions des chambres<\/li><li>Les cuisines modernes<\/li><li>Les armoires pour bureaux, les penderies pour rangement<\/li><li>Les meubles pour salon, salle \u00e0 manger<\/li><li>Le mobilier de salle de classe ( table-banc, bureau de l\u2019enseignant, table de conf\u00e9rence etc \u2026)<\/li><\/ul><p>Nous vous accompagnons dans toutes les phases de construction ou de r\u00e9novation de votre b\u00e2timent et de vos meubles (maison d\u2019habitation, immeuble commercial ou administratif, h\u00f4tels, etc \u2026) en concevant et en produisant tous les ouvrages en bois et en mat\u00e9riaux compos\u00e9s dont vous avez besoin.<\/p><p>Notre approche d\u2019ing\u00e9nierie est int\u00e9grative et g\u00e9n\u00e9ralement constitu\u00e9e de 8 phases ou \u00e9tapes\u00a0:<\/p><ol><li>L\u2019\u00e9tude des exigences du client<\/li><li>La conception technique de l\u2019ouvrage<\/li><li>Le d\u00e9veloppement de l\u2019ouvrage<\/li><li>La r\u00e9alisation d\u2019un prototype<\/li><li>La pose du prototype chez le client<\/li><li>La fabrication en s\u00e9rie<\/li><li>La pose en s\u00e9rie chez le client et<\/li><li>La maintenance<\/li><\/ol><p>1. Etude des exigences du client<\/p><p>Nos commerciaux et nos ing\u00e9nieurs sont \u00e0 votre \u00e9coute pour recueillir tous vos besoins et analyser vos exigences. Nous travaillons en \u00e9troite collaboration avec les architectes, la ma\u00eetrise d\u2019\u0153uvre, le ma\u00eetre d\u2019ouvrage et les autorit\u00e9s pour se rassurer de la parfaite connaissance et de la maitrise du cahier des charges des ouvrages \u00e0 concevoir dans le cadre de votre projet. S\u2019il n\u2019existe aucun cahier de charge nous l\u2019\u00e9laborons avec tous les concern\u00e9s en y apportant notre expertise. C\u2019est cela qui caract\u00e9rise notre approche int\u00e9grative.<\/p><p>Nos descentes sur le terrain nous permettent dans cette phase d\u2019obtenir des informations plus amples et de prendre des mesures dimensionnelles si n\u00e9cessaire. C\u2019est aussi dans cette phase du projet que nous analysons les exigences normatives \u00e9ventuelles et les clarifions avec les autorit\u00e9s comp\u00e9tentes (exemple s\u00e9curit\u00e9 incendie, etc\u2026 ).<\/p><p>2. Conception technique des ouvrages<\/p><p>Notre travail de conception d\u00e9bute apr\u00e8s la finalisation du cahier des charges. Sur la base des informations recueillies, nous concevons vos ouvrages gr\u00e2ce au savoir faires de nos ing\u00e9nieurs, qui ont une parfaite maitrise de leur m\u00e9tier.<\/p><p>Ils sont issus des grandes \u00e9coles d\u2019ing\u00e9nieries des m\u00e9tiers du bois, des construction m\u00e9caniques, d\u2019\u00e9lectrotechnique ainsi que d\u2019informatique et ont des connaissances tr\u00e8s approfondies des technologies du num\u00e9rique.<\/p><p>Nos conceptions sont faites \u00e0 l\u2019aide des outils modernes tel que le Dessin assist\u00e9 par Ordinateur (DAO). Les dessins sont faits aussi bien en 2D qu\u2019en 3D. Dans la phase de conception nous utilisons plus les dessins en 3D afin de montrer au client une photo plus r\u00e9aliste de son ouvrage pour appr\u00e9ciation. La 3D nous permet non seulement de visualiser l\u2019ouvrage dans tous les sens, mais aussi de simuler la position de l\u2019ouvrage dans son environnement futur sous forme d\u2019architecture de l\u2019int\u00e9rieur.<\/p><p>Nos dessins en 3D sont ensuite discut\u00e9s avec toutes les parties prenantes afin d\u2019obtenir la validation des g\u00e9om\u00e9tries, des couleurs et d\u2019autres d\u00e9tails des ouvrages.<\/p><p>Les interfaces de nos syst\u00e8mes de DAO permettent aussi la lecture de nos mod\u00e8les 3D par plusieurs syst\u00e8mes DAO utilis\u00e9s par les architectes.<\/p><p>3.3.3. D\u00e9veloppement des ouvrages<\/p><p>Le d\u00e9veloppement se fait \u00e0 la suite de la validation des mod\u00e8les 3D des ouvrages con\u00e7us. Les diff\u00e9rentes pi\u00e8ces ou assemblages des mod\u00e8les 3D sont d\u00e9taill\u00e9s en 2D pour un calcul de r\u00e9sistance des mat\u00e9riaux. Sur la base de l\u2019essence de bois ou du mat\u00e9riau choisi, les pi\u00e8ces ou les assemblages sont d\u00e9finitivement dimensionn\u00e9s afin de pouvoir r\u00e9sister aux efforts auxquels ils seront soumis.<\/p><p>C\u2019est aussi pendant cette phase que nous choisissons les \u00e9l\u00e9ments de quincaillerie en fonction de l\u2019usage de l\u2019ouvrage et des contraintes m\u00e9caniques. Par exemple une porte de chambre en priv\u00e9 qui s\u2019ouvre et se ferme 10 fois par jour n\u2019aura pas les m\u00eames exigences pour la serrure qu\u2019une porte de bureau publique qui s\u2019ouvre et se ferme au moins 10 fois en une heure tous les jours. \u00a0<\/p><p>A notre d\u00e9veloppement est rattach\u00e9 un bureau des m\u00e9thodes o\u00f9 \u00e0 partir de nos dessins 2D nous d\u00e9finissons tout le processus de fabrication avec la gamme d\u2019usinage et les plans de control de la qualit\u00e9. Notre bureau des m\u00e9thodes s\u2019occupe aussi de la d\u00e9finition des \u00e9tats de surface des pi\u00e8ces et des assemblages afin d\u2019obtenir en fabrication les placages ou teintures exig\u00e9es dans les cahiers de charge.<\/p><p>4. R\u00e9alisation des prototypes<\/p><p>En accord avec le client, nous r\u00e9alisons sur la base de nos dessins de d\u00e9finition et des r\u00e9sultats de notre bureaux des m\u00e9thodes de prototypes des ouvrages. Cette phase nous permet de d\u00e9velopper et de v\u00e9rifier l\u2019outillage n\u00e9cessaire \u00e0 la fabrication, les fournisseurs et tous les processus de qualit\u00e9.<\/p><p>Il permet aussi de valider la conception et le d\u00e9veloppement de l\u2019ouvrage dans nos processus internes avant de le pr\u00e9senter au client.<\/p><p>\u00a0<\/p><p>5. Pose du prototype chez le client<\/p><p>Une fois le prototype de l\u2019ouvrage termin\u00e9 dans nos ateliers, nous le posons au chantier ou chez le client. L\u2019objectif est de montrer sur un mod\u00e8le r\u00e9el, les r\u00e9sultats de notre conception, d\u00e9veloppement et fabrication afin que tous les concern\u00e9s puissent valider la conformit\u00e9 par rapport au cahier des charges.<\/p><p>\u00a06. Fabrication en s\u00e9rie<\/p><p>Apr\u00e8s la pose et la validation du prototype au chantier, nous fabriquons les ouvrages en s\u00e9rie. Dans cette \u00e9tape nous d\u00e9conseillons toutes modifications, car elles engendreraient des co\u00fbts suppl\u00e9mentaires et des retards dans l\u2019ex\u00e9cution du chantier.<\/p><p>7. Pose en s\u00e9rie chez le client<\/p><p>Nous disposons de tous les \u00e9quipements et du personnel n\u00e9cessaires pour la pose des ouvrages de s\u00e9rie dans les chantiers. En collaboration avec les concern\u00e9s, nous \u00e9laborons un plan de pose afin d\u2019\u00e9viter les collisions de t\u00e2ches sur les chantiers.<\/p><p>Nos techniques de pose sont con\u00e7ues de mani\u00e8re \u00e0 \u00eatre effectif en temps, tout en garantissant une bonne qualit\u00e9 de l\u2019ouvrage et la s\u00e9curit\u00e9 de nos employ\u00e9s.\u00a0\u00a0<\/p><p>\u00a0<\/p><p>8. Maintenance<\/p><p>Tout ouvrage peut \u00eatre sujet \u00e0 une anomalie d\u2019usage, au vieillissement ou \u00e0 un entretient. Dans le cadre de nos services d\u2019ing\u00e9nierie, nous vous proposons la maintenance de vos ouvrages.<\/p><p>Notre concept de maintenance est bas\u00e9 sur 3 points\u00a0:<\/p><ul><li>L\u2019inspection,<\/li><li>La r\u00e9paration et<\/li><li>La r\u00e9novation.<\/li><\/ul><p>Dans le cadre de l\u2019inspection, nous v\u00e9rifions \u00e0 l\u2019\u0153il nu, au toucher ou avec de appareils de mesures l\u2019\u00e9tat de vos ouvrages et vous donnons l\u2019estimation sur la dur\u00e9e de vie restante.<\/p><p>Pour la r\u00e9paration, nous analysons apr\u00e8s inspection les dommages sur votre ouvrage et vous proposons des solutions d\u2019am\u00e9lioration des d\u00e9faillances constat\u00e9es.<\/p><p>La r\u00e9novation quant \u00e0 elle consiste \u00e0 am\u00e9liorer en g\u00e9n\u00e9ral l\u2019\u00e9tat de vos ouvrages, tant sur le plan visuel que fonctionnelle \u00e0 cause d\u2019un vieillissement, un endommagement ou un d\u00e9faut. Elle peut se faire par simple renouvellement des \u00e9tats de surface de l\u2019ouvrage ou en changeant quelques pi\u00e8ces endommag\u00e9es de l\u2019ouvrage voir m\u00eame en rempla\u00e7ant l\u2019ouvrage en question. Si le remplacement de tout l\u2019ouvrage a aussi pour effet l\u2019augmentation de sa fonctionnalit\u00e9, nous parlerons aussi de modernisation.<\/p>\t\t\t\t\t\t\t\t<\/div>\n\t\t\t\t<\/div>\n\t\t\t\t<\/div>\n\t\t\t\t<\/div>\n\t\t","protected":false},"excerpt":{"rendered":"<p>MAZANHO BOIS est votre sp\u00e9cialiste en menuiserie du b\u00e2timent. Notre portfolio comprend\u00a0: Les ouvertures murales (pr\u00e9cadres, cadre en bois massif) Les portes (battant isoplane stratifi\u00e9 ou peint, ou en bois massif bien sec, etc\u2026) Les fen\u00eatres (cadres, battants etc \u2026) Les lambris pour rev\u00eatement des murs et plafonds Les parquets pour rev\u00eatement du sol Les [&hellip;]<\/p>\n","protected":false},"author":2,"featured_media":0,"parent":0,"menu_order":0,"comment_status":"closed","ping_status":"closed","template":"elementor_header_footer","meta":{"footnotes":""},"class_list":["post-1382","page","type-page","status-publish","hentry"],"blocksy_meta":[],"_links":{"self":[{"href":"https:\/\/mazanho-bois.com\/fr\/wp-json\/wp\/v2\/pages\/1382","targetHints":{"allow":["GET"]}}],"collection":[{"href":"https:\/\/mazanho-bois.com\/fr\/wp-json\/wp\/v2\/pages"}],"about":[{"href":"https:\/\/mazanho-bois.com\/fr\/wp-json\/wp\/v2\/types\/page"}],"author":[{"embeddable":true,"href":"https:\/\/mazanho-bois.com\/fr\/wp-json\/wp\/v2\/users\/2"}],"replies":[{"embeddable":true,"href":"https:\/\/mazanho-bois.com\/fr\/wp-json\/wp\/v2\/comments?post=1382"}],"version-history":[{"count":20,"href":"https:\/\/mazanho-bois.com\/fr\/wp-json\/wp\/v2\/pages\/1382\/revisions"}],"predecessor-version":[{"id":6123,"href":"https:\/\/mazanho-bois.com\/fr\/wp-json\/wp\/v2\/pages\/1382\/revisions\/6123"}],"wp:attachment":[{"href":"https:\/\/mazanho-bois.com\/fr\/wp-json\/wp\/v2\/media?parent=1382"}],"curies":[{"name":"wp","href":"https:\/\/api.w.org\/{rel}","templated":true}]}}