{"id":145,"date":"2023-02-23T21:37:10","date_gmt":"2023-02-23T21:37:10","guid":{"rendered":"http:\/\/mazanho-bois.com\/?page_id=145"},"modified":"2023-05-28T22:13:37","modified_gmt":"2023-05-28T22:13:37","slug":"portes","status":"publish","type":"page","link":"https:\/\/mazanho-bois.com\/fr\/portes","title":{"rendered":"Portes"},"content":{"rendered":"\t\t<div data-elementor-type=\"wp-page\" data-elementor-id=\"145\" class=\"elementor elementor-145\" data-elementor-post-type=\"page\">\n\t\t\t\t<div class=\"elementor-element elementor-element-3c48693 e-con-full e-flex e-con e-parent\" data-id=\"3c48693\" data-element_type=\"container\" data-e-type=\"container\">\n\t\t\t\t<\/div>\n\t\t<div class=\"elementor-element elementor-element-585b911 e-con-full e-flex e-con e-parent\" data-id=\"585b911\" data-element_type=\"container\" data-e-type=\"container\">\n\t\t<div class=\"elementor-element elementor-element-0601a3f e-con-full e-flex e-con e-parent\" data-id=\"0601a3f\" data-element_type=\"container\" data-e-type=\"container\">\n\t\t\t\t<div class=\"elementor-element elementor-element-430181c elementor-widget__width-initial elementor-widget-mobile__width-initial elementor-widget elementor-widget-text-editor\" data-id=\"430181c\" data-element_type=\"widget\" data-e-type=\"widget\" data-widget_type=\"text-editor.default\">\n\t\t\t\t<div class=\"elementor-widget-container\">\n\t\t\t\t\t\t\t\t\t<p><img decoding=\"async\" class=\"wp-image-5121 size-medium alignright\" src=\"http:\/\/mazanho-bois.com\/wp-content\/uploads\/2023\/04\/WhatsApp-Image-2023-04-12-at-15.47.03-157x300.jpeg\" alt=\"\" width=\"157\" height=\"300\" srcset=\"https:\/\/mazanho-bois.com\/wp-content\/uploads\/2023\/04\/WhatsApp-Image-2023-04-12-at-15.47.03-157x300.jpeg 157w, https:\/\/mazanho-bois.com\/wp-content\/uploads\/2023\/04\/WhatsApp-Image-2023-04-12-at-15.47.03-6x12.jpeg 6w, https:\/\/mazanho-bois.com\/wp-content\/uploads\/2023\/04\/WhatsApp-Image-2023-04-12-at-15.47.03.jpeg 467w\" sizes=\"(max-width: 157px) 100vw, 157px\" \/><br \/>Nos portes sont essentiellement constitu\u00e9es de 4 composantes\u00a0:<\/p><ul><li style=\"text-align: left;\">Le pr\u00e9cadre,<\/li><li style=\"text-align: left;\">Le cadre,<\/li><li style=\"text-align: left;\">Les couvres joints et<\/li><li>Le battant.<\/li><\/ul>\t\t\t\t\t\t\t\t<\/div>\n\t\t\t\t<\/div>\n\t\t\t\t<\/div>\n\t\t\t\t<div class=\"elementor-element elementor-element-da6d8f3 elementor-widget__width-initial elementor-widget elementor-widget-heading\" data-id=\"da6d8f3\" data-element_type=\"widget\" data-e-type=\"widget\" data-widget_type=\"heading.default\">\n\t\t\t\t<div class=\"elementor-widget-container\">\n\t\t\t\t\t<h2 class=\"elementor-heading-title elementor-size-default\">Pr\u00e9cadres<\/h2>\t\t\t\t<\/div>\n\t\t\t\t<\/div>\n\t\t<div class=\"elementor-element elementor-element-68e44ff e-con-full e-flex e-con e-parent\" data-id=\"68e44ff\" data-element_type=\"container\" data-e-type=\"container\">\n\t\t\t\t<div class=\"elementor-element elementor-element-18594cf elementor-widget__width-initial elementor-widget-mobile__width-initial elementor-widget elementor-widget-text-editor\" data-id=\"18594cf\" data-element_type=\"widget\" data-e-type=\"widget\" data-widget_type=\"text-editor.default\">\n\t\t\t\t<div class=\"elementor-widget-container\">\n\t\t\t\t\t\t\t\t\t<p><img fetchpriority=\"high\" decoding=\"async\" class=\"alignright wp-image-4131 size-full\" src=\"http:\/\/mazanho-bois.com\/wp-content\/uploads\/2023\/04\/image25.png\" alt=\"\" width=\"166\" height=\"443\" srcset=\"https:\/\/mazanho-bois.com\/wp-content\/uploads\/2023\/04\/image25.png 166w, https:\/\/mazanho-bois.com\/wp-content\/uploads\/2023\/04\/image25-112x300.png 112w, https:\/\/mazanho-bois.com\/wp-content\/uploads\/2023\/04\/image25-4x12.png 4w\" sizes=\"(max-width: 166px) 100vw, 166px\" \/>Les pr\u00e9cadres servent g\u00e9n\u00e9ralement \u00e0 r\u00e9server les dimensions exactes n\u00e9cessaires pour la porte pendant la ma\u00e7onnerie. Ils permettent \u00e9galement de faciliter la pose et la fixation du bloc porte quand ce dernier doit \u00eatre retenu entre les murs.<\/p><p>Les pr\u00e9cadres de MAZANHO BOIS sont compos\u00e9s de 3 pi\u00e8ces en bois de duret\u00e9 comprise entre 3 et 5,8\u00a0(Amouk, Iroko, Movingui, Sappelli, Sipo, Makore, Zingana, \u2026):<\/p><ul><li>2 montants (verticaux)<\/li><li>1 traverse (horizontale)<\/li><\/ul><p>Les exigences techniques aux pr\u00e9cadres sont minimales parce qu\u2019ils ne supportent pas des efforts m\u00e9caniques importantes. Une duret\u00e9 comprise entre 3 et 5,8 comme indiqu\u00e9e dans le tableau de nos essences de bois est largement suffisante ( Amouk, Ayous, Iroko, Movingui, Sapelli, Sipo, Makor\u00e9, Zingana etc. \u2026). Le choix d\u00e9finitif de l\u2019essence \u00e0 utiliser est tr\u00e8s souvent fonction des d\u00e9lais d\u2019approvisionnement et des prix sur le march\u00e9.<\/p><p>Les 3 pi\u00e8ces constituant le pr\u00e9cadre ont une \u00e9paisseur en g\u00e9n\u00e9ral comprise entre 25 et 30 mm. Les dimensions int\u00e9rieures du cadre sont l\u00e9g\u00e8rement sup\u00e9rieures aux dimensions externes du bloc porte gr\u00e2ce \u00e0 une tol\u00e9rance.<br \/>La largeur standard des pr\u00e9cadres MAZANHO est fonction de l\u2019\u00e9paisseur des murs :<\/p><ul><li>12 cm sur les murs avec une \u00e9paisseur de 12 cm<\/li><li>18 cm sur les murs avec une \u00e9paisseur de 22 ou 23 cm.<\/li><\/ul><p>Les pr\u00e9cadres de MAZANHO BOIS ne sont pas oblig\u00e9s d\u2019\u00e9pouser l\u2019\u00e9paisseur exacte des murs sur lesquels ils sont appliqu\u00e9s, parce que les blocs portes MAZANHO dispose d\u2019une technique de r\u00e9glage de la largeur d\u2019\u00e9brasement qui s\u2019adapte \u00e0 la variation des \u00e9paisseurs des murs.<\/p><p>Les dimensions ext\u00e9rieures du pr\u00e9cadre d\u00e9finissent avec une tol\u00e9rance de +2 cm sur le pourtour la dimension de la baie de ma\u00e7onnerie. C\u2019est-\u00e0-dire que le jeu de montage du pr\u00e9cadre dans la baie est de 2 cm.<\/p><p>Le pr\u00e9cadre est scell\u00e9 dans les murs apr\u00e8s fixation par vis et cheville (tire-fond) \u00d86&#215;60 ou avec des pattes de scellement selon les exigences du cahier des charges.<\/p>\t\t\t\t\t\t\t\t<\/div>\n\t\t\t\t<\/div>\n\t\t\t\t<\/div>\n\t\t\t\t<div class=\"elementor-element elementor-element-5f84743 elementor-widget__width-initial elementor-widget-tablet__width-initial elementor-widget-mobile__width-initial elementor-widget elementor-widget-heading\" data-id=\"5f84743\" data-element_type=\"widget\" data-e-type=\"widget\" data-widget_type=\"heading.default\">\n\t\t\t\t<div class=\"elementor-widget-container\">\n\t\t\t\t\t<h2 class=\"elementor-heading-title elementor-size-default\">Cadres<\/h2>\t\t\t\t<\/div>\n\t\t\t\t<\/div>\n\t\t<div class=\"elementor-element elementor-element-d04c13f e-con-full e-flex e-con e-parent\" data-id=\"d04c13f\" data-element_type=\"container\" data-e-type=\"container\">\n\t\t\t\t<div class=\"elementor-element elementor-element-6ea4956 elementor-widget__width-initial elementor-widget-mobile__width-initial elementor-widget elementor-widget-text-editor\" data-id=\"6ea4956\" data-element_type=\"widget\" data-e-type=\"widget\" data-widget_type=\"text-editor.default\">\n\t\t\t\t<div class=\"elementor-widget-container\">\n\t\t\t\t\t\t\t\t\t<p>Les murs dans la construction du b\u00e2timent peuvent \u00eatre \u00e9lev\u00e9s avec des parpaings d\u2019\u00e9paisseur diff\u00e9rentes. <img decoding=\"async\" class=\"alignright wp-image-5327\" src=\"http:\/\/mazanho-bois.com\/wp-content\/uploads\/2023\/04\/WhatsApp-Image-2023-04-13-at-14.52.42-1-139x300.jpeg\" alt=\"\" width=\"185\" height=\"400\" srcset=\"https:\/\/mazanho-bois.com\/wp-content\/uploads\/2023\/04\/WhatsApp-Image-2023-04-13-at-14.52.42-1-139x300.jpeg 139w, https:\/\/mazanho-bois.com\/wp-content\/uploads\/2023\/04\/WhatsApp-Image-2023-04-13-at-14.52.42-1-473x1024.jpeg 473w, https:\/\/mazanho-bois.com\/wp-content\/uploads\/2023\/04\/WhatsApp-Image-2023-04-13-at-14.52.42-1-6x12.jpeg 6w, https:\/\/mazanho-bois.com\/wp-content\/uploads\/2023\/04\/WhatsApp-Image-2023-04-13-at-14.52.42-1.jpeg 629w\" sizes=\"(max-width: 185px) 100vw, 185px\" \/>En g\u00e9n\u00e9ral les parpaings avec des \u00e9paisseurs de 10,15 et 20 cm sont les plus utilis\u00e9s dans les travaux publics. Afin de pr\u00e9parer le mur en parpaing au carrelage ou \u00e0 la peinture, il doit \u00eatre cr\u00e9pi. Le cr\u00e9pissage augmente l\u2019\u00e9paisseur du mur en parpaing. La variation des \u00e9paisseurs du cr\u00e9pi, et indirectement des \u00e9paisseurs du mur, influence \u00e9norm\u00e9ment la pose des portes. Tr\u00e8s souvent les \u00e9paisseurs des murs en ma\u00e7onnerie artisanale ne sont pas constantes non seulement dans diff\u00e9rentes sections du b\u00e2timent, mais aussi sur le pourtour d\u2019une m\u00eame baie de porte.<\/p><p>Les dormants des portes de MAZANHO BOIS s\u2019adaptent facilement aux variations des \u00e9paisseurs des murs avec une technologie qui facile le montage et l\u2019ajustement.<\/p>\t\t\t\t\t\t\t\t<\/div>\n\t\t\t\t<\/div>\n\t\t\t\t<\/div>\n\t\t\t\t<div class=\"elementor-element elementor-element-3591f42 elementor-widget__width-initial elementor-widget-mobile__width-initial elementor-widget elementor-widget-heading\" data-id=\"3591f42\" data-element_type=\"widget\" data-e-type=\"widget\" data-widget_type=\"heading.default\">\n\t\t\t\t<div class=\"elementor-widget-container\">\n\t\t\t\t\t<h2 class=\"elementor-heading-title elementor-size-default\">                                                Technologie des portes MAZANHO<\/h2>\t\t\t\t<\/div>\n\t\t\t\t<\/div>\n\t\t<div class=\"elementor-element elementor-element-58ab4cb e-con-full e-flex e-con e-parent\" data-id=\"58ab4cb\" data-element_type=\"container\" data-e-type=\"container\">\n\t\t\t\t<div class=\"elementor-element elementor-element-1bb24b7 elementor-widget__width-initial elementor-widget-mobile__width-initial elementor-widget elementor-widget-text-editor\" data-id=\"1bb24b7\" data-element_type=\"widget\" data-e-type=\"widget\" data-widget_type=\"text-editor.default\">\n\t\t\t\t<div class=\"elementor-widget-container\">\n\t\t\t\t\t\t\t\t\t<p><img loading=\"lazy\" decoding=\"async\" class=\"wp-image-4132 alignright\" src=\"http:\/\/mazanho-bois.com\/wp-content\/uploads\/2023\/04\/image26-1024x775.png\" alt=\"\" width=\"528\" height=\"400\" srcset=\"https:\/\/mazanho-bois.com\/wp-content\/uploads\/2023\/04\/image26-1024x775.png 1024w, https:\/\/mazanho-bois.com\/wp-content\/uploads\/2023\/04\/image26-300x227.png 300w, https:\/\/mazanho-bois.com\/wp-content\/uploads\/2023\/04\/image26-768x581.png 768w, https:\/\/mazanho-bois.com\/wp-content\/uploads\/2023\/04\/image26-16x12.png 16w, https:\/\/mazanho-bois.com\/wp-content\/uploads\/2023\/04\/image26.png 1198w\" sizes=\"(max-width: 528px) 100vw, 528px\" \/>Les portes MAZANHO sont constitu\u00e9es d\u2019un dormant et d\u2019un ouvrant. L\u2019ouvrant est reli\u00e9 au dormant avec des paumelles, qui forment une articulation \u00e0 axe verticale. Ce genre d\u2019articulation conf\u00e8re aussi \u00e0 l\u2019ouvrant l\u2019appellation de battant ou vantail.<\/p><p>Le dormant est constitu\u00e9 de deux \u00e9l\u00e9ments essentiels\u00a0:<\/p><ul><li>L\u2019\u00e9brasement et<\/li><li>Le chambranle<\/li><\/ul><p>L\u2019\u00e9brasement est compos\u00e9 de 2 pi\u00e8ces verticales (montants) et d\u2019une pi\u00e8ce horizontale (traverse) qui se placent dans la baie de la porte.<\/p><p>Le chambranle quant \u00e0 lui sert \u00e0 recouvrir l\u2019espace entre la baie et l\u2019\u00e9brasement et est aussi couramment appel\u00e9 \u00ab\u00a0couvre joint\u00a0\u00bb<\/p><p>Nos portes sont en g\u00e9n\u00e9ral bas\u00e9es sur le concept des portes affleurantes\u00a0: c\u2019est-\u00e0-dire que l\u2019\u00e9paisseur du battant est \u00e9gale \u00e0 la profondeur de la feuillure dans laquelle il loge enti\u00e8rement en position ferm\u00e9e. Cette forme est techniquement la plus favorable pour la fabrication des portes pare-flamme et coupe-feu (comparativement aux portes \u00e0 recouvrement).<\/p><p>Le concept des dormants des portes MAZANHO est illustr\u00e9 en figure ci-dessous.<\/p>\t\t\t\t\t\t\t\t<\/div>\n\t\t\t\t<\/div>\n\t\t\t\t<\/div>\n\t\t<div class=\"elementor-element elementor-element-d3926ce e-con-full e-flex e-con e-parent\" data-id=\"d3926ce\" data-element_type=\"container\" data-e-type=\"container\">\n\t\t\t\t<div class=\"elementor-element elementor-element-e79a92d elementor-widget__width-initial elementor-widget-mobile__width-initial elementor-widget elementor-widget-text-editor\" data-id=\"e79a92d\" data-element_type=\"widget\" data-e-type=\"widget\" data-widget_type=\"text-editor.default\">\n\t\t\t\t<div class=\"elementor-widget-container\">\n\t\t\t\t\t\t\t\t\t<p data-wp-editing=\"1\"><img loading=\"lazy\" decoding=\"async\" class=\"alignright wp-image-4133\" src=\"http:\/\/mazanho-bois.com\/wp-content\/uploads\/2023\/04\/image27.png\" alt=\"\" width=\"211\" height=\"500\" srcset=\"https:\/\/mazanho-bois.com\/wp-content\/uploads\/2023\/04\/image27.png 355w, https:\/\/mazanho-bois.com\/wp-content\/uploads\/2023\/04\/image27-126x300.png 126w, https:\/\/mazanho-bois.com\/wp-content\/uploads\/2023\/04\/image27-5x12.png 5w\" sizes=\"(max-width: 211px) 100vw, 211px\" \/>L\u2019\u00e9brasement est compos\u00e9 de 3 pi\u00e8ces (2 montants verticaux et 1 traverse horizontale) pourvues de rainures. Ces rainures assurent diff\u00e9rentes fonctions :<\/p><ul><li>L\u2019ajustement du chambranle ext\u00e9rieur pour compenser les \u00e9paisseurs des murs aussi bien verticalement qu\u2019horizontalement<\/li><li>L\u2019emboitement de l\u2019outil de montage de l\u2019\u00e9brasement dans la baie de la porte<\/li><li>Le montage des joints isophoniques.<\/li><\/ul><p>Les \u00e9brasements des portes MAZANHO ont une largeur standardis\u00e9e de 15 cm. Ceci correspond \u00e0 peu pr\u00e8s \u00e0 la largeur maximale finie des murs avec des parpaings de 10 cm.<\/p><p>Les chambranles ext\u00e9rieurs permettent un ajustement de 30 mm et peuvent facilement s\u2019adapter \u00e0 des \u00e9paisseurs de mur . Un \u00e9cartement d\u2019un minimum de 2 cm et d\u2019un maximum de 4 cm est pr\u00e9vu entre la baie et l\u2019\u00e9brasement.\u00a0<\/p><p><strong>Couvres joints (chambranles)<\/strong><\/p><p>Les couvres joints permettent de recouvrir la liaison entre le dormant de la porte et la baie de ma\u00e7onnerie. Nous disposons de plusieurs types de couvres joints en fonction des exigences des cadres des portes (r\u00e9glable ou pas r\u00e9glable). Ces couvres joints peuvent \u00eatre en H ou en onglet. Les couvres joints sont en H quand le couvre joint vertical forme un angle de 90\u00b0 avec le couvre joint horizontal. Au cas o\u00f9 cet angle est inf\u00e9rieur \u00e0 90\u00b0 on parlera de couvres joints en onglet. Notre standard est le couvre joint en H.<\/p><p><strong>Bloc porte<\/strong><\/p><p>Le dormant ou cadre, les couvres joints et le battant forment le bloc porte. Nous vous accompagnons dans la d\u00e9termination des diff\u00e9rentes dimensions dans le cadre de l\u2019ing\u00e9nierie ou des pr\u00e9l\u00e8vements des mesures sur le chantier.<img loading=\"lazy\" decoding=\"async\" class=\"wp-image-4134 aligncenter\" src=\"http:\/\/mazanho-bois.com\/wp-content\/uploads\/2023\/04\/image28-1024x620.png\" alt=\"\" width=\"660\" height=\"400\" srcset=\"https:\/\/mazanho-bois.com\/wp-content\/uploads\/2023\/04\/image28-1024x620.png 1024w, https:\/\/mazanho-bois.com\/wp-content\/uploads\/2023\/04\/image28-300x182.png 300w, https:\/\/mazanho-bois.com\/wp-content\/uploads\/2023\/04\/image28-768x465.png 768w, https:\/\/mazanho-bois.com\/wp-content\/uploads\/2023\/04\/image28-18x12.png 18w, https:\/\/mazanho-bois.com\/wp-content\/uploads\/2023\/04\/image28.png 1142w\" sizes=\"(max-width: 660px) 100vw, 660px\" \/><\/p><p><strong>Montage des dormants<\/strong><\/p><p>Le montage des dormants des portes MAZANHO ne n\u00e9cessite pas la fabrication ou la pose des pr\u00e9cadres. Les dormants peuvent \u00eatre directement fix\u00e9s dans la baie gr\u00e2ce \u00e0 des mousses collantes en polyur\u00e9thane (ou avec des vis et chevilles).<\/p><p>La pose se fait \u00e0 l\u2019aide d\u2019un Kit de montage. Le kit de pose se fixe dans les rainures de l\u2019\u00e9brasement et facilite son positionnement tout en assurant la bonne pression et le m\u00eame \u00e9cartement tout autour de la baie pendant le durcissement de la mousse collante. Ce qui assure le parall\u00e9lisme des montants verticaux et l\u2019orthogonalit\u00e9 de la traverse pour un bon logement du battant dans la feuillure.<img loading=\"lazy\" decoding=\"async\" class=\"wp-image-5420 aligncenter\" src=\"https:\/\/mazanho-bois.com\/wp-content\/uploads\/2023\/04\/image30-1024x668.png\" alt=\"\" width=\"613\" height=\"400\" srcset=\"https:\/\/mazanho-bois.com\/wp-content\/uploads\/2023\/04\/image30-1024x668.png 1024w, https:\/\/mazanho-bois.com\/wp-content\/uploads\/2023\/04\/image30-300x196.png 300w, https:\/\/mazanho-bois.com\/wp-content\/uploads\/2023\/04\/image30-768x501.png 768w, https:\/\/mazanho-bois.com\/wp-content\/uploads\/2023\/04\/image30-18x12.png 18w, https:\/\/mazanho-bois.com\/wp-content\/uploads\/2023\/04\/image30.png 1436w\" sizes=\"(max-width: 613px) 100vw, 613px\" \/><\/p>\t\t\t\t\t\t\t\t<\/div>\n\t\t\t\t<\/div>\n\t\t\t\t<\/div>\n\t\t\t\t<\/div>\n\t\t\t\t<\/div>\n\t\t","protected":false},"excerpt":{"rendered":"<p>Nos portes sont essentiellement constitu\u00e9es de 4 composantes\u00a0: Le pr\u00e9cadre, Le cadre, Les couvres joints et Le battant. Pr\u00e9cadres Les pr\u00e9cadres servent g\u00e9n\u00e9ralement \u00e0 r\u00e9server les dimensions exactes n\u00e9cessaires pour la porte pendant la ma\u00e7onnerie. Ils permettent \u00e9galement de faciliter la pose et la fixation du bloc porte quand ce dernier doit \u00eatre retenu entre [&hellip;]<\/p>\n","protected":false},"author":2,"featured_media":0,"parent":0,"menu_order":0,"comment_status":"closed","ping_status":"closed","template":"elementor_header_footer","meta":{"footnotes":""},"class_list":["post-145","page","type-page","status-publish","hentry"],"blocksy_meta":[],"_links":{"self":[{"href":"https:\/\/mazanho-bois.com\/fr\/wp-json\/wp\/v2\/pages\/145","targetHints":{"allow":["GET"]}}],"collection":[{"href":"https:\/\/mazanho-bois.com\/fr\/wp-json\/wp\/v2\/pages"}],"about":[{"href":"https:\/\/mazanho-bois.com\/fr\/wp-json\/wp\/v2\/types\/page"}],"author":[{"embeddable":true,"href":"https:\/\/mazanho-bois.com\/fr\/wp-json\/wp\/v2\/users\/2"}],"replies":[{"embeddable":true,"href":"https:\/\/mazanho-bois.com\/fr\/wp-json\/wp\/v2\/comments?post=145"}],"version-history":[{"count":175,"href":"https:\/\/mazanho-bois.com\/fr\/wp-json\/wp\/v2\/pages\/145\/revisions"}],"predecessor-version":[{"id":5891,"href":"https:\/\/mazanho-bois.com\/fr\/wp-json\/wp\/v2\/pages\/145\/revisions\/5891"}],"wp:attachment":[{"href":"https:\/\/mazanho-bois.com\/fr\/wp-json\/wp\/v2\/media?parent=145"}],"curies":[{"name":"wp","href":"https:\/\/api.w.org\/{rel}","templated":true}]}}