{"id":151,"date":"2023-02-23T21:38:29","date_gmt":"2023-02-23T21:38:29","guid":{"rendered":"http:\/\/mazanho-bois.com\/?page_id=151"},"modified":"2023-04-24T06:31:03","modified_gmt":"2023-04-24T06:31:03","slug":"sechage-et-vente-de-bois-sec","status":"publish","type":"page","link":"https:\/\/mazanho-bois.com\/fr\/sechage-et-vente-de-bois-sec","title":{"rendered":"S\u00e9chage et vente de bois sec"},"content":{"rendered":"\t\t<div data-elementor-type=\"wp-page\" data-elementor-id=\"151\" class=\"elementor elementor-151\" data-elementor-post-type=\"page\">\n\t\t\t\t<div class=\"elementor-element elementor-element-9714062 e-con-full e-flex e-con e-parent\" data-id=\"9714062\" data-element_type=\"container\" data-e-type=\"container\">\n\t\t\t\t<\/div>\n\t\t<div class=\"elementor-element elementor-element-7452b0a e-con-full e-flex e-con e-parent\" data-id=\"7452b0a\" data-element_type=\"container\" data-e-type=\"container\">\n\t\t\t\t<div class=\"elementor-element elementor-element-81db958 elementor-widget-divider--view-line elementor-widget elementor-widget-divider\" data-id=\"81db958\" data-element_type=\"widget\" data-e-type=\"widget\" data-widget_type=\"divider.default\">\n\t\t\t\t<div class=\"elementor-widget-container\">\n\t\t\t\t\t\t\t<div class=\"elementor-divider\">\n\t\t\t<span class=\"elementor-divider-separator\">\n\t\t\t\t\t\t<\/span>\n\t\t<\/div>\n\t\t\t\t\t\t<\/div>\n\t\t\t\t<\/div>\n\t\t\t\t<div class=\"elementor-element elementor-element-63f06ac elementor-widget__width-initial elementor-widget-mobile__width-initial elementor-widget-tablet__width-initial elementor-widget elementor-widget-text-editor\" data-id=\"63f06ac\" data-element_type=\"widget\" data-e-type=\"widget\" data-widget_type=\"text-editor.default\">\n\t\t\t\t<div class=\"elementor-widget-container\">\n\t\t\t\t\t\t\t\t\t<p>Le bois est un des meilleurs mat\u00e9riaux de construction. Il poss\u00e8de diff\u00e9rents avantages\u00a0tel que :<\/p><ul><li style=\"text-align: left;\">Grande libert\u00e9 architecturale et esth\u00e9tique<\/li><li style=\"text-align: left;\">Bon isolant thermique<\/li><li style=\"text-align: left;\">R\u00e9sistance au feu<\/li><li style=\"text-align: left;\">Biod\u00e9gradable<\/li><\/ul><p>En plus il vit et respire. Principalement ce fait lui conf\u00e8re malheureusement aussi un d\u00e9savantage dans ses propri\u00e9t\u00e9s physiques directement li\u00e9es \u00e0 son naturel, qui est d\u2019origine v\u00e9g\u00e9tale.<\/p><p>Le bois est un mat\u00e9riau anisotrope, car \u00e9tant essentiellement constitu\u00e9 de fibre orient\u00e9 dans la m\u00eame direction, ses caract\u00e9ristiques physiques et surtout m\u00e9caniques ne sont pas identiques dans toutes les directions.<\/p><p>Cependant l\u2019humidit\u00e9 du bois est sa caract\u00e9ristique physique la plus importante car elle conditionne ses propri\u00e9t\u00e9s m\u00e9caniques, sa stabilit\u00e9 dimensionnelle et sa r\u00e9sistance aux agents biologiques.<\/p><p>G\u00e9n\u00e9ralement apr\u00e8s son abatage, le bois contient un taux d\u2019humidit\u00e9 \u00e9quivalent \u00e0 200%. Il est donc important de le s\u00e9cher afin qu\u2019il perde une partie de cette humidit\u00e9 avant de l\u2019utiliser.<\/p><p>Il existe deux possibilit\u00e9s de s\u00e9chage du bois : le s\u00e9chage naturel \u00e0 l\u2019air libre et le s\u00e9chage artificiel. Gr\u00e2ce au s\u00e9chage naturel on peut g\u00e9n\u00e9ralement atteindre une r\u00e9duction du degr\u00e9 d\u2019humidit\u00e9 de 22 \u00e0 15% ce qui est suffisant pour des travaux de menuiserie ext\u00e9rieure ou construction des charpentes.<\/p><p>Ce taux d\u2019humidit\u00e9 reste n\u00e9anmoins tr\u00e8s haut pour les travaux en interne dans le b\u00e2timent ou pour d\u2019autres applications industrielles. C\u2019est ce qui explique la mauvaise qualit\u00e9 des r\u00e9sultats couramment constat\u00e9s (r\u00e9traction dimensionnelle, d\u00e9formation, d\u00e9gradation biologique etc\u2026) au fil des temps dans les ouvrages en bois.<\/p><p>Le s\u00e9chage artificiel est la solution la plus envisag\u00e9e et propos\u00e9e par MAZANHO BOIS pour tous travaux de menuiserie int\u00e9rieure, car il permet de r\u00e9duire en un temps raisonnable le taux d\u2019humidit\u00e9 dans le bois entre 8 \u00e0 15%. Il permet aussi d\u2019avoir du bois sec \u00e0 tout temps c\u2019est-\u00e0-dire m\u00eame en saison des pluies<\/p>\t\t\t\t\t\t\t\t<\/div>\n\t\t\t\t<\/div>\n\t\t\t\t<div class=\"elementor-element elementor-element-6e0213e elementor-widget elementor-widget-heading\" data-id=\"6e0213e\" data-element_type=\"widget\" data-e-type=\"widget\" data-widget_type=\"heading.default\">\n\t\t\t\t<div class=\"elementor-widget-container\">\n\t\t\t\t\t<h3 class=\"elementor-heading-title elementor-size-default\">Applications du s\u00e9chage<\/h3>\t\t\t\t<\/div>\n\t\t\t\t<\/div>\n\t\t\t\t<div class=\"elementor-element elementor-element-e6f09ef elementor-widget elementor-widget-image\" data-id=\"e6f09ef\" data-element_type=\"widget\" data-e-type=\"widget\" data-widget_type=\"image.default\">\n\t\t\t\t<div class=\"elementor-widget-container\">\n\t\t\t\t\t\t\t\t\t\t\t\t\t\t\t<img fetchpriority=\"high\" decoding=\"async\" width=\"709\" height=\"486\" src=\"https:\/\/mazanho-bois.com\/wp-content\/uploads\/2023\/03\/sei1.png\" class=\"attachment-large size-large wp-image-1391\" alt=\"\" srcset=\"https:\/\/mazanho-bois.com\/wp-content\/uploads\/2023\/03\/sei1.png 709w, https:\/\/mazanho-bois.com\/wp-content\/uploads\/2023\/03\/sei1-300x206.png 300w\" sizes=\"(max-width: 709px) 100vw, 709px\" \/>\t\t\t\t\t\t\t\t\t\t\t\t\t\t\t<\/div>\n\t\t\t\t<\/div>\n\t\t<div class=\"elementor-element elementor-element-3f99547 e-con-full e-flex e-con e-parent\" data-id=\"3f99547\" data-element_type=\"container\" data-e-type=\"container\">\n\t\t\t\t<div class=\"elementor-element elementor-element-242f36e elementor-widget__width-initial elementor-widget-tablet__width-initial elementor-widget-mobile__width-initial elementor-widget elementor-widget-text-editor\" data-id=\"242f36e\" data-element_type=\"widget\" data-e-type=\"widget\" data-widget_type=\"text-editor.default\">\n\t\t\t\t<div class=\"elementor-widget-container\">\n\t\t\t\t\t\t\t\t\t<p>MAZANHO BOIS dispose de tout l\u2019\u00e9quipement n\u00e9cessaire pour vous fournir du bois au taux d\u2019humidit\u00e9 requis pour vos travaux.\u00a0 Afin de garantir la qualit\u00e9 de nos propres travaux, nous n\u2019utilisons rien que du bois sec avec un taux d\u2019humidit\u00e9 entre 8 \u00e0 10%.<\/p>\t\t\t\t\t\t\t\t<\/div>\n\t\t\t\t<\/div>\n\t\t<div class=\"elementor-element elementor-element-dc82ea4 e-con-full e-flex e-con e-parent\" data-id=\"dc82ea4\" data-element_type=\"container\" data-e-type=\"container\">\n\t\t\t\t<div class=\"elementor-element elementor-element-0314803 elementor-position-top elementor-widget elementor-widget-image-box\" data-id=\"0314803\" data-element_type=\"widget\" data-e-type=\"widget\" data-widget_type=\"image-box.default\">\n\t\t\t\t<div class=\"elementor-widget-container\">\n\t\t\t\t\t<div class=\"elementor-image-box-wrapper\"><figure class=\"elementor-image-box-img\"><img decoding=\"async\" width=\"577\" height=\"251\" src=\"https:\/\/mazanho-bois.com\/wp-content\/uploads\/2023\/03\/se.png\" class=\"attachment-full size-full wp-image-1392\" alt=\"\" srcset=\"https:\/\/mazanho-bois.com\/wp-content\/uploads\/2023\/03\/se.png 577w, https:\/\/mazanho-bois.com\/wp-content\/uploads\/2023\/03\/se-300x131.png 300w\" sizes=\"(max-width: 577px) 100vw, 577px\" \/><\/figure><div class=\"elementor-image-box-content\"><p class=\"elementor-image-box-description\">S\u00e9choir<\/p><\/div><\/div>\t\t\t\t<\/div>\n\t\t\t\t<\/div>\n\t\t\t\t<div class=\"elementor-element elementor-element-66df943 elementor-position-top elementor-widget elementor-widget-image-box\" data-id=\"66df943\" data-element_type=\"widget\" data-e-type=\"widget\" data-widget_type=\"image-box.default\">\n\t\t\t\t<div class=\"elementor-widget-container\">\n\t\t\t\t\t<div class=\"elementor-image-box-wrapper\"><figure class=\"elementor-image-box-img\"><img decoding=\"async\" width=\"599\" height=\"286\" src=\"https:\/\/mazanho-bois.com\/wp-content\/uploads\/2023\/03\/ap.png\" class=\"attachment-full size-full wp-image-1393\" alt=\"\" srcset=\"https:\/\/mazanho-bois.com\/wp-content\/uploads\/2023\/03\/ap.png 599w, https:\/\/mazanho-bois.com\/wp-content\/uploads\/2023\/03\/ap-300x143.png 300w\" sizes=\"(max-width: 599px) 100vw, 599px\" \/><\/figure><div class=\"elementor-image-box-content\"><p class=\"elementor-image-box-description\">Appareil pour mesurer l\u2019humidit\u00e9<\/p><\/div><\/div>\t\t\t\t<\/div>\n\t\t\t\t<\/div>\n\t\t\t\t<\/div>\n\t\t\t\t<\/div>\n\t\t\t\t<div class=\"elementor-element elementor-element-d400f09 elementor-widget__width-initial elementor-widget-mobile__width-initial elementor-widget-tablet__width-initial elementor-widget elementor-widget-text-editor\" data-id=\"d400f09\" data-element_type=\"widget\" data-e-type=\"widget\" data-widget_type=\"text-editor.default\">\n\t\t\t\t<div class=\"elementor-widget-container\">\n\t\t\t\t\t\t\t\t\t<p>Les essences de bois utilis\u00e9es sont toutes d\u2019origines tropicales. Elles proviennent en g\u00e9n\u00e9rales des for\u00eats du Cameroun. Les caract\u00e9ristiques techniques de nos bois sont mentionn\u00e9es dans le tableau.<\/p>\t\t\t\t\t\t\t\t<\/div>\n\t\t\t\t<\/div>\n\t\t\t\t<div class=\"elementor-element elementor-element-f32972c elementor-widget-mobile__width-initial elementor-widget elementor-widget-image\" data-id=\"f32972c\" data-element_type=\"widget\" data-e-type=\"widget\" data-widget_type=\"image.default\">\n\t\t\t\t<div class=\"elementor-widget-container\">\n\t\t\t\t\t\t\t\t\t\t\t\t\t\t\t<img loading=\"lazy\" decoding=\"async\" width=\"679\" height=\"530\" src=\"https:\/\/mazanho-bois.com\/wp-content\/uploads\/2023\/03\/fiche.png\" class=\"attachment-full size-full wp-image-3682\" alt=\"\" srcset=\"https:\/\/mazanho-bois.com\/wp-content\/uploads\/2023\/03\/fiche.png 679w, https:\/\/mazanho-bois.com\/wp-content\/uploads\/2023\/03\/fiche-300x234.png 300w\" sizes=\"(max-width: 679px) 100vw, 679px\" \/>\t\t\t\t\t\t\t\t\t\t\t\t\t\t\t<\/div>\n\t\t\t\t<\/div>\n\t\t\t\t<div class=\"elementor-element elementor-element-957c282 elementor-widget__width-initial elementor-widget-tablet__width-initial elementor-widget-mobile__width-initial elementor-widget elementor-widget-text-editor\" data-id=\"957c282\" data-element_type=\"widget\" data-e-type=\"widget\" data-widget_type=\"text-editor.default\">\n\t\t\t\t<div class=\"elementor-widget-container\">\n\t\t\t\t\t\t\t\t\t<p>Nos bois sont disponibles en d\u00e9bit\u00e9s de plusieurs types\u00a0et de dimensions standards :<\/p>\t\t\t\t\t\t\t\t<\/div>\n\t\t\t\t<\/div>\n\t\t\t\t<div class=\"elementor-element elementor-element-24e0ec3 elementor-widget-mobile__width-initial elementor-widget elementor-widget-image\" data-id=\"24e0ec3\" data-element_type=\"widget\" data-e-type=\"widget\" data-widget_type=\"image.default\">\n\t\t\t\t<div class=\"elementor-widget-container\">\n\t\t\t\t\t\t\t\t\t\t\t\t\t\t\t<img loading=\"lazy\" decoding=\"async\" width=\"568\" height=\"132\" src=\"https:\/\/mazanho-bois.com\/wp-content\/uploads\/2023\/03\/fiche1.png\" class=\"attachment-full size-full wp-image-3683\" alt=\"\" srcset=\"https:\/\/mazanho-bois.com\/wp-content\/uploads\/2023\/03\/fiche1.png 568w, https:\/\/mazanho-bois.com\/wp-content\/uploads\/2023\/03\/fiche1-300x70.png 300w\" sizes=\"(max-width: 568px) 100vw, 568px\" \/>\t\t\t\t\t\t\t\t\t\t\t\t\t\t\t<\/div>\n\t\t\t\t<\/div>\n\t\t\t\t<div class=\"elementor-element elementor-element-5ba5087 elementor-widget__width-initial elementor-widget-mobile__width-initial elementor-widget-tablet__width-initial elementor-widget elementor-widget-text-editor\" data-id=\"5ba5087\" data-element_type=\"widget\" data-e-type=\"widget\" data-widget_type=\"text-editor.default\">\n\t\t\t\t<div class=\"elementor-widget-container\">\n\t\t\t\t\t\t\t\t\t<p>Nos d\u00e9bit\u00e9s sont issus aussi bien du sciage artisanal qu\u2019industrielle en fonction des quantit\u00e9s. Pour des grands projets, nous faisons recours au sciage industriel avec des grumes que nous d\u00e9bitons aux dimensions optimales en production.\u00a0<\/p>\t\t\t\t\t\t\t\t<\/div>\n\t\t\t\t<\/div>\n\t\t\t\t<\/div>\n\t\t\t\t<\/div>\n\t\t","protected":false},"excerpt":{"rendered":"<p>Le bois est un des meilleurs mat\u00e9riaux de construction. Il poss\u00e8de diff\u00e9rents avantages\u00a0tel que : Grande libert\u00e9 architecturale et esth\u00e9tique Bon isolant thermique R\u00e9sistance au feu Biod\u00e9gradable En plus il vit et respire. Principalement ce fait lui conf\u00e8re malheureusement aussi un d\u00e9savantage dans ses propri\u00e9t\u00e9s physiques directement li\u00e9es \u00e0 son naturel, qui est d\u2019origine v\u00e9g\u00e9tale. [&hellip;]<\/p>\n","protected":false},"author":2,"featured_media":0,"parent":0,"menu_order":0,"comment_status":"closed","ping_status":"closed","template":"elementor_header_footer","meta":{"footnotes":""},"class_list":["post-151","page","type-page","status-publish","hentry"],"blocksy_meta":[],"_links":{"self":[{"href":"https:\/\/mazanho-bois.com\/fr\/wp-json\/wp\/v2\/pages\/151","targetHints":{"allow":["GET"]}}],"collection":[{"href":"https:\/\/mazanho-bois.com\/fr\/wp-json\/wp\/v2\/pages"}],"about":[{"href":"https:\/\/mazanho-bois.com\/fr\/wp-json\/wp\/v2\/types\/page"}],"author":[{"embeddable":true,"href":"https:\/\/mazanho-bois.com\/fr\/wp-json\/wp\/v2\/users\/2"}],"replies":[{"embeddable":true,"href":"https:\/\/mazanho-bois.com\/fr\/wp-json\/wp\/v2\/comments?post=151"}],"version-history":[{"count":144,"href":"https:\/\/mazanho-bois.com\/fr\/wp-json\/wp\/v2\/pages\/151\/revisions"}],"predecessor-version":[{"id":5517,"href":"https:\/\/mazanho-bois.com\/fr\/wp-json\/wp\/v2\/pages\/151\/revisions\/5517"}],"wp:attachment":[{"href":"https:\/\/mazanho-bois.com\/fr\/wp-json\/wp\/v2\/media?parent=151"}],"curies":[{"name":"wp","href":"https:\/\/api.w.org\/{rel}","templated":true}]}}