{"id":17,"date":"2023-02-21T23:16:18","date_gmt":"2023-02-21T23:16:18","guid":{"rendered":"http:\/\/mazanho-bois.com\/?page_id=17"},"modified":"2023-11-16T19:17:38","modified_gmt":"2023-11-16T19:17:38","slug":"portes-1-battants","status":"publish","type":"page","link":"https:\/\/mazanho-bois.com\/fr\/portes-1-battants","title":{"rendered":"portes 1 battants"},"content":{"rendered":"\t\t<div data-elementor-type=\"wp-page\" data-elementor-id=\"17\" class=\"elementor elementor-17\" data-elementor-post-type=\"page\">\n\t\t\t\t<div class=\"elementor-element elementor-element-4f64829 e-flex e-con-boxed e-con e-parent\" data-id=\"4f64829\" data-element_type=\"container\" data-e-type=\"container\">\n\t\t\t\t\t<div class=\"e-con-inner\">\n\t\t\t\t\t<\/div>\n\t\t\t\t<\/div>\n\t\t<div class=\"elementor-element elementor-element-05a1bb0 e-con-full e-flex e-con e-parent\" data-id=\"05a1bb0\" data-element_type=\"container\" data-e-type=\"container\">\n\t\t<div class=\"elementor-element elementor-element-86a180a e-con-full e-flex e-con e-child\" data-id=\"86a180a\" data-element_type=\"container\" data-e-type=\"container\">\n\t\t\t\t<div class=\"elementor-element elementor-element-fb722ad elementor-widget-divider--view-line elementor-widget elementor-widget-divider\" data-id=\"fb722ad\" data-element_type=\"widget\" data-e-type=\"widget\" data-widget_type=\"divider.default\">\n\t\t\t\t<div class=\"elementor-widget-container\">\n\t\t\t\t\t\t\t<div class=\"elementor-divider\">\n\t\t\t<span class=\"elementor-divider-separator\">\n\t\t\t\t\t\t<\/span>\n\t\t<\/div>\n\t\t\t\t\t\t<\/div>\n\t\t\t\t<\/div>\n\t\t<div class=\"elementor-element elementor-element-650f0dd e-flex e-con-boxed e-con e-child\" data-id=\"650f0dd\" data-element_type=\"container\" data-e-type=\"container\">\n\t\t\t\t\t<div class=\"e-con-inner\">\n\t\t\t\t<div class=\"elementor-element elementor-element-7b5310d elementor-position-left elementor-widget__width-initial elementor-widget-tablet__width-initial elementor-widget-mobile__width-initial elementor-vertical-align-top elementor-invisible elementor-widget elementor-widget-image-box\" data-id=\"7b5310d\" data-element_type=\"widget\" data-e-type=\"widget\" data-settings=\"{&quot;_animation&quot;:&quot;fadeInLeft&quot;}\" data-widget_type=\"image-box.default\">\n\t\t\t\t<div class=\"elementor-widget-container\">\n\t\t\t\t\t<div class=\"elementor-image-box-wrapper\"><figure class=\"elementor-image-box-img\"><img decoding=\"async\" width=\"88\" height=\"186\" src=\"https:\/\/mazanho-bois.com\/wp-content\/uploads\/2023\/03\/pc14.png\" class=\"attachment-full size-full wp-image-2907\" alt=\"\" \/><\/figure><div class=\"elementor-image-box-content\"><h6 class=\"elementor-image-box-title\">Portes en bois massif \u2013 1 Battant<\/h6><\/div><\/div>\t\t\t\t<\/div>\n\t\t\t\t<\/div>\n\t\t\t\t<div class=\"elementor-element elementor-element-6ee8323 elementor-position-left elementor-widget__width-initial elementor-widget-tablet__width-initial elementor-widget-mobile__width-initial elementor-vertical-align-top elementor-widget elementor-widget-image-box\" data-id=\"6ee8323\" data-element_type=\"widget\" data-e-type=\"widget\" data-widget_type=\"image-box.default\">\n\t\t\t\t<div class=\"elementor-widget-container\">\n\t\t\t\t\t<div class=\"elementor-image-box-wrapper\"><figure class=\"elementor-image-box-img\"><a href=\"http:\/\/mazanho-bois.com\/porte-2-battants\" tabindex=\"-1\"><img decoding=\"async\" width=\"157\" height=\"217\" src=\"https:\/\/mazanho-bois.com\/wp-content\/uploads\/2023\/03\/p2.png\" class=\"attachment-full size-full wp-image-2982\" alt=\"\" \/><\/a><\/figure><div class=\"elementor-image-box-content\"><h6 class=\"elementor-image-box-title\"><a href=\"http:\/\/mazanho-bois.com\/porte-2-battants\">Portes en bois massif - 2 battants<\/a><\/h6><\/div><\/div>\t\t\t\t<\/div>\n\t\t\t\t<\/div>\n\t\t\t\t\t<\/div>\n\t\t\t\t<\/div>\n\t\t\t\t<div class=\"elementor-element elementor-element-51fd8d4 elementor-widget-divider--view-line elementor-widget elementor-widget-divider\" data-id=\"51fd8d4\" data-element_type=\"widget\" data-e-type=\"widget\" data-widget_type=\"divider.default\">\n\t\t\t\t<div class=\"elementor-widget-container\">\n\t\t\t\t\t\t\t<div class=\"elementor-divider\">\n\t\t\t<span class=\"elementor-divider-separator\">\n\t\t\t\t\t\t<\/span>\n\t\t<\/div>\n\t\t\t\t\t\t<\/div>\n\t\t\t\t<\/div>\n\t\t\t\t<div class=\"elementor-element elementor-element-a683462 elementor-widget__width-initial elementor-widget-mobile__width-initial elementor-widget elementor-widget-heading\" data-id=\"a683462\" data-element_type=\"widget\" data-e-type=\"widget\" data-widget_type=\"heading.default\">\n\t\t\t\t<div class=\"elementor-widget-container\">\n\t\t\t\t\t<h2 class=\"elementor-heading-title elementor-size-default\">Portes en bois massif \u2013 1 Battant<\/h2>\t\t\t\t<\/div>\n\t\t\t\t<\/div>\n\t\t\t\t<div class=\"elementor-element elementor-element-de163a1 elementor-widget elementor-widget-image\" data-id=\"de163a1\" data-element_type=\"widget\" data-e-type=\"widget\" data-widget_type=\"image.default\">\n\t\t\t\t<div class=\"elementor-widget-container\">\n\t\t\t\t\t\t\t\t\t\t\t\t\t\t\t<img fetchpriority=\"high\" decoding=\"async\" width=\"737\" height=\"483\" src=\"https:\/\/mazanho-bois.com\/wp-content\/uploads\/2023\/05\/p1.png\" class=\"attachment-full size-full wp-image-6022\" alt=\"\" srcset=\"https:\/\/mazanho-bois.com\/wp-content\/uploads\/2023\/05\/p1.png 737w, https:\/\/mazanho-bois.com\/wp-content\/uploads\/2023\/05\/p1-300x197.png 300w, https:\/\/mazanho-bois.com\/wp-content\/uploads\/2023\/05\/p1-18x12.png 18w\" sizes=\"(max-width: 737px) 100vw, 737px\" \/>\t\t\t\t\t\t\t\t\t\t\t\t\t\t\t<\/div>\n\t\t\t\t<\/div>\n\t\t\t\t<div class=\"elementor-element elementor-element-d9824b0 elementor-widget elementor-widget-image\" data-id=\"d9824b0\" data-element_type=\"widget\" data-e-type=\"widget\" data-widget_type=\"image.default\">\n\t\t\t\t<div class=\"elementor-widget-container\">\n\t\t\t\t\t\t\t\t\t\t\t\t\t\t\t<img loading=\"lazy\" decoding=\"async\" width=\"581\" height=\"433\" src=\"https:\/\/mazanho-bois.com\/wp-content\/uploads\/2023\/05\/p2.png\" class=\"attachment-full size-full wp-image-6034\" alt=\"\" srcset=\"https:\/\/mazanho-bois.com\/wp-content\/uploads\/2023\/05\/p2.png 581w, https:\/\/mazanho-bois.com\/wp-content\/uploads\/2023\/05\/p2-300x224.png 300w, https:\/\/mazanho-bois.com\/wp-content\/uploads\/2023\/05\/p2-16x12.png 16w\" sizes=\"(max-width: 581px) 100vw, 581px\" \/>\t\t\t\t\t\t\t\t\t\t\t\t\t\t\t<\/div>\n\t\t\t\t<\/div>\n\t\t\t\t<div class=\"elementor-element elementor-element-67eb9d9 elementor-widget elementor-widget-image\" data-id=\"67eb9d9\" data-element_type=\"widget\" data-e-type=\"widget\" data-widget_type=\"image.default\">\n\t\t\t\t<div class=\"elementor-widget-container\">\n\t\t\t\t\t\t\t\t\t\t\t\t\t\t\t<img loading=\"lazy\" decoding=\"async\" width=\"575\" height=\"452\" src=\"https:\/\/mazanho-bois.com\/wp-content\/uploads\/2023\/05\/p3.png\" class=\"attachment-full size-full wp-image-6035\" alt=\"\" srcset=\"https:\/\/mazanho-bois.com\/wp-content\/uploads\/2023\/05\/p3.png 575w, https:\/\/mazanho-bois.com\/wp-content\/uploads\/2023\/05\/p3-300x236.png 300w, https:\/\/mazanho-bois.com\/wp-content\/uploads\/2023\/05\/p3-15x12.png 15w\" sizes=\"(max-width: 575px) 100vw, 575px\" \/>\t\t\t\t\t\t\t\t\t\t\t\t\t\t\t<\/div>\n\t\t\t\t<\/div>\n\t\t\t\t<div class=\"elementor-element elementor-element-851eb59 elementor-widget elementor-widget-image\" data-id=\"851eb59\" data-element_type=\"widget\" data-e-type=\"widget\" data-widget_type=\"image.default\">\n\t\t\t\t<div class=\"elementor-widget-container\">\n\t\t\t\t\t\t\t\t\t\t\t\t\t\t\t<img loading=\"lazy\" decoding=\"async\" width=\"564\" height=\"441\" src=\"https:\/\/mazanho-bois.com\/wp-content\/uploads\/2023\/05\/p4.png\" class=\"attachment-full size-full wp-image-6036\" alt=\"\" srcset=\"https:\/\/mazanho-bois.com\/wp-content\/uploads\/2023\/05\/p4.png 564w, https:\/\/mazanho-bois.com\/wp-content\/uploads\/2023\/05\/p4-300x235.png 300w, https:\/\/mazanho-bois.com\/wp-content\/uploads\/2023\/05\/p4-15x12.png 15w\" sizes=\"(max-width: 564px) 100vw, 564px\" \/>\t\t\t\t\t\t\t\t\t\t\t\t\t\t\t<\/div>\n\t\t\t\t<\/div>\n\t\t\t\t<div class=\"elementor-element elementor-element-771e7f7 elementor-widget elementor-widget-image\" data-id=\"771e7f7\" data-element_type=\"widget\" data-e-type=\"widget\" data-widget_type=\"image.default\">\n\t\t\t\t<div class=\"elementor-widget-container\">\n\t\t\t\t\t\t\t\t\t\t\t\t\t\t\t<img loading=\"lazy\" decoding=\"async\" width=\"574\" height=\"452\" src=\"https:\/\/mazanho-bois.com\/wp-content\/uploads\/2023\/05\/p5.png\" class=\"attachment-full size-full wp-image-6037\" alt=\"\" srcset=\"https:\/\/mazanho-bois.com\/wp-content\/uploads\/2023\/05\/p5.png 574w, https:\/\/mazanho-bois.com\/wp-content\/uploads\/2023\/05\/p5-300x236.png 300w, https:\/\/mazanho-bois.com\/wp-content\/uploads\/2023\/05\/p5-15x12.png 15w\" sizes=\"(max-width: 574px) 100vw, 574px\" \/>\t\t\t\t\t\t\t\t\t\t\t\t\t\t\t<\/div>\n\t\t\t\t<\/div>\n\t\t\t\t<div class=\"elementor-element elementor-element-0addb4f elementor-widget elementor-widget-image\" data-id=\"0addb4f\" data-element_type=\"widget\" data-e-type=\"widget\" data-widget_type=\"image.default\">\n\t\t\t\t<div class=\"elementor-widget-container\">\n\t\t\t\t\t\t\t\t\t\t\t\t\t\t\t<img loading=\"lazy\" decoding=\"async\" width=\"563\" height=\"438\" src=\"https:\/\/mazanho-bois.com\/wp-content\/uploads\/2023\/05\/p6.png\" class=\"attachment-full size-full wp-image-6038\" alt=\"\" srcset=\"https:\/\/mazanho-bois.com\/wp-content\/uploads\/2023\/05\/p6.png 563w, https:\/\/mazanho-bois.com\/wp-content\/uploads\/2023\/05\/p6-300x233.png 300w, https:\/\/mazanho-bois.com\/wp-content\/uploads\/2023\/05\/p6-15x12.png 15w\" sizes=\"(max-width: 563px) 100vw, 563px\" \/>\t\t\t\t\t\t\t\t\t\t\t\t\t\t\t<\/div>\n\t\t\t\t<\/div>\n\t\t\t\t<div class=\"elementor-element elementor-element-4c71983 elementor-widget elementor-widget-image\" data-id=\"4c71983\" data-element_type=\"widget\" data-e-type=\"widget\" data-widget_type=\"image.default\">\n\t\t\t\t<div class=\"elementor-widget-container\">\n\t\t\t\t\t\t\t\t\t\t\t\t\t\t\t<img loading=\"lazy\" decoding=\"async\" width=\"588\" height=\"445\" src=\"https:\/\/mazanho-bois.com\/wp-content\/uploads\/2023\/05\/p7.png\" class=\"attachment-full size-full wp-image-6039\" alt=\"\" srcset=\"https:\/\/mazanho-bois.com\/wp-content\/uploads\/2023\/05\/p7.png 588w, https:\/\/mazanho-bois.com\/wp-content\/uploads\/2023\/05\/p7-300x227.png 300w, https:\/\/mazanho-bois.com\/wp-content\/uploads\/2023\/05\/p7-16x12.png 16w\" sizes=\"(max-width: 588px) 100vw, 588px\" \/>\t\t\t\t\t\t\t\t\t\t\t\t\t\t\t<\/div>\n\t\t\t\t<\/div>\n\t\t\t\t<div class=\"elementor-element elementor-element-6753cbc elementor-widget elementor-widget-image\" data-id=\"6753cbc\" data-element_type=\"widget\" data-e-type=\"widget\" data-widget_type=\"image.default\">\n\t\t\t\t<div class=\"elementor-widget-container\">\n\t\t\t\t\t\t\t\t\t\t\t\t\t\t\t<img loading=\"lazy\" decoding=\"async\" width=\"616\" height=\"447\" src=\"https:\/\/mazanho-bois.com\/wp-content\/uploads\/2023\/05\/p8.png\" class=\"attachment-full size-full wp-image-6040\" alt=\"\" srcset=\"https:\/\/mazanho-bois.com\/wp-content\/uploads\/2023\/05\/p8.png 616w, https:\/\/mazanho-bois.com\/wp-content\/uploads\/2023\/05\/p8-300x218.png 300w, https:\/\/mazanho-bois.com\/wp-content\/uploads\/2023\/05\/p8-18x12.png 18w\" sizes=\"(max-width: 616px) 100vw, 616px\" \/>\t\t\t\t\t\t\t\t\t\t\t\t\t\t\t<\/div>\n\t\t\t\t<\/div>\n\t\t\t\t<div class=\"elementor-element elementor-element-ce11f04 elementor-widget elementor-widget-image\" data-id=\"ce11f04\" data-element_type=\"widget\" data-e-type=\"widget\" data-widget_type=\"image.default\">\n\t\t\t\t<div class=\"elementor-widget-container\">\n\t\t\t\t\t\t\t\t\t\t\t\t\t\t\t<img loading=\"lazy\" decoding=\"async\" width=\"619\" height=\"446\" src=\"https:\/\/mazanho-bois.com\/wp-content\/uploads\/2023\/05\/p9.png\" class=\"attachment-full size-full wp-image-6041\" alt=\"\" srcset=\"https:\/\/mazanho-bois.com\/wp-content\/uploads\/2023\/05\/p9.png 619w, https:\/\/mazanho-bois.com\/wp-content\/uploads\/2023\/05\/p9-300x216.png 300w, https:\/\/mazanho-bois.com\/wp-content\/uploads\/2023\/05\/p9-18x12.png 18w\" sizes=\"(max-width: 619px) 100vw, 619px\" \/>\t\t\t\t\t\t\t\t\t\t\t\t\t\t\t<\/div>\n\t\t\t\t<\/div>\n\t\t\t\t<div class=\"elementor-element elementor-element-3c35bde elementor-widget elementor-widget-image\" data-id=\"3c35bde\" data-element_type=\"widget\" data-e-type=\"widget\" data-widget_type=\"image.default\">\n\t\t\t\t<div class=\"elementor-widget-container\">\n\t\t\t\t\t\t\t\t\t\t\t\t\t\t\t<img loading=\"lazy\" decoding=\"async\" width=\"610\" height=\"446\" src=\"https:\/\/mazanho-bois.com\/wp-content\/uploads\/2023\/05\/p10.png\" class=\"attachment-full size-full wp-image-6042\" alt=\"\" srcset=\"https:\/\/mazanho-bois.com\/wp-content\/uploads\/2023\/05\/p10.png 610w, https:\/\/mazanho-bois.com\/wp-content\/uploads\/2023\/05\/p10-300x219.png 300w, https:\/\/mazanho-bois.com\/wp-content\/uploads\/2023\/05\/p10-16x12.png 16w\" sizes=\"(max-width: 610px) 100vw, 610px\" \/>\t\t\t\t\t\t\t\t\t\t\t\t\t\t\t<\/div>\n\t\t\t\t<\/div>\n\t\t\t\t<\/div>\n\t\t<div class=\"elementor-element elementor-element-0388d16 e-con-full e-flex e-con e-child\" data-id=\"0388d16\" data-element_type=\"container\" data-e-type=\"container\">\n\t\t<div class=\"elementor-element elementor-element-7fd4372 e-flex e-con-boxed e-con e-child\" data-id=\"7fd4372\" data-element_type=\"container\" data-e-type=\"container\">\n\t\t\t\t\t<div class=\"e-con-inner\">\n\t\t\t\t\t<\/div>\n\t\t\t\t<\/div>\n\t\t\t\t<div class=\"elementor-element elementor-element-028dc40 elementor-widget elementor-widget-heading\" data-id=\"028dc40\" data-element_type=\"widget\" data-e-type=\"widget\" data-widget_type=\"heading.default\">\n\t\t\t\t<div class=\"elementor-widget-container\">\n\t\t\t\t\t<h2 class=\"elementor-heading-title elementor-size-default\">Dimensions<\/h2>\t\t\t\t<\/div>\n\t\t\t\t<\/div>\n\t\t\t\t<div class=\"elementor-element elementor-element-7804c4a elementor-widget-divider--view-line elementor-widget elementor-widget-divider\" data-id=\"7804c4a\" data-element_type=\"widget\" data-e-type=\"widget\" data-widget_type=\"divider.default\">\n\t\t\t\t<div class=\"elementor-widget-container\">\n\t\t\t\t\t\t\t<div class=\"elementor-divider\">\n\t\t\t<span class=\"elementor-divider-separator\">\n\t\t\t\t\t\t<\/span>\n\t\t<\/div>\n\t\t\t\t\t\t<\/div>\n\t\t\t\t<\/div>\n\t\t\t\t<div class=\"elementor-element elementor-element-20fe465 elementor-widget elementor-widget-image\" data-id=\"20fe465\" data-element_type=\"widget\" data-e-type=\"widget\" data-widget_type=\"image.default\">\n\t\t\t\t<div class=\"elementor-widget-container\">\n\t\t\t\t\t\t\t\t\t\t\t\t\t\t\t<img loading=\"lazy\" decoding=\"async\" width=\"329\" height=\"113\" src=\"https:\/\/mazanho-bois.com\/wp-content\/uploads\/2023\/04\/por.png\" class=\"attachment-full size-full wp-image-4814\" alt=\"\" srcset=\"https:\/\/mazanho-bois.com\/wp-content\/uploads\/2023\/04\/por.png 329w, https:\/\/mazanho-bois.com\/wp-content\/uploads\/2023\/04\/por-300x103.png 300w, https:\/\/mazanho-bois.com\/wp-content\/uploads\/2023\/04\/por-18x6.png 18w\" sizes=\"(max-width: 329px) 100vw, 329px\" \/>\t\t\t\t\t\t\t\t\t\t\t\t\t\t\t<\/div>\n\t\t\t\t<\/div>\n\t\t\t\t<div class=\"elementor-element elementor-element-88691e3 elementor-widget__width-initial elementor-widget elementor-widget-text-editor\" data-id=\"88691e3\" data-element_type=\"widget\" data-e-type=\"widget\" data-widget_type=\"text-editor.default\">\n\t\t\t\t<div class=\"elementor-widget-container\">\n\t\t\t\t\t\t\t\t\t<p><strong>Les portes peuvent \u00e9galement \u00eatre fabriqu\u00e9es sur mesure, au\u00a0 cm pr\u00e8s , selon une plage dimensionnelle de 200 \u00e0 235 cm en hauteur et 60 \u00e0 90 cm en largeur.<\/strong><\/p>\t\t\t\t\t\t\t\t<\/div>\n\t\t\t\t<\/div>\n\t\t\t\t<div class=\"elementor-element elementor-element-1e70f9c elementor-widget elementor-widget-heading\" data-id=\"1e70f9c\" data-element_type=\"widget\" data-e-type=\"widget\" data-widget_type=\"heading.default\">\n\t\t\t\t<div class=\"elementor-widget-container\">\n\t\t\t\t\t<h2 class=\"elementor-heading-title elementor-size-default\">Essences et teintes<\/h2>\t\t\t\t<\/div>\n\t\t\t\t<\/div>\n\t\t\t\t<div class=\"elementor-element elementor-element-3c0a8be elementor-widget-divider--view-line elementor-widget elementor-widget-divider\" data-id=\"3c0a8be\" data-element_type=\"widget\" data-e-type=\"widget\" data-widget_type=\"divider.default\">\n\t\t\t\t<div class=\"elementor-widget-container\">\n\t\t\t\t\t\t\t<div class=\"elementor-divider\">\n\t\t\t<span class=\"elementor-divider-separator\">\n\t\t\t\t\t\t<\/span>\n\t\t<\/div>\n\t\t\t\t\t\t<\/div>\n\t\t\t\t<\/div>\n\t\t\t\t<div class=\"elementor-element elementor-element-05203db elementor-widget elementor-widget-image\" data-id=\"05203db\" data-element_type=\"widget\" data-e-type=\"widget\" data-widget_type=\"image.default\">\n\t\t\t\t<div class=\"elementor-widget-container\">\n\t\t\t\t\t\t\t\t\t\t\t\t\t\t\t<img loading=\"lazy\" decoding=\"async\" width=\"578\" height=\"318\" src=\"https:\/\/mazanho-bois.com\/wp-content\/uploads\/2023\/03\/intint.png\" class=\"attachment-full size-full wp-image-3465\" alt=\"\" srcset=\"https:\/\/mazanho-bois.com\/wp-content\/uploads\/2023\/03\/intint.png 578w, https:\/\/mazanho-bois.com\/wp-content\/uploads\/2023\/03\/intint-300x165.png 300w\" sizes=\"(max-width: 578px) 100vw, 578px\" \/>\t\t\t\t\t\t\t\t\t\t\t\t\t\t\t<\/div>\n\t\t\t\t<\/div>\n\t\t\t\t<div class=\"elementor-element elementor-element-aaabed1 elementor-widget-divider--view-line elementor-widget elementor-widget-divider\" data-id=\"aaabed1\" data-element_type=\"widget\" data-e-type=\"widget\" data-widget_type=\"divider.default\">\n\t\t\t\t<div class=\"elementor-widget-container\">\n\t\t\t\t\t\t\t<div class=\"elementor-divider\">\n\t\t\t<span class=\"elementor-divider-separator\">\n\t\t\t\t\t\t<\/span>\n\t\t<\/div>\n\t\t\t\t\t\t<\/div>\n\t\t\t\t<\/div>\n\t\t\t\t<div class=\"elementor-element elementor-element-b24a92c elementor-align-center elementor-widget elementor-widget-button\" data-id=\"b24a92c\" data-element_type=\"widget\" data-e-type=\"widget\" data-widget_type=\"button.default\">\n\t\t\t\t<div class=\"elementor-widget-container\">\n\t\t\t\t\t\t\t\t\t<div class=\"elementor-button-wrapper\">\n\t\t\t\t\t<a class=\"elementor-button elementor-button-link elementor-size-sm\" href=\"http:\/\/mazanho-bois.com\/modularite\">\n\t\t\t\t\t\t<span class=\"elementor-button-content-wrapper\">\n\t\t\t\t\t\t\t\t\t<span class=\"elementor-button-text\">Modularit\u00e9<\/span>\n\t\t\t\t\t<\/span>\n\t\t\t\t\t<\/a>\n\t\t\t\t<\/div>\n\t\t\t\t\t\t\t\t<\/div>\n\t\t\t\t<\/div>\n\t\t\t\t<div class=\"elementor-element elementor-element-72167ab elementor-widget-divider--view-line elementor-widget elementor-widget-divider\" data-id=\"72167ab\" data-element_type=\"widget\" data-e-type=\"widget\" data-widget_type=\"divider.default\">\n\t\t\t\t<div class=\"elementor-widget-container\">\n\t\t\t\t\t\t\t<div class=\"elementor-divider\">\n\t\t\t<span class=\"elementor-divider-separator\">\n\t\t\t\t\t\t<\/span>\n\t\t<\/div>\n\t\t\t\t\t\t<\/div>\n\t\t\t\t<\/div>\n\t\t\t\t<div class=\"elementor-element elementor-element-95c6c68 elementor-align-center elementor-widget elementor-widget-button\" data-id=\"95c6c68\" data-element_type=\"widget\" data-e-type=\"widget\" data-widget_type=\"button.default\">\n\t\t\t\t<div class=\"elementor-widget-container\">\n\t\t\t\t\t\t\t\t\t<div class=\"elementor-button-wrapper\">\n\t\t\t\t\t<a class=\"elementor-button elementor-button-link elementor-size-sm\" href=\"http:\/\/mazanho-bois.com\/quincaillerie\">\n\t\t\t\t\t\t<span class=\"elementor-button-content-wrapper\">\n\t\t\t\t\t\t\t\t\t<span class=\"elementor-button-text\">Quincaillerie<\/span>\n\t\t\t\t\t<\/span>\n\t\t\t\t\t<\/a>\n\t\t\t\t<\/div>\n\t\t\t\t\t\t\t\t<\/div>\n\t\t\t\t<\/div>\n\t\t\t\t<div class=\"elementor-element elementor-element-47c54a8 elementor-widget-divider--view-line elementor-widget elementor-widget-divider\" data-id=\"47c54a8\" data-element_type=\"widget\" data-e-type=\"widget\" data-widget_type=\"divider.default\">\n\t\t\t\t<div class=\"elementor-widget-container\">\n\t\t\t\t\t\t\t<div class=\"elementor-divider\">\n\t\t\t<span class=\"elementor-divider-separator\">\n\t\t\t\t\t\t<\/span>\n\t\t<\/div>\n\t\t\t\t\t\t<\/div>\n\t\t\t\t<\/div>\n\t\t\t\t<\/div>\n\t\t\t\t<\/div>\n\t\t\t\t<\/div>\n\t\t","protected":false},"excerpt":{"rendered":"<p>Portes en bois massif \u2013 1 Battant Portes en bois massif &#8211; 2 battants Portes en bois massif \u2013 1 Battant Dimensions Les portes peuvent \u00e9galement \u00eatre fabriqu\u00e9es sur mesure, au\u00a0 cm pr\u00e8s , selon une plage dimensionnelle de 200 \u00e0 235 cm en hauteur et 60 \u00e0 90 cm en largeur. Essences et teintes [&hellip;]<\/p>\n","protected":false},"author":2,"featured_media":0,"parent":0,"menu_order":0,"comment_status":"closed","ping_status":"closed","template":"elementor_header_footer","meta":{"footnotes":""},"class_list":["post-17","page","type-page","status-publish","hentry"],"blocksy_meta":[],"_links":{"self":[{"href":"https:\/\/mazanho-bois.com\/fr\/wp-json\/wp\/v2\/pages\/17","targetHints":{"allow":["GET"]}}],"collection":[{"href":"https:\/\/mazanho-bois.com\/fr\/wp-json\/wp\/v2\/pages"}],"about":[{"href":"https:\/\/mazanho-bois.com\/fr\/wp-json\/wp\/v2\/types\/page"}],"author":[{"embeddable":true,"href":"https:\/\/mazanho-bois.com\/fr\/wp-json\/wp\/v2\/users\/2"}],"replies":[{"embeddable":true,"href":"https:\/\/mazanho-bois.com\/fr\/wp-json\/wp\/v2\/comments?post=17"}],"version-history":[{"count":205,"href":"https:\/\/mazanho-bois.com\/fr\/wp-json\/wp\/v2\/pages\/17\/revisions"}],"predecessor-version":[{"id":6085,"href":"https:\/\/mazanho-bois.com\/fr\/wp-json\/wp\/v2\/pages\/17\/revisions\/6085"}],"wp:attachment":[{"href":"https:\/\/mazanho-bois.com\/fr\/wp-json\/wp\/v2\/media?parent=17"}],"curies":[{"name":"wp","href":"https:\/\/api.w.org\/{rel}","templated":true}]}}