{"id":175,"date":"2023-02-24T07:22:20","date_gmt":"2023-02-24T07:22:20","guid":{"rendered":"http:\/\/mazanho-bois.com\/?page_id=175"},"modified":"2024-07-29T07:20:14","modified_gmt":"2024-07-29T07:20:14","slug":"solution-informatique-de-gestion","status":"publish","type":"page","link":"https:\/\/mazanho-bois.com\/fr\/solution-informatique-de-gestion","title":{"rendered":"Solution informatique de gestion"},"content":{"rendered":"\t\t<div data-elementor-type=\"wp-page\" data-elementor-id=\"175\" class=\"elementor elementor-175\" data-elementor-post-type=\"page\">\n\t\t\t\t<div class=\"elementor-element elementor-element-9191ade e-flex e-con-boxed e-con e-parent\" data-id=\"9191ade\" data-element_type=\"container\" data-e-type=\"container\">\n\t\t\t\t\t<div class=\"e-con-inner\">\n\t\t\t\t\t<\/div>\n\t\t\t\t<\/div>\n\t\t<div class=\"elementor-element elementor-element-7abd2cf e-flex e-con-boxed e-con e-parent\" data-id=\"7abd2cf\" data-element_type=\"container\" data-e-type=\"container\">\n\t\t\t\t\t<div class=\"e-con-inner\">\n\t\t\t\t<div class=\"elementor-element elementor-element-9145471 elementor-widget-divider--view-line elementor-widget elementor-widget-divider\" data-id=\"9145471\" data-element_type=\"widget\" data-e-type=\"widget\" data-widget_type=\"divider.default\">\n\t\t\t\t<div class=\"elementor-widget-container\">\n\t\t\t\t\t\t\t<div class=\"elementor-divider\">\n\t\t\t<span class=\"elementor-divider-separator\">\n\t\t\t\t\t\t<\/span>\n\t\t<\/div>\n\t\t\t\t\t\t<\/div>\n\t\t\t\t<\/div>\n\t\t\t\t<div class=\"elementor-element elementor-element-cdfb4b4 elementor-widget__width-initial elementor-widget-tablet__width-initial elementor-widget-mobile__width-initial elementor-widget elementor-widget-text-editor\" data-id=\"cdfb4b4\" data-element_type=\"widget\" data-e-type=\"widget\" data-widget_type=\"text-editor.default\">\n\t\t\t\t<div class=\"elementor-widget-container\">\n\t\t\t\t\t\t\t\t\t<p>MAZHANO BOIS vous offre des solutions num\u00e9riques dans les domaines suivants\u00a0:<\/p><ul><li>Gestion du stock en production<\/li><li>Gestion des commandes<\/li><li>Gestion de la s\u00e9curit\u00e9 des portes<\/li><li>Gestion de la paie des employ\u00e9s<\/li><\/ul><p>Les solutions propos\u00e9es sont des applications simples dans l\u2019utilisation avec des interfaces intuitifs. Ils sont con\u00e7us pour les petites et moyennes entreprises.<\/p>\t\t\t\t\t\t\t\t<\/div>\n\t\t\t\t<\/div>\n\t\t\t\t<div class=\"elementor-element elementor-element-aba6240 elementor-widget elementor-widget-image\" data-id=\"aba6240\" data-element_type=\"widget\" data-e-type=\"widget\" data-widget_type=\"image.default\">\n\t\t\t\t<div class=\"elementor-widget-container\">\n\t\t\t\t\t\t\t\t\t\t\t\t\t\t\t<img fetchpriority=\"high\" decoding=\"async\" width=\"1046\" height=\"382\" src=\"https:\/\/mazanho-bois.com\/wp-content\/uploads\/2023\/04\/image25-1.png\" class=\"attachment-full size-full wp-image-5424\" alt=\"\" srcset=\"https:\/\/mazanho-bois.com\/wp-content\/uploads\/2023\/04\/image25-1.png 1046w, https:\/\/mazanho-bois.com\/wp-content\/uploads\/2023\/04\/image25-1-300x110.png 300w, https:\/\/mazanho-bois.com\/wp-content\/uploads\/2023\/04\/image25-1-1024x374.png 1024w, https:\/\/mazanho-bois.com\/wp-content\/uploads\/2023\/04\/image25-1-768x280.png 768w, https:\/\/mazanho-bois.com\/wp-content\/uploads\/2023\/04\/image25-1-18x7.png 18w\" sizes=\"(max-width: 1046px) 100vw, 1046px\" \/>\t\t\t\t\t\t\t\t\t\t\t\t\t\t\t<\/div>\n\t\t\t\t<\/div>\n\t\t\t\t<div class=\"elementor-element elementor-element-ca72013 elementor-widget elementor-widget-heading\" data-id=\"ca72013\" data-element_type=\"widget\" data-e-type=\"widget\" data-widget_type=\"heading.default\">\n\t\t\t\t<div class=\"elementor-widget-container\">\n\t\t\t\t\t<h2 class=\"elementor-heading-title elementor-size-default\">Gestion du stock et des commandes<\/h2>\t\t\t\t<\/div>\n\t\t\t\t<\/div>\n\t\t\t\t<div class=\"elementor-element elementor-element-b0094ed elementor-widget-divider--view-line elementor-widget elementor-widget-divider\" data-id=\"b0094ed\" data-element_type=\"widget\" data-e-type=\"widget\" data-widget_type=\"divider.default\">\n\t\t\t\t<div class=\"elementor-widget-container\">\n\t\t\t\t\t\t\t<div class=\"elementor-divider\">\n\t\t\t<span class=\"elementor-divider-separator\">\n\t\t\t\t\t\t<\/span>\n\t\t<\/div>\n\t\t\t\t\t\t<\/div>\n\t\t\t\t<\/div>\n\t\t\t\t<div class=\"elementor-element elementor-element-a5c79c8 elementor-widget__width-initial elementor-widget elementor-widget-text-editor\" data-id=\"a5c79c8\" data-element_type=\"widget\" data-e-type=\"widget\" data-widget_type=\"text-editor.default\">\n\t\t\t\t<div class=\"elementor-widget-container\">\n\t\t\t\t\t\t\t\t\t<p>Notre application Easy Manage est un outil simple et efficace dans la gestion de votre stock et de vos commandes. Elle permet de structurer son magasin avec des codes d\u2019articles, \u00e9diter les quantit\u00e9s, les co\u00fbts ainsi que les prix et les attribuer \u00e0 diff\u00e9rents fournisseurs. Par simple param\u00e9trage, des variantes techniques ou commerciales peuvent \u00eatre attribu\u00e9es aux m\u00eames articles. La base des donn\u00e9es de vos fournisseurs et de vos clients est aussi g\u00e9r\u00e9e par l\u2019application.\u00a0<\/p><p>Elle vous met en plus \u00e0 disposition des outils pour facilement \u00e9tablir un devis, une proforma, une facture ou un bon de livraison. \u00c0 tout moment, vous avez un aper\u00e7u sur les mouvements dans votre stock et pouvez de fa\u00e7on journali\u00e8re, hebdomadaire, mensuelle, trimestriel, semestriel ou annuelle obtenir des statistiques.<\/p>\t\t\t\t\t\t\t\t<\/div>\n\t\t\t\t<\/div>\n\t\t\t\t<div class=\"elementor-element elementor-element-2c33831 elementor-widget elementor-widget-image\" data-id=\"2c33831\" data-element_type=\"widget\" data-e-type=\"widget\" data-widget_type=\"image.default\">\n\t\t\t\t<div class=\"elementor-widget-container\">\n\t\t\t\t\t\t\t\t\t\t\t\t\t\t\t<img decoding=\"async\" width=\"944\" height=\"543\" src=\"https:\/\/mazanho-bois.com\/wp-content\/uploads\/2023\/04\/image26-1.png\" class=\"attachment-full size-full wp-image-5428\" alt=\"\" srcset=\"https:\/\/mazanho-bois.com\/wp-content\/uploads\/2023\/04\/image26-1.png 944w, https:\/\/mazanho-bois.com\/wp-content\/uploads\/2023\/04\/image26-1-300x173.png 300w, https:\/\/mazanho-bois.com\/wp-content\/uploads\/2023\/04\/image26-1-768x442.png 768w, https:\/\/mazanho-bois.com\/wp-content\/uploads\/2023\/04\/image26-1-18x10.png 18w\" sizes=\"(max-width: 944px) 100vw, 944px\" \/>\t\t\t\t\t\t\t\t\t\t\t\t\t\t\t<\/div>\n\t\t\t\t<\/div>\n\t\t\t\t<div class=\"elementor-element elementor-element-8077cce elementor-widget elementor-widget-heading\" data-id=\"8077cce\" data-element_type=\"widget\" data-e-type=\"widget\" data-widget_type=\"heading.default\">\n\t\t\t\t<div class=\"elementor-widget-container\">\n\t\t\t\t\t<h2 class=\"elementor-heading-title elementor-size-default\">Gestion de la paie<\/h2>\t\t\t\t<\/div>\n\t\t\t\t<\/div>\n\t\t\t\t<div class=\"elementor-element elementor-element-6d9657d elementor-widget-divider--view-line elementor-widget elementor-widget-divider\" data-id=\"6d9657d\" data-element_type=\"widget\" data-e-type=\"widget\" data-widget_type=\"divider.default\">\n\t\t\t\t<div class=\"elementor-widget-container\">\n\t\t\t\t\t\t\t<div class=\"elementor-divider\">\n\t\t\t<span class=\"elementor-divider-separator\">\n\t\t\t\t\t\t<\/span>\n\t\t<\/div>\n\t\t\t\t\t\t<\/div>\n\t\t\t\t<\/div>\n\t\t\t\t<div class=\"elementor-element elementor-element-409339a elementor-widget__width-initial elementor-widget elementor-widget-text-editor\" data-id=\"409339a\" data-element_type=\"widget\" data-e-type=\"widget\" data-widget_type=\"text-editor.default\">\n\t\t\t\t<div class=\"elementor-widget-container\">\n\t\t\t\t\t\t\t\t\t<p>EASYPAY est notre solution pour la gestion des ressources humaines et de la paie dans des entreprises de pr\u00e8s de 50 employ\u00e9s. Cette application est con\u00e7ue et d\u00e9velopp\u00e9e conform\u00e9ment aux exigences fiscales des lois camerounaises.<\/p><p>La gestion des ressources humaines comprend la collecte des donn\u00e9es personnelles et administratives des employ\u00e9s, le monitoring des retards, des absences et des d\u00e9parts.<\/p><p>La gestion de la paie contient la fixation des \u00e9l\u00e9ments du salaire (salaire de base, indemnit\u00e9s, primes etc\u2026) et le calcul des taxes et allocations conform\u00e9ment aux lois fiscales. L\u2019application g\u00e9n\u00e8re automatiquement le bulletin de paie de chaque employ\u00e9, le livre de paie de l\u2019entreprise ainsi que le <strong>D<\/strong>ocument d\u2019<strong>I<\/strong>nformation sur le <strong>P<\/strong>ersonnel <strong>E<\/strong>mploy\u00e9 (DIPE) pour le payement des redevances sociales et les imp\u00f4ts.<\/p>\t\t\t\t\t\t\t\t<\/div>\n\t\t\t\t<\/div>\n\t\t\t\t<div class=\"elementor-element elementor-element-03aa9c8 elementor-widget elementor-widget-image\" data-id=\"03aa9c8\" data-element_type=\"widget\" data-e-type=\"widget\" data-widget_type=\"image.default\">\n\t\t\t\t<div class=\"elementor-widget-container\">\n\t\t\t\t\t\t\t\t\t\t\t\t\t\t\t<img decoding=\"async\" width=\"1379\" height=\"620\" src=\"https:\/\/mazanho-bois.com\/wp-content\/uploads\/2023\/04\/image27-1.png\" class=\"attachment-full size-full wp-image-5432\" alt=\"\" srcset=\"https:\/\/mazanho-bois.com\/wp-content\/uploads\/2023\/04\/image27-1.png 1379w, https:\/\/mazanho-bois.com\/wp-content\/uploads\/2023\/04\/image27-1-300x135.png 300w, https:\/\/mazanho-bois.com\/wp-content\/uploads\/2023\/04\/image27-1-1024x460.png 1024w, https:\/\/mazanho-bois.com\/wp-content\/uploads\/2023\/04\/image27-1-768x345.png 768w, https:\/\/mazanho-bois.com\/wp-content\/uploads\/2023\/04\/image27-1-18x8.png 18w\" sizes=\"(max-width: 1379px) 100vw, 1379px\" \/>\t\t\t\t\t\t\t\t\t\t\t\t\t\t\t<\/div>\n\t\t\t\t<\/div>\n\t\t\t\t<div class=\"elementor-element elementor-element-218fbee elementor-widget elementor-widget-heading\" data-id=\"218fbee\" data-element_type=\"widget\" data-e-type=\"widget\" data-widget_type=\"heading.default\">\n\t\t\t\t<div class=\"elementor-widget-container\">\n\t\t\t\t\t<h2 class=\"elementor-heading-title elementor-size-default\">Gestion de la s\u00e9curit\u00e9 des portes<\/h2>\t\t\t\t<\/div>\n\t\t\t\t<\/div>\n\t\t\t\t<div class=\"elementor-element elementor-element-0a229e3 elementor-widget-divider--view-line elementor-widget elementor-widget-divider\" data-id=\"0a229e3\" data-element_type=\"widget\" data-e-type=\"widget\" data-widget_type=\"divider.default\">\n\t\t\t\t<div class=\"elementor-widget-container\">\n\t\t\t\t\t\t\t<div class=\"elementor-divider\">\n\t\t\t<span class=\"elementor-divider-separator\">\n\t\t\t\t\t\t<\/span>\n\t\t<\/div>\n\t\t\t\t\t\t<\/div>\n\t\t\t\t<\/div>\n\t\t\t\t<div class=\"elementor-element elementor-element-45d4a58 elementor-widget__width-initial elementor-widget elementor-widget-text-editor\" data-id=\"45d4a58\" data-element_type=\"widget\" data-e-type=\"widget\" data-widget_type=\"text-editor.default\">\n\t\t\t\t<div class=\"elementor-widget-container\">\n\t\t\t\t\t\t\t\t\t<p>MAZANHO BOIS est v\u00f4tre fabricant de portes dans le b\u00e2timent. La gestion traditionnelle de s\u00e9curit\u00e9 des portes se fait m\u00e9caniquement par des serrures \u00e0 cylindre et des cl\u00e9s m\u00e9caniques. Pour g\u00e9rer un groupe de porte ou toutes les portes on utilise alors les syst\u00e8mes de cylindre et de cl\u00e9 \u00e0 passe partiel ou passe g\u00e9n\u00e9ral. Les syst\u00e8mes de verrouillage m\u00e9canique peuvent rapidement atteindre leur limite d\u2019exploitation car les cl\u00e9s \u00e9gar\u00e9es ou contre fabriqu\u00e9es constituent un risque majeur de s\u00e9curit\u00e9.<\/p><p>\u00a0Les syst\u00e8mes de verrouillage \u00e9lectronique par contre r\u00e9pondent \u00e0 toutes les exigences en mati\u00e8re de s\u00e9curit\u00e9 pour un grand nombre de nos applications (b\u00e2timent administratifs, bureaux, universit\u00e9s, \u00e9coles, h\u00f4tels, h\u00f4pitaux, etc\u2026).<\/p><p>MAZANHO BOIS vous propose des solutions de gestion de la s\u00e9curit\u00e9 des portes par verrouillage \u00e9lectronique. Ces solutions sont bas\u00e9es sur la technologie du transpondeur et constitu\u00e9es d\u2019une partie physique (cylindre ou poign\u00e9e \u00e9lectronique) et d\u2019un logiciel. \u00a0<\/p><p>Le cylindre ou la poign\u00e9e \u00e9lectronique s\u2019adapte facilement sur nos serrures. Le logiciel est configurable et param\u00e9trable selon vos exigences. L\u2019attribution des droits d\u2019acc\u00e8s peut se faire par\u00a0groupe de verrouillage, cl\u00e9 d\u2019autorisation individuelle, profil horaire, etc\u2026 . En plus d\u2019un profil horaire, chaque cl\u00e9 peut \u00eatre programm\u00e9e avec une date d\u2019expiration.<\/p>\t\t\t\t\t\t\t\t<\/div>\n\t\t\t\t<\/div>\n\t\t\t\t<div class=\"elementor-element elementor-element-ae1ff3e elementor-widget elementor-widget-image\" data-id=\"ae1ff3e\" data-element_type=\"widget\" data-e-type=\"widget\" data-widget_type=\"image.default\">\n\t\t\t\t<div class=\"elementor-widget-container\">\n\t\t\t\t\t\t\t\t\t\t\t\t\t\t\t<img loading=\"lazy\" decoding=\"async\" width=\"1008\" height=\"758\" src=\"https:\/\/mazanho-bois.com\/wp-content\/uploads\/2023\/04\/image28-2.png\" class=\"attachment-full size-full wp-image-5434\" alt=\"\" srcset=\"https:\/\/mazanho-bois.com\/wp-content\/uploads\/2023\/04\/image28-2.png 1008w, https:\/\/mazanho-bois.com\/wp-content\/uploads\/2023\/04\/image28-2-300x226.png 300w, https:\/\/mazanho-bois.com\/wp-content\/uploads\/2023\/04\/image28-2-768x578.png 768w, https:\/\/mazanho-bois.com\/wp-content\/uploads\/2023\/04\/image28-2-16x12.png 16w\" sizes=\"(max-width: 1008px) 100vw, 1008px\" \/>\t\t\t\t\t\t\t\t\t\t\t\t\t\t\t<\/div>\n\t\t\t\t<\/div>\n\t\t\t\t\t<\/div>\n\t\t\t\t<\/div>\n\t\t\t\t<\/div>\n\t\t","protected":false},"excerpt":{"rendered":"<p>MAZHANO BOIS vous offre des solutions num\u00e9riques dans les domaines suivants\u00a0: Gestion du stock en production Gestion des commandes Gestion de la s\u00e9curit\u00e9 des portes Gestion de la paie des employ\u00e9s Les solutions propos\u00e9es sont des applications simples dans l\u2019utilisation avec des interfaces intuitifs. Ils sont con\u00e7us pour les petites et moyennes entreprises. Gestion du [&hellip;]<\/p>\n","protected":false},"author":2,"featured_media":0,"parent":0,"menu_order":0,"comment_status":"closed","ping_status":"closed","template":"elementor_header_footer","meta":{"footnotes":""},"class_list":["post-175","page","type-page","status-publish","hentry"],"blocksy_meta":[],"_links":{"self":[{"href":"https:\/\/mazanho-bois.com\/fr\/wp-json\/wp\/v2\/pages\/175","targetHints":{"allow":["GET"]}}],"collection":[{"href":"https:\/\/mazanho-bois.com\/fr\/wp-json\/wp\/v2\/pages"}],"about":[{"href":"https:\/\/mazanho-bois.com\/fr\/wp-json\/wp\/v2\/types\/page"}],"author":[{"embeddable":true,"href":"https:\/\/mazanho-bois.com\/fr\/wp-json\/wp\/v2\/users\/2"}],"replies":[{"embeddable":true,"href":"https:\/\/mazanho-bois.com\/fr\/wp-json\/wp\/v2\/comments?post=175"}],"version-history":[{"count":29,"href":"https:\/\/mazanho-bois.com\/fr\/wp-json\/wp\/v2\/pages\/175\/revisions"}],"predecessor-version":[{"id":5479,"href":"https:\/\/mazanho-bois.com\/fr\/wp-json\/wp\/v2\/pages\/175\/revisions\/5479"}],"wp:attachment":[{"href":"https:\/\/mazanho-bois.com\/fr\/wp-json\/wp\/v2\/media?parent=175"}],"curies":[{"name":"wp","href":"https:\/\/api.w.org\/{rel}","templated":true}]}}