{"id":4179,"date":"2023-04-04T21:24:17","date_gmt":"2023-04-04T21:24:17","guid":{"rendered":"http:\/\/mazanho-bois.com\/?page_id=4179"},"modified":"2023-04-09T10:55:02","modified_gmt":"2023-04-09T10:55:02","slug":"ecoles","status":"publish","type":"page","link":"https:\/\/mazanho-bois.com\/fr\/ecoles","title":{"rendered":"Ecoles"},"content":{"rendered":"\t\t<div data-elementor-type=\"wp-page\" data-elementor-id=\"4179\" class=\"elementor elementor-4179\" data-elementor-post-type=\"page\">\n\t\t\t\t<div class=\"elementor-element elementor-element-3325e6d e-flex e-con-boxed e-con e-parent\" data-id=\"3325e6d\" data-element_type=\"container\" data-e-type=\"container\">\n\t\t\t\t\t<div class=\"e-con-inner\">\n\t\t\t\t\t<\/div>\n\t\t\t\t<\/div>\n\t\t<div class=\"elementor-element elementor-element-dc8fd6e e-con-full e-flex e-con e-parent\" data-id=\"dc8fd6e\" data-element_type=\"container\" data-e-type=\"container\">\n\t\t<div class=\"elementor-element elementor-element-b1ae38a e-con-full e-flex e-con e-parent\" data-id=\"b1ae38a\" data-element_type=\"container\" data-e-type=\"container\">\n\t\t\t\t<div class=\"elementor-element elementor-element-8d9fd44 elementor-widget-divider--view-line elementor-widget elementor-widget-divider\" data-id=\"8d9fd44\" data-element_type=\"widget\" data-e-type=\"widget\" data-widget_type=\"divider.default\">\n\t\t\t\t<div class=\"elementor-widget-container\">\n\t\t\t\t\t\t\t<div class=\"elementor-divider\">\n\t\t\t<span class=\"elementor-divider-separator\">\n\t\t\t\t\t\t<\/span>\n\t\t<\/div>\n\t\t\t\t\t\t<\/div>\n\t\t\t\t<\/div>\n\t\t\t\t<div class=\"elementor-element elementor-element-c7d4260 elementor-widget-tablet__width-initial elementor-widget elementor-widget-heading\" data-id=\"c7d4260\" data-element_type=\"widget\" data-e-type=\"widget\" data-widget_type=\"heading.default\">\n\t\t\t\t<div class=\"elementor-widget-container\">\n\t\t\t\t\t<h2 class=\"elementor-heading-title elementor-size-default\">Dimensions\n<\/h2>\t\t\t\t<\/div>\n\t\t\t\t<\/div>\n\t\t\t\t<div class=\"elementor-element elementor-element-53d6e80 elementor-widget__width-initial elementor-widget elementor-widget-image\" data-id=\"53d6e80\" data-element_type=\"widget\" data-e-type=\"widget\" data-widget_type=\"image.default\">\n\t\t\t\t<div class=\"elementor-widget-container\">\n\t\t\t\t\t\t\t\t\t\t\t\t\t\t\t<img fetchpriority=\"high\" decoding=\"async\" width=\"355\" height=\"203\" src=\"https:\/\/mazanho-bois.com\/wp-content\/uploads\/2023\/04\/ecoletab.png\" class=\"attachment-full size-full wp-image-4268\" alt=\"\" srcset=\"https:\/\/mazanho-bois.com\/wp-content\/uploads\/2023\/04\/ecoletab.png 355w, https:\/\/mazanho-bois.com\/wp-content\/uploads\/2023\/04\/ecoletab-300x172.png 300w, https:\/\/mazanho-bois.com\/wp-content\/uploads\/2023\/04\/ecoletab-18x10.png 18w\" sizes=\"(max-width: 355px) 100vw, 355px\" \/>\t\t\t\t\t\t\t\t\t\t\t\t\t\t\t<\/div>\n\t\t\t\t<\/div>\n\t\t\t\t<div class=\"elementor-element elementor-element-9ae76db elementor-widget elementor-widget-image\" data-id=\"9ae76db\" data-element_type=\"widget\" data-e-type=\"widget\" data-widget_type=\"image.default\">\n\t\t\t\t<div class=\"elementor-widget-container\">\n\t\t\t\t\t\t\t\t\t\t\t\t\t\t\t<img decoding=\"async\" width=\"396\" height=\"201\" src=\"https:\/\/mazanho-bois.com\/wp-content\/uploads\/2023\/04\/ecoletab2.png\" class=\"attachment-full size-full wp-image-4269\" alt=\"\" srcset=\"https:\/\/mazanho-bois.com\/wp-content\/uploads\/2023\/04\/ecoletab2.png 396w, https:\/\/mazanho-bois.com\/wp-content\/uploads\/2023\/04\/ecoletab2-300x152.png 300w, https:\/\/mazanho-bois.com\/wp-content\/uploads\/2023\/04\/ecoletab2-18x9.png 18w\" sizes=\"(max-width: 396px) 100vw, 396px\" \/>\t\t\t\t\t\t\t\t\t\t\t\t\t\t\t<\/div>\n\t\t\t\t<\/div>\n\t\t\t\t<div class=\"elementor-element elementor-element-67af709 elementor-widget elementor-widget-heading\" data-id=\"67af709\" data-element_type=\"widget\" data-e-type=\"widget\" data-widget_type=\"heading.default\">\n\t\t\t\t<div class=\"elementor-widget-container\">\n\t\t\t\t\t<h2 class=\"elementor-heading-title elementor-size-default\">Essences et teintes<\/h2>\t\t\t\t<\/div>\n\t\t\t\t<\/div>\n\t\t\t\t<div class=\"elementor-element elementor-element-b2e5cf9 elementor-widget-divider--view-line elementor-widget elementor-widget-divider\" data-id=\"b2e5cf9\" data-element_type=\"widget\" data-e-type=\"widget\" data-widget_type=\"divider.default\">\n\t\t\t\t<div class=\"elementor-widget-container\">\n\t\t\t\t\t\t\t<div class=\"elementor-divider\">\n\t\t\t<span class=\"elementor-divider-separator\">\n\t\t\t\t\t\t<\/span>\n\t\t<\/div>\n\t\t\t\t\t\t<\/div>\n\t\t\t\t<\/div>\n\t\t\t\t<div class=\"elementor-element elementor-element-9ad5c80 elementor-widget elementor-widget-image\" data-id=\"9ad5c80\" data-element_type=\"widget\" data-e-type=\"widget\" data-widget_type=\"image.default\">\n\t\t\t\t<div class=\"elementor-widget-container\">\n\t\t\t\t\t\t\t\t\t\t\t\t\t\t\t<img decoding=\"async\" width=\"578\" height=\"318\" src=\"https:\/\/mazanho-bois.com\/wp-content\/uploads\/2023\/03\/intint.png\" class=\"attachment-full size-full wp-image-3465\" alt=\"\" srcset=\"https:\/\/mazanho-bois.com\/wp-content\/uploads\/2023\/03\/intint.png 578w, https:\/\/mazanho-bois.com\/wp-content\/uploads\/2023\/03\/intint-300x165.png 300w\" sizes=\"(max-width: 578px) 100vw, 578px\" \/>\t\t\t\t\t\t\t\t\t\t\t\t\t\t\t<\/div>\n\t\t\t\t<\/div>\n\t\t\t\t<\/div>\n\t\t<div class=\"elementor-element elementor-element-3ded8e9 e-con-full e-flex e-con e-parent\" data-id=\"3ded8e9\" data-element_type=\"container\" data-e-type=\"container\">\n\t\t\t\t<div class=\"elementor-element elementor-element-19ef774 elementor-widget-divider--view-line elementor-widget elementor-widget-divider\" data-id=\"19ef774\" data-element_type=\"widget\" data-e-type=\"widget\" data-widget_type=\"divider.default\">\n\t\t\t\t<div class=\"elementor-widget-container\">\n\t\t\t\t\t\t\t<div class=\"elementor-divider\">\n\t\t\t<span class=\"elementor-divider-separator\">\n\t\t\t\t\t\t<\/span>\n\t\t<\/div>\n\t\t\t\t\t\t<\/div>\n\t\t\t\t<\/div>\n\t\t\t\t<div class=\"elementor-element elementor-element-2e8d630 elementor-widget__width-initial elementor-widget elementor-widget-text-editor\" data-id=\"2e8d630\" data-element_type=\"widget\" data-e-type=\"widget\" data-widget_type=\"text-editor.default\">\n\t\t\t\t<div class=\"elementor-widget-container\">\n\t\t\t\t\t\t\t\t\t<p>Vous \u00eates responsable d\u2019\u00e9tablissement scolaire, membre d\u2019une association ou simple bienfaiteur pour l\u2019\u00e9ducation?<\/p>\t\t\t\t\t\t\t\t<\/div>\n\t\t\t\t<\/div>\n\t\t\t\t<div class=\"elementor-element elementor-element-c039b91 elementor-widget__width-initial elementor-widget elementor-widget-text-editor\" data-id=\"c039b91\" data-element_type=\"widget\" data-e-type=\"widget\" data-widget_type=\"text-editor.default\">\n\t\t\t\t<div class=\"elementor-widget-container\">\n\t\t\t\t\t\t\t\t\t<p>Vous aimerez \u00e9quiper des salles de classes ou offrir des dons aux \u00e9tablissements dans le besoin?<\/p>\t\t\t\t\t\t\t\t<\/div>\n\t\t\t\t<\/div>\n\t\t\t\t<div class=\"elementor-element elementor-element-40f7d8c elementor-widget__width-initial elementor-widget elementor-widget-text-editor\" data-id=\"40f7d8c\" data-element_type=\"widget\" data-e-type=\"widget\" data-widget_type=\"text-editor.default\">\n\t\t\t\t<div class=\"elementor-widget-container\">\n\t\t\t\t\t\t\t\t\t<p>MAZANHO-BOIS vous offre en tout temps sa gamme de mobilier en bois ou en mat\u00e9riaux compos\u00e9s en table-banc pour \u00e9l\u00e8ves, chaises et bureaux pour enseignants conform\u00e9ment aux normes MINEDUB\/MINESEC.<\/p>\t\t\t\t\t\t\t\t<\/div>\n\t\t\t\t<\/div>\n\t\t\t\t<div class=\"elementor-element elementor-element-77dbc59 elementor-widget__width-initial elementor-widget elementor-widget-text-editor\" data-id=\"77dbc59\" data-element_type=\"widget\" data-e-type=\"widget\" data-widget_type=\"text-editor.default\">\n\t\t\t\t<div class=\"elementor-widget-container\">\n\t\t\t\t\t\t\t\t\t<p>Les technologies utilis\u00e9es facilitent le transport, la livraison, le stockage et un assemblage facile sur le site. En cas de non utilisation temporaire, les meubles se laissent aussi facilement d\u00e9monter et ranger dans un petit espace. L\u2019utilisation du bois bien sec et de l\u2019acier rev\u00eatu d\u2019anti-rouille augmente la stabilit\u00e9 m\u00e9canique et la dur\u00e9e de vie de ces \u00e9quipements.<\/p>\t\t\t\t\t\t\t\t<\/div>\n\t\t\t\t<\/div>\n\t\t\t\t<div class=\"elementor-element elementor-element-848b9e3 elementor-widget-divider--view-line elementor-widget elementor-widget-divider\" data-id=\"848b9e3\" data-element_type=\"widget\" data-e-type=\"widget\" data-widget_type=\"divider.default\">\n\t\t\t\t<div class=\"elementor-widget-container\">\n\t\t\t\t\t\t\t<div class=\"elementor-divider\">\n\t\t\t<span class=\"elementor-divider-separator\">\n\t\t\t\t\t\t<\/span>\n\t\t<\/div>\n\t\t\t\t\t\t<\/div>\n\t\t\t\t<\/div>\n\t\t\t\t<div class=\"elementor-element elementor-element-6311396 elementor-widget elementor-widget-heading\" data-id=\"6311396\" data-element_type=\"widget\" data-e-type=\"widget\" data-widget_type=\"heading.default\">\n\t\t\t\t<div class=\"elementor-widget-container\">\n\t\t\t\t\t<h2 class=\"elementor-heading-title elementor-size-default\">\nSalles de classe \u2013 En bois massif<\/h2>\t\t\t\t<\/div>\n\t\t\t\t<\/div>\n\t\t\t\t<div class=\"elementor-element elementor-element-8caeddb elementor-widget-divider--view-line elementor-widget elementor-widget-divider\" data-id=\"8caeddb\" data-element_type=\"widget\" data-e-type=\"widget\" data-widget_type=\"divider.default\">\n\t\t\t\t<div class=\"elementor-widget-container\">\n\t\t\t\t\t\t\t<div class=\"elementor-divider\">\n\t\t\t<span class=\"elementor-divider-separator\">\n\t\t\t\t\t\t<\/span>\n\t\t<\/div>\n\t\t\t\t\t\t<\/div>\n\t\t\t\t<\/div>\n\t\t\t\t<div class=\"elementor-element elementor-element-69ecb8d elementor-widget elementor-widget-image\" data-id=\"69ecb8d\" data-element_type=\"widget\" data-e-type=\"widget\" data-widget_type=\"image.default\">\n\t\t\t\t<div class=\"elementor-widget-container\">\n\t\t\t\t\t\t\t\t\t\t\t\t\t\t\t<img loading=\"lazy\" decoding=\"async\" width=\"825\" height=\"478\" src=\"https:\/\/mazanho-bois.com\/wp-content\/uploads\/2023\/04\/e1.png\" class=\"attachment-full size-full wp-image-4855\" alt=\"\" srcset=\"https:\/\/mazanho-bois.com\/wp-content\/uploads\/2023\/04\/e1.png 825w, https:\/\/mazanho-bois.com\/wp-content\/uploads\/2023\/04\/e1-300x174.png 300w, https:\/\/mazanho-bois.com\/wp-content\/uploads\/2023\/04\/e1-768x445.png 768w, https:\/\/mazanho-bois.com\/wp-content\/uploads\/2023\/04\/e1-18x10.png 18w\" sizes=\"(max-width: 825px) 100vw, 825px\" \/>\t\t\t\t\t\t\t\t\t\t\t\t\t\t\t<\/div>\n\t\t\t\t<\/div>\n\t\t\t\t<div class=\"elementor-element elementor-element-b17bce7 elementor-widget-divider--view-line elementor-widget elementor-widget-divider\" data-id=\"b17bce7\" data-element_type=\"widget\" data-e-type=\"widget\" data-widget_type=\"divider.default\">\n\t\t\t\t<div class=\"elementor-widget-container\">\n\t\t\t\t\t\t\t<div class=\"elementor-divider\">\n\t\t\t<span class=\"elementor-divider-separator\">\n\t\t\t\t\t\t<\/span>\n\t\t<\/div>\n\t\t\t\t\t\t<\/div>\n\t\t\t\t<\/div>\n\t\t\t\t<div class=\"elementor-element elementor-element-783dec0 elementor-widget elementor-widget-heading\" data-id=\"783dec0\" data-element_type=\"widget\" data-e-type=\"widget\" data-widget_type=\"heading.default\">\n\t\t\t\t<div class=\"elementor-widget-container\">\n\t\t\t\t\t<h2 class=\"elementor-heading-title elementor-size-default\">Salles de classe \u2013 En mat\u00e9riaux compos\u00e9s<\/h2>\t\t\t\t<\/div>\n\t\t\t\t<\/div>\n\t\t\t\t<div class=\"elementor-element elementor-element-a0aff32 elementor-widget-divider--view-line elementor-widget elementor-widget-divider\" data-id=\"a0aff32\" data-element_type=\"widget\" data-e-type=\"widget\" data-widget_type=\"divider.default\">\n\t\t\t\t<div class=\"elementor-widget-container\">\n\t\t\t\t\t\t\t<div class=\"elementor-divider\">\n\t\t\t<span class=\"elementor-divider-separator\">\n\t\t\t\t\t\t<\/span>\n\t\t<\/div>\n\t\t\t\t\t\t<\/div>\n\t\t\t\t<\/div>\n\t\t\t\t<div class=\"elementor-element elementor-element-1deec70 elementor-widget elementor-widget-image\" data-id=\"1deec70\" data-element_type=\"widget\" data-e-type=\"widget\" data-widget_type=\"image.default\">\n\t\t\t\t<div class=\"elementor-widget-container\">\n\t\t\t\t\t\t\t\t\t\t\t\t\t\t\t<img loading=\"lazy\" decoding=\"async\" width=\"831\" height=\"486\" src=\"https:\/\/mazanho-bois.com\/wp-content\/uploads\/2023\/04\/e2.png\" class=\"attachment-full size-full wp-image-4856\" alt=\"\" srcset=\"https:\/\/mazanho-bois.com\/wp-content\/uploads\/2023\/04\/e2.png 831w, https:\/\/mazanho-bois.com\/wp-content\/uploads\/2023\/04\/e2-300x175.png 300w, https:\/\/mazanho-bois.com\/wp-content\/uploads\/2023\/04\/e2-768x449.png 768w, https:\/\/mazanho-bois.com\/wp-content\/uploads\/2023\/04\/e2-18x12.png 18w\" sizes=\"(max-width: 831px) 100vw, 831px\" \/>\t\t\t\t\t\t\t\t\t\t\t\t\t\t\t<\/div>\n\t\t\t\t<\/div>\n\t\t\t\t<\/div>\n\t\t\t\t<\/div>\n\t\t\t\t<\/div>\n\t\t","protected":false},"excerpt":{"rendered":"<p>Dimensions Essences et teintes Vous \u00eates responsable d\u2019\u00e9tablissement scolaire, membre d\u2019une association ou simple bienfaiteur pour l\u2019\u00e9ducation? Vous aimerez \u00e9quiper des salles de classes ou offrir des dons aux \u00e9tablissements dans le besoin? MAZANHO-BOIS vous offre en tout temps sa gamme de mobilier en bois ou en mat\u00e9riaux compos\u00e9s en table-banc pour \u00e9l\u00e8ves, chaises et [&hellip;]<\/p>\n","protected":false},"author":2,"featured_media":0,"parent":0,"menu_order":0,"comment_status":"closed","ping_status":"closed","template":"elementor_header_footer","meta":{"footnotes":""},"class_list":["post-4179","page","type-page","status-publish","hentry"],"blocksy_meta":[],"_links":{"self":[{"href":"https:\/\/mazanho-bois.com\/fr\/wp-json\/wp\/v2\/pages\/4179","targetHints":{"allow":["GET"]}}],"collection":[{"href":"https:\/\/mazanho-bois.com\/fr\/wp-json\/wp\/v2\/pages"}],"about":[{"href":"https:\/\/mazanho-bois.com\/fr\/wp-json\/wp\/v2\/types\/page"}],"author":[{"embeddable":true,"href":"https:\/\/mazanho-bois.com\/fr\/wp-json\/wp\/v2\/users\/2"}],"replies":[{"embeddable":true,"href":"https:\/\/mazanho-bois.com\/fr\/wp-json\/wp\/v2\/comments?post=4179"}],"version-history":[{"count":19,"href":"https:\/\/mazanho-bois.com\/fr\/wp-json\/wp\/v2\/pages\/4179\/revisions"}],"predecessor-version":[{"id":4860,"href":"https:\/\/mazanho-bois.com\/fr\/wp-json\/wp\/v2\/pages\/4179\/revisions\/4860"}],"wp:attachment":[{"href":"https:\/\/mazanho-bois.com\/fr\/wp-json\/wp\/v2\/media?parent=4179"}],"curies":[{"name":"wp","href":"https:\/\/api.w.org\/{rel}","templated":true}]}}