{"id":4181,"date":"2023-04-04T21:24:43","date_gmt":"2023-04-04T21:24:43","guid":{"rendered":"http:\/\/mazanho-bois.com\/?page_id=4181"},"modified":"2023-04-20T05:09:49","modified_gmt":"2023-04-20T05:09:49","slug":"universites","status":"publish","type":"page","link":"https:\/\/mazanho-bois.com\/fr\/universites","title":{"rendered":"Universit\u00e9s"},"content":{"rendered":"\t\t<div data-elementor-type=\"wp-page\" data-elementor-id=\"4181\" class=\"elementor elementor-4181\" data-elementor-post-type=\"page\">\n\t\t\t\t<div class=\"elementor-element elementor-element-d24ea25 e-flex e-con-boxed e-con e-parent\" data-id=\"d24ea25\" data-element_type=\"container\" data-e-type=\"container\">\n\t\t\t\t\t<div class=\"e-con-inner\">\n\t\t\t\t\t<\/div>\n\t\t\t\t<\/div>\n\t\t<div class=\"elementor-element elementor-element-b3d44b2 e-con-full e-flex e-con e-parent\" data-id=\"b3d44b2\" data-element_type=\"container\" data-e-type=\"container\">\n\t\t<div class=\"elementor-element elementor-element-1bec85c e-con-full e-flex e-con e-parent\" data-id=\"1bec85c\" data-element_type=\"container\" data-e-type=\"container\">\n\t\t\t\t<div class=\"elementor-element elementor-element-070741b elementor-widget-divider--view-line elementor-widget elementor-widget-divider\" data-id=\"070741b\" data-element_type=\"widget\" data-e-type=\"widget\" data-widget_type=\"divider.default\">\n\t\t\t\t<div class=\"elementor-widget-container\">\n\t\t\t\t\t\t\t<div class=\"elementor-divider\">\n\t\t\t<span class=\"elementor-divider-separator\">\n\t\t\t\t\t\t<\/span>\n\t\t<\/div>\n\t\t\t\t\t\t<\/div>\n\t\t\t\t<\/div>\n\t\t\t\t<div class=\"elementor-element elementor-element-0657c5c elementor-widget elementor-widget-heading\" data-id=\"0657c5c\" data-element_type=\"widget\" data-e-type=\"widget\" data-widget_type=\"heading.default\">\n\t\t\t\t<div class=\"elementor-widget-container\">\n\t\t\t\t\t<h2 class=\"elementor-heading-title elementor-size-default\">Dimensions\n<\/h2>\t\t\t\t<\/div>\n\t\t\t\t<\/div>\n\t\t\t\t<div class=\"elementor-element elementor-element-ad1e304 elementor-widget elementor-widget-image\" data-id=\"ad1e304\" data-element_type=\"widget\" data-e-type=\"widget\" data-widget_type=\"image.default\">\n\t\t\t\t<div class=\"elementor-widget-container\">\n\t\t\t\t\t\t\t\t\t\t\t\t\t\t\t<img fetchpriority=\"high\" decoding=\"async\" width=\"384\" height=\"209\" src=\"https:\/\/mazanho-bois.com\/wp-content\/uploads\/2023\/04\/unitab.png\" class=\"attachment-full size-full wp-image-5368\" alt=\"\" srcset=\"https:\/\/mazanho-bois.com\/wp-content\/uploads\/2023\/04\/unitab.png 384w, https:\/\/mazanho-bois.com\/wp-content\/uploads\/2023\/04\/unitab-300x163.png 300w, https:\/\/mazanho-bois.com\/wp-content\/uploads\/2023\/04\/unitab-18x10.png 18w\" sizes=\"(max-width: 384px) 100vw, 384px\" \/>\t\t\t\t\t\t\t\t\t\t\t\t\t\t\t<\/div>\n\t\t\t\t<\/div>\n\t\t\t\t<div class=\"elementor-element elementor-element-ba77dbf elementor-widget elementor-widget-text-editor\" data-id=\"ba77dbf\" data-element_type=\"widget\" data-e-type=\"widget\" data-widget_type=\"text-editor.default\">\n\t\t\t\t<div class=\"elementor-widget-container\">\n\t\t\t\t\t\t\t\t\t<p>Les ouvrages peuvent \u00e9galement \u00eatre fabriqu\u00e9e sur mesure, au cm pr\u00e8s<\/p>\t\t\t\t\t\t\t\t<\/div>\n\t\t\t\t<\/div>\n\t\t\t\t<div class=\"elementor-element elementor-element-e6315bc elementor-widget-mobile__width-initial elementor-widget elementor-widget-heading\" data-id=\"e6315bc\" data-element_type=\"widget\" data-e-type=\"widget\" data-widget_type=\"heading.default\">\n\t\t\t\t<div class=\"elementor-widget-container\">\n\t\t\t\t\t<h2 class=\"elementor-heading-title elementor-size-default\">Essences et teintes\n<\/h2>\t\t\t\t<\/div>\n\t\t\t\t<\/div>\n\t\t\t\t<div class=\"elementor-element elementor-element-1b0f501 elementor-widget-divider--view-line elementor-widget elementor-widget-divider\" data-id=\"1b0f501\" data-element_type=\"widget\" data-e-type=\"widget\" data-widget_type=\"divider.default\">\n\t\t\t\t<div class=\"elementor-widget-container\">\n\t\t\t\t\t\t\t<div class=\"elementor-divider\">\n\t\t\t<span class=\"elementor-divider-separator\">\n\t\t\t\t\t\t<\/span>\n\t\t<\/div>\n\t\t\t\t\t\t<\/div>\n\t\t\t\t<\/div>\n\t\t\t\t<div class=\"elementor-element elementor-element-6d223e4 elementor-widget elementor-widget-image\" data-id=\"6d223e4\" data-element_type=\"widget\" data-e-type=\"widget\" data-widget_type=\"image.default\">\n\t\t\t\t<div class=\"elementor-widget-container\">\n\t\t\t\t\t\t\t\t\t\t\t\t\t\t\t<img decoding=\"async\" width=\"578\" height=\"318\" src=\"https:\/\/mazanho-bois.com\/wp-content\/uploads\/2023\/03\/intint.png\" class=\"attachment-large size-large wp-image-3465\" alt=\"\" srcset=\"https:\/\/mazanho-bois.com\/wp-content\/uploads\/2023\/03\/intint.png 578w, https:\/\/mazanho-bois.com\/wp-content\/uploads\/2023\/03\/intint-300x165.png 300w\" sizes=\"(max-width: 578px) 100vw, 578px\" \/>\t\t\t\t\t\t\t\t\t\t\t\t\t\t\t<\/div>\n\t\t\t\t<\/div>\n\t\t\t\t<div class=\"elementor-element elementor-element-0346af0 elementor-widget-divider--view-line elementor-widget elementor-widget-divider\" data-id=\"0346af0\" data-element_type=\"widget\" data-e-type=\"widget\" data-widget_type=\"divider.default\">\n\t\t\t\t<div class=\"elementor-widget-container\">\n\t\t\t\t\t\t\t<div class=\"elementor-divider\">\n\t\t\t<span class=\"elementor-divider-separator\">\n\t\t\t\t\t\t<\/span>\n\t\t<\/div>\n\t\t\t\t\t\t<\/div>\n\t\t\t\t<\/div>\n\t\t\t\t<div class=\"elementor-element elementor-element-4228df4 elementor-align-center elementor-widget elementor-widget-button\" data-id=\"4228df4\" data-element_type=\"widget\" data-e-type=\"widget\" data-widget_type=\"button.default\">\n\t\t\t\t<div class=\"elementor-widget-container\">\n\t\t\t\t\t\t\t\t\t<div class=\"elementor-button-wrapper\">\n\t\t\t\t\t<a class=\"elementor-button elementor-button-link elementor-size-sm\" href=\"http:\/\/mazanho-bois.com\/universite-modularite\">\n\t\t\t\t\t\t<span class=\"elementor-button-content-wrapper\">\n\t\t\t\t\t\t\t\t\t<span class=\"elementor-button-text\">Modularit\u00e9<\/span>\n\t\t\t\t\t<\/span>\n\t\t\t\t\t<\/a>\n\t\t\t\t<\/div>\n\t\t\t\t\t\t\t\t<\/div>\n\t\t\t\t<\/div>\n\t\t\t\t<div class=\"elementor-element elementor-element-870e224 elementor-widget-divider--view-line elementor-widget elementor-widget-divider\" data-id=\"870e224\" data-element_type=\"widget\" data-e-type=\"widget\" data-widget_type=\"divider.default\">\n\t\t\t\t<div class=\"elementor-widget-container\">\n\t\t\t\t\t\t\t<div class=\"elementor-divider\">\n\t\t\t<span class=\"elementor-divider-separator\">\n\t\t\t\t\t\t<\/span>\n\t\t<\/div>\n\t\t\t\t\t\t<\/div>\n\t\t\t\t<\/div>\n\t\t\t\t<div class=\"elementor-element elementor-element-98fdb7a elementor-align-center elementor-widget elementor-widget-button\" data-id=\"98fdb7a\" data-element_type=\"widget\" data-e-type=\"widget\" data-widget_type=\"button.default\">\n\t\t\t\t<div class=\"elementor-widget-container\">\n\t\t\t\t\t\t\t\t\t<div class=\"elementor-button-wrapper\">\n\t\t\t\t\t<a class=\"elementor-button elementor-button-link elementor-size-sm\" href=\"http:\/\/mazanho-bois.com\/universite-quincaillerie\">\n\t\t\t\t\t\t<span class=\"elementor-button-content-wrapper\">\n\t\t\t\t\t\t\t\t\t<span class=\"elementor-button-text\">Quincaillerie<\/span>\n\t\t\t\t\t<\/span>\n\t\t\t\t\t<\/a>\n\t\t\t\t<\/div>\n\t\t\t\t\t\t\t\t<\/div>\n\t\t\t\t<\/div>\n\t\t\t\t<\/div>\n\t\t<div class=\"elementor-element elementor-element-cf8e696 e-con-full e-flex e-con e-parent\" data-id=\"cf8e696\" data-element_type=\"container\" data-e-type=\"container\">\n\t\t\t\t<div class=\"elementor-element elementor-element-aaa10f4 elementor-widget-divider--view-line elementor-widget elementor-widget-divider\" data-id=\"aaa10f4\" data-element_type=\"widget\" data-e-type=\"widget\" data-widget_type=\"divider.default\">\n\t\t\t\t<div class=\"elementor-widget-container\">\n\t\t\t\t\t\t\t<div class=\"elementor-divider\">\n\t\t\t<span class=\"elementor-divider-separator\">\n\t\t\t\t\t\t<\/span>\n\t\t<\/div>\n\t\t\t\t\t\t<\/div>\n\t\t\t\t<\/div>\n\t\t\t\t<div class=\"elementor-element elementor-element-d96ed52 elementor-widget elementor-widget-text-editor\" data-id=\"d96ed52\" data-element_type=\"widget\" data-e-type=\"widget\" data-widget_type=\"text-editor.default\">\n\t\t\t\t<div class=\"elementor-widget-container\">\n\t\t\t\t\t\t\t\t\t<p>Notre gamme de produits \u201eCit\u00e9s Universitaires\u201c vous offre tout l\u2018\u00e9quipement n\u00e9cessaire pour une chambre d\u2018\u00e9tudiant ou \u00e9tudiante en single ou en couple.<\/p>\t\t\t\t\t\t\t\t<\/div>\n\t\t\t\t<\/div>\n\t\t\t\t<div class=\"elementor-element elementor-element-0e7cffc elementor-widget-divider--view-line elementor-widget elementor-widget-divider\" data-id=\"0e7cffc\" data-element_type=\"widget\" data-e-type=\"widget\" data-widget_type=\"divider.default\">\n\t\t\t\t<div class=\"elementor-widget-container\">\n\t\t\t\t\t\t\t<div class=\"elementor-divider\">\n\t\t\t<span class=\"elementor-divider-separator\">\n\t\t\t\t\t\t<\/span>\n\t\t<\/div>\n\t\t\t\t\t\t<\/div>\n\t\t\t\t<\/div>\n\t\t\t\t<div class=\"elementor-element elementor-element-99405b2 elementor-widget-mobile__width-initial elementor-widget elementor-widget-image\" data-id=\"99405b2\" data-element_type=\"widget\" data-e-type=\"widget\" data-widget_type=\"image.default\">\n\t\t\t\t<div class=\"elementor-widget-container\">\n\t\t\t\t\t\t\t\t\t\t\t\t\t\t\t<img decoding=\"async\" width=\"813\" height=\"379\" src=\"https:\/\/mazanho-bois.com\/wp-content\/uploads\/2023\/04\/uni1.png\" class=\"attachment-full size-full wp-image-5363\" alt=\"\" srcset=\"https:\/\/mazanho-bois.com\/wp-content\/uploads\/2023\/04\/uni1.png 813w, https:\/\/mazanho-bois.com\/wp-content\/uploads\/2023\/04\/uni1-300x140.png 300w, https:\/\/mazanho-bois.com\/wp-content\/uploads\/2023\/04\/uni1-768x358.png 768w, https:\/\/mazanho-bois.com\/wp-content\/uploads\/2023\/04\/uni1-18x8.png 18w\" sizes=\"(max-width: 813px) 100vw, 813px\" \/>\t\t\t\t\t\t\t\t\t\t\t\t\t\t\t<\/div>\n\t\t\t\t<\/div>\n\t\t\t\t<div class=\"elementor-element elementor-element-3d0527d elementor-widget-divider--view-line elementor-widget elementor-widget-divider\" data-id=\"3d0527d\" data-element_type=\"widget\" data-e-type=\"widget\" data-widget_type=\"divider.default\">\n\t\t\t\t<div class=\"elementor-widget-container\">\n\t\t\t\t\t\t\t<div class=\"elementor-divider\">\n\t\t\t<span class=\"elementor-divider-separator\">\n\t\t\t\t\t\t<\/span>\n\t\t<\/div>\n\t\t\t\t\t\t<\/div>\n\t\t\t\t<\/div>\n\t\t\t\t<div class=\"elementor-element elementor-element-88dcebc elementor-widget elementor-widget-text-editor\" data-id=\"88dcebc\" data-element_type=\"widget\" data-e-type=\"widget\" data-widget_type=\"text-editor.default\">\n\t\t\t\t<div class=\"elementor-widget-container\">\n\t\t\t\t\t\t\t\t\t<p>Le lit \u00e0 \u00e9tage MAZAHNO est la solution la plus \u00e9conomique pour les parents avec plusieurs enfants dans les cit\u00e9s universitaires. La conception modulaire permet la scalabilit\u00e9 du nombre de place de 1 \u00e0 3 en cas de besoin.<\/p>\t\t\t\t\t\t\t\t<\/div>\n\t\t\t\t<\/div>\n\t\t\t\t<div class=\"elementor-element elementor-element-479437d elementor-widget elementor-widget-image\" data-id=\"479437d\" data-element_type=\"widget\" data-e-type=\"widget\" data-widget_type=\"image.default\">\n\t\t\t\t<div class=\"elementor-widget-container\">\n\t\t\t\t\t\t\t\t\t\t\t\t\t\t\t<img loading=\"lazy\" decoding=\"async\" width=\"829\" height=\"361\" src=\"https:\/\/mazanho-bois.com\/wp-content\/uploads\/2023\/04\/uni2.png\" class=\"attachment-full size-full wp-image-5364\" alt=\"\" srcset=\"https:\/\/mazanho-bois.com\/wp-content\/uploads\/2023\/04\/uni2.png 829w, https:\/\/mazanho-bois.com\/wp-content\/uploads\/2023\/04\/uni2-300x131.png 300w, https:\/\/mazanho-bois.com\/wp-content\/uploads\/2023\/04\/uni2-768x334.png 768w, https:\/\/mazanho-bois.com\/wp-content\/uploads\/2023\/04\/uni2-18x8.png 18w\" sizes=\"(max-width: 829px) 100vw, 829px\" \/>\t\t\t\t\t\t\t\t\t\t\t\t\t\t\t<\/div>\n\t\t\t\t<\/div>\n\t\t\t\t<div class=\"elementor-element elementor-element-1a1e53b elementor-widget-divider--view-line elementor-widget elementor-widget-divider\" data-id=\"1a1e53b\" data-element_type=\"widget\" data-e-type=\"widget\" data-widget_type=\"divider.default\">\n\t\t\t\t<div class=\"elementor-widget-container\">\n\t\t\t\t\t\t\t<div class=\"elementor-divider\">\n\t\t\t<span class=\"elementor-divider-separator\">\n\t\t\t\t\t\t<\/span>\n\t\t<\/div>\n\t\t\t\t\t\t<\/div>\n\t\t\t\t<\/div>\n\t\t\t\t<div class=\"elementor-element elementor-element-05c81ac elementor-widget elementor-widget-image\" data-id=\"05c81ac\" data-element_type=\"widget\" data-e-type=\"widget\" data-widget_type=\"image.default\">\n\t\t\t\t<div class=\"elementor-widget-container\">\n\t\t\t\t\t\t\t\t\t\t\t\t\t\t\t<img loading=\"lazy\" decoding=\"async\" width=\"829\" height=\"445\" src=\"https:\/\/mazanho-bois.com\/wp-content\/uploads\/2023\/04\/uni3.png\" class=\"attachment-full size-full wp-image-5365\" alt=\"\" srcset=\"https:\/\/mazanho-bois.com\/wp-content\/uploads\/2023\/04\/uni3.png 829w, https:\/\/mazanho-bois.com\/wp-content\/uploads\/2023\/04\/uni3-300x161.png 300w, https:\/\/mazanho-bois.com\/wp-content\/uploads\/2023\/04\/uni3-768x412.png 768w, https:\/\/mazanho-bois.com\/wp-content\/uploads\/2023\/04\/uni3-18x10.png 18w\" sizes=\"(max-width: 829px) 100vw, 829px\" \/>\t\t\t\t\t\t\t\t\t\t\t\t\t\t\t<\/div>\n\t\t\t\t<\/div>\n\t\t\t\t<div class=\"elementor-element elementor-element-afbcd75 elementor-widget-divider--view-line elementor-widget elementor-widget-divider\" data-id=\"afbcd75\" data-element_type=\"widget\" data-e-type=\"widget\" data-widget_type=\"divider.default\">\n\t\t\t\t<div class=\"elementor-widget-container\">\n\t\t\t\t\t\t\t<div class=\"elementor-divider\">\n\t\t\t<span class=\"elementor-divider-separator\">\n\t\t\t\t\t\t<\/span>\n\t\t<\/div>\n\t\t\t\t\t\t<\/div>\n\t\t\t\t<\/div>\n\t\t\t\t<div class=\"elementor-element elementor-element-b1ee33b elementor-widget elementor-widget-image\" data-id=\"b1ee33b\" data-element_type=\"widget\" data-e-type=\"widget\" data-widget_type=\"image.default\">\n\t\t\t\t<div class=\"elementor-widget-container\">\n\t\t\t\t\t\t\t\t\t\t\t\t\t\t\t<img loading=\"lazy\" decoding=\"async\" width=\"814\" height=\"203\" src=\"https:\/\/mazanho-bois.com\/wp-content\/uploads\/2023\/04\/inu4.png\" class=\"attachment-full size-full wp-image-5366\" alt=\"\" srcset=\"https:\/\/mazanho-bois.com\/wp-content\/uploads\/2023\/04\/inu4.png 814w, https:\/\/mazanho-bois.com\/wp-content\/uploads\/2023\/04\/inu4-300x75.png 300w, https:\/\/mazanho-bois.com\/wp-content\/uploads\/2023\/04\/inu4-768x192.png 768w, https:\/\/mazanho-bois.com\/wp-content\/uploads\/2023\/04\/inu4-18x4.png 18w\" sizes=\"(max-width: 814px) 100vw, 814px\" \/>\t\t\t\t\t\t\t\t\t\t\t\t\t\t\t<\/div>\n\t\t\t\t<\/div>\n\t\t\t\t<div class=\"elementor-element elementor-element-61ec147 elementor-widget-divider--view-line elementor-widget elementor-widget-divider\" data-id=\"61ec147\" data-element_type=\"widget\" data-e-type=\"widget\" data-widget_type=\"divider.default\">\n\t\t\t\t<div class=\"elementor-widget-container\">\n\t\t\t\t\t\t\t<div class=\"elementor-divider\">\n\t\t\t<span class=\"elementor-divider-separator\">\n\t\t\t\t\t\t<\/span>\n\t\t<\/div>\n\t\t\t\t\t\t<\/div>\n\t\t\t\t<\/div>\n\t\t\t\t<div class=\"elementor-element elementor-element-a5760da elementor-widget elementor-widget-image\" data-id=\"a5760da\" data-element_type=\"widget\" data-e-type=\"widget\" data-widget_type=\"image.default\">\n\t\t\t\t<div class=\"elementor-widget-container\">\n\t\t\t\t\t\t\t\t\t\t\t\t\t\t\t<img loading=\"lazy\" decoding=\"async\" width=\"919\" height=\"485\" src=\"https:\/\/mazanho-bois.com\/wp-content\/uploads\/2023\/04\/uni5.1.png\" class=\"attachment-full size-full wp-image-5369\" alt=\"\" srcset=\"https:\/\/mazanho-bois.com\/wp-content\/uploads\/2023\/04\/uni5.1.png 919w, https:\/\/mazanho-bois.com\/wp-content\/uploads\/2023\/04\/uni5.1-300x158.png 300w, https:\/\/mazanho-bois.com\/wp-content\/uploads\/2023\/04\/uni5.1-768x405.png 768w, https:\/\/mazanho-bois.com\/wp-content\/uploads\/2023\/04\/uni5.1-18x9.png 18w\" sizes=\"(max-width: 919px) 100vw, 919px\" \/>\t\t\t\t\t\t\t\t\t\t\t\t\t\t\t<\/div>\n\t\t\t\t<\/div>\n\t\t\t\t<div class=\"elementor-element elementor-element-a5a0598 elementor-widget-divider--view-line elementor-widget elementor-widget-divider\" data-id=\"a5a0598\" data-element_type=\"widget\" data-e-type=\"widget\" data-widget_type=\"divider.default\">\n\t\t\t\t<div class=\"elementor-widget-container\">\n\t\t\t\t\t\t\t<div class=\"elementor-divider\">\n\t\t\t<span class=\"elementor-divider-separator\">\n\t\t\t\t\t\t<\/span>\n\t\t<\/div>\n\t\t\t\t\t\t<\/div>\n\t\t\t\t<\/div>\n\t\t\t\t<div class=\"elementor-element elementor-element-381c0e5 elementor-widget elementor-widget-image\" data-id=\"381c0e5\" data-element_type=\"widget\" data-e-type=\"widget\" data-widget_type=\"image.default\">\n\t\t\t\t<div class=\"elementor-widget-container\">\n\t\t\t\t\t\t\t\t\t\t\t\t\t\t\t<img loading=\"lazy\" decoding=\"async\" width=\"583\" height=\"385\" src=\"https:\/\/mazanho-bois.com\/wp-content\/uploads\/2023\/04\/uni6.png\" class=\"attachment-full size-full wp-image-5370\" alt=\"\" srcset=\"https:\/\/mazanho-bois.com\/wp-content\/uploads\/2023\/04\/uni6.png 583w, https:\/\/mazanho-bois.com\/wp-content\/uploads\/2023\/04\/uni6-300x198.png 300w, https:\/\/mazanho-bois.com\/wp-content\/uploads\/2023\/04\/uni6-18x12.png 18w\" sizes=\"(max-width: 583px) 100vw, 583px\" \/>\t\t\t\t\t\t\t\t\t\t\t\t\t\t\t<\/div>\n\t\t\t\t<\/div>\n\t\t\t\t<div class=\"elementor-element elementor-element-7853685 elementor-widget-divider--view-line elementor-widget elementor-widget-divider\" data-id=\"7853685\" data-element_type=\"widget\" data-e-type=\"widget\" data-widget_type=\"divider.default\">\n\t\t\t\t<div class=\"elementor-widget-container\">\n\t\t\t\t\t\t\t<div class=\"elementor-divider\">\n\t\t\t<span class=\"elementor-divider-separator\">\n\t\t\t\t\t\t<\/span>\n\t\t<\/div>\n\t\t\t\t\t\t<\/div>\n\t\t\t\t<\/div>\n\t\t\t\t<div class=\"elementor-element elementor-element-33785cb elementor-widget elementor-widget-image\" data-id=\"33785cb\" data-element_type=\"widget\" data-e-type=\"widget\" data-widget_type=\"image.default\">\n\t\t\t\t<div class=\"elementor-widget-container\">\n\t\t\t\t\t\t\t\t\t\t\t\t\t\t\t<img loading=\"lazy\" decoding=\"async\" width=\"816\" height=\"430\" src=\"https:\/\/mazanho-bois.com\/wp-content\/uploads\/2023\/04\/uni7.png\" class=\"attachment-full size-full wp-image-5371\" alt=\"\" srcset=\"https:\/\/mazanho-bois.com\/wp-content\/uploads\/2023\/04\/uni7.png 816w, https:\/\/mazanho-bois.com\/wp-content\/uploads\/2023\/04\/uni7-300x158.png 300w, https:\/\/mazanho-bois.com\/wp-content\/uploads\/2023\/04\/uni7-768x405.png 768w, https:\/\/mazanho-bois.com\/wp-content\/uploads\/2023\/04\/uni7-18x9.png 18w\" sizes=\"(max-width: 816px) 100vw, 816px\" \/>\t\t\t\t\t\t\t\t\t\t\t\t\t\t\t<\/div>\n\t\t\t\t<\/div>\n\t\t\t\t<\/div>\n\t\t\t\t<\/div>\n\t\t\t\t<\/div>\n\t\t","protected":false},"excerpt":{"rendered":"<p>Dimensions Les ouvrages peuvent \u00e9galement \u00eatre fabriqu\u00e9e sur mesure, au cm pr\u00e8s Essences et teintes Modularit\u00e9 Quincaillerie Notre gamme de produits \u201eCit\u00e9s Universitaires\u201c vous offre tout l\u2018\u00e9quipement n\u00e9cessaire pour une chambre d\u2018\u00e9tudiant ou \u00e9tudiante en single ou en couple. Le lit \u00e0 \u00e9tage MAZAHNO est la solution la plus \u00e9conomique pour les parents avec plusieurs [&hellip;]<\/p>\n","protected":false},"author":2,"featured_media":0,"parent":0,"menu_order":0,"comment_status":"closed","ping_status":"closed","template":"elementor_header_footer","meta":{"footnotes":""},"class_list":["post-4181","page","type-page","status-publish","hentry"],"blocksy_meta":[],"_links":{"self":[{"href":"https:\/\/mazanho-bois.com\/fr\/wp-json\/wp\/v2\/pages\/4181","targetHints":{"allow":["GET"]}}],"collection":[{"href":"https:\/\/mazanho-bois.com\/fr\/wp-json\/wp\/v2\/pages"}],"about":[{"href":"https:\/\/mazanho-bois.com\/fr\/wp-json\/wp\/v2\/types\/page"}],"author":[{"embeddable":true,"href":"https:\/\/mazanho-bois.com\/fr\/wp-json\/wp\/v2\/users\/2"}],"replies":[{"embeddable":true,"href":"https:\/\/mazanho-bois.com\/fr\/wp-json\/wp\/v2\/comments?post=4181"}],"version-history":[{"count":4,"href":"https:\/\/mazanho-bois.com\/fr\/wp-json\/wp\/v2\/pages\/4181\/revisions"}],"predecessor-version":[{"id":5387,"href":"https:\/\/mazanho-bois.com\/fr\/wp-json\/wp\/v2\/pages\/4181\/revisions\/5387"}],"wp:attachment":[{"href":"https:\/\/mazanho-bois.com\/fr\/wp-json\/wp\/v2\/media?parent=4181"}],"curies":[{"name":"wp","href":"https:\/\/api.w.org\/{rel}","templated":true}]}}