{"id":5899,"date":"2023-05-29T21:39:43","date_gmt":"2023-05-29T21:39:43","guid":{"rendered":"https:\/\/mazanho-bois.com\/?page_id=5899"},"modified":"2023-05-29T22:44:06","modified_gmt":"2023-05-29T22:44:06","slug":"portes-capitonnees-quincaillerie","status":"publish","type":"page","link":"https:\/\/mazanho-bois.com\/fr\/portes-capitonnees-quincaillerie","title":{"rendered":"Portes capitonn\u00e9es Quincaillerie"},"content":{"rendered":"\t\t<div data-elementor-type=\"wp-page\" data-elementor-id=\"5899\" class=\"elementor elementor-5899\" data-elementor-post-type=\"page\">\n\t\t\t\t<div class=\"elementor-element elementor-element-a564511 e-flex e-con-boxed e-con e-parent\" data-id=\"a564511\" data-element_type=\"container\" data-e-type=\"container\">\n\t\t\t\t\t<div class=\"e-con-inner\">\n\t\t\t\t\t<\/div>\n\t\t\t\t<\/div>\n\t\t<div class=\"elementor-element elementor-element-a23bd14 e-con-full e-flex e-con e-parent\" data-id=\"a23bd14\" data-element_type=\"container\" data-e-type=\"container\">\n\t\t\t\t<div class=\"elementor-element elementor-element-39e554c elementor-widget-divider--view-line elementor-widget elementor-widget-divider\" data-id=\"39e554c\" data-element_type=\"widget\" data-e-type=\"widget\" data-widget_type=\"divider.default\">\n\t\t\t\t<div class=\"elementor-widget-container\">\n\t\t\t\t\t\t\t<div class=\"elementor-divider\">\n\t\t\t<span class=\"elementor-divider-separator\">\n\t\t\t\t\t\t<\/span>\n\t\t<\/div>\n\t\t\t\t\t\t<\/div>\n\t\t\t\t<\/div>\n\t\t\t\t<div class=\"elementor-element elementor-element-2d7054c elementor-widget__width-initial elementor-widget elementor-widget-text-editor\" data-id=\"2d7054c\" data-element_type=\"widget\" data-e-type=\"widget\" data-widget_type=\"text-editor.default\">\n\t\t\t\t<div class=\"elementor-widget-container\">\n\t\t\t\t\t\t\t\t\t<p>Mazanho bois vous offre des \u00e9lements de quincaillerie en fonction de l\u2018usage defini par l\u2018application. Ces \u00e9lements sont choisi chez des fournisseurs respectants des normes de qualit\u00e9. A la demande nous vous procurons les diff\u00e9rents certificats.\u00a0<\/p>\t\t\t\t\t\t\t\t<\/div>\n\t\t\t\t<\/div>\n\t\t\t\t<div class=\"elementor-element elementor-element-b780750 elementor-widget elementor-widget-image\" data-id=\"b780750\" data-element_type=\"widget\" data-e-type=\"widget\" data-widget_type=\"image.default\">\n\t\t\t\t<div class=\"elementor-widget-container\">\n\t\t\t\t\t\t\t\t\t\t\t\t\t\t\t<img fetchpriority=\"high\" decoding=\"async\" width=\"821\" height=\"479\" src=\"https:\/\/mazanho-bois.com\/wp-content\/uploads\/2023\/05\/capi1.png\" class=\"attachment-full size-full wp-image-5904\" alt=\"\" srcset=\"https:\/\/mazanho-bois.com\/wp-content\/uploads\/2023\/05\/capi1.png 821w, https:\/\/mazanho-bois.com\/wp-content\/uploads\/2023\/05\/capi1-300x175.png 300w, https:\/\/mazanho-bois.com\/wp-content\/uploads\/2023\/05\/capi1-768x448.png 768w, https:\/\/mazanho-bois.com\/wp-content\/uploads\/2023\/05\/capi1-18x12.png 18w\" sizes=\"(max-width: 821px) 100vw, 821px\" \/>\t\t\t\t\t\t\t\t\t\t\t\t\t\t\t<\/div>\n\t\t\t\t<\/div>\n\t\t\t\t<div class=\"elementor-element elementor-element-99fcbf4 elementor-widget elementor-widget-image\" data-id=\"99fcbf4\" data-element_type=\"widget\" data-e-type=\"widget\" data-widget_type=\"image.default\">\n\t\t\t\t<div class=\"elementor-widget-container\">\n\t\t\t\t\t\t\t\t\t\t\t\t\t\t\t<img decoding=\"async\" width=\"816\" height=\"478\" src=\"https:\/\/mazanho-bois.com\/wp-content\/uploads\/2023\/05\/capi2.png\" class=\"attachment-full size-full wp-image-5905\" alt=\"\" srcset=\"https:\/\/mazanho-bois.com\/wp-content\/uploads\/2023\/05\/capi2.png 816w, https:\/\/mazanho-bois.com\/wp-content\/uploads\/2023\/05\/capi2-300x176.png 300w, https:\/\/mazanho-bois.com\/wp-content\/uploads\/2023\/05\/capi2-768x450.png 768w, https:\/\/mazanho-bois.com\/wp-content\/uploads\/2023\/05\/capi2-18x12.png 18w\" sizes=\"(max-width: 816px) 100vw, 816px\" \/>\t\t\t\t\t\t\t\t\t\t\t\t\t\t\t<\/div>\n\t\t\t\t<\/div>\n\t\t\t\t<\/div>\n\t\t\t\t<\/div>\n\t\t","protected":false},"excerpt":{"rendered":"<p>Mazanho bois vous offre des \u00e9lements de quincaillerie en fonction de l\u2018usage defini par l\u2018application. Ces \u00e9lements sont choisi chez des fournisseurs respectants des normes de qualit\u00e9. A la demande nous vous procurons les diff\u00e9rents certificats.\u00a0<\/p>\n","protected":false},"author":3,"featured_media":0,"parent":0,"menu_order":0,"comment_status":"closed","ping_status":"closed","template":"elementor_header_footer","meta":{"footnotes":""},"class_list":["post-5899","page","type-page","status-publish","hentry"],"blocksy_meta":[],"_links":{"self":[{"href":"https:\/\/mazanho-bois.com\/fr\/wp-json\/wp\/v2\/pages\/5899","targetHints":{"allow":["GET"]}}],"collection":[{"href":"https:\/\/mazanho-bois.com\/fr\/wp-json\/wp\/v2\/pages"}],"about":[{"href":"https:\/\/mazanho-bois.com\/fr\/wp-json\/wp\/v2\/types\/page"}],"author":[{"embeddable":true,"href":"https:\/\/mazanho-bois.com\/fr\/wp-json\/wp\/v2\/users\/3"}],"replies":[{"embeddable":true,"href":"https:\/\/mazanho-bois.com\/fr\/wp-json\/wp\/v2\/comments?post=5899"}],"version-history":[{"count":22,"href":"https:\/\/mazanho-bois.com\/fr\/wp-json\/wp\/v2\/pages\/5899\/revisions"}],"predecessor-version":[{"id":5953,"href":"https:\/\/mazanho-bois.com\/fr\/wp-json\/wp\/v2\/pages\/5899\/revisions\/5953"}],"wp:attachment":[{"href":"https:\/\/mazanho-bois.com\/fr\/wp-json\/wp\/v2\/media?parent=5899"}],"curies":[{"name":"wp","href":"https:\/\/api.w.org\/{rel}","templated":true}]}}