{"id":6120,"date":"2024-07-29T07:24:52","date_gmt":"2024-07-29T07:24:52","guid":{"rendered":"https:\/\/mazanho-bois.com\/?page_id=6120"},"modified":"2024-07-29T13:06:08","modified_gmt":"2024-07-29T13:06:08","slug":"solution-denergie-solaire","status":"publish","type":"page","link":"https:\/\/mazanho-bois.com\/fr\/solution-denergie-solaire","title":{"rendered":"Solution d&rsquo;\u00e9nergie solaire"},"content":{"rendered":"\t\t<div data-elementor-type=\"wp-page\" data-elementor-id=\"6120\" class=\"elementor elementor-6120\" data-elementor-post-type=\"page\">\n\t\t\t\t<div class=\"elementor-element elementor-element-03c048d e-flex e-con-boxed e-con e-parent\" data-id=\"03c048d\" data-element_type=\"container\" data-e-type=\"container\">\n\t\t\t\t\t<div class=\"e-con-inner\">\n\t\t\t\t\t<\/div>\n\t\t\t\t<\/div>\n\t\t<div class=\"elementor-element elementor-element-caed64d e-con-full e-flex e-con e-parent\" data-id=\"caed64d\" data-element_type=\"container\" data-e-type=\"container\">\n\t\t\t\t<div class=\"elementor-element elementor-element-85fb9a6 elementor-widget__width-initial elementor-widget-mobile__width-initial elementor-widget elementor-widget-text-editor\" data-id=\"85fb9a6\" data-element_type=\"widget\" data-e-type=\"widget\" data-widget_type=\"text-editor.default\">\n\t\t\t\t<div class=\"elementor-widget-container\">\n\t\t\t\t\t\t\t\t\t<p style=\"padding-left: 240px;\">\u00a0<\/p><p>L\u2019\u00e9nergie \u00e9lectrique est un \u00e9l\u00e9ment cl\u00e9 dans l\u2019am\u00e9lioration des conditions de vie et de l\u2019industrialisation d\u2019un pays. En Afrique subsaharienne l\u2019approvisionnement en \u00e9nergie \u00e9lectrique est un r\u00e9el probl\u00e8me aussi bien dans les m\u00e9nages que dans les industries. Au Cameroun par exemple moins de 65% de sa population a acc\u00e8s \u00e0 l\u2019\u00e9lectricit\u00e9 dont la production totale est actuellement comprise entre 8.500 et 9000 GWh. Son mix \u00e9nerg\u00e9tique est aujourd\u2019hui compos\u00e9 de 62% d\u2019hydraulique, 26% de gaz naturel, 12% de carburant, 1% de biomasse et 0,5% de photovolta\u00efque ou solaire.<\/p><p>Son r\u00e9seau \u00e9lectrique, qui ne couvre pas enti\u00e8rement le territoire national est soumis \u00e0 d\u2019\u00e9normes variations de tension et \u00e0 des coupures intempestives (surtout pendant les mois de d\u00e9cembre \u00e0 mars). Ces variations de tension ou coupures d\u2019\u00e9lectricit\u00e9 sont la source de plusieurs dommages aussi bien dans les entreprises que dans les m\u00e9nages. On assiste par exemple tr\u00e8s souvent \u00e0 des arr\u00eats de production dans les entreprises, des endommagements d\u2019appareils \u00e9lectriques ou des vivres frais dans les m\u00e9nages et les petits commerces.<\/p><p>Les syst\u00e8mes conventionnels de centralisation de la production de l\u2019\u00e9nergie comme utilis\u00e9s ne sont plus comp\u00e9titifs de nos jours gr\u00e2ce aux co\u00fbts \u00e9lev\u00e9s du transport. En plus ils sont technologiquement mois efficients \u00e0 cause des pertes \u00e9nerg\u00e9tiques sur de longue distances. Le transport de l\u2019\u00e9nergie sur des longues distances augmente en outre les risques de sa disponibilit\u00e9 en cas de dommage sur les infrastructures.<\/p><p>La d\u00e9centralisation de la production de l\u2019\u00e9nergie \u00e9lectrique par exemple avec la technologie des \u00e9nergies renouvelables tel que le photovolta\u00efque est une meilleure solution pour l\u2019avenir.<\/p><p>MAZANHO BOIS s\u2019est jointe \u00e0 la soci\u00e9t\u00e9 SOLED TECHNOLOGIES Sarl pour d\u00e9velopper et fabriquer des composantes et syst\u00e8mes de production d\u2019\u00e9nergie \u00e9lectrique MADE IN CAMEROON. Dans le cadre du projet MAZANHO SOLED \u2013 ECO TECHNOLOGIES nous offrons les solutions d\u2019\u00e9nergie solaires suivantes :<\/p><ul><li>Composantes\u00a0:<ul><li>\u00a0 \u00a0Contr\u00f4leur de LED<\/li><li>Chargeur MPPT<\/li><li>BMS \u2013 Gestionnaire de batterie<\/li><li>Transformateur 230\/12V<\/li><li>Switch automatique<\/li><\/ul><\/li><li>Syst\u00e8mes\u00a0:<ul><li>Lampadaire solaire, hybride et classique<\/li><li>Module Z\u00e9ro-Rupture-d \u2019Energie<\/li><\/ul><\/li><li>Ing\u00e9nierie<ul><li>Conception et dimensionnement des syst\u00e8mes solaires pour les m\u00e9nages, les institutions et les commerces<\/li><li>Installation et maintenance des syst\u00e8mes solaires<\/li><\/ul><\/li><\/ul>\t\t\t\t\t\t\t\t<\/div>\n\t\t\t\t<\/div>\n\t\t\t\t<div class=\"elementor-element elementor-element-8ccba60 elementor-widget elementor-widget-image\" data-id=\"8ccba60\" data-element_type=\"widget\" data-e-type=\"widget\" data-widget_type=\"image.default\">\n\t\t\t\t<div class=\"elementor-widget-container\">\n\t\t\t\t\t\t\t\t\t\t\t\t\t\t\t<img fetchpriority=\"high\" decoding=\"async\" width=\"1024\" height=\"576\" src=\"https:\/\/mazanho-bois.com\/wp-content\/uploads\/2024\/07\/Slide1-1024x576.png\" class=\"attachment-large size-large wp-image-6125\" alt=\"\" srcset=\"https:\/\/mazanho-bois.com\/wp-content\/uploads\/2024\/07\/Slide1-1024x576.png 1024w, https:\/\/mazanho-bois.com\/wp-content\/uploads\/2024\/07\/Slide1-300x169.png 300w, https:\/\/mazanho-bois.com\/wp-content\/uploads\/2024\/07\/Slide1-768x432.png 768w, https:\/\/mazanho-bois.com\/wp-content\/uploads\/2024\/07\/Slide1-18x10.png 18w, https:\/\/mazanho-bois.com\/wp-content\/uploads\/2024\/07\/Slide1.png 1280w\" sizes=\"(max-width: 1024px) 100vw, 1024px\" \/>\t\t\t\t\t\t\t\t\t\t\t\t\t\t\t<\/div>\n\t\t\t\t<\/div>\n\t\t\t\t<div class=\"elementor-element elementor-element-47dff61 elementor-widget elementor-widget-heading\" data-id=\"47dff61\" data-element_type=\"widget\" data-e-type=\"widget\" data-widget_type=\"heading.default\">\n\t\t\t\t<div class=\"elementor-widget-container\">\n\t\t\t\t\t<h5 class=\"elementor-heading-title elementor-size-default\">Nos variantes de lampadaires avec la technologie LED<\/h5>\t\t\t\t<\/div>\n\t\t\t\t<\/div>\n\t\t\t\t<\/div>\n\t\t\t\t<\/div>\n\t\t","protected":false},"excerpt":{"rendered":"<p>\u00a0 L\u2019\u00e9nergie \u00e9lectrique est un \u00e9l\u00e9ment cl\u00e9 dans l\u2019am\u00e9lioration des conditions de vie et de l\u2019industrialisation d\u2019un pays. En Afrique subsaharienne l\u2019approvisionnement en \u00e9nergie \u00e9lectrique est un r\u00e9el probl\u00e8me aussi bien dans les m\u00e9nages que dans les industries. Au Cameroun par exemple moins de 65% de sa population a acc\u00e8s \u00e0 l\u2019\u00e9lectricit\u00e9 dont la production [&hellip;]<\/p>\n","protected":false},"author":3,"featured_media":0,"parent":0,"menu_order":0,"comment_status":"closed","ping_status":"closed","template":"elementor_header_footer","meta":{"footnotes":""},"class_list":["post-6120","page","type-page","status-publish","hentry"],"blocksy_meta":[],"_links":{"self":[{"href":"https:\/\/mazanho-bois.com\/fr\/wp-json\/wp\/v2\/pages\/6120","targetHints":{"allow":["GET"]}}],"collection":[{"href":"https:\/\/mazanho-bois.com\/fr\/wp-json\/wp\/v2\/pages"}],"about":[{"href":"https:\/\/mazanho-bois.com\/fr\/wp-json\/wp\/v2\/types\/page"}],"author":[{"embeddable":true,"href":"https:\/\/mazanho-bois.com\/fr\/wp-json\/wp\/v2\/users\/3"}],"replies":[{"embeddable":true,"href":"https:\/\/mazanho-bois.com\/fr\/wp-json\/wp\/v2\/comments?post=6120"}],"version-history":[{"count":10,"href":"https:\/\/mazanho-bois.com\/fr\/wp-json\/wp\/v2\/pages\/6120\/revisions"}],"predecessor-version":[{"id":6149,"href":"https:\/\/mazanho-bois.com\/fr\/wp-json\/wp\/v2\/pages\/6120\/revisions\/6149"}],"wp:attachment":[{"href":"https:\/\/mazanho-bois.com\/fr\/wp-json\/wp\/v2\/media?parent=6120"}],"curies":[{"name":"wp","href":"https:\/\/api.w.org\/{rel}","templated":true}]}}